{"id":5293,"date":"2022-07-06T10:22:56","date_gmt":"2022-07-06T15:22:56","guid":{"rendered":"http:\/\/iglesiatrinacristoes.org\/?page_id=5293"},"modified":"2025-12-05T19:44:54","modified_gmt":"2025-12-06T00:44:54","slug":"caminando-en-fe","status":"publish","type":"page","link":"https:\/\/iglesiatrinacristoes.org\/index.php\/caminando-en-fe\/","title":{"rendered":"Caminando en fe"},"content":{"rendered":"<style type=\"text\/css\"><\/style>\t\t<div data-elementor-type=\"wp-page\" data-elementor-id=\"5293\" class=\"elementor elementor-5293\">\n\t\t\t\t\t\t<section class=\"elementor-section elementor-top-section elementor-element elementor-element-9d7c58f elementor-section-full_width elementor-section-content-middle elementor-section-height-min-height elementor-section-stretched elementor-section-height-default elementor-section-items-middle\" data-id=\"9d7c58f\" data-element_type=\"section\" data-settings=\"{&quot;background_background&quot;:&quot;video&quot;,&quot;stretch_section&quot;:&quot;section-stretched&quot;,&quot;background_video_link&quot;:&quot;https:\\\/\\\/static.vecteezy.com\\\/system\\\/resources\\\/previews\\\/014\\\/435\\\/651\\\/mp4\\\/religious-man-traveling-trekking-walking-pilgrimage-jesus-free-video.mp4&quot;,&quot;background_play_on_mobile&quot;:&quot;yes&quot;}\">\n\t\t\t\t\t\t\t\t<div class=\"elementor-background-video-container\" aria-hidden=\"true\">\n\t\t\t\t\t\t\t\t\t\t\t\t\t<video class=\"elementor-background-video-hosted\" autoplay muted playsinline loop><\/video>\n\t\t\t\t\t\t\t\t\t\t\t<\/div>\n\t\t\t\t\t\t\t\t<div class=\"elementor-container elementor-column-gap-default\">\n\t\t\t\t\t<div class=\"elementor-column elementor-col-100 elementor-top-column elementor-element elementor-element-c3ee51e\" data-id=\"c3ee51e\" data-element_type=\"column\" data-settings=\"{&quot;background_background&quot;:&quot;classic&quot;}\">\n\t\t\t<div class=\"elementor-widget-wrap elementor-element-populated\">\n\t\t\t\t\t\t<div class=\"elementor-element elementor-element-757bbed elementor-widget elementor-widget-text-editor\" data-id=\"757bbed\" data-element_type=\"widget\" data-widget_type=\"text-editor.default\">\n\t\t\t\t<div class=\"elementor-widget-container\">\n\t\t\t\t\t\t\t\t\t<h1 style=\"text-align: center;\"><strong>Caminando en Fe\u200b<\/strong><\/h1>\t\t\t\t\t\t\t\t<\/div>\n\t\t\t\t<\/div>\n\t\t\t\t\t<\/div>\n\t\t<\/div>\n\t\t\t\t\t<\/div>\n\t\t<\/section>\n\t\t\t\t<section class=\"elementor-section elementor-top-section elementor-element elementor-element-f3f8499 elementor-section-full_width elementor-section-content-middle elementor-section-height-min-height elementor-section-stretched elementor-section-height-default elementor-section-items-middle\" data-id=\"f3f8499\" data-element_type=\"section\" data-settings=\"{&quot;background_background&quot;:&quot;classic&quot;,&quot;stretch_section&quot;:&quot;section-stretched&quot;}\">\n\t\t\t\t\t\t<div class=\"elementor-container elementor-column-gap-default\">\n\t\t\t\t\t<div class=\"elementor-column elementor-col-100 elementor-top-column elementor-element elementor-element-e0268fd\" data-id=\"e0268fd\" data-element_type=\"column\" data-settings=\"{&quot;background_background&quot;:&quot;classic&quot;}\">\n\t\t\t<div class=\"elementor-widget-wrap elementor-element-populated\">\n\t\t\t\t\t\t<div class=\"elementor-element elementor-element-09ed123 elementor-widget__width-initial elementor-widget elementor-widget-text-editor\" data-id=\"09ed123\" data-element_type=\"widget\" data-widget_type=\"text-editor.default\">\n\t\t\t\t<div class=\"elementor-widget-container\">\n\t\t\t\t\t\t\t\t\t<h2 style=\"text-align: center;\"><span lang=\"ES\" style=\"color: #ffff00;\">Caminando en Fe<\/span><\/h2><p>Por medio de estos estudios afirma m\u00e1s tu fe en el Se\u00f1or Jes\u00fas y ve un paso m\u00e1s all\u00e1.<\/p><p><span lang=\"ES\">Empieza el proceso hacia la madurez espiritual, que solo es posible con un estudio m\u00e1s profundo de las escrituras, interpret\u00e1ndola de manera correcta y acept\u00e1ndola en tu coraz\u00f3n, para que all\u00e1 un ejercicio pr\u00e1ctico en tu vida.<\/span><\/p><p><span lang=\"ES\">Aprende de forma amplia y bibliocentrica sobre nuestro creador, no de o\u00eddas como lo expresaba <strong><span style=\"color: #ffff00;\">Job <\/span><\/strong><em><span style=\"color: #ffff00;\">\u201c<\/span><\/em><\/span><em><span style=\"color: #ffff00;\">De<span lang=\"ES\"> o\u00eddas te hab\u00eda o\u00eddo; m\u00e1s ahora mis ojos te ven\u201d<\/span><\/span><\/em><span lang=\"ES\">,<\/span><span lang=\"ES\"> si<\/span><span lang=\"ES\">no de forma personal, siendo como es \u00c9L, para alcanzar la restauraci\u00f3n de tu vida y convertirte as\u00ed en nueva criatura, a imagen y semejanza de aquel que nos cre\u00f3.<\/span><\/p><p><span lang=\"ES\">Tu crecimiento espiritual depender\u00e1 de la disposici\u00f3n, obediencia y esfuerzo, que muestres frente a estas ense\u00f1anzas. Recuerda que estos estudios est\u00e1n orientados a potenciar tu vida cristiana, para convertirte en un verdadero seguidor de Jesucristo.<\/span><\/p>\t\t\t\t\t\t\t\t<\/div>\n\t\t\t\t<\/div>\n\t\t\t\t\t<\/div>\n\t\t<\/div>\n\t\t\t\t\t<\/div>\n\t\t<\/section>\n\t\t\t\t<section class=\"elementor-section elementor-top-section elementor-element elementor-element-9e16265 elementor-section-full_width elementor-section-content-middle elementor-section-height-min-height elementor-section-stretched elementor-section-height-default elementor-section-items-middle\" data-id=\"9e16265\" data-element_type=\"section\" data-settings=\"{&quot;background_background&quot;:&quot;classic&quot;,&quot;stretch_section&quot;:&quot;section-stretched&quot;}\">\n\t\t\t\t\t\t<div class=\"elementor-container elementor-column-gap-default\">\n\t\t\t\t\t<div class=\"elementor-column elementor-col-100 elementor-top-column elementor-element elementor-element-b202193\" data-id=\"b202193\" data-element_type=\"column\" data-settings=\"{&quot;background_background&quot;:&quot;classic&quot;}\">\n\t\t\t<div class=\"elementor-widget-wrap\">\n\t\t\t\t\t\t\t<\/div>\n\t\t<\/div>\n\t\t\t\t\t<\/div>\n\t\t<\/section>\n\t\t\t\t<section class=\"elementor-section elementor-top-section elementor-element elementor-element-9c5130e elementor-section-full_width elementor-section-content-middle elementor-section-height-min-height elementor-section-stretched elementor-section-height-default elementor-section-items-middle\" data-id=\"9c5130e\" data-element_type=\"section\" data-settings=\"{&quot;background_background&quot;:&quot;classic&quot;,&quot;stretch_section&quot;:&quot;section-stretched&quot;}\">\n\t\t\t\t\t\t<div class=\"elementor-container elementor-column-gap-default\">\n\t\t\t\t\t<div class=\"elementor-column elementor-col-100 elementor-top-column elementor-element elementor-element-580d666\" data-id=\"580d666\" data-element_type=\"column\" data-settings=\"{&quot;background_background&quot;:&quot;classic&quot;}\">\n\t\t\t<div class=\"elementor-widget-wrap elementor-element-populated\">\n\t\t\t\t\t\t<div class=\"elementor-element elementor-element-c6c4b60 elementor-widget__width-initial elementor-widget elementor-widget-text-editor\" data-id=\"c6c4b60\" data-element_type=\"widget\" data-widget_type=\"text-editor.default\">\n\t\t\t\t<div class=\"elementor-widget-container\">\n\t\t\t\t\t\t\t\t\t<h2 style=\"text-align: center;\"><span lang=\"ES\" style=\"color: #ffff00;\">Estudio Teol\u00f3gico<\/span><\/h2><p><span lang=\"ES\">A trav\u00e9s del estudio de Teolog\u00eda sistem\u00e1tica se afianza el conocimiento, para una verdadera fe, sostenida en la realidad de la persona de Dios, ampliamente manifestada seg\u00fan sus atributos.<\/span><\/p><ul><li><div><span lang=\"ES\">Su Naturaleza: <em><span style=\"color: #ffff00;\">\u201cDios es esp\u00edritu\u201d <\/span><\/em><span style=\"color: #ffff00;\"><strong>Juan 4:24<\/strong><\/span><\/span><\/div><\/li><li><div><span lang=\"ES\">Su Preexistencia: <span style=\"color: #ffff00;\"><em>\u201cEstando presente antes de todas las cosas\u201d <\/em><strong>Colosenses 1:15-20<\/strong><\/span><\/span><\/div><\/li><li><div><span lang=\"ES\">Su Triunidad: <span style=\"color: #ffff00;\"><em>\u201cPerfecta unidad de la divinidad, Padre, Hijo y Esp\u00edritu Santo\u201d <\/em><strong>1 Juan 5:7<\/strong><\/span><\/span><\/div><\/li><li><div><span lang=\"ES\">Su Omnipotencia: <span style=\"color: #ffff00;\"><em>\u201cPoder absoluto e ilimitado\u201d <\/em><strong>Lucas 1:37<\/strong><\/span><\/span><\/div><\/li><li><div><span lang=\"ES\">Su Omnipresencia: <span style=\"color: #ffff00;\"><em>\u201cPresente simult\u00e1neamente en todas partes\u201d <\/em><strong>Salmos 139:7-10<\/strong><\/span><\/span><\/div><\/li><li><div><span lang=\"ES\">Su Omnisciencia: <span style=\"color: #ffff00;\"><em>\u201cTodo lo sabe, todo lo conoce\u201d <\/em><strong>Romanos 11:33-36<\/strong><\/span><\/span><\/div><\/li><li><div><span lang=\"ES\">Su Santidad: <span style=\"color: #ffff00;\"><em>\u201cQue es santo\u201d <\/em><strong>1 Pedro 1:15-16<\/strong><\/span><\/span><\/div><\/li><li><div><span lang=\"ES\">Su Justicia: <span style=\"color: #ffff00;\"><em>\u201cDa a cada uno conforme a sus obras\u201d <\/em><strong>Salmo 119:137-138<\/strong><\/span><\/span><\/div><\/li><li><div><span lang=\"ES\">Su Bondad: <em><span style=\"color: #ffff00;\">\u201cEs bueno\u201d <\/span><\/em><span style=\"color: #ffff00;\"><strong>\u00c9xodo 34:6-7<\/strong><\/span><\/span><\/div><\/li><li><div><span lang=\"ES\">Su Amor: <em><span style=\"color: #ffff00;\">\u201cNos cre\u00f3, dio a su hijo, su hijo se entreg\u00f3 a s\u00ed mismo, nos dio consolador\u2026\u201d <\/span><\/em><strong><span style=\"color: #ffff00;\">1 Juan 4:10<\/span><\/strong><\/span><\/div><\/li><\/ul>\t\t\t\t\t\t\t\t<\/div>\n\t\t\t\t<\/div>\n\t\t\t\t\t<\/div>\n\t\t<\/div>\n\t\t\t\t\t<\/div>\n\t\t<\/section>\n\t\t\t\t<section class=\"elementor-section elementor-top-section elementor-element elementor-element-1f5d235 elementor-section-full_width elementor-section-content-middle elementor-section-height-min-height elementor-section-stretched elementor-section-height-default elementor-section-items-middle\" data-id=\"1f5d235\" data-element_type=\"section\" data-settings=\"{&quot;background_background&quot;:&quot;classic&quot;,&quot;stretch_section&quot;:&quot;section-stretched&quot;}\">\n\t\t\t\t\t\t<div class=\"elementor-container elementor-column-gap-default\">\n\t\t\t\t\t<div class=\"elementor-column elementor-col-100 elementor-top-column elementor-element elementor-element-62a0abf\" data-id=\"62a0abf\" data-element_type=\"column\" data-settings=\"{&quot;background_background&quot;:&quot;classic&quot;}\">\n\t\t\t<div class=\"elementor-widget-wrap\">\n\t\t\t\t\t\t\t<\/div>\n\t\t<\/div>\n\t\t\t\t\t<\/div>\n\t\t<\/section>\n\t\t\t\t<section class=\"elementor-section elementor-top-section elementor-element elementor-element-c34e095 elementor-section-full_width elementor-section-content-middle elementor-section-height-min-height elementor-section-stretched elementor-section-height-default elementor-section-items-middle\" data-id=\"c34e095\" data-element_type=\"section\" data-settings=\"{&quot;background_background&quot;:&quot;classic&quot;,&quot;stretch_section&quot;:&quot;section-stretched&quot;}\">\n\t\t\t\t\t\t<div class=\"elementor-container elementor-column-gap-default\">\n\t\t\t\t\t<div class=\"elementor-column elementor-col-100 elementor-top-column elementor-element elementor-element-408cccb\" data-id=\"408cccb\" data-element_type=\"column\" data-settings=\"{&quot;background_background&quot;:&quot;classic&quot;}\">\n\t\t\t<div class=\"elementor-widget-wrap elementor-element-populated\">\n\t\t\t\t\t\t<div class=\"elementor-element elementor-element-4274bb8 elementor-widget__width-initial elementor-widget elementor-widget-text-editor\" data-id=\"4274bb8\" data-element_type=\"widget\" data-widget_type=\"text-editor.default\">\n\t\t\t\t<div class=\"elementor-widget-container\">\n\t\t\t\t\t\t\t\t\t<h2 style=\"text-align: center;\"><span lang=\"ES\" style=\"color: #ffff00;\">Estudio Hermen\u00e9utico<\/span><\/h2><p><span lang=\"ES\">Estudio fundamentado en la misma escritura, consider\u00e1ndola como su propio interprete, teniendo en cuenta los siguientes aspectos.<\/span><\/p><ul><li><div><span lang=\"ES\">No es de interpretaci\u00f3n privada. <strong><span style=\"color: #ffff00;\">2 Pedro 1:19-21<\/span><\/strong><\/span><\/div><\/li><li><div><span lang=\"ES\">Guardando la sana doctrina. <span style=\"color: #ffff00;\"><strong>2 Timoteo 4:3-4<\/strong><\/span><\/span><\/div><\/li><li><div><span lang=\"ES\">Previniendo la apostas\u00eda. <strong><span style=\"color: #ffff00;\">1 Timoteo 4:1-2<\/span><\/strong><\/span><\/div><\/li><li><div><span lang=\"ES\">Rechazando la manipulaci\u00f3n. <strong><span style=\"color: #ffff00;\">2 pedro 3:15-16<\/span><\/strong><\/span><\/div><\/li><li><div><span lang=\"ES\">Tomando la gu\u00eda del Esp\u00edritu Santo. <strong><span style=\"color: #ffff00;\">Juan 16:13<\/span><\/strong><\/span><strong><span lang=\"ES\" style=\"color: #ffff00;\">\u00a0<\/span><\/strong><\/div><\/li><\/ul>\t\t\t\t\t\t\t\t<\/div>\n\t\t\t\t<\/div>\n\t\t\t\t\t<\/div>\n\t\t<\/div>\n\t\t\t\t\t<\/div>\n\t\t<\/section>\n\t\t\t\t<section class=\"elementor-section elementor-top-section elementor-element elementor-element-0bbf7ee elementor-section-content-middle elementor-section-stretched elementor-section-height-min-height elementor-section-boxed elementor-section-height-default elementor-section-items-middle\" data-id=\"0bbf7ee\" data-element_type=\"section\" data-settings=\"{&quot;stretch_section&quot;:&quot;section-stretched&quot;,&quot;background_background&quot;:&quot;classic&quot;}\">\n\t\t\t\t\t\t<div class=\"elementor-container elementor-column-gap-default\">\n\t\t\t\t\t<div class=\"elementor-column elementor-col-100 elementor-top-column elementor-element elementor-element-c2674ed\" data-id=\"c2674ed\" data-element_type=\"column\">\n\t\t\t<div class=\"elementor-widget-wrap elementor-element-populated\">\n\t\t\t\t\t\t<div class=\"elementor-element elementor-element-b3800ef elementor-widget__width-initial elementor-widget elementor-widget-wpforms\" data-id=\"b3800ef\" data-element_type=\"widget\" data-widget_type=\"wpforms.default\">\n\t\t\t\t<div class=\"elementor-widget-container\">\n\t\t\t\t\t<div class=\"wpforms-container \" id=\"wpforms-5420\"><form id=\"wpforms-form-5420\" class=\"wpforms-validate wpforms-form wpforms-ajax-form\" data-formid=\"5420\" method=\"post\" enctype=\"multipart\/form-data\" action=\"\/index.php\/wp-json\/wp\/v2\/pages\/5293\" data-token=\"cf31c2b93e8e36d825dc1f59f07fcfde\" data-token-time=\"1777969019\"><noscript class=\"wpforms-error-noscript\">Por favor, activa JavaScript en tu navegador para completar este formulario.<\/noscript><div class=\"wpforms-field-container\"><div id=\"wpforms-5420-field_0-container\" class=\"wpforms-field wpforms-field-name\" data-field-id=\"0\"><label class=\"wpforms-field-label\">Nombre <span class=\"wpforms-required-label\">*<\/span><\/label><div class=\"wpforms-field-row wpforms-field-medium\"><div class=\"wpforms-field-row-block wpforms-first wpforms-one-half\"><input type=\"text\" id=\"wpforms-5420-field_0\" class=\"wpforms-field-name-first wpforms-field-required\" name=\"wpforms[fields][0][first]\" required><label for=\"wpforms-5420-field_0\" class=\"wpforms-field-sublabel after\">Nombre<\/label><\/div><div class=\"wpforms-field-row-block wpforms-one-half\"><input type=\"text\" id=\"wpforms-5420-field_0-last\" class=\"wpforms-field-name-last wpforms-field-required\" name=\"wpforms[fields][0][last]\" required><label for=\"wpforms-5420-field_0-last\" class=\"wpforms-field-sublabel after\">Apellidos<\/label><\/div><\/div><\/div><div id=\"wpforms-5420-field_1-container\" class=\"wpforms-field wpforms-field-email\" data-field-id=\"1\"><label class=\"wpforms-field-label\" for=\"wpforms-5420-field_1\">Email <span class=\"wpforms-required-label\">*<\/span><\/label><input type=\"email\" id=\"wpforms-5420-field_1\" class=\"wpforms-field-medium wpforms-field-required\" name=\"wpforms[fields][1]\" spellcheck=\"false\" required><\/div><div id=\"wpforms-5420-field_2-container\" class=\"wpforms-field wpforms-field-textarea\" data-field-id=\"2\"><label class=\"wpforms-field-label\" for=\"wpforms-5420-field_2\">Mensaje <span class=\"wpforms-required-label\">*<\/span><\/label><textarea id=\"wpforms-5420-field_2\" class=\"wpforms-field-medium wpforms-field-required\" name=\"wpforms[fields][2]\" required><\/textarea><\/div><\/div><!-- .wpforms-field-container --><div class=\"wpforms-submit-container\" ><input type=\"hidden\" name=\"wpforms[id]\" value=\"5420\"><input type=\"hidden\" name=\"page_title\" value=\"\"><input type=\"hidden\" name=\"page_url\" value=\"https:\/\/iglesiatrinacristoes.org\/index.php\/wp-json\/wp\/v2\/pages\/5293\"><input type=\"hidden\" name=\"url_referer\" value=\"\"><button type=\"submit\" name=\"wpforms[submit]\" id=\"wpforms-submit-5420\" class=\"wpforms-submit\" data-alt-text=\"Sending...\" data-submit-text=\"Enviar\" aria-live=\"assertive\" value=\"wpforms-submit\">Enviar<\/button><img decoding=\"async\" src=\"https:\/\/iglesiatrinacristoes.org\/wp-content\/plugins\/wpforms-lite\/assets\/images\/submit-spin.svg\" class=\"wpforms-submit-spinner\" style=\"display: none;\" width=\"26\" height=\"26\" alt=\"Cargando\"><\/div><\/form><\/div>  <!-- .wpforms-container -->\t\t\t\t<\/div>\n\t\t\t\t<\/div>\n\t\t\t\t\t<\/div>\n\t\t<\/div>\n\t\t\t\t\t<\/div>\n\t\t<\/section>\n\t\t\t\t<\/div>\n\t\t","protected":false},"excerpt":{"rendered":"<p>Caminando en Fe\u200b Caminando en Fe Por medio de estos estudios afirma m\u00e1s tu fe en el Se\u00f1or Jes\u00fas y ve un paso m\u00e1s all\u00e1. Empieza el proceso hacia la madurez espiritual, que solo es posible con un estudio m\u00e1s profundo de las escrituras, interpret\u00e1ndola de manera correcta y acept\u00e1ndola en tu coraz\u00f3n, para que&#8230;<\/p>\n","protected":false},"author":1,"featured_media":0,"parent":0,"menu_order":0,"comment_status":"closed","ping_status":"closed","template":"","meta":{"om_disable_all_campaigns":false,"footnotes":""},"class_list":["post-5293","page","type-page","status-publish","hentry"],"yoast_head":"<!-- This site is optimized with the Yoast SEO plugin v26.3 - https:\/\/yoast.com\/wordpress\/plugins\/seo\/ -->\n<title>Caminando en fe - Iglesia Trina &quot;Cristo Es&quot;<\/title>\n<meta name=\"robots\" content=\"index, follow, max-snippet:-1, max-image-preview:large, max-video-preview:-1\" \/>\n<link rel=\"canonical\" href=\"https:\/\/iglesiatrinacristoes.org\/index.php\/caminando-en-fe\/\" \/>\n<meta property=\"og:locale\" content=\"es_ES\" \/>\n<meta property=\"og:type\" content=\"article\" \/>\n<meta property=\"og:title\" content=\"Caminando en fe - Iglesia Trina &quot;Cristo Es&quot;\" \/>\n<meta property=\"og:description\" content=\"Caminando en Fe\u200b Caminando en Fe Por medio de estos estudios afirma m\u00e1s tu fe en el Se\u00f1or Jes\u00fas y ve un paso m\u00e1s all\u00e1. Empieza el proceso hacia la madurez espiritual, que solo es posible con un estudio m\u00e1s profundo de las escrituras, interpret\u00e1ndola de manera correcta y acept\u00e1ndola en tu coraz\u00f3n, para que...\" \/>\n<meta property=\"og:url\" content=\"https:\/\/iglesiatrinacristoes.org\/index.php\/caminando-en-fe\/\" \/>\n<meta property=\"og:site_name\" content=\"Iglesia Trina &quot;Cristo Es&quot;\" \/>\n<meta property=\"article:modified_time\" content=\"2025-12-06T00:44:54+00:00\" \/>\n<meta property=\"og:image\" content=\"https:\/\/iglesiatrinacristoes.org\/wp-content\/plugins\/wpforms-lite\/assets\/images\/submit-spin.svg\" \/>\n<meta name=\"twitter:card\" content=\"summary_large_image\" \/>\n<meta name=\"twitter:label1\" content=\"Tiempo de lectura\" \/>\n\t<meta name=\"twitter:data1\" content=\"2 minutos\" \/>\n<script type=\"application\/ld+json\" class=\"yoast-schema-graph\">{\"@context\":\"https:\/\/schema.org\",\"@graph\":[{\"@type\":\"WebPage\",\"@id\":\"https:\/\/iglesiatrinacristoes.org\/index.php\/caminando-en-fe\/\",\"url\":\"https:\/\/iglesiatrinacristoes.org\/index.php\/caminando-en-fe\/\",\"name\":\"Caminando en fe - Iglesia Trina &quot;Cristo Es&quot;\",\"isPartOf\":{\"@id\":\"https:\/\/iglesiatrinacristoes.org\/#website\"},\"primaryImageOfPage\":{\"@id\":\"https:\/\/iglesiatrinacristoes.org\/index.php\/caminando-en-fe\/#primaryimage\"},\"image\":{\"@id\":\"https:\/\/iglesiatrinacristoes.org\/index.php\/caminando-en-fe\/#primaryimage\"},\"thumbnailUrl\":\"https:\/\/iglesiatrinacristoes.org\/wp-content\/plugins\/wpforms-lite\/assets\/images\/submit-spin.svg\",\"datePublished\":\"2022-07-06T15:22:56+00:00\",\"dateModified\":\"2025-12-06T00:44:54+00:00\",\"breadcrumb\":{\"@id\":\"https:\/\/iglesiatrinacristoes.org\/index.php\/caminando-en-fe\/#breadcrumb\"},\"inLanguage\":\"es-CO\",\"potentialAction\":[{\"@type\":\"ReadAction\",\"target\":[\"https:\/\/iglesiatrinacristoes.org\/index.php\/caminando-en-fe\/\"]}]},{\"@type\":\"ImageObject\",\"inLanguage\":\"es-CO\",\"@id\":\"https:\/\/iglesiatrinacristoes.org\/index.php\/caminando-en-fe\/#primaryimage\",\"url\":\"https:\/\/iglesiatrinacristoes.org\/wp-content\/plugins\/wpforms-lite\/assets\/images\/submit-spin.svg\",\"contentUrl\":\"https:\/\/iglesiatrinacristoes.org\/wp-content\/plugins\/wpforms-lite\/assets\/images\/submit-spin.svg\"},{\"@type\":\"BreadcrumbList\",\"@id\":\"https:\/\/iglesiatrinacristoes.org\/index.php\/caminando-en-fe\/#breadcrumb\",\"itemListElement\":[{\"@type\":\"ListItem\",\"position\":1,\"name\":\"Inicio\",\"item\":\"https:\/\/iglesiatrinacristoes.org\/\"},{\"@type\":\"ListItem\",\"position\":2,\"name\":\"Caminando en fe\"}]},{\"@type\":\"WebSite\",\"@id\":\"https:\/\/iglesiatrinacristoes.org\/#website\",\"url\":\"https:\/\/iglesiatrinacristoes.org\/\",\"name\":\"Iglesia Trina &quot;Cristo Es&quot;\",\"description\":\"Iglesia Trina &quot;Cristo Es&quot;\",\"publisher\":{\"@id\":\"https:\/\/iglesiatrinacristoes.org\/#organization\"},\"potentialAction\":[{\"@type\":\"SearchAction\",\"target\":{\"@type\":\"EntryPoint\",\"urlTemplate\":\"https:\/\/iglesiatrinacristoes.org\/?s={search_term_string}\"},\"query-input\":{\"@type\":\"PropertyValueSpecification\",\"valueRequired\":true,\"valueName\":\"search_term_string\"}}],\"inLanguage\":\"es-CO\"},{\"@type\":\"Organization\",\"@id\":\"https:\/\/iglesiatrinacristoes.org\/#organization\",\"name\":\"Iglesia Trina &quot;Cristo Es&quot;\",\"url\":\"https:\/\/iglesiatrinacristoes.org\/\",\"logo\":{\"@type\":\"ImageObject\",\"inLanguage\":\"es-CO\",\"@id\":\"https:\/\/iglesiatrinacristoes.org\/#\/schema\/logo\/image\/\",\"url\":\"\",\"contentUrl\":\"\",\"caption\":\"Iglesia Trina &quot;Cristo Es&quot;\"},\"image\":{\"@id\":\"https:\/\/iglesiatrinacristoes.org\/#\/schema\/logo\/image\/\"}}]}<\/script>\n<!-- \/ Yoast SEO plugin. -->","yoast_head_json":{"title":"Caminando en fe - Iglesia Trina &quot;Cristo Es&quot;","robots":{"index":"index","follow":"follow","max-snippet":"max-snippet:-1","max-image-preview":"max-image-preview:large","max-video-preview":"max-video-preview:-1"},"canonical":"https:\/\/iglesiatrinacristoes.org\/index.php\/caminando-en-fe\/","og_locale":"es_ES","og_type":"article","og_title":"Caminando en fe - Iglesia Trina &quot;Cristo Es&quot;","og_description":"Caminando en Fe\u200b Caminando en Fe Por medio de estos estudios afirma m\u00e1s tu fe en el Se\u00f1or Jes\u00fas y ve un paso m\u00e1s all\u00e1. Empieza el proceso hacia la madurez espiritual, que solo es posible con un estudio m\u00e1s profundo de las escrituras, interpret\u00e1ndola de manera correcta y acept\u00e1ndola en tu coraz\u00f3n, para que...","og_url":"https:\/\/iglesiatrinacristoes.org\/index.php\/caminando-en-fe\/","og_site_name":"Iglesia Trina &quot;Cristo Es&quot;","article_modified_time":"2025-12-06T00:44:54+00:00","og_image":[{"url":"https:\/\/iglesiatrinacristoes.org\/wp-content\/plugins\/wpforms-lite\/assets\/images\/submit-spin.svg","type":"","width":"","height":""}],"twitter_card":"summary_large_image","twitter_misc":{"Tiempo de lectura":"2 minutos"},"schema":{"@context":"https:\/\/schema.org","@graph":[{"@type":"WebPage","@id":"https:\/\/iglesiatrinacristoes.org\/index.php\/caminando-en-fe\/","url":"https:\/\/iglesiatrinacristoes.org\/index.php\/caminando-en-fe\/","name":"Caminando en fe - Iglesia Trina &quot;Cristo Es&quot;","isPartOf":{"@id":"https:\/\/iglesiatrinacristoes.org\/#website"},"primaryImageOfPage":{"@id":"https:\/\/iglesiatrinacristoes.org\/index.php\/caminando-en-fe\/#primaryimage"},"image":{"@id":"https:\/\/iglesiatrinacristoes.org\/index.php\/caminando-en-fe\/#primaryimage"},"thumbnailUrl":"https:\/\/iglesiatrinacristoes.org\/wp-content\/plugins\/wpforms-lite\/assets\/images\/submit-spin.svg","datePublished":"2022-07-06T15:22:56+00:00","dateModified":"2025-12-06T00:44:54+00:00","breadcrumb":{"@id":"https:\/\/iglesiatrinacristoes.org\/index.php\/caminando-en-fe\/#breadcrumb"},"inLanguage":"es-CO","potentialAction":[{"@type":"ReadAction","target":["https:\/\/iglesiatrinacristoes.org\/index.php\/caminando-en-fe\/"]}]},{"@type":"ImageObject","inLanguage":"es-CO","@id":"https:\/\/iglesiatrinacristoes.org\/index.php\/caminando-en-fe\/#primaryimage","url":"https:\/\/iglesiatrinacristoes.org\/wp-content\/plugins\/wpforms-lite\/assets\/images\/submit-spin.svg","contentUrl":"https:\/\/iglesiatrinacristoes.org\/wp-content\/plugins\/wpforms-lite\/assets\/images\/submit-spin.svg"},{"@type":"BreadcrumbList","@id":"https:\/\/iglesiatrinacristoes.org\/index.php\/caminando-en-fe\/#breadcrumb","itemListElement":[{"@type":"ListItem","position":1,"name":"Inicio","item":"https:\/\/iglesiatrinacristoes.org\/"},{"@type":"ListItem","position":2,"name":"Caminando en fe"}]},{"@type":"WebSite","@id":"https:\/\/iglesiatrinacristoes.org\/#website","url":"https:\/\/iglesiatrinacristoes.org\/","name":"Iglesia Trina &quot;Cristo Es&quot;","description":"Iglesia Trina &quot;Cristo Es&quot;","publisher":{"@id":"https:\/\/iglesiatrinacristoes.org\/#organization"},"potentialAction":[{"@type":"SearchAction","target":{"@type":"EntryPoint","urlTemplate":"https:\/\/iglesiatrinacristoes.org\/?s={search_term_string}"},"query-input":{"@type":"PropertyValueSpecification","valueRequired":true,"valueName":"search_term_string"}}],"inLanguage":"es-CO"},{"@type":"Organization","@id":"https:\/\/iglesiatrinacristoes.org\/#organization","name":"Iglesia Trina &quot;Cristo Es&quot;","url":"https:\/\/iglesiatrinacristoes.org\/","logo":{"@type":"ImageObject","inLanguage":"es-CO","@id":"https:\/\/iglesiatrinacristoes.org\/#\/schema\/logo\/image\/","url":"","contentUrl":"","caption":"Iglesia Trina &quot;Cristo Es&quot;"},"image":{"@id":"https:\/\/iglesiatrinacristoes.org\/#\/schema\/logo\/image\/"}}]}},"_links":{"self":[{"href":"https:\/\/iglesiatrinacristoes.org\/index.php\/wp-json\/wp\/v2\/pages\/5293","targetHints":{"allow":["GET"]}}],"collection":[{"href":"https:\/\/iglesiatrinacristoes.org\/index.php\/wp-json\/wp\/v2\/pages"}],"about":[{"href":"https:\/\/iglesiatrinacristoes.org\/index.php\/wp-json\/wp\/v2\/types\/page"}],"author":[{"embeddable":true,"href":"https:\/\/iglesiatrinacristoes.org\/index.php\/wp-json\/wp\/v2\/users\/1"}],"replies":[{"embeddable":true,"href":"https:\/\/iglesiatrinacristoes.org\/index.php\/wp-json\/wp\/v2\/comments?post=5293"}],"version-history":[{"count":93,"href":"https:\/\/iglesiatrinacristoes.org\/index.php\/wp-json\/wp\/v2\/pages\/5293\/revisions"}],"predecessor-version":[{"id":10315,"href":"https:\/\/iglesiatrinacristoes.org\/index.php\/wp-json\/wp\/v2\/pages\/5293\/revisions\/10315"}],"wp:attachment":[{"href":"https:\/\/iglesiatrinacristoes.org\/index.php\/wp-json\/wp\/v2\/media?parent=5293"}],"curies":[{"name":"wp","href":"https:\/\/api.w.org\/{rel}","templated":true}]}}