{"id":5470,"date":"2022-07-12T09:57:49","date_gmt":"2022-07-12T14:57:49","guid":{"rendered":"http:\/\/iglesiatrinacristoes.org\/?page_id=5470"},"modified":"2025-12-05T19:45:36","modified_gmt":"2025-12-06T00:45:36","slug":"curso-de-liderazgo-y-pastorado","status":"publish","type":"page","link":"https:\/\/iglesiatrinacristoes.org\/index.php\/curso-de-liderazgo-y-pastorado\/","title":{"rendered":"Curso De Liderazgo y Pastorado"},"content":{"rendered":"<style type=\"text\/css\"><\/style>\t\t<div data-elementor-type=\"wp-page\" data-elementor-id=\"5470\" class=\"elementor elementor-5470\">\n\t\t\t\t\t\t<section class=\"elementor-section elementor-top-section elementor-element elementor-element-a818091 elementor-section-height-min-height elementor-section-stretched elementor-section-full_width elementor-section-content-middle elementor-section-height-default elementor-section-items-middle\" data-id=\"a818091\" data-element_type=\"section\" data-settings=\"{&quot;background_background&quot;:&quot;video&quot;,&quot;stretch_section&quot;:&quot;section-stretched&quot;,&quot;background_video_link&quot;:&quot;https:\\\/\\\/static.vecteezy.com\\\/system\\\/resources\\\/previews\\\/046\\\/681\\\/989\\\/mp4\\\/christian-life-crisis-prayer-to-god-woman-pray-for-god-blessing-to-wishing-have-better-life-female-hands-worship-to-god-woman-hands-praying-to-god-begging-for-forgiveness-and-believe-in-goodness-free-video.mp4&quot;}\">\n\t\t\t\t\t\t\t\t<div class=\"elementor-background-video-container elementor-hidden-mobile\" aria-hidden=\"true\">\n\t\t\t\t\t\t\t\t\t\t\t\t\t<video class=\"elementor-background-video-hosted\" autoplay muted playsinline loop><\/video>\n\t\t\t\t\t\t\t\t\t\t\t<\/div>\n\t\t\t\t\t\t\t\t<div class=\"elementor-container elementor-column-gap-default\">\n\t\t\t\t\t<div class=\"elementor-column elementor-col-100 elementor-top-column elementor-element elementor-element-cbbc30e\" data-id=\"cbbc30e\" data-element_type=\"column\">\n\t\t\t<div class=\"elementor-widget-wrap elementor-element-populated\">\n\t\t\t\t\t\t<div class=\"elementor-element elementor-element-cb5651e elementor-widget elementor-widget-text-editor\" data-id=\"cb5651e\" data-element_type=\"widget\" data-widget_type=\"text-editor.default\">\n\t\t\t\t<div class=\"elementor-widget-container\">\n\t\t\t\t\t\t\t\t\t<h1 style=\"text-align: center;\">Curso de Liderazgo y Pastorado<\/h1>\t\t\t\t\t\t\t\t<\/div>\n\t\t\t\t<\/div>\n\t\t\t\t\t<\/div>\n\t\t<\/div>\n\t\t\t\t\t<\/div>\n\t\t<\/section>\n\t\t\t\t<section class=\"elementor-section elementor-top-section elementor-element elementor-element-c1513e4 elementor-section-full_width elementor-section-content-middle elementor-section-stretched elementor-section-height-default elementor-section-height-default\" data-id=\"c1513e4\" data-element_type=\"section\" data-settings=\"{&quot;background_background&quot;:&quot;classic&quot;,&quot;stretch_section&quot;:&quot;section-stretched&quot;}\">\n\t\t\t\t\t\t<div class=\"elementor-container elementor-column-gap-custom\">\n\t\t\t\t\t<div class=\"elementor-column elementor-col-100 elementor-top-column elementor-element elementor-element-ff9a8b4\" data-id=\"ff9a8b4\" data-element_type=\"column\" data-settings=\"{&quot;background_background&quot;:&quot;classic&quot;}\">\n\t\t\t<div class=\"elementor-widget-wrap elementor-element-populated\">\n\t\t\t\t\t\t<div class=\"elementor-element elementor-element-af58821 elementor-widget elementor-widget-text-editor\" data-id=\"af58821\" data-element_type=\"widget\" data-widget_type=\"text-editor.default\">\n\t\t\t\t<div class=\"elementor-widget-container\">\n\t\t\t\t\t\t\t\t\t<div>Ense\u00f1anzas que nos ayudan a tener una comprensi\u00f3n amplia de lo que significa representar dignamente a Cristo como pastores y lideres, teniendo en claro que la labor de un pastor o l\u00edder no se limita a la ense\u00f1anza de la palabra o a tener un conocimiento te\u00f3rico, sin el Esp\u00edritu Santo, sino que trasciende a lo pr\u00e1ctico, a la vivencia y el comportamiento, se trata de reflejar el car\u00e1cter de Cristo en nuestras vidas, llevando consigo los frutos del Esp\u00edritu (amor, gozo, paz, paciencia, benignidad, fe, mansedumbre, humildad, templanza y bondad) como resultado de una vida en comuni\u00f3n, consagraci\u00f3n e intimidad con Dios, en nuestro diario vivir.<\/div><div>\u00a0<\/div>\t\t\t\t\t\t\t\t<\/div>\n\t\t\t\t<\/div>\n\t\t\t\t\t<\/div>\n\t\t<\/div>\n\t\t\t\t\t<\/div>\n\t\t<\/section>\n\t\t\t\t<section class=\"elementor-section elementor-top-section elementor-element elementor-element-e42f90f elementor-section-height-min-height elementor-section-stretched elementor-section-full_width elementor-section-content-middle elementor-section-height-default elementor-section-items-middle\" data-id=\"e42f90f\" data-element_type=\"section\" data-settings=\"{&quot;background_background&quot;:&quot;classic&quot;,&quot;stretch_section&quot;:&quot;section-stretched&quot;}\">\n\t\t\t\t\t\t<div class=\"elementor-container elementor-column-gap-default\">\n\t\t\t\t\t<div class=\"elementor-column elementor-col-100 elementor-top-column elementor-element elementor-element-8239800\" data-id=\"8239800\" data-element_type=\"column\">\n\t\t\t<div class=\"elementor-widget-wrap\">\n\t\t\t\t\t\t\t<\/div>\n\t\t<\/div>\n\t\t\t\t\t<\/div>\n\t\t<\/section>\n\t\t\t\t<section class=\"elementor-section elementor-top-section elementor-element elementor-element-2897a09 elementor-section-full_width elementor-section-content-middle elementor-section-stretched elementor-section-height-default elementor-section-height-default\" data-id=\"2897a09\" data-element_type=\"section\" data-settings=\"{&quot;background_background&quot;:&quot;classic&quot;,&quot;stretch_section&quot;:&quot;section-stretched&quot;}\">\n\t\t\t\t\t\t<div class=\"elementor-container elementor-column-gap-custom\">\n\t\t\t\t\t<div class=\"elementor-column elementor-col-100 elementor-top-column elementor-element elementor-element-04c0a75\" data-id=\"04c0a75\" data-element_type=\"column\" data-settings=\"{&quot;background_background&quot;:&quot;classic&quot;}\">\n\t\t\t<div class=\"elementor-widget-wrap elementor-element-populated\">\n\t\t\t\t\t\t<div class=\"elementor-element elementor-element-e728159 elementor-widget elementor-widget-text-editor\" data-id=\"e728159\" data-element_type=\"widget\" data-widget_type=\"text-editor.default\">\n\t\t\t\t<div class=\"elementor-widget-container\">\n\t\t\t\t\t\t\t\t\t<div>Permitamos que Dios sea form\u00e1ndonos, para ello debemos negarnos cada d\u00eda a nosotros mismos, y estar dispuestos a cumplir en obediencia y sujeci\u00f3n su voluntad.<\/div><div>\u00a0<\/div><div><a href=\"https:\/\/www.bible.com\/bible\/149\/MAT.16.RVR1960\"><span style=\"color: #ffcc00;\"><strong>Mateo 16:24<\/strong> &#8220;<\/span><\/a><em><span style=\"color: #ffcc00;\">Entonces Jes\u00fas dijo a sus disc\u00edpulos: Si alguno quiere venir en pos de m\u00ed, ni\u00e9guese a s\u00ed mismo, y tome su cruz, y s\u00edgame.&#8221;<\/span><\/em><\/div><div>\u00a0<\/div><div>Aprovecha este curso online para aprender y crecer en el ejercicio del pastoreado y liderazgo, si aun no ejerces, este curso tambi\u00e9n es para ti, ya que sabemos que aspiramos a ejercer esta profesi\u00f3n espiritual en nuestras iglesias, an\u00edmate y \u00fanete.<\/div><div><span style=\"color: #ffcc00;\"><a style=\"color: #ffcc00;\" href=\"https:\/\/www.bible.com\/bible\/149\/2TI.2.RVR1960\"><strong>2 Timoteo 2:15: &#8220;<\/strong><\/a><\/span><em><span style=\"color: #ffcc00;\">Procura con diligencia presentarte a Dios aprobado, como obrero que no tiene de qu\u00e9 avergonzarse, que usa bien la palabra de verdad.&#8221;<\/span><\/em><\/div>\t\t\t\t\t\t\t\t<\/div>\n\t\t\t\t<\/div>\n\t\t\t\t\t<\/div>\n\t\t<\/div>\n\t\t\t\t\t<\/div>\n\t\t<\/section>\n\t\t\t\t<section class=\"elementor-section elementor-top-section elementor-element elementor-element-3e95d03 elementor-section-height-min-height elementor-section-stretched elementor-section-full_width elementor-section-content-middle elementor-section-height-default elementor-section-items-middle\" data-id=\"3e95d03\" data-element_type=\"section\" data-settings=\"{&quot;background_background&quot;:&quot;classic&quot;,&quot;stretch_section&quot;:&quot;section-stretched&quot;}\">\n\t\t\t\t\t\t\t<div class=\"elementor-background-overlay\"><\/div>\n\t\t\t\t\t\t\t<div class=\"elementor-container elementor-column-gap-custom\">\n\t\t\t\t\t<div class=\"elementor-column elementor-col-100 elementor-top-column elementor-element elementor-element-2729105\" data-id=\"2729105\" data-element_type=\"column\" data-settings=\"{&quot;background_background&quot;:&quot;classic&quot;}\">\n\t\t\t<div class=\"elementor-widget-wrap elementor-element-populated\">\n\t\t\t\t\t\t<div class=\"elementor-element elementor-element-64a014c elementor-widget elementor-widget-text-editor\" data-id=\"64a014c\" data-element_type=\"widget\" data-widget_type=\"text-editor.default\">\n\t\t\t\t<div class=\"elementor-widget-container\">\n\t\t\t\t\t\t\t\t\t<h1 style=\"text-align: center;\">Cierre de inscripci\u00f3n<\/h1>\t\t\t\t\t\t\t\t<\/div>\n\t\t\t\t<\/div>\n\t\t\t\t<div class=\"elementor-element elementor-element-fdc39b7 elementor-widget elementor-widget-countdown\" data-id=\"fdc39b7\" data-element_type=\"widget\" data-widget_type=\"countdown.default\">\n\t\t\t\t<div class=\"elementor-widget-container\">\n\t\t\t\t\t \t\t\t\t<\/div>\n\t\t\t\t<\/div>\n\t\t\t\t<div class=\"elementor-element elementor-element-f7cf106 elementor-widget elementor-widget-html\" data-id=\"f7cf106\" data-element_type=\"widget\" data-widget_type=\"html.default\">\n\t\t\t\t<div class=\"elementor-widget-container\">\n\t\t\t\t\t<iframe src=\"https:\/\/docs.google.com\/forms\/d\/e\/1FAIpQLSd3A8sEQrSeIT1ApnFpQU6IY5s3JffwNhN7LlLwTOyzHNmCNQ\/viewform?embedded=true\" width=\"640\" height=\"1387\" frameborder=\"0\" marginheight=\"0\" marginwidth=\"0\">Cargando\u2026<\/iframe>\t\t\t\t<\/div>\n\t\t\t\t<\/div>\n\t\t\t\t\t<\/div>\n\t\t<\/div>\n\t\t\t\t\t<\/div>\n\t\t<\/section>\n\t\t\t\t<section class=\"elementor-section elementor-top-section elementor-element elementor-element-8dc103b elementor-section-height-min-height elementor-section-stretched elementor-section-full_width elementor-section-content-middle elementor-section-height-default elementor-section-items-middle\" data-id=\"8dc103b\" data-element_type=\"section\" data-settings=\"{&quot;background_background&quot;:&quot;classic&quot;,&quot;stretch_section&quot;:&quot;section-stretched&quot;}\">\n\t\t\t\t\t\t\t<div class=\"elementor-background-overlay\"><\/div>\n\t\t\t\t\t\t\t<div class=\"elementor-container elementor-column-gap-custom\">\n\t\t\t\t\t<div class=\"elementor-column elementor-col-100 elementor-top-column elementor-element elementor-element-cd3b04a\" data-id=\"cd3b04a\" data-element_type=\"column\" data-settings=\"{&quot;background_background&quot;:&quot;classic&quot;}\">\n\t\t\t<div class=\"elementor-widget-wrap elementor-element-populated\">\n\t\t\t\t\t\t<div class=\"elementor-element elementor-element-8f3db16 elementor-widget elementor-widget-text-editor\" data-id=\"8f3db16\" data-element_type=\"widget\" data-widget_type=\"text-editor.default\">\n\t\t\t\t<div class=\"elementor-widget-container\">\n\t\t\t\t\t\t\t\t\t<div><strong>Horarios<\/strong>:<\/div><div>Lunes a viernes<\/div><div>7:30 pm a 8:30 pm<\/div><div>Hora Colombia.<\/div><div>\u00a0<\/div><div>Para m\u00e1s informaci\u00f3n, comun\u00edcate al WhatsApp: <a href=\"http:\/\/wa.me\/573133029630\"><strong><span style=\"color: #ffcc00;\">(+57) 313 3029630<\/span><\/strong><\/a>\u00a0<\/div><div>o escribenos al correo <a href=\"mailto:iglesiatrinacristoes@gmail.com\"><span style=\"color: #ffcc00;\"><strong>iglesiatrinacristoes@gmail.com<\/strong><\/span><\/a><\/div><div>\u00a0<\/div><div>Invita y dirige Pastor Laurentino L\u00f3pez<\/div><div>\u00a0<\/div>\t\t\t\t\t\t\t\t<\/div>\n\t\t\t\t<\/div>\n\t\t\t\t\t<\/div>\n\t\t<\/div>\n\t\t\t\t\t<\/div>\n\t\t<\/section>\n\t\t\t\t<\/div>\n\t\t","protected":false},"excerpt":{"rendered":"<p>Curso de Liderazgo y Pastorado Ense\u00f1anzas que nos ayudan a tener una comprensi\u00f3n amplia de lo que significa representar dignamente a Cristo como pastores y lideres, teniendo en claro que la labor de un pastor o l\u00edder no se limita a la ense\u00f1anza de la palabra o a tener un conocimiento te\u00f3rico, sin el Esp\u00edritu&#8230;<\/p>\n","protected":false},"author":1,"featured_media":0,"parent":0,"menu_order":0,"comment_status":"closed","ping_status":"closed","template":"","meta":{"om_disable_all_campaigns":false,"footnotes":""},"class_list":["post-5470","page","type-page","status-publish","hentry"],"yoast_head":"<!-- This site is optimized with the Yoast SEO plugin v26.3 - https:\/\/yoast.com\/wordpress\/plugins\/seo\/ -->\n<title>Curso De Liderazgo y Pastorado - Iglesia Trina &quot;Cristo Es&quot;<\/title>\n<meta name=\"robots\" content=\"index, follow, max-snippet:-1, max-image-preview:large, max-video-preview:-1\" \/>\n<link rel=\"canonical\" href=\"https:\/\/iglesiatrinacristoes.org\/index.php\/curso-de-liderazgo-y-pastorado\/\" \/>\n<meta property=\"og:locale\" content=\"es_ES\" \/>\n<meta property=\"og:type\" content=\"article\" \/>\n<meta property=\"og:title\" content=\"Curso De Liderazgo y Pastorado - Iglesia Trina &quot;Cristo Es&quot;\" \/>\n<meta property=\"og:description\" content=\"Curso de Liderazgo y Pastorado Ense\u00f1anzas que nos ayudan a tener una comprensi\u00f3n amplia de lo que significa representar dignamente a Cristo como pastores y lideres, teniendo en claro que la labor de un pastor o l\u00edder no se limita a la ense\u00f1anza de la palabra o a tener un conocimiento te\u00f3rico, sin el Esp\u00edritu...\" \/>\n<meta property=\"og:url\" content=\"https:\/\/iglesiatrinacristoes.org\/index.php\/curso-de-liderazgo-y-pastorado\/\" \/>\n<meta property=\"og:site_name\" content=\"Iglesia Trina &quot;Cristo Es&quot;\" \/>\n<meta property=\"article:modified_time\" content=\"2025-12-06T00:45:36+00:00\" \/>\n<meta name=\"twitter:card\" content=\"summary_large_image\" \/>\n<meta name=\"twitter:label1\" content=\"Tiempo de lectura\" \/>\n\t<meta name=\"twitter:data1\" content=\"2 minutos\" \/>\n<script type=\"application\/ld+json\" class=\"yoast-schema-graph\">{\"@context\":\"https:\/\/schema.org\",\"@graph\":[{\"@type\":\"WebPage\",\"@id\":\"https:\/\/iglesiatrinacristoes.org\/index.php\/curso-de-liderazgo-y-pastorado\/\",\"url\":\"https:\/\/iglesiatrinacristoes.org\/index.php\/curso-de-liderazgo-y-pastorado\/\",\"name\":\"Curso De Liderazgo y Pastorado - Iglesia Trina &quot;Cristo Es&quot;\",\"isPartOf\":{\"@id\":\"https:\/\/iglesiatrinacristoes.org\/#website\"},\"datePublished\":\"2022-07-12T14:57:49+00:00\",\"dateModified\":\"2025-12-06T00:45:36+00:00\",\"breadcrumb\":{\"@id\":\"https:\/\/iglesiatrinacristoes.org\/index.php\/curso-de-liderazgo-y-pastorado\/#breadcrumb\"},\"inLanguage\":\"es-CO\",\"potentialAction\":[{\"@type\":\"ReadAction\",\"target\":[\"https:\/\/iglesiatrinacristoes.org\/index.php\/curso-de-liderazgo-y-pastorado\/\"]}]},{\"@type\":\"BreadcrumbList\",\"@id\":\"https:\/\/iglesiatrinacristoes.org\/index.php\/curso-de-liderazgo-y-pastorado\/#breadcrumb\",\"itemListElement\":[{\"@type\":\"ListItem\",\"position\":1,\"name\":\"Inicio\",\"item\":\"https:\/\/iglesiatrinacristoes.org\/\"},{\"@type\":\"ListItem\",\"position\":2,\"name\":\"Curso De Liderazgo y Pastorado\"}]},{\"@type\":\"WebSite\",\"@id\":\"https:\/\/iglesiatrinacristoes.org\/#website\",\"url\":\"https:\/\/iglesiatrinacristoes.org\/\",\"name\":\"Iglesia Trina &quot;Cristo Es&quot;\",\"description\":\"Iglesia Trina &quot;Cristo Es&quot;\",\"publisher\":{\"@id\":\"https:\/\/iglesiatrinacristoes.org\/#organization\"},\"potentialAction\":[{\"@type\":\"SearchAction\",\"target\":{\"@type\":\"EntryPoint\",\"urlTemplate\":\"https:\/\/iglesiatrinacristoes.org\/?s={search_term_string}\"},\"query-input\":{\"@type\":\"PropertyValueSpecification\",\"valueRequired\":true,\"valueName\":\"search_term_string\"}}],\"inLanguage\":\"es-CO\"},{\"@type\":\"Organization\",\"@id\":\"https:\/\/iglesiatrinacristoes.org\/#organization\",\"name\":\"Iglesia Trina &quot;Cristo Es&quot;\",\"url\":\"https:\/\/iglesiatrinacristoes.org\/\",\"logo\":{\"@type\":\"ImageObject\",\"inLanguage\":\"es-CO\",\"@id\":\"https:\/\/iglesiatrinacristoes.org\/#\/schema\/logo\/image\/\",\"url\":\"\",\"contentUrl\":\"\",\"caption\":\"Iglesia Trina &quot;Cristo Es&quot;\"},\"image\":{\"@id\":\"https:\/\/iglesiatrinacristoes.org\/#\/schema\/logo\/image\/\"}}]}<\/script>\n<!-- \/ Yoast SEO plugin. -->","yoast_head_json":{"title":"Curso De Liderazgo y Pastorado - Iglesia Trina &quot;Cristo Es&quot;","robots":{"index":"index","follow":"follow","max-snippet":"max-snippet:-1","max-image-preview":"max-image-preview:large","max-video-preview":"max-video-preview:-1"},"canonical":"https:\/\/iglesiatrinacristoes.org\/index.php\/curso-de-liderazgo-y-pastorado\/","og_locale":"es_ES","og_type":"article","og_title":"Curso De Liderazgo y Pastorado - Iglesia Trina &quot;Cristo Es&quot;","og_description":"Curso de Liderazgo y Pastorado Ense\u00f1anzas que nos ayudan a tener una comprensi\u00f3n amplia de lo que significa representar dignamente a Cristo como pastores y lideres, teniendo en claro que la labor de un pastor o l\u00edder no se limita a la ense\u00f1anza de la palabra o a tener un conocimiento te\u00f3rico, sin el Esp\u00edritu...","og_url":"https:\/\/iglesiatrinacristoes.org\/index.php\/curso-de-liderazgo-y-pastorado\/","og_site_name":"Iglesia Trina &quot;Cristo Es&quot;","article_modified_time":"2025-12-06T00:45:36+00:00","twitter_card":"summary_large_image","twitter_misc":{"Tiempo de lectura":"2 minutos"},"schema":{"@context":"https:\/\/schema.org","@graph":[{"@type":"WebPage","@id":"https:\/\/iglesiatrinacristoes.org\/index.php\/curso-de-liderazgo-y-pastorado\/","url":"https:\/\/iglesiatrinacristoes.org\/index.php\/curso-de-liderazgo-y-pastorado\/","name":"Curso De Liderazgo y Pastorado - Iglesia Trina &quot;Cristo Es&quot;","isPartOf":{"@id":"https:\/\/iglesiatrinacristoes.org\/#website"},"datePublished":"2022-07-12T14:57:49+00:00","dateModified":"2025-12-06T00:45:36+00:00","breadcrumb":{"@id":"https:\/\/iglesiatrinacristoes.org\/index.php\/curso-de-liderazgo-y-pastorado\/#breadcrumb"},"inLanguage":"es-CO","potentialAction":[{"@type":"ReadAction","target":["https:\/\/iglesiatrinacristoes.org\/index.php\/curso-de-liderazgo-y-pastorado\/"]}]},{"@type":"BreadcrumbList","@id":"https:\/\/iglesiatrinacristoes.org\/index.php\/curso-de-liderazgo-y-pastorado\/#breadcrumb","itemListElement":[{"@type":"ListItem","position":1,"name":"Inicio","item":"https:\/\/iglesiatrinacristoes.org\/"},{"@type":"ListItem","position":2,"name":"Curso De Liderazgo y Pastorado"}]},{"@type":"WebSite","@id":"https:\/\/iglesiatrinacristoes.org\/#website","url":"https:\/\/iglesiatrinacristoes.org\/","name":"Iglesia Trina &quot;Cristo Es&quot;","description":"Iglesia Trina &quot;Cristo Es&quot;","publisher":{"@id":"https:\/\/iglesiatrinacristoes.org\/#organization"},"potentialAction":[{"@type":"SearchAction","target":{"@type":"EntryPoint","urlTemplate":"https:\/\/iglesiatrinacristoes.org\/?s={search_term_string}"},"query-input":{"@type":"PropertyValueSpecification","valueRequired":true,"valueName":"search_term_string"}}],"inLanguage":"es-CO"},{"@type":"Organization","@id":"https:\/\/iglesiatrinacristoes.org\/#organization","name":"Iglesia Trina &quot;Cristo Es&quot;","url":"https:\/\/iglesiatrinacristoes.org\/","logo":{"@type":"ImageObject","inLanguage":"es-CO","@id":"https:\/\/iglesiatrinacristoes.org\/#\/schema\/logo\/image\/","url":"","contentUrl":"","caption":"Iglesia Trina &quot;Cristo Es&quot;"},"image":{"@id":"https:\/\/iglesiatrinacristoes.org\/#\/schema\/logo\/image\/"}}]}},"_links":{"self":[{"href":"https:\/\/iglesiatrinacristoes.org\/index.php\/wp-json\/wp\/v2\/pages\/5470","targetHints":{"allow":["GET"]}}],"collection":[{"href":"https:\/\/iglesiatrinacristoes.org\/index.php\/wp-json\/wp\/v2\/pages"}],"about":[{"href":"https:\/\/iglesiatrinacristoes.org\/index.php\/wp-json\/wp\/v2\/types\/page"}],"author":[{"embeddable":true,"href":"https:\/\/iglesiatrinacristoes.org\/index.php\/wp-json\/wp\/v2\/users\/1"}],"replies":[{"embeddable":true,"href":"https:\/\/iglesiatrinacristoes.org\/index.php\/wp-json\/wp\/v2\/comments?post=5470"}],"version-history":[{"count":222,"href":"https:\/\/iglesiatrinacristoes.org\/index.php\/wp-json\/wp\/v2\/pages\/5470\/revisions"}],"predecessor-version":[{"id":10318,"href":"https:\/\/iglesiatrinacristoes.org\/index.php\/wp-json\/wp\/v2\/pages\/5470\/revisions\/10318"}],"wp:attachment":[{"href":"https:\/\/iglesiatrinacristoes.org\/index.php\/wp-json\/wp\/v2\/media?parent=5470"}],"curies":[{"name":"wp","href":"https:\/\/api.w.org\/{rel}","templated":true}]}}