{"id":10557,"date":"2026-03-06T16:54:19","date_gmt":"2026-03-06T21:54:19","guid":{"rendered":"https:\/\/iglesiatrinacristoes.org\/?post_type=product&#038;p=10557"},"modified":"2026-03-06T16:58:11","modified_gmt":"2026-03-06T21:58:11","slug":"biblia-ovejitas-version-ntv","status":"publish","type":"product","link":"https:\/\/iglesiatrinacristoes.org\/index.php\/producto\/biblia-ovejitas-version-ntv\/","title":{"rendered":"Biblia Ovejitas Versi\u00f3n   (NTV)"},"content":{"rendered":"<style type=\"text\/css\"><\/style><p>Editorial<\/p>\n<p>Dimensiones<br \/>\n21.5 X 14 X 2 cm<br \/>\nCubierta<br \/>\nTapa dura<br \/>\nIdioma: Espa\u00f1ol<\/p>\n","protected":false},"excerpt":{"rendered":"<p>Descripci\u00f3n<br \/>\nLa Biblia Ovejitas NTV es una edici\u00f3n juvenil en formato grande, destacada por cincuenta paginas preciosamente ilustradas a todo color ubicadas a lo largo de todo el texto de la Biblia.<br \/>\nCaracter\u00edsticas:<\/p>\n<p>Una edici\u00f3n de la Biblia en espa\u00f1ol para ni\u00f1os, f\u00e1cil de transportar, con docenas de preciosas ilustraciones a todo color para estimular a los peque\u00f1os.<br \/>\nConcordancia de 48 p\u00e1ginas<br \/>\nSecci\u00f3n de referencia cruzada de 47 p\u00e1ginas<br \/>\n96 ilustraciones a todo color<br \/>\nSe\u00f1alador de cinta roja<br \/>\nP\u00e1gina de dedicaci\u00f3n<br \/>\nTapa dura ilustrada y durable<br \/>\nEditorial Aya Genesis<br \/>\nTama\u00f1o: 8.5 x 5.5 pulgadas(inches)<br \/>\nP\u00e1ginas: 822 p\u00e1ginas.<\/p>\n","protected":false},"featured_media":10558,"comment_status":"open","ping_status":"closed","template":"","meta":{"om_disable_all_campaigns":false},"product_brand":[],"product_cat":[86],"product_tag":[],"class_list":{"0":"post-10557","1":"product","2":"type-product","3":"status-publish","4":"has-post-thumbnail","6":"product_cat-libreria","8":"first","9":"instock","10":"shipping-taxable","11":"purchasable","12":"product-type-simple"},"yoast_head":"<!-- This site is optimized with the Yoast SEO plugin v26.3 - https:\/\/yoast.com\/wordpress\/plugins\/seo\/ -->\n<title>Biblia Ovejitas Versi\u00f3n  (NTV) - Iglesia Trina &quot;Cristo Es&quot;<\/title>\n<meta name=\"robots\" content=\"index, follow, max-snippet:-1, max-image-preview:large, max-video-preview:-1\" \/>\n<link rel=\"canonical\" href=\"https:\/\/iglesiatrinacristoes.org\/index.php\/producto\/biblia-ovejitas-version-ntv\/\" \/>\n<meta property=\"og:locale\" content=\"es_ES\" \/>\n<meta property=\"og:type\" content=\"article\" \/>\n<meta property=\"og:title\" content=\"Biblia Ovejitas Versi\u00f3n  (NTV) - Iglesia Trina &quot;Cristo Es&quot;\" \/>\n<meta property=\"og:description\" content=\"Descripci\u00f3n La Biblia Ovejitas NTV es una edici\u00f3n juvenil en formato grande, destacada por cincuenta paginas preciosamente ilustradas a todo color ubicadas a lo largo de todo el texto de la Biblia. Caracter\u00edsticas:  Una edici\u00f3n de la Biblia en espa\u00f1ol para ni\u00f1os, f\u00e1cil de transportar, con docenas de preciosas ilustraciones a todo color para estimular a los peque\u00f1os. Concordancia de 48 p\u00e1ginas Secci\u00f3n de referencia cruzada de 47 p\u00e1ginas 96 ilustraciones a todo color Se\u00f1alador de cinta roja P\u00e1gina de dedicaci\u00f3n Tapa dura ilustrada y durable Editorial Aya Genesis Tama\u00f1o: 8.5 x 5.5 pulgadas(inches) P\u00e1ginas: 822 p\u00e1ginas.\" \/>\n<meta property=\"og:url\" content=\"https:\/\/iglesiatrinacristoes.org\/index.php\/producto\/biblia-ovejitas-version-ntv\/\" \/>\n<meta property=\"og:site_name\" content=\"Iglesia Trina &quot;Cristo Es&quot;\" \/>\n<meta property=\"article:modified_time\" content=\"2026-03-06T21:58:11+00:00\" \/>\n<meta property=\"og:image\" content=\"http:\/\/iglesiatrinacristoes.org\/wp-content\/uploads\/2026\/03\/Biblia-Ovejitas-Version-NTV.jpg\" \/>\n\t<meta property=\"og:image:width\" content=\"265\" \/>\n\t<meta property=\"og:image:height\" content=\"400\" \/>\n\t<meta property=\"og:image:type\" content=\"image\/jpeg\" \/>\n<meta name=\"twitter:card\" content=\"summary_large_image\" \/>\n<meta name=\"twitter:label1\" content=\"Tiempo de lectura\" \/>\n\t<meta name=\"twitter:data1\" content=\"1 minuto\" \/>\n<script type=\"application\/ld+json\" class=\"yoast-schema-graph\">{\"@context\":\"https:\/\/schema.org\",\"@graph\":[{\"@type\":\"WebPage\",\"@id\":\"https:\/\/iglesiatrinacristoes.org\/index.php\/producto\/biblia-ovejitas-version-ntv\/\",\"url\":\"https:\/\/iglesiatrinacristoes.org\/index.php\/producto\/biblia-ovejitas-version-ntv\/\",\"name\":\"Biblia Ovejitas Versi\u00f3n (NTV) - Iglesia Trina &quot;Cristo Es&quot;\",\"isPartOf\":{\"@id\":\"https:\/\/iglesiatrinacristoes.org\/#website\"},\"primaryImageOfPage\":{\"@id\":\"https:\/\/iglesiatrinacristoes.org\/index.php\/producto\/biblia-ovejitas-version-ntv\/#primaryimage\"},\"image\":{\"@id\":\"https:\/\/iglesiatrinacristoes.org\/index.php\/producto\/biblia-ovejitas-version-ntv\/#primaryimage\"},\"thumbnailUrl\":\"https:\/\/iglesiatrinacristoes.org\/wp-content\/uploads\/2026\/03\/Biblia-Ovejitas-Version-NTV.jpg\",\"datePublished\":\"2026-03-06T21:54:19+00:00\",\"dateModified\":\"2026-03-06T21:58:11+00:00\",\"breadcrumb\":{\"@id\":\"https:\/\/iglesiatrinacristoes.org\/index.php\/producto\/biblia-ovejitas-version-ntv\/#breadcrumb\"},\"inLanguage\":\"es-CO\",\"potentialAction\":[{\"@type\":\"ReadAction\",\"target\":[\"https:\/\/iglesiatrinacristoes.org\/index.php\/producto\/biblia-ovejitas-version-ntv\/\"]}]},{\"@type\":\"ImageObject\",\"inLanguage\":\"es-CO\",\"@id\":\"https:\/\/iglesiatrinacristoes.org\/index.php\/producto\/biblia-ovejitas-version-ntv\/#primaryimage\",\"url\":\"https:\/\/iglesiatrinacristoes.org\/wp-content\/uploads\/2026\/03\/Biblia-Ovejitas-Version-NTV.jpg\",\"contentUrl\":\"https:\/\/iglesiatrinacristoes.org\/wp-content\/uploads\/2026\/03\/Biblia-Ovejitas-Version-NTV.jpg\",\"width\":265,\"height\":400},{\"@type\":\"BreadcrumbList\",\"@id\":\"https:\/\/iglesiatrinacristoes.org\/index.php\/producto\/biblia-ovejitas-version-ntv\/#breadcrumb\",\"itemListElement\":[{\"@type\":\"ListItem\",\"position\":1,\"name\":\"Inicio\",\"item\":\"https:\/\/iglesiatrinacristoes.org\/\"},{\"@type\":\"ListItem\",\"position\":2,\"name\":\"Tienda\",\"item\":\"https:\/\/iglesiatrinacristoes.org\/index.php\/tienda\/\"},{\"@type\":\"ListItem\",\"position\":3,\"name\":\"Biblia Ovejitas Versi\u00f3n (NTV)\"}]},{\"@type\":\"WebSite\",\"@id\":\"https:\/\/iglesiatrinacristoes.org\/#website\",\"url\":\"https:\/\/iglesiatrinacristoes.org\/\",\"name\":\"Iglesia Trina &quot;Cristo Es&quot;\",\"description\":\"Iglesia Trina &quot;Cristo Es&quot;\",\"publisher\":{\"@id\":\"https:\/\/iglesiatrinacristoes.org\/#organization\"},\"potentialAction\":[{\"@type\":\"SearchAction\",\"target\":{\"@type\":\"EntryPoint\",\"urlTemplate\":\"https:\/\/iglesiatrinacristoes.org\/?s={search_term_string}\"},\"query-input\":{\"@type\":\"PropertyValueSpecification\",\"valueRequired\":true,\"valueName\":\"search_term_string\"}}],\"inLanguage\":\"es-CO\"},{\"@type\":\"Organization\",\"@id\":\"https:\/\/iglesiatrinacristoes.org\/#organization\",\"name\":\"Iglesia Trina &quot;Cristo Es&quot;\",\"url\":\"https:\/\/iglesiatrinacristoes.org\/\",\"logo\":{\"@type\":\"ImageObject\",\"inLanguage\":\"es-CO\",\"@id\":\"https:\/\/iglesiatrinacristoes.org\/#\/schema\/logo\/image\/\",\"url\":\"\",\"contentUrl\":\"\",\"caption\":\"Iglesia Trina &quot;Cristo Es&quot;\"},\"image\":{\"@id\":\"https:\/\/iglesiatrinacristoes.org\/#\/schema\/logo\/image\/\"}}]}<\/script>\n<!-- \/ Yoast SEO plugin. -->","yoast_head_json":{"title":"Biblia Ovejitas Versi\u00f3n  (NTV) - Iglesia Trina &quot;Cristo Es&quot;","robots":{"index":"index","follow":"follow","max-snippet":"max-snippet:-1","max-image-preview":"max-image-preview:large","max-video-preview":"max-video-preview:-1"},"canonical":"https:\/\/iglesiatrinacristoes.org\/index.php\/producto\/biblia-ovejitas-version-ntv\/","og_locale":"es_ES","og_type":"article","og_title":"Biblia Ovejitas Versi\u00f3n  (NTV) - Iglesia Trina &quot;Cristo Es&quot;","og_description":"Descripci\u00f3n La Biblia Ovejitas NTV es una edici\u00f3n juvenil en formato grande, destacada por cincuenta paginas preciosamente ilustradas a todo color ubicadas a lo largo de todo el texto de la Biblia. Caracter\u00edsticas:  Una edici\u00f3n de la Biblia en espa\u00f1ol para ni\u00f1os, f\u00e1cil de transportar, con docenas de preciosas ilustraciones a todo color para estimular a los peque\u00f1os. Concordancia de 48 p\u00e1ginas Secci\u00f3n de referencia cruzada de 47 p\u00e1ginas 96 ilustraciones a todo color Se\u00f1alador de cinta roja P\u00e1gina de dedicaci\u00f3n Tapa dura ilustrada y durable Editorial Aya Genesis Tama\u00f1o: 8.5 x 5.5 pulgadas(inches) P\u00e1ginas: 822 p\u00e1ginas.","og_url":"https:\/\/iglesiatrinacristoes.org\/index.php\/producto\/biblia-ovejitas-version-ntv\/","og_site_name":"Iglesia Trina &quot;Cristo Es&quot;","article_modified_time":"2026-03-06T21:58:11+00:00","og_image":[{"width":265,"height":400,"url":"http:\/\/iglesiatrinacristoes.org\/wp-content\/uploads\/2026\/03\/Biblia-Ovejitas-Version-NTV.jpg","type":"image\/jpeg"}],"twitter_card":"summary_large_image","twitter_misc":{"Tiempo de lectura":"1 minuto"},"schema":{"@context":"https:\/\/schema.org","@graph":[{"@type":"WebPage","@id":"https:\/\/iglesiatrinacristoes.org\/index.php\/producto\/biblia-ovejitas-version-ntv\/","url":"https:\/\/iglesiatrinacristoes.org\/index.php\/producto\/biblia-ovejitas-version-ntv\/","name":"Biblia Ovejitas Versi\u00f3n (NTV) - Iglesia Trina &quot;Cristo Es&quot;","isPartOf":{"@id":"https:\/\/iglesiatrinacristoes.org\/#website"},"primaryImageOfPage":{"@id":"https:\/\/iglesiatrinacristoes.org\/index.php\/producto\/biblia-ovejitas-version-ntv\/#primaryimage"},"image":{"@id":"https:\/\/iglesiatrinacristoes.org\/index.php\/producto\/biblia-ovejitas-version-ntv\/#primaryimage"},"thumbnailUrl":"https:\/\/iglesiatrinacristoes.org\/wp-content\/uploads\/2026\/03\/Biblia-Ovejitas-Version-NTV.jpg","datePublished":"2026-03-06T21:54:19+00:00","dateModified":"2026-03-06T21:58:11+00:00","breadcrumb":{"@id":"https:\/\/iglesiatrinacristoes.org\/index.php\/producto\/biblia-ovejitas-version-ntv\/#breadcrumb"},"inLanguage":"es-CO","potentialAction":[{"@type":"ReadAction","target":["https:\/\/iglesiatrinacristoes.org\/index.php\/producto\/biblia-ovejitas-version-ntv\/"]}]},{"@type":"ImageObject","inLanguage":"es-CO","@id":"https:\/\/iglesiatrinacristoes.org\/index.php\/producto\/biblia-ovejitas-version-ntv\/#primaryimage","url":"https:\/\/iglesiatrinacristoes.org\/wp-content\/uploads\/2026\/03\/Biblia-Ovejitas-Version-NTV.jpg","contentUrl":"https:\/\/iglesiatrinacristoes.org\/wp-content\/uploads\/2026\/03\/Biblia-Ovejitas-Version-NTV.jpg","width":265,"height":400},{"@type":"BreadcrumbList","@id":"https:\/\/iglesiatrinacristoes.org\/index.php\/producto\/biblia-ovejitas-version-ntv\/#breadcrumb","itemListElement":[{"@type":"ListItem","position":1,"name":"Inicio","item":"https:\/\/iglesiatrinacristoes.org\/"},{"@type":"ListItem","position":2,"name":"Tienda","item":"https:\/\/iglesiatrinacristoes.org\/index.php\/tienda\/"},{"@type":"ListItem","position":3,"name":"Biblia Ovejitas Versi\u00f3n (NTV)"}]},{"@type":"WebSite","@id":"https:\/\/iglesiatrinacristoes.org\/#website","url":"https:\/\/iglesiatrinacristoes.org\/","name":"Iglesia Trina &quot;Cristo Es&quot;","description":"Iglesia Trina &quot;Cristo Es&quot;","publisher":{"@id":"https:\/\/iglesiatrinacristoes.org\/#organization"},"potentialAction":[{"@type":"SearchAction","target":{"@type":"EntryPoint","urlTemplate":"https:\/\/iglesiatrinacristoes.org\/?s={search_term_string}"},"query-input":{"@type":"PropertyValueSpecification","valueRequired":true,"valueName":"search_term_string"}}],"inLanguage":"es-CO"},{"@type":"Organization","@id":"https:\/\/iglesiatrinacristoes.org\/#organization","name":"Iglesia Trina &quot;Cristo Es&quot;","url":"https:\/\/iglesiatrinacristoes.org\/","logo":{"@type":"ImageObject","inLanguage":"es-CO","@id":"https:\/\/iglesiatrinacristoes.org\/#\/schema\/logo\/image\/","url":"","contentUrl":"","caption":"Iglesia Trina &quot;Cristo Es&quot;"},"image":{"@id":"https:\/\/iglesiatrinacristoes.org\/#\/schema\/logo\/image\/"}}]}},"_links":{"self":[{"href":"https:\/\/iglesiatrinacristoes.org\/index.php\/wp-json\/wp\/v2\/product\/10557","targetHints":{"allow":["GET"]}}],"collection":[{"href":"https:\/\/iglesiatrinacristoes.org\/index.php\/wp-json\/wp\/v2\/product"}],"about":[{"href":"https:\/\/iglesiatrinacristoes.org\/index.php\/wp-json\/wp\/v2\/types\/product"}],"replies":[{"embeddable":true,"href":"https:\/\/iglesiatrinacristoes.org\/index.php\/wp-json\/wp\/v2\/comments?post=10557"}],"wp:featuredmedia":[{"embeddable":true,"href":"https:\/\/iglesiatrinacristoes.org\/index.php\/wp-json\/wp\/v2\/media\/10558"}],"wp:attachment":[{"href":"https:\/\/iglesiatrinacristoes.org\/index.php\/wp-json\/wp\/v2\/media?parent=10557"}],"wp:term":[{"taxonomy":"product_brand","embeddable":true,"href":"https:\/\/iglesiatrinacristoes.org\/index.php\/wp-json\/wp\/v2\/product_brand?post=10557"},{"taxonomy":"product_cat","embeddable":true,"href":"https:\/\/iglesiatrinacristoes.org\/index.php\/wp-json\/wp\/v2\/product_cat?post=10557"},{"taxonomy":"product_tag","embeddable":true,"href":"https:\/\/iglesiatrinacristoes.org\/index.php\/wp-json\/wp\/v2\/product_tag?post=10557"}],"curies":[{"name":"wp","href":"https:\/\/api.w.org\/{rel}","templated":true}]}}