{"id":10564,"date":"2026-03-06T17:08:15","date_gmt":"2026-03-06T22:08:15","guid":{"rendered":"https:\/\/iglesiatrinacristoes.org\/?post_type=product&#038;p=10564"},"modified":"2026-03-06T17:28:58","modified_gmt":"2026-03-06T22:28:58","slug":"biblia-plenitud-version-tapa-blanda","status":"publish","type":"product","link":"https:\/\/iglesiatrinacristoes.org\/index.php\/producto\/biblia-plenitud-version-tapa-blanda\/","title":{"rendered":"Biblia Plenitud Versi\u00f3n tapa blanda"},"content":{"rendered":"<style type=\"text\/css\"><\/style><p>Editorial<br \/>\nGrupo Nelson<br \/>\nDimensiones<br \/>\n21 X 1.5 X 4 cm<br \/>\nCubierta<br \/>\nTapa blanda<br \/>\nIdioma: Espa\u00f1ol<\/p>\n<p>&nbsp;<\/p>\n<p>Descripci\u00f3n<br \/>\nToda la Escritura es inspirada por Dios, y \u00fatil para ense\u00f1ar, para redarg\u00fcir, para corregir, para instruir en justicia. 2 Timoteo 3:16Las caracter\u00edsticas que le presenta esta Biblia, est\u00e1n ampliamente relacionadas a un eficaz estudio, adem\u00e1s de una amplia comprensi\u00f3n de la Palabra de Dios.Una Biblia de estudio preferida por enfatizar en sus notas y elementos informativos una vida din\u00e1mica y llena del poder del Esp\u00edritu.Caracter\u00edsticas especiales:Palabras de Cristo en rojo.Mapas a todo color.Amplia concordancia de f\u00e1cil uso.Mapas y gr\u00e1ficos intercalados en el texto.Bosquejo detallado de cada libro.Introducci\u00f3n de cada libro de la Biblia.Referencias al final de cada vers\u00edculo.Notas extensas que reflejan erudici\u00f3n.<\/p>\n","protected":false},"excerpt":{"rendered":"<p>Esta formidable y reveladora Biblia de estudio ofrece<br \/>\na todo el que tenga hambre de Dios un enfoque total sobre lo que encierra<br \/>\nla vida llena del Esp\u00edritu.<br \/>\nAdem\u00e1s de bosquejo detallado e introducci\u00f3n<br \/>\na cada libro de la Biblia, y notas extensas que reflejan erudici\u00f3n,<br \/>\nesta Biblia incluye:<\/p>\n<p>Din\u00e1mica del Reino:<br \/>\nM\u00e1s de 350 art\u00edculos que<br \/>\naclaran 22 temas siempre<br \/>\nvigentes que presentan una<br \/>\ncomprensi\u00f3n pr\u00e1ctica y<br \/>\nprof\u00e9tica para el<br \/>\nministerio y la vista del<br \/>\ncristiano.<br \/>\nRiqueza Literaria:<br \/>\nM\u00e1s de 550 definiciones detalladas<br \/>\nde palabras importantes del griego y<br \/>\ndel hebreo con sus conceptos b\u00e1sicos.<br \/>\nVerdad en Acci\u00f3n:<br \/>\nAplicaci\u00f3n espec\u00edfica de las<br \/>\nlecciones que se encuentran<br \/>\nen cada libro de las Escrituras<br \/>\na la vida diaria en el hogar y<br \/>\nel trabajo.<br \/>\n* Gr\u00e1ficas y tablas<br \/>\n* Mapas de color<br \/>\n* Mapas en el texto.<\/p>\n","protected":false},"featured_media":10569,"comment_status":"open","ping_status":"closed","template":"","meta":{"om_disable_all_campaigns":false},"product_brand":[],"product_cat":[86],"product_tag":[],"class_list":{"0":"post-10564","1":"product","2":"type-product","3":"status-publish","4":"has-post-thumbnail","6":"product_cat-libreria","8":"first","9":"instock","10":"shipping-taxable","11":"purchasable","12":"product-type-simple"},"yoast_head":"<!-- This site is optimized with the Yoast SEO plugin v26.3 - https:\/\/yoast.com\/wordpress\/plugins\/seo\/ -->\n<title>Biblia Plenitud Versi\u00f3n tapa blanda - Iglesia Trina &quot;Cristo Es&quot;<\/title>\n<meta name=\"robots\" content=\"index, follow, max-snippet:-1, max-image-preview:large, max-video-preview:-1\" \/>\n<link rel=\"canonical\" href=\"https:\/\/iglesiatrinacristoes.org\/index.php\/producto\/biblia-plenitud-version-tapa-blanda\/\" \/>\n<meta property=\"og:locale\" content=\"es_ES\" \/>\n<meta property=\"og:type\" content=\"article\" \/>\n<meta property=\"og:title\" content=\"Biblia Plenitud Versi\u00f3n tapa blanda - Iglesia Trina &quot;Cristo Es&quot;\" \/>\n<meta property=\"og:description\" content=\"Esta formidable y reveladora Biblia de estudio ofrece a todo el que tenga hambre de Dios un enfoque total sobre lo que encierra la vida llena del Esp\u00edritu. Adem\u00e1s de bosquejo detallado e introducci\u00f3n a cada libro de la Biblia, y notas extensas que reflejan erudici\u00f3n, esta Biblia incluye:  Din\u00e1mica del Reino: M\u00e1s de 350 art\u00edculos que aclaran 22 temas siempre vigentes que presentan una comprensi\u00f3n pr\u00e1ctica y prof\u00e9tica para el ministerio y la vista del cristiano. Riqueza Literaria: M\u00e1s de 550 definiciones detalladas de palabras importantes del griego y del hebreo con sus conceptos b\u00e1sicos. Verdad en Acci\u00f3n: Aplicaci\u00f3n espec\u00edfica de las lecciones que se encuentran en cada libro de las Escrituras a la vida diaria en el hogar y el trabajo. * Gr\u00e1ficas y tablas * Mapas de color * Mapas en el texto.\" \/>\n<meta property=\"og:url\" content=\"https:\/\/iglesiatrinacristoes.org\/index.php\/producto\/biblia-plenitud-version-tapa-blanda\/\" \/>\n<meta property=\"og:site_name\" content=\"Iglesia Trina &quot;Cristo Es&quot;\" \/>\n<meta property=\"article:modified_time\" content=\"2026-03-06T22:28:58+00:00\" \/>\n<meta property=\"og:image\" content=\"http:\/\/iglesiatrinacristoes.org\/wp-content\/uploads\/2026\/03\/Biblia-Plenitud-Version-tapa-blanda-1.png\" \/>\n\t<meta property=\"og:image:width\" content=\"360\" \/>\n\t<meta property=\"og:image:height\" content=\"608\" \/>\n\t<meta property=\"og:image:type\" content=\"image\/png\" \/>\n<meta name=\"twitter:card\" content=\"summary_large_image\" \/>\n<meta name=\"twitter:label1\" content=\"Tiempo de lectura\" \/>\n\t<meta name=\"twitter:data1\" content=\"1 minuto\" \/>\n<script type=\"application\/ld+json\" class=\"yoast-schema-graph\">{\"@context\":\"https:\/\/schema.org\",\"@graph\":[{\"@type\":\"WebPage\",\"@id\":\"https:\/\/iglesiatrinacristoes.org\/index.php\/producto\/biblia-plenitud-version-tapa-blanda\/\",\"url\":\"https:\/\/iglesiatrinacristoes.org\/index.php\/producto\/biblia-plenitud-version-tapa-blanda\/\",\"name\":\"Biblia Plenitud Versi\u00f3n tapa blanda - Iglesia Trina &quot;Cristo Es&quot;\",\"isPartOf\":{\"@id\":\"https:\/\/iglesiatrinacristoes.org\/#website\"},\"primaryImageOfPage\":{\"@id\":\"https:\/\/iglesiatrinacristoes.org\/index.php\/producto\/biblia-plenitud-version-tapa-blanda\/#primaryimage\"},\"image\":{\"@id\":\"https:\/\/iglesiatrinacristoes.org\/index.php\/producto\/biblia-plenitud-version-tapa-blanda\/#primaryimage\"},\"thumbnailUrl\":\"https:\/\/iglesiatrinacristoes.org\/wp-content\/uploads\/2026\/03\/Biblia-Plenitud-Version-tapa-blanda-1.png\",\"datePublished\":\"2026-03-06T22:08:15+00:00\",\"dateModified\":\"2026-03-06T22:28:58+00:00\",\"breadcrumb\":{\"@id\":\"https:\/\/iglesiatrinacristoes.org\/index.php\/producto\/biblia-plenitud-version-tapa-blanda\/#breadcrumb\"},\"inLanguage\":\"es-CO\",\"potentialAction\":[{\"@type\":\"ReadAction\",\"target\":[\"https:\/\/iglesiatrinacristoes.org\/index.php\/producto\/biblia-plenitud-version-tapa-blanda\/\"]}]},{\"@type\":\"ImageObject\",\"inLanguage\":\"es-CO\",\"@id\":\"https:\/\/iglesiatrinacristoes.org\/index.php\/producto\/biblia-plenitud-version-tapa-blanda\/#primaryimage\",\"url\":\"https:\/\/iglesiatrinacristoes.org\/wp-content\/uploads\/2026\/03\/Biblia-Plenitud-Version-tapa-blanda-1.png\",\"contentUrl\":\"https:\/\/iglesiatrinacristoes.org\/wp-content\/uploads\/2026\/03\/Biblia-Plenitud-Version-tapa-blanda-1.png\",\"width\":360,\"height\":608},{\"@type\":\"BreadcrumbList\",\"@id\":\"https:\/\/iglesiatrinacristoes.org\/index.php\/producto\/biblia-plenitud-version-tapa-blanda\/#breadcrumb\",\"itemListElement\":[{\"@type\":\"ListItem\",\"position\":1,\"name\":\"Inicio\",\"item\":\"https:\/\/iglesiatrinacristoes.org\/\"},{\"@type\":\"ListItem\",\"position\":2,\"name\":\"Tienda\",\"item\":\"https:\/\/iglesiatrinacristoes.org\/index.php\/tienda\/\"},{\"@type\":\"ListItem\",\"position\":3,\"name\":\"Biblia Plenitud Versi\u00f3n tapa blanda\"}]},{\"@type\":\"WebSite\",\"@id\":\"https:\/\/iglesiatrinacristoes.org\/#website\",\"url\":\"https:\/\/iglesiatrinacristoes.org\/\",\"name\":\"Iglesia Trina &quot;Cristo Es&quot;\",\"description\":\"Iglesia Trina &quot;Cristo Es&quot;\",\"publisher\":{\"@id\":\"https:\/\/iglesiatrinacristoes.org\/#organization\"},\"potentialAction\":[{\"@type\":\"SearchAction\",\"target\":{\"@type\":\"EntryPoint\",\"urlTemplate\":\"https:\/\/iglesiatrinacristoes.org\/?s={search_term_string}\"},\"query-input\":{\"@type\":\"PropertyValueSpecification\",\"valueRequired\":true,\"valueName\":\"search_term_string\"}}],\"inLanguage\":\"es-CO\"},{\"@type\":\"Organization\",\"@id\":\"https:\/\/iglesiatrinacristoes.org\/#organization\",\"name\":\"Iglesia Trina &quot;Cristo Es&quot;\",\"url\":\"https:\/\/iglesiatrinacristoes.org\/\",\"logo\":{\"@type\":\"ImageObject\",\"inLanguage\":\"es-CO\",\"@id\":\"https:\/\/iglesiatrinacristoes.org\/#\/schema\/logo\/image\/\",\"url\":\"\",\"contentUrl\":\"\",\"caption\":\"Iglesia Trina &quot;Cristo Es&quot;\"},\"image\":{\"@id\":\"https:\/\/iglesiatrinacristoes.org\/#\/schema\/logo\/image\/\"}}]}<\/script>\n<!-- \/ Yoast SEO plugin. -->","yoast_head_json":{"title":"Biblia Plenitud Versi\u00f3n tapa blanda - Iglesia Trina &quot;Cristo Es&quot;","robots":{"index":"index","follow":"follow","max-snippet":"max-snippet:-1","max-image-preview":"max-image-preview:large","max-video-preview":"max-video-preview:-1"},"canonical":"https:\/\/iglesiatrinacristoes.org\/index.php\/producto\/biblia-plenitud-version-tapa-blanda\/","og_locale":"es_ES","og_type":"article","og_title":"Biblia Plenitud Versi\u00f3n tapa blanda - Iglesia Trina &quot;Cristo Es&quot;","og_description":"Esta formidable y reveladora Biblia de estudio ofrece a todo el que tenga hambre de Dios un enfoque total sobre lo que encierra la vida llena del Esp\u00edritu. Adem\u00e1s de bosquejo detallado e introducci\u00f3n a cada libro de la Biblia, y notas extensas que reflejan erudici\u00f3n, esta Biblia incluye:  Din\u00e1mica del Reino: M\u00e1s de 350 art\u00edculos que aclaran 22 temas siempre vigentes que presentan una comprensi\u00f3n pr\u00e1ctica y prof\u00e9tica para el ministerio y la vista del cristiano. Riqueza Literaria: M\u00e1s de 550 definiciones detalladas de palabras importantes del griego y del hebreo con sus conceptos b\u00e1sicos. Verdad en Acci\u00f3n: Aplicaci\u00f3n espec\u00edfica de las lecciones que se encuentran en cada libro de las Escrituras a la vida diaria en el hogar y el trabajo. * Gr\u00e1ficas y tablas * Mapas de color * Mapas en el texto.","og_url":"https:\/\/iglesiatrinacristoes.org\/index.php\/producto\/biblia-plenitud-version-tapa-blanda\/","og_site_name":"Iglesia Trina &quot;Cristo Es&quot;","article_modified_time":"2026-03-06T22:28:58+00:00","og_image":[{"width":360,"height":608,"url":"http:\/\/iglesiatrinacristoes.org\/wp-content\/uploads\/2026\/03\/Biblia-Plenitud-Version-tapa-blanda-1.png","type":"image\/png"}],"twitter_card":"summary_large_image","twitter_misc":{"Tiempo de lectura":"1 minuto"},"schema":{"@context":"https:\/\/schema.org","@graph":[{"@type":"WebPage","@id":"https:\/\/iglesiatrinacristoes.org\/index.php\/producto\/biblia-plenitud-version-tapa-blanda\/","url":"https:\/\/iglesiatrinacristoes.org\/index.php\/producto\/biblia-plenitud-version-tapa-blanda\/","name":"Biblia Plenitud Versi\u00f3n tapa blanda - Iglesia Trina &quot;Cristo Es&quot;","isPartOf":{"@id":"https:\/\/iglesiatrinacristoes.org\/#website"},"primaryImageOfPage":{"@id":"https:\/\/iglesiatrinacristoes.org\/index.php\/producto\/biblia-plenitud-version-tapa-blanda\/#primaryimage"},"image":{"@id":"https:\/\/iglesiatrinacristoes.org\/index.php\/producto\/biblia-plenitud-version-tapa-blanda\/#primaryimage"},"thumbnailUrl":"https:\/\/iglesiatrinacristoes.org\/wp-content\/uploads\/2026\/03\/Biblia-Plenitud-Version-tapa-blanda-1.png","datePublished":"2026-03-06T22:08:15+00:00","dateModified":"2026-03-06T22:28:58+00:00","breadcrumb":{"@id":"https:\/\/iglesiatrinacristoes.org\/index.php\/producto\/biblia-plenitud-version-tapa-blanda\/#breadcrumb"},"inLanguage":"es-CO","potentialAction":[{"@type":"ReadAction","target":["https:\/\/iglesiatrinacristoes.org\/index.php\/producto\/biblia-plenitud-version-tapa-blanda\/"]}]},{"@type":"ImageObject","inLanguage":"es-CO","@id":"https:\/\/iglesiatrinacristoes.org\/index.php\/producto\/biblia-plenitud-version-tapa-blanda\/#primaryimage","url":"https:\/\/iglesiatrinacristoes.org\/wp-content\/uploads\/2026\/03\/Biblia-Plenitud-Version-tapa-blanda-1.png","contentUrl":"https:\/\/iglesiatrinacristoes.org\/wp-content\/uploads\/2026\/03\/Biblia-Plenitud-Version-tapa-blanda-1.png","width":360,"height":608},{"@type":"BreadcrumbList","@id":"https:\/\/iglesiatrinacristoes.org\/index.php\/producto\/biblia-plenitud-version-tapa-blanda\/#breadcrumb","itemListElement":[{"@type":"ListItem","position":1,"name":"Inicio","item":"https:\/\/iglesiatrinacristoes.org\/"},{"@type":"ListItem","position":2,"name":"Tienda","item":"https:\/\/iglesiatrinacristoes.org\/index.php\/tienda\/"},{"@type":"ListItem","position":3,"name":"Biblia Plenitud Versi\u00f3n tapa blanda"}]},{"@type":"WebSite","@id":"https:\/\/iglesiatrinacristoes.org\/#website","url":"https:\/\/iglesiatrinacristoes.org\/","name":"Iglesia Trina &quot;Cristo Es&quot;","description":"Iglesia Trina &quot;Cristo Es&quot;","publisher":{"@id":"https:\/\/iglesiatrinacristoes.org\/#organization"},"potentialAction":[{"@type":"SearchAction","target":{"@type":"EntryPoint","urlTemplate":"https:\/\/iglesiatrinacristoes.org\/?s={search_term_string}"},"query-input":{"@type":"PropertyValueSpecification","valueRequired":true,"valueName":"search_term_string"}}],"inLanguage":"es-CO"},{"@type":"Organization","@id":"https:\/\/iglesiatrinacristoes.org\/#organization","name":"Iglesia Trina &quot;Cristo Es&quot;","url":"https:\/\/iglesiatrinacristoes.org\/","logo":{"@type":"ImageObject","inLanguage":"es-CO","@id":"https:\/\/iglesiatrinacristoes.org\/#\/schema\/logo\/image\/","url":"","contentUrl":"","caption":"Iglesia Trina &quot;Cristo Es&quot;"},"image":{"@id":"https:\/\/iglesiatrinacristoes.org\/#\/schema\/logo\/image\/"}}]}},"_links":{"self":[{"href":"https:\/\/iglesiatrinacristoes.org\/index.php\/wp-json\/wp\/v2\/product\/10564","targetHints":{"allow":["GET"]}}],"collection":[{"href":"https:\/\/iglesiatrinacristoes.org\/index.php\/wp-json\/wp\/v2\/product"}],"about":[{"href":"https:\/\/iglesiatrinacristoes.org\/index.php\/wp-json\/wp\/v2\/types\/product"}],"replies":[{"embeddable":true,"href":"https:\/\/iglesiatrinacristoes.org\/index.php\/wp-json\/wp\/v2\/comments?post=10564"}],"wp:featuredmedia":[{"embeddable":true,"href":"https:\/\/iglesiatrinacristoes.org\/index.php\/wp-json\/wp\/v2\/media\/10569"}],"wp:attachment":[{"href":"https:\/\/iglesiatrinacristoes.org\/index.php\/wp-json\/wp\/v2\/media?parent=10564"}],"wp:term":[{"taxonomy":"product_brand","embeddable":true,"href":"https:\/\/iglesiatrinacristoes.org\/index.php\/wp-json\/wp\/v2\/product_brand?post=10564"},{"taxonomy":"product_cat","embeddable":true,"href":"https:\/\/iglesiatrinacristoes.org\/index.php\/wp-json\/wp\/v2\/product_cat?post=10564"},{"taxonomy":"product_tag","embeddable":true,"href":"https:\/\/iglesiatrinacristoes.org\/index.php\/wp-json\/wp\/v2\/product_tag?post=10564"}],"curies":[{"name":"wp","href":"https:\/\/api.w.org\/{rel}","templated":true}]}}