{"id":10570,"date":"2026-03-06T17:29:07","date_gmt":"2026-03-06T22:29:07","guid":{"rendered":"https:\/\/iglesiatrinacristoes.org\/?post_type=product&#038;p=10570"},"modified":"2026-03-06T17:54:34","modified_gmt":"2026-03-06T22:54:34","slug":"santa-biblia-rvr-thompson-letra-gigante-con-referencias","status":"publish","type":"product","link":"https:\/\/iglesiatrinacristoes.org\/index.php\/producto\/santa-biblia-rvr-thompson-letra-gigante-con-referencias\/","title":{"rendered":"Santa Biblia  (RVR) Thompson Letra Gigante Con Referencias"},"content":{"rendered":"<style type=\"text\/css\"><\/style><p>Editorial<br \/>\nVida<br \/>\nDimensiones<br \/>\n24 X 16 X 3 cm<br \/>\nCubierta<br \/>\nPiel Especial<br \/>\nIdioma: Espa\u00f1ol<\/p>\n<p>&nbsp;<\/p>\n<p>&nbsp;<\/p>\n","protected":false},"excerpt":{"rendered":"<p>Antiguo y Nuevo Testamento<br \/>\nCon los tipos prof\u00e9ticos, las profec\u00edas mesi\u00e1nicas y las palabras de Cristo en rojo<br \/>\nSistema de estudio b\u00edblico original y exhaustivo de Thompson<br \/>\nUn sistema num\u00e9rico de referencias en cadena, an\u00e1lisis de libros, estudios bosquejados e ilustrados, armon\u00edas, mapas, concordancia y descubrimientos arqueol\u00f3gicos.<\/p>\n","protected":false},"featured_media":10572,"comment_status":"open","ping_status":"closed","template":"","meta":{"om_disable_all_campaigns":false},"product_brand":[],"product_cat":[86],"product_tag":[],"class_list":{"0":"post-10570","1":"product","2":"type-product","3":"status-publish","4":"has-post-thumbnail","6":"product_cat-libreria","8":"first","9":"instock","10":"shipping-taxable","11":"purchasable","12":"product-type-simple"},"yoast_head":"<!-- This site is optimized with the Yoast SEO plugin v26.3 - https:\/\/yoast.com\/wordpress\/plugins\/seo\/ -->\n<title>Santa Biblia (RVR) Thompson Letra Gigante Con Referencias - Iglesia Trina &quot;Cristo Es&quot;<\/title>\n<meta name=\"robots\" content=\"index, follow, max-snippet:-1, max-image-preview:large, max-video-preview:-1\" \/>\n<link rel=\"canonical\" href=\"https:\/\/iglesiatrinacristoes.org\/index.php\/producto\/santa-biblia-rvr-thompson-letra-gigante-con-referencias\/\" \/>\n<meta property=\"og:locale\" content=\"es_ES\" \/>\n<meta property=\"og:type\" content=\"article\" \/>\n<meta property=\"og:title\" content=\"Santa Biblia (RVR) Thompson Letra Gigante Con Referencias - Iglesia Trina &quot;Cristo Es&quot;\" \/>\n<meta property=\"og:description\" content=\"Antiguo y Nuevo Testamento Con los tipos prof\u00e9ticos, las profec\u00edas mesi\u00e1nicas y las palabras de Cristo en rojo Sistema de estudio b\u00edblico original y exhaustivo de Thompson Un sistema num\u00e9rico de referencias en cadena, an\u00e1lisis de libros, estudios bosquejados e ilustrados, armon\u00edas, mapas, concordancia y descubrimientos arqueol\u00f3gicos.\" \/>\n<meta property=\"og:url\" content=\"https:\/\/iglesiatrinacristoes.org\/index.php\/producto\/santa-biblia-rvr-thompson-letra-gigante-con-referencias\/\" \/>\n<meta property=\"og:site_name\" content=\"Iglesia Trina &quot;Cristo Es&quot;\" \/>\n<meta property=\"article:modified_time\" content=\"2026-03-06T22:54:34+00:00\" \/>\n<meta property=\"og:image\" content=\"http:\/\/iglesiatrinacristoes.org\/wp-content\/uploads\/2026\/03\/Santa-Biblia-RVR-Thompson-Letra-Gigante-Con-Referencias-1.png\" \/>\n\t<meta property=\"og:image:width\" content=\"381\" \/>\n\t<meta property=\"og:image:height\" content=\"580\" \/>\n\t<meta property=\"og:image:type\" content=\"image\/png\" \/>\n<meta name=\"twitter:card\" content=\"summary_large_image\" \/>\n<meta name=\"twitter:label1\" content=\"Tiempo de lectura\" \/>\n\t<meta name=\"twitter:data1\" content=\"1 minuto\" \/>\n<script type=\"application\/ld+json\" class=\"yoast-schema-graph\">{\"@context\":\"https:\/\/schema.org\",\"@graph\":[{\"@type\":\"WebPage\",\"@id\":\"https:\/\/iglesiatrinacristoes.org\/index.php\/producto\/santa-biblia-rvr-thompson-letra-gigante-con-referencias\/\",\"url\":\"https:\/\/iglesiatrinacristoes.org\/index.php\/producto\/santa-biblia-rvr-thompson-letra-gigante-con-referencias\/\",\"name\":\"Santa Biblia (RVR) Thompson Letra Gigante Con Referencias - Iglesia Trina &quot;Cristo Es&quot;\",\"isPartOf\":{\"@id\":\"https:\/\/iglesiatrinacristoes.org\/#website\"},\"primaryImageOfPage\":{\"@id\":\"https:\/\/iglesiatrinacristoes.org\/index.php\/producto\/santa-biblia-rvr-thompson-letra-gigante-con-referencias\/#primaryimage\"},\"image\":{\"@id\":\"https:\/\/iglesiatrinacristoes.org\/index.php\/producto\/santa-biblia-rvr-thompson-letra-gigante-con-referencias\/#primaryimage\"},\"thumbnailUrl\":\"https:\/\/iglesiatrinacristoes.org\/wp-content\/uploads\/2026\/03\/Santa-Biblia-RVR-Thompson-Letra-Gigante-Con-Referencias-1.png\",\"datePublished\":\"2026-03-06T22:29:07+00:00\",\"dateModified\":\"2026-03-06T22:54:34+00:00\",\"breadcrumb\":{\"@id\":\"https:\/\/iglesiatrinacristoes.org\/index.php\/producto\/santa-biblia-rvr-thompson-letra-gigante-con-referencias\/#breadcrumb\"},\"inLanguage\":\"es-CO\",\"potentialAction\":[{\"@type\":\"ReadAction\",\"target\":[\"https:\/\/iglesiatrinacristoes.org\/index.php\/producto\/santa-biblia-rvr-thompson-letra-gigante-con-referencias\/\"]}]},{\"@type\":\"ImageObject\",\"inLanguage\":\"es-CO\",\"@id\":\"https:\/\/iglesiatrinacristoes.org\/index.php\/producto\/santa-biblia-rvr-thompson-letra-gigante-con-referencias\/#primaryimage\",\"url\":\"https:\/\/iglesiatrinacristoes.org\/wp-content\/uploads\/2026\/03\/Santa-Biblia-RVR-Thompson-Letra-Gigante-Con-Referencias-1.png\",\"contentUrl\":\"https:\/\/iglesiatrinacristoes.org\/wp-content\/uploads\/2026\/03\/Santa-Biblia-RVR-Thompson-Letra-Gigante-Con-Referencias-1.png\",\"width\":381,\"height\":580},{\"@type\":\"BreadcrumbList\",\"@id\":\"https:\/\/iglesiatrinacristoes.org\/index.php\/producto\/santa-biblia-rvr-thompson-letra-gigante-con-referencias\/#breadcrumb\",\"itemListElement\":[{\"@type\":\"ListItem\",\"position\":1,\"name\":\"Inicio\",\"item\":\"https:\/\/iglesiatrinacristoes.org\/\"},{\"@type\":\"ListItem\",\"position\":2,\"name\":\"Tienda\",\"item\":\"https:\/\/iglesiatrinacristoes.org\/index.php\/tienda\/\"},{\"@type\":\"ListItem\",\"position\":3,\"name\":\"Santa Biblia (RVR) Thompson Letra Gigante Con Referencias\"}]},{\"@type\":\"WebSite\",\"@id\":\"https:\/\/iglesiatrinacristoes.org\/#website\",\"url\":\"https:\/\/iglesiatrinacristoes.org\/\",\"name\":\"Iglesia Trina &quot;Cristo Es&quot;\",\"description\":\"Iglesia Trina &quot;Cristo Es&quot;\",\"publisher\":{\"@id\":\"https:\/\/iglesiatrinacristoes.org\/#organization\"},\"potentialAction\":[{\"@type\":\"SearchAction\",\"target\":{\"@type\":\"EntryPoint\",\"urlTemplate\":\"https:\/\/iglesiatrinacristoes.org\/?s={search_term_string}\"},\"query-input\":{\"@type\":\"PropertyValueSpecification\",\"valueRequired\":true,\"valueName\":\"search_term_string\"}}],\"inLanguage\":\"es-CO\"},{\"@type\":\"Organization\",\"@id\":\"https:\/\/iglesiatrinacristoes.org\/#organization\",\"name\":\"Iglesia Trina &quot;Cristo Es&quot;\",\"url\":\"https:\/\/iglesiatrinacristoes.org\/\",\"logo\":{\"@type\":\"ImageObject\",\"inLanguage\":\"es-CO\",\"@id\":\"https:\/\/iglesiatrinacristoes.org\/#\/schema\/logo\/image\/\",\"url\":\"\",\"contentUrl\":\"\",\"caption\":\"Iglesia Trina &quot;Cristo Es&quot;\"},\"image\":{\"@id\":\"https:\/\/iglesiatrinacristoes.org\/#\/schema\/logo\/image\/\"}}]}<\/script>\n<!-- \/ Yoast SEO plugin. -->","yoast_head_json":{"title":"Santa Biblia (RVR) Thompson Letra Gigante Con Referencias - Iglesia Trina &quot;Cristo Es&quot;","robots":{"index":"index","follow":"follow","max-snippet":"max-snippet:-1","max-image-preview":"max-image-preview:large","max-video-preview":"max-video-preview:-1"},"canonical":"https:\/\/iglesiatrinacristoes.org\/index.php\/producto\/santa-biblia-rvr-thompson-letra-gigante-con-referencias\/","og_locale":"es_ES","og_type":"article","og_title":"Santa Biblia (RVR) Thompson Letra Gigante Con Referencias - Iglesia Trina &quot;Cristo Es&quot;","og_description":"Antiguo y Nuevo Testamento Con los tipos prof\u00e9ticos, las profec\u00edas mesi\u00e1nicas y las palabras de Cristo en rojo Sistema de estudio b\u00edblico original y exhaustivo de Thompson Un sistema num\u00e9rico de referencias en cadena, an\u00e1lisis de libros, estudios bosquejados e ilustrados, armon\u00edas, mapas, concordancia y descubrimientos arqueol\u00f3gicos.","og_url":"https:\/\/iglesiatrinacristoes.org\/index.php\/producto\/santa-biblia-rvr-thompson-letra-gigante-con-referencias\/","og_site_name":"Iglesia Trina &quot;Cristo Es&quot;","article_modified_time":"2026-03-06T22:54:34+00:00","og_image":[{"width":381,"height":580,"url":"http:\/\/iglesiatrinacristoes.org\/wp-content\/uploads\/2026\/03\/Santa-Biblia-RVR-Thompson-Letra-Gigante-Con-Referencias-1.png","type":"image\/png"}],"twitter_card":"summary_large_image","twitter_misc":{"Tiempo de lectura":"1 minuto"},"schema":{"@context":"https:\/\/schema.org","@graph":[{"@type":"WebPage","@id":"https:\/\/iglesiatrinacristoes.org\/index.php\/producto\/santa-biblia-rvr-thompson-letra-gigante-con-referencias\/","url":"https:\/\/iglesiatrinacristoes.org\/index.php\/producto\/santa-biblia-rvr-thompson-letra-gigante-con-referencias\/","name":"Santa Biblia (RVR) Thompson Letra Gigante Con Referencias - Iglesia Trina &quot;Cristo Es&quot;","isPartOf":{"@id":"https:\/\/iglesiatrinacristoes.org\/#website"},"primaryImageOfPage":{"@id":"https:\/\/iglesiatrinacristoes.org\/index.php\/producto\/santa-biblia-rvr-thompson-letra-gigante-con-referencias\/#primaryimage"},"image":{"@id":"https:\/\/iglesiatrinacristoes.org\/index.php\/producto\/santa-biblia-rvr-thompson-letra-gigante-con-referencias\/#primaryimage"},"thumbnailUrl":"https:\/\/iglesiatrinacristoes.org\/wp-content\/uploads\/2026\/03\/Santa-Biblia-RVR-Thompson-Letra-Gigante-Con-Referencias-1.png","datePublished":"2026-03-06T22:29:07+00:00","dateModified":"2026-03-06T22:54:34+00:00","breadcrumb":{"@id":"https:\/\/iglesiatrinacristoes.org\/index.php\/producto\/santa-biblia-rvr-thompson-letra-gigante-con-referencias\/#breadcrumb"},"inLanguage":"es-CO","potentialAction":[{"@type":"ReadAction","target":["https:\/\/iglesiatrinacristoes.org\/index.php\/producto\/santa-biblia-rvr-thompson-letra-gigante-con-referencias\/"]}]},{"@type":"ImageObject","inLanguage":"es-CO","@id":"https:\/\/iglesiatrinacristoes.org\/index.php\/producto\/santa-biblia-rvr-thompson-letra-gigante-con-referencias\/#primaryimage","url":"https:\/\/iglesiatrinacristoes.org\/wp-content\/uploads\/2026\/03\/Santa-Biblia-RVR-Thompson-Letra-Gigante-Con-Referencias-1.png","contentUrl":"https:\/\/iglesiatrinacristoes.org\/wp-content\/uploads\/2026\/03\/Santa-Biblia-RVR-Thompson-Letra-Gigante-Con-Referencias-1.png","width":381,"height":580},{"@type":"BreadcrumbList","@id":"https:\/\/iglesiatrinacristoes.org\/index.php\/producto\/santa-biblia-rvr-thompson-letra-gigante-con-referencias\/#breadcrumb","itemListElement":[{"@type":"ListItem","position":1,"name":"Inicio","item":"https:\/\/iglesiatrinacristoes.org\/"},{"@type":"ListItem","position":2,"name":"Tienda","item":"https:\/\/iglesiatrinacristoes.org\/index.php\/tienda\/"},{"@type":"ListItem","position":3,"name":"Santa Biblia (RVR) Thompson Letra Gigante Con Referencias"}]},{"@type":"WebSite","@id":"https:\/\/iglesiatrinacristoes.org\/#website","url":"https:\/\/iglesiatrinacristoes.org\/","name":"Iglesia Trina &quot;Cristo Es&quot;","description":"Iglesia Trina &quot;Cristo Es&quot;","publisher":{"@id":"https:\/\/iglesiatrinacristoes.org\/#organization"},"potentialAction":[{"@type":"SearchAction","target":{"@type":"EntryPoint","urlTemplate":"https:\/\/iglesiatrinacristoes.org\/?s={search_term_string}"},"query-input":{"@type":"PropertyValueSpecification","valueRequired":true,"valueName":"search_term_string"}}],"inLanguage":"es-CO"},{"@type":"Organization","@id":"https:\/\/iglesiatrinacristoes.org\/#organization","name":"Iglesia Trina &quot;Cristo Es&quot;","url":"https:\/\/iglesiatrinacristoes.org\/","logo":{"@type":"ImageObject","inLanguage":"es-CO","@id":"https:\/\/iglesiatrinacristoes.org\/#\/schema\/logo\/image\/","url":"","contentUrl":"","caption":"Iglesia Trina &quot;Cristo Es&quot;"},"image":{"@id":"https:\/\/iglesiatrinacristoes.org\/#\/schema\/logo\/image\/"}}]}},"_links":{"self":[{"href":"https:\/\/iglesiatrinacristoes.org\/index.php\/wp-json\/wp\/v2\/product\/10570","targetHints":{"allow":["GET"]}}],"collection":[{"href":"https:\/\/iglesiatrinacristoes.org\/index.php\/wp-json\/wp\/v2\/product"}],"about":[{"href":"https:\/\/iglesiatrinacristoes.org\/index.php\/wp-json\/wp\/v2\/types\/product"}],"replies":[{"embeddable":true,"href":"https:\/\/iglesiatrinacristoes.org\/index.php\/wp-json\/wp\/v2\/comments?post=10570"}],"wp:featuredmedia":[{"embeddable":true,"href":"https:\/\/iglesiatrinacristoes.org\/index.php\/wp-json\/wp\/v2\/media\/10572"}],"wp:attachment":[{"href":"https:\/\/iglesiatrinacristoes.org\/index.php\/wp-json\/wp\/v2\/media?parent=10570"}],"wp:term":[{"taxonomy":"product_brand","embeddable":true,"href":"https:\/\/iglesiatrinacristoes.org\/index.php\/wp-json\/wp\/v2\/product_brand?post=10570"},{"taxonomy":"product_cat","embeddable":true,"href":"https:\/\/iglesiatrinacristoes.org\/index.php\/wp-json\/wp\/v2\/product_cat?post=10570"},{"taxonomy":"product_tag","embeddable":true,"href":"https:\/\/iglesiatrinacristoes.org\/index.php\/wp-json\/wp\/v2\/product_tag?post=10570"}],"curies":[{"name":"wp","href":"https:\/\/api.w.org\/{rel}","templated":true}]}}