{"id":10573,"date":"2026-03-06T17:54:51","date_gmt":"2026-03-06T22:54:51","guid":{"rendered":"https:\/\/iglesiatrinacristoes.org\/?post_type=product&#038;p=10573"},"modified":"2026-03-06T18:00:32","modified_gmt":"2026-03-06T23:00:32","slug":"nuevo-diccionario-popular-de-la-biblia","status":"publish","type":"product","link":"https:\/\/iglesiatrinacristoes.org\/index.php\/producto\/nuevo-diccionario-popular-de-la-biblia\/","title":{"rendered":"Nuevo Diccionario Popular De La Biblia"},"content":{"rendered":"<style type=\"text\/css\"><\/style><p>Autor: Juan Rojas Mayo<\/p>\n<p>Editorial: Unilit<br \/>\nPublicaciones para la familia<br \/>\nDimensiones: 24 X 16 X 3 cm<br \/>\nCubierta: Tapa dura<br \/>\nIdioma: Espa\u00f1ol<\/p>\n<p>&nbsp;<\/p>\n<p>Este libro es para aquellos que necesitan conocimientos b\u00e1sicos acerca de la Biblia, sus ense\u00f1anzas, sus personajes y la ubicaci\u00f3n hist\u00f3rica y geogr\u00e1fica de los acontecimientos que relata. El autor ha vertido su experiencia de muchos a\u00f1os como editor de libros cristianos de consulta y pastor de iglesia, a fin de ofrecernos en menos palabras lo que el cristiano com\u00fan y corriente necesita para conocer mejor la Biblia<\/p>\n","protected":false},"excerpt":{"rendered":"<p>Un diccionario ampliado y actualizado que le<br \/>\nbrindar\u00e1 al lector la Informaci\u00f3n necesaria para<br \/>\nfamiliarizarse m\u00e1s con los t\u00e9rminos y los datos<br \/>\nesenciales para una mayor comprensi\u00f3n de la Biblia.<br \/>\nBOSQUEJOS<br \/>\nSe incluyen bosquejos sencillos, pr\u00e1cticos y completos de todos los libros de la Biblia.<br \/>\nTEOLOG\u00cdA<br \/>\nLos t\u00e9rminos m\u00e1s importantes se ampliaron para destacar, y a veces rescatar, conceptos que se<br \/>\ndeben tener en cuenta al estudiar la Biblia.<br \/>\nBIOGRAF\u00cdAS<br \/>\nSe a\u00f1adi\u00f3 Informaci\u00f3n b\u00e1sica que incluyen datos<br \/>\nque los historiadores modernos han ido desempolvando.<br \/>\nCRONOLOG\u00cdA<br \/>\nSe refinaron algunos datos hist\u00f3ricos que ayudaran a comprender mejer los porqu\u00e9s de<br \/>\nalgunos acontecimiento.<\/p>\n","protected":false},"featured_media":10574,"comment_status":"open","ping_status":"closed","template":"","meta":{"om_disable_all_campaigns":false},"product_brand":[],"product_cat":[86],"product_tag":[],"class_list":{"0":"post-10573","1":"product","2":"type-product","3":"status-publish","4":"has-post-thumbnail","6":"product_cat-libreria","8":"first","9":"instock","10":"shipping-taxable","11":"purchasable","12":"product-type-simple"},"yoast_head":"<!-- This site is optimized with the Yoast SEO plugin v26.3 - https:\/\/yoast.com\/wordpress\/plugins\/seo\/ -->\n<title>Nuevo Diccionario Popular De La Biblia - Iglesia Trina &quot;Cristo Es&quot;<\/title>\n<meta name=\"robots\" content=\"index, follow, max-snippet:-1, max-image-preview:large, max-video-preview:-1\" \/>\n<link rel=\"canonical\" href=\"https:\/\/iglesiatrinacristoes.org\/index.php\/producto\/nuevo-diccionario-popular-de-la-biblia\/\" \/>\n<meta property=\"og:locale\" content=\"es_ES\" \/>\n<meta property=\"og:type\" content=\"article\" \/>\n<meta property=\"og:title\" content=\"Nuevo Diccionario Popular De La Biblia - Iglesia Trina &quot;Cristo Es&quot;\" \/>\n<meta property=\"og:description\" content=\"Un diccionario ampliado y actualizado que le brindar\u00e1 al lector la Informaci\u00f3n necesaria para familiarizarse m\u00e1s con los t\u00e9rminos y los datos esenciales para una mayor comprensi\u00f3n de la Biblia. BOSQUEJOS Se incluyen bosquejos sencillos, pr\u00e1cticos y completos de todos los libros de la Biblia. TEOLOG\u00cdA Los t\u00e9rminos m\u00e1s importantes se ampliaron para destacar, y a veces rescatar, conceptos que se deben tener en cuenta al estudiar la Biblia. BIOGRAF\u00cdAS Se a\u00f1adi\u00f3 Informaci\u00f3n b\u00e1sica que incluyen datos que los historiadores modernos han ido desempolvando. CRONOLOG\u00cdA Se refinaron algunos datos hist\u00f3ricos que ayudaran a comprender mejer los porqu\u00e9s de algunos acontecimiento.\" \/>\n<meta property=\"og:url\" content=\"https:\/\/iglesiatrinacristoes.org\/index.php\/producto\/nuevo-diccionario-popular-de-la-biblia\/\" \/>\n<meta property=\"og:site_name\" content=\"Iglesia Trina &quot;Cristo Es&quot;\" \/>\n<meta property=\"article:modified_time\" content=\"2026-03-06T23:00:32+00:00\" \/>\n<meta property=\"og:image\" content=\"http:\/\/iglesiatrinacristoes.org\/wp-content\/uploads\/2026\/03\/Nuevo-Diccionario-Popular-De-La-Biblia.jpg\" \/>\n\t<meta property=\"og:image:width\" content=\"666\" \/>\n\t<meta property=\"og:image:height\" content=\"990\" \/>\n\t<meta property=\"og:image:type\" content=\"image\/jpeg\" \/>\n<meta name=\"twitter:card\" content=\"summary_large_image\" \/>\n<meta name=\"twitter:label1\" content=\"Tiempo de lectura\" \/>\n\t<meta name=\"twitter:data1\" content=\"1 minuto\" \/>\n<script type=\"application\/ld+json\" class=\"yoast-schema-graph\">{\"@context\":\"https:\/\/schema.org\",\"@graph\":[{\"@type\":\"WebPage\",\"@id\":\"https:\/\/iglesiatrinacristoes.org\/index.php\/producto\/nuevo-diccionario-popular-de-la-biblia\/\",\"url\":\"https:\/\/iglesiatrinacristoes.org\/index.php\/producto\/nuevo-diccionario-popular-de-la-biblia\/\",\"name\":\"Nuevo Diccionario Popular De La Biblia - Iglesia Trina &quot;Cristo Es&quot;\",\"isPartOf\":{\"@id\":\"https:\/\/iglesiatrinacristoes.org\/#website\"},\"primaryImageOfPage\":{\"@id\":\"https:\/\/iglesiatrinacristoes.org\/index.php\/producto\/nuevo-diccionario-popular-de-la-biblia\/#primaryimage\"},\"image\":{\"@id\":\"https:\/\/iglesiatrinacristoes.org\/index.php\/producto\/nuevo-diccionario-popular-de-la-biblia\/#primaryimage\"},\"thumbnailUrl\":\"https:\/\/iglesiatrinacristoes.org\/wp-content\/uploads\/2026\/03\/Nuevo-Diccionario-Popular-De-La-Biblia.jpg\",\"datePublished\":\"2026-03-06T22:54:51+00:00\",\"dateModified\":\"2026-03-06T23:00:32+00:00\",\"breadcrumb\":{\"@id\":\"https:\/\/iglesiatrinacristoes.org\/index.php\/producto\/nuevo-diccionario-popular-de-la-biblia\/#breadcrumb\"},\"inLanguage\":\"es-CO\",\"potentialAction\":[{\"@type\":\"ReadAction\",\"target\":[\"https:\/\/iglesiatrinacristoes.org\/index.php\/producto\/nuevo-diccionario-popular-de-la-biblia\/\"]}]},{\"@type\":\"ImageObject\",\"inLanguage\":\"es-CO\",\"@id\":\"https:\/\/iglesiatrinacristoes.org\/index.php\/producto\/nuevo-diccionario-popular-de-la-biblia\/#primaryimage\",\"url\":\"https:\/\/iglesiatrinacristoes.org\/wp-content\/uploads\/2026\/03\/Nuevo-Diccionario-Popular-De-La-Biblia.jpg\",\"contentUrl\":\"https:\/\/iglesiatrinacristoes.org\/wp-content\/uploads\/2026\/03\/Nuevo-Diccionario-Popular-De-La-Biblia.jpg\",\"width\":666,\"height\":990},{\"@type\":\"BreadcrumbList\",\"@id\":\"https:\/\/iglesiatrinacristoes.org\/index.php\/producto\/nuevo-diccionario-popular-de-la-biblia\/#breadcrumb\",\"itemListElement\":[{\"@type\":\"ListItem\",\"position\":1,\"name\":\"Inicio\",\"item\":\"https:\/\/iglesiatrinacristoes.org\/\"},{\"@type\":\"ListItem\",\"position\":2,\"name\":\"Tienda\",\"item\":\"https:\/\/iglesiatrinacristoes.org\/index.php\/tienda\/\"},{\"@type\":\"ListItem\",\"position\":3,\"name\":\"Nuevo Diccionario Popular De La Biblia\"}]},{\"@type\":\"WebSite\",\"@id\":\"https:\/\/iglesiatrinacristoes.org\/#website\",\"url\":\"https:\/\/iglesiatrinacristoes.org\/\",\"name\":\"Iglesia Trina &quot;Cristo Es&quot;\",\"description\":\"Iglesia Trina &quot;Cristo Es&quot;\",\"publisher\":{\"@id\":\"https:\/\/iglesiatrinacristoes.org\/#organization\"},\"potentialAction\":[{\"@type\":\"SearchAction\",\"target\":{\"@type\":\"EntryPoint\",\"urlTemplate\":\"https:\/\/iglesiatrinacristoes.org\/?s={search_term_string}\"},\"query-input\":{\"@type\":\"PropertyValueSpecification\",\"valueRequired\":true,\"valueName\":\"search_term_string\"}}],\"inLanguage\":\"es-CO\"},{\"@type\":\"Organization\",\"@id\":\"https:\/\/iglesiatrinacristoes.org\/#organization\",\"name\":\"Iglesia Trina &quot;Cristo Es&quot;\",\"url\":\"https:\/\/iglesiatrinacristoes.org\/\",\"logo\":{\"@type\":\"ImageObject\",\"inLanguage\":\"es-CO\",\"@id\":\"https:\/\/iglesiatrinacristoes.org\/#\/schema\/logo\/image\/\",\"url\":\"\",\"contentUrl\":\"\",\"caption\":\"Iglesia Trina &quot;Cristo Es&quot;\"},\"image\":{\"@id\":\"https:\/\/iglesiatrinacristoes.org\/#\/schema\/logo\/image\/\"}}]}<\/script>\n<!-- \/ Yoast SEO plugin. -->","yoast_head_json":{"title":"Nuevo Diccionario Popular De La Biblia - Iglesia Trina &quot;Cristo Es&quot;","robots":{"index":"index","follow":"follow","max-snippet":"max-snippet:-1","max-image-preview":"max-image-preview:large","max-video-preview":"max-video-preview:-1"},"canonical":"https:\/\/iglesiatrinacristoes.org\/index.php\/producto\/nuevo-diccionario-popular-de-la-biblia\/","og_locale":"es_ES","og_type":"article","og_title":"Nuevo Diccionario Popular De La Biblia - Iglesia Trina &quot;Cristo Es&quot;","og_description":"Un diccionario ampliado y actualizado que le brindar\u00e1 al lector la Informaci\u00f3n necesaria para familiarizarse m\u00e1s con los t\u00e9rminos y los datos esenciales para una mayor comprensi\u00f3n de la Biblia. BOSQUEJOS Se incluyen bosquejos sencillos, pr\u00e1cticos y completos de todos los libros de la Biblia. TEOLOG\u00cdA Los t\u00e9rminos m\u00e1s importantes se ampliaron para destacar, y a veces rescatar, conceptos que se deben tener en cuenta al estudiar la Biblia. BIOGRAF\u00cdAS Se a\u00f1adi\u00f3 Informaci\u00f3n b\u00e1sica que incluyen datos que los historiadores modernos han ido desempolvando. CRONOLOG\u00cdA Se refinaron algunos datos hist\u00f3ricos que ayudaran a comprender mejer los porqu\u00e9s de algunos acontecimiento.","og_url":"https:\/\/iglesiatrinacristoes.org\/index.php\/producto\/nuevo-diccionario-popular-de-la-biblia\/","og_site_name":"Iglesia Trina &quot;Cristo Es&quot;","article_modified_time":"2026-03-06T23:00:32+00:00","og_image":[{"width":666,"height":990,"url":"http:\/\/iglesiatrinacristoes.org\/wp-content\/uploads\/2026\/03\/Nuevo-Diccionario-Popular-De-La-Biblia.jpg","type":"image\/jpeg"}],"twitter_card":"summary_large_image","twitter_misc":{"Tiempo de lectura":"1 minuto"},"schema":{"@context":"https:\/\/schema.org","@graph":[{"@type":"WebPage","@id":"https:\/\/iglesiatrinacristoes.org\/index.php\/producto\/nuevo-diccionario-popular-de-la-biblia\/","url":"https:\/\/iglesiatrinacristoes.org\/index.php\/producto\/nuevo-diccionario-popular-de-la-biblia\/","name":"Nuevo Diccionario Popular De La Biblia - Iglesia Trina &quot;Cristo Es&quot;","isPartOf":{"@id":"https:\/\/iglesiatrinacristoes.org\/#website"},"primaryImageOfPage":{"@id":"https:\/\/iglesiatrinacristoes.org\/index.php\/producto\/nuevo-diccionario-popular-de-la-biblia\/#primaryimage"},"image":{"@id":"https:\/\/iglesiatrinacristoes.org\/index.php\/producto\/nuevo-diccionario-popular-de-la-biblia\/#primaryimage"},"thumbnailUrl":"https:\/\/iglesiatrinacristoes.org\/wp-content\/uploads\/2026\/03\/Nuevo-Diccionario-Popular-De-La-Biblia.jpg","datePublished":"2026-03-06T22:54:51+00:00","dateModified":"2026-03-06T23:00:32+00:00","breadcrumb":{"@id":"https:\/\/iglesiatrinacristoes.org\/index.php\/producto\/nuevo-diccionario-popular-de-la-biblia\/#breadcrumb"},"inLanguage":"es-CO","potentialAction":[{"@type":"ReadAction","target":["https:\/\/iglesiatrinacristoes.org\/index.php\/producto\/nuevo-diccionario-popular-de-la-biblia\/"]}]},{"@type":"ImageObject","inLanguage":"es-CO","@id":"https:\/\/iglesiatrinacristoes.org\/index.php\/producto\/nuevo-diccionario-popular-de-la-biblia\/#primaryimage","url":"https:\/\/iglesiatrinacristoes.org\/wp-content\/uploads\/2026\/03\/Nuevo-Diccionario-Popular-De-La-Biblia.jpg","contentUrl":"https:\/\/iglesiatrinacristoes.org\/wp-content\/uploads\/2026\/03\/Nuevo-Diccionario-Popular-De-La-Biblia.jpg","width":666,"height":990},{"@type":"BreadcrumbList","@id":"https:\/\/iglesiatrinacristoes.org\/index.php\/producto\/nuevo-diccionario-popular-de-la-biblia\/#breadcrumb","itemListElement":[{"@type":"ListItem","position":1,"name":"Inicio","item":"https:\/\/iglesiatrinacristoes.org\/"},{"@type":"ListItem","position":2,"name":"Tienda","item":"https:\/\/iglesiatrinacristoes.org\/index.php\/tienda\/"},{"@type":"ListItem","position":3,"name":"Nuevo Diccionario Popular De La Biblia"}]},{"@type":"WebSite","@id":"https:\/\/iglesiatrinacristoes.org\/#website","url":"https:\/\/iglesiatrinacristoes.org\/","name":"Iglesia Trina &quot;Cristo Es&quot;","description":"Iglesia Trina &quot;Cristo Es&quot;","publisher":{"@id":"https:\/\/iglesiatrinacristoes.org\/#organization"},"potentialAction":[{"@type":"SearchAction","target":{"@type":"EntryPoint","urlTemplate":"https:\/\/iglesiatrinacristoes.org\/?s={search_term_string}"},"query-input":{"@type":"PropertyValueSpecification","valueRequired":true,"valueName":"search_term_string"}}],"inLanguage":"es-CO"},{"@type":"Organization","@id":"https:\/\/iglesiatrinacristoes.org\/#organization","name":"Iglesia Trina &quot;Cristo Es&quot;","url":"https:\/\/iglesiatrinacristoes.org\/","logo":{"@type":"ImageObject","inLanguage":"es-CO","@id":"https:\/\/iglesiatrinacristoes.org\/#\/schema\/logo\/image\/","url":"","contentUrl":"","caption":"Iglesia Trina &quot;Cristo Es&quot;"},"image":{"@id":"https:\/\/iglesiatrinacristoes.org\/#\/schema\/logo\/image\/"}}]}},"_links":{"self":[{"href":"https:\/\/iglesiatrinacristoes.org\/index.php\/wp-json\/wp\/v2\/product\/10573","targetHints":{"allow":["GET"]}}],"collection":[{"href":"https:\/\/iglesiatrinacristoes.org\/index.php\/wp-json\/wp\/v2\/product"}],"about":[{"href":"https:\/\/iglesiatrinacristoes.org\/index.php\/wp-json\/wp\/v2\/types\/product"}],"replies":[{"embeddable":true,"href":"https:\/\/iglesiatrinacristoes.org\/index.php\/wp-json\/wp\/v2\/comments?post=10573"}],"wp:featuredmedia":[{"embeddable":true,"href":"https:\/\/iglesiatrinacristoes.org\/index.php\/wp-json\/wp\/v2\/media\/10574"}],"wp:attachment":[{"href":"https:\/\/iglesiatrinacristoes.org\/index.php\/wp-json\/wp\/v2\/media?parent=10573"}],"wp:term":[{"taxonomy":"product_brand","embeddable":true,"href":"https:\/\/iglesiatrinacristoes.org\/index.php\/wp-json\/wp\/v2\/product_brand?post=10573"},{"taxonomy":"product_cat","embeddable":true,"href":"https:\/\/iglesiatrinacristoes.org\/index.php\/wp-json\/wp\/v2\/product_cat?post=10573"},{"taxonomy":"product_tag","embeddable":true,"href":"https:\/\/iglesiatrinacristoes.org\/index.php\/wp-json\/wp\/v2\/product_tag?post=10573"}],"curies":[{"name":"wp","href":"https:\/\/api.w.org\/{rel}","templated":true}]}}