{"id":10575,"date":"2026-03-06T18:01:12","date_gmt":"2026-03-06T23:01:12","guid":{"rendered":"https:\/\/iglesiatrinacristoes.org\/?post_type=product&#038;p=10575"},"modified":"2026-03-06T18:12:46","modified_gmt":"2026-03-06T23:12:46","slug":"diccionario-biblico-ilustrado-holman","status":"publish","type":"product","link":"https:\/\/iglesiatrinacristoes.org\/index.php\/producto\/diccionario-biblico-ilustrado-holman\/","title":{"rendered":"Diccionario Biblico Ilustrado Holman"},"content":{"rendered":"<style type=\"text\/css\"><\/style><p>Descripci\u00f3n<br \/>\nEl popular Diccionario B\u00edblico Ilustrado Holman, ahora disponible en espa\u00f1ol, se ha dise\u00f1ado para quienes necesitan informaci\u00f3n r\u00e1pidamente y quienes procuran el tratamiento en profundidad de cientos de temas. A trav\u00e9s de sus m\u00e1s de 700 fotograf\u00edas, ilustraciones y gr\u00e1ficos a todo color, esta excelente herramienta de referencia conduce a los lectores directamente al mundo de la Biblia y los faculta para comprender mejor la Palabra de Dios.<br \/>\nPropiedades<br \/>\nISBN: 9780805494907<br \/>\nEditorial: EDITORIAL B&amp;H<br \/>\nReferencia de producto: 01801907<br \/>\nDimensiones:<br \/>\n16 x 24 x 5 mm<br \/>\nPeso: 2,206kg<br \/>\nCubierta: Tapa Dura<br \/>\nN\u00famero de p\u00e1ginas: 1667<\/p>\n","protected":false},"excerpt":{"rendered":"<p>La m\u00e1xima Herramienta<br \/>\nde consulta y referencia b\u00edblica<br \/>\nEl Diccionario B\u00edblico ilustrado Holman sienta el par\u00e1metro de<br \/>\nlo que debe ser un diccionario de la Biblia: un vasto almac\u00e9n de<br \/>\nInformaci\u00f3n \u00fatil, f\u00e1cil de encontrar y de entender. El Diccionario<br \/>\nB\u00edblico ilustrado Holman ha sido dise\u00f1ado tanto para aquellos que<br \/>\nnecesitan Informaci\u00f3n inmediata como as\u00ed tambi\u00e9n para<br \/>\nquienes desean una explicaci\u00f3n detallada sobre cientos de temas.<br \/>\nM\u00e1s de 600 fotograf\u00edas, mapas, reproducciones y gr\u00e1ficos a todo<br \/>\ncolor ilustran el texto de una manera que usted jam\u00e1s Imagin\u00f3.<br \/>\nAl abrir este libro, el lector descubrir\u00e1 por qu\u00e9 el Diccionario<br \/>\nB\u00edblico ilustrado Holman ser\u00e1 el est\u00e1ndar ideal entre los diccionarios b\u00edblicos.<br \/>\nRasgos sobresalientes:<br \/>\n\u2022 Definiciones exhaustivas de personajes, lugares, cosas y eventos<br \/>\nrelacionados con todos los temas de la Biblia.<br \/>\n\u2022M\u00e1s de 600 fotograf\u00edas, ilustraciones y gr\u00e1ficos a todo color:<br \/>\n\u2022 Excepcionales dibujos y reproducciones a escala de lugares y objetos<br \/>\nb\u00edblicos, basados en cuidadosas investigaciones arqueol\u00f3gicas.<br \/>\n\u2022 M\u00e1s de 50 mapas detallados, a todo color.<br \/>\n\u2022 Art\u00edculos destacados sobre temas teol\u00f3gicos. Art\u00edculos agrupados sobre<br \/>\nplantas, animales, ocupaciones, etc.<br \/>\n\u2022 Informaci\u00f3n arqueol\u00f3gica actualizada de excavaciones realizadas en Israel.<br \/>\n\u2022 Cronolog\u00eda comparativa de la historia b\u00edblica y la historia mundial.<br \/>\n\u2022 Definiciones resumidas para referencia r\u00e1pida al comienzo de cada<br \/>\nentrada.<br \/>\n\u2022 Numerosos art\u00edculos basados en los idiomas originales, pero escritos en<br \/>\nun estilo accesible para el usuario. Se prescinde de terminolog\u00eda t\u00e9cnica<br \/>\ny abreviaturas.<br \/>\n\u2022 Vastas referencias cruzadas de art\u00edculos relacionados.<br \/>\n\u2022 Rotulado alfab\u00e9tico lateral para localizaci\u00f3n r\u00e1pida y sencilla de la<br \/>\ninformaci\u00f3n<\/p>\n","protected":false},"featured_media":10576,"comment_status":"open","ping_status":"closed","template":"","meta":{"om_disable_all_campaigns":false},"product_brand":[],"product_cat":[86],"product_tag":[],"class_list":{"0":"post-10575","1":"product","2":"type-product","3":"status-publish","4":"has-post-thumbnail","6":"product_cat-libreria","8":"first","9":"instock","10":"shipping-taxable","11":"purchasable","12":"product-type-simple"},"yoast_head":"<!-- This site is optimized with the Yoast SEO plugin v26.3 - https:\/\/yoast.com\/wordpress\/plugins\/seo\/ -->\n<title>Diccionario Biblico Ilustrado Holman - Iglesia Trina &quot;Cristo Es&quot;<\/title>\n<meta name=\"robots\" content=\"index, follow, max-snippet:-1, max-image-preview:large, max-video-preview:-1\" \/>\n<link rel=\"canonical\" href=\"https:\/\/iglesiatrinacristoes.org\/index.php\/producto\/diccionario-biblico-ilustrado-holman\/\" \/>\n<meta property=\"og:locale\" content=\"es_ES\" \/>\n<meta property=\"og:type\" content=\"article\" \/>\n<meta property=\"og:title\" content=\"Diccionario Biblico Ilustrado Holman - Iglesia Trina &quot;Cristo Es&quot;\" \/>\n<meta property=\"og:description\" content=\"La m\u00e1xima Herramienta de consulta y referencia b\u00edblica El Diccionario B\u00edblico ilustrado Holman sienta el par\u00e1metro de lo que debe ser un diccionario de la Biblia: un vasto almac\u00e9n de Informaci\u00f3n \u00fatil, f\u00e1cil de encontrar y de entender. El Diccionario B\u00edblico ilustrado Holman ha sido dise\u00f1ado tanto para aquellos que necesitan Informaci\u00f3n inmediata como as\u00ed tambi\u00e9n para quienes desean una explicaci\u00f3n detallada sobre cientos de temas. M\u00e1s de 600 fotograf\u00edas, mapas, reproducciones y gr\u00e1ficos a todo color ilustran el texto de una manera que usted jam\u00e1s Imagin\u00f3. Al abrir este libro, el lector descubrir\u00e1 por qu\u00e9 el Diccionario B\u00edblico ilustrado Holman ser\u00e1 el est\u00e1ndar ideal entre los diccionarios b\u00edblicos. Rasgos sobresalientes: \u2022 Definiciones exhaustivas de personajes, lugares, cosas y eventos relacionados con todos los temas de la Biblia. \u2022M\u00e1s de 600 fotograf\u00edas, ilustraciones y gr\u00e1ficos a todo color: \u2022 Excepcionales dibujos y reproducciones a escala de lugares y objetos b\u00edblicos, basados en cuidadosas investigaciones arqueol\u00f3gicas. \u2022 M\u00e1s de 50 mapas detallados, a todo color. \u2022 Art\u00edculos destacados sobre temas teol\u00f3gicos. Art\u00edculos agrupados sobre plantas, animales, ocupaciones, etc. \u2022 Informaci\u00f3n arqueol\u00f3gica actualizada de excavaciones realizadas en Israel. \u2022 Cronolog\u00eda comparativa de la historia b\u00edblica y la historia mundial. \u2022 Definiciones resumidas para referencia r\u00e1pida al comienzo de cada entrada. \u2022 Numerosos art\u00edculos basados en los idiomas originales, pero escritos en un estilo accesible para el usuario. Se prescinde de terminolog\u00eda t\u00e9cnica y abreviaturas. \u2022 Vastas referencias cruzadas de art\u00edculos relacionados. \u2022 Rotulado alfab\u00e9tico lateral para localizaci\u00f3n r\u00e1pida y sencilla de la informaci\u00f3n\" \/>\n<meta property=\"og:url\" content=\"https:\/\/iglesiatrinacristoes.org\/index.php\/producto\/diccionario-biblico-ilustrado-holman\/\" \/>\n<meta property=\"og:site_name\" content=\"Iglesia Trina &quot;Cristo Es&quot;\" \/>\n<meta property=\"article:modified_time\" content=\"2026-03-06T23:12:46+00:00\" \/>\n<meta property=\"og:image\" content=\"http:\/\/iglesiatrinacristoes.org\/wp-content\/uploads\/2026\/03\/Diccionario-Biblico-holman.jpg\" \/>\n\t<meta property=\"og:image:width\" content=\"666\" \/>\n\t<meta property=\"og:image:height\" content=\"990\" \/>\n\t<meta property=\"og:image:type\" content=\"image\/jpeg\" \/>\n<meta name=\"twitter:card\" content=\"summary_large_image\" \/>\n<meta name=\"twitter:label1\" content=\"Tiempo de lectura\" \/>\n\t<meta name=\"twitter:data1\" content=\"1 minuto\" \/>\n<script type=\"application\/ld+json\" class=\"yoast-schema-graph\">{\"@context\":\"https:\/\/schema.org\",\"@graph\":[{\"@type\":\"WebPage\",\"@id\":\"https:\/\/iglesiatrinacristoes.org\/index.php\/producto\/diccionario-biblico-ilustrado-holman\/\",\"url\":\"https:\/\/iglesiatrinacristoes.org\/index.php\/producto\/diccionario-biblico-ilustrado-holman\/\",\"name\":\"Diccionario Biblico Ilustrado Holman - Iglesia Trina &quot;Cristo Es&quot;\",\"isPartOf\":{\"@id\":\"https:\/\/iglesiatrinacristoes.org\/#website\"},\"primaryImageOfPage\":{\"@id\":\"https:\/\/iglesiatrinacristoes.org\/index.php\/producto\/diccionario-biblico-ilustrado-holman\/#primaryimage\"},\"image\":{\"@id\":\"https:\/\/iglesiatrinacristoes.org\/index.php\/producto\/diccionario-biblico-ilustrado-holman\/#primaryimage\"},\"thumbnailUrl\":\"https:\/\/iglesiatrinacristoes.org\/wp-content\/uploads\/2026\/03\/Diccionario-Biblico-holman.jpg\",\"datePublished\":\"2026-03-06T23:01:12+00:00\",\"dateModified\":\"2026-03-06T23:12:46+00:00\",\"breadcrumb\":{\"@id\":\"https:\/\/iglesiatrinacristoes.org\/index.php\/producto\/diccionario-biblico-ilustrado-holman\/#breadcrumb\"},\"inLanguage\":\"es-CO\",\"potentialAction\":[{\"@type\":\"ReadAction\",\"target\":[\"https:\/\/iglesiatrinacristoes.org\/index.php\/producto\/diccionario-biblico-ilustrado-holman\/\"]}]},{\"@type\":\"ImageObject\",\"inLanguage\":\"es-CO\",\"@id\":\"https:\/\/iglesiatrinacristoes.org\/index.php\/producto\/diccionario-biblico-ilustrado-holman\/#primaryimage\",\"url\":\"https:\/\/iglesiatrinacristoes.org\/wp-content\/uploads\/2026\/03\/Diccionario-Biblico-holman.jpg\",\"contentUrl\":\"https:\/\/iglesiatrinacristoes.org\/wp-content\/uploads\/2026\/03\/Diccionario-Biblico-holman.jpg\",\"width\":666,\"height\":990},{\"@type\":\"BreadcrumbList\",\"@id\":\"https:\/\/iglesiatrinacristoes.org\/index.php\/producto\/diccionario-biblico-ilustrado-holman\/#breadcrumb\",\"itemListElement\":[{\"@type\":\"ListItem\",\"position\":1,\"name\":\"Inicio\",\"item\":\"https:\/\/iglesiatrinacristoes.org\/\"},{\"@type\":\"ListItem\",\"position\":2,\"name\":\"Tienda\",\"item\":\"https:\/\/iglesiatrinacristoes.org\/index.php\/tienda\/\"},{\"@type\":\"ListItem\",\"position\":3,\"name\":\"Diccionario Biblico Ilustrado Holman\"}]},{\"@type\":\"WebSite\",\"@id\":\"https:\/\/iglesiatrinacristoes.org\/#website\",\"url\":\"https:\/\/iglesiatrinacristoes.org\/\",\"name\":\"Iglesia Trina &quot;Cristo Es&quot;\",\"description\":\"Iglesia Trina &quot;Cristo Es&quot;\",\"publisher\":{\"@id\":\"https:\/\/iglesiatrinacristoes.org\/#organization\"},\"potentialAction\":[{\"@type\":\"SearchAction\",\"target\":{\"@type\":\"EntryPoint\",\"urlTemplate\":\"https:\/\/iglesiatrinacristoes.org\/?s={search_term_string}\"},\"query-input\":{\"@type\":\"PropertyValueSpecification\",\"valueRequired\":true,\"valueName\":\"search_term_string\"}}],\"inLanguage\":\"es-CO\"},{\"@type\":\"Organization\",\"@id\":\"https:\/\/iglesiatrinacristoes.org\/#organization\",\"name\":\"Iglesia Trina &quot;Cristo Es&quot;\",\"url\":\"https:\/\/iglesiatrinacristoes.org\/\",\"logo\":{\"@type\":\"ImageObject\",\"inLanguage\":\"es-CO\",\"@id\":\"https:\/\/iglesiatrinacristoes.org\/#\/schema\/logo\/image\/\",\"url\":\"\",\"contentUrl\":\"\",\"caption\":\"Iglesia Trina &quot;Cristo Es&quot;\"},\"image\":{\"@id\":\"https:\/\/iglesiatrinacristoes.org\/#\/schema\/logo\/image\/\"}}]}<\/script>\n<!-- \/ Yoast SEO plugin. -->","yoast_head_json":{"title":"Diccionario Biblico Ilustrado Holman - Iglesia Trina &quot;Cristo Es&quot;","robots":{"index":"index","follow":"follow","max-snippet":"max-snippet:-1","max-image-preview":"max-image-preview:large","max-video-preview":"max-video-preview:-1"},"canonical":"https:\/\/iglesiatrinacristoes.org\/index.php\/producto\/diccionario-biblico-ilustrado-holman\/","og_locale":"es_ES","og_type":"article","og_title":"Diccionario Biblico Ilustrado Holman - Iglesia Trina &quot;Cristo Es&quot;","og_description":"La m\u00e1xima Herramienta de consulta y referencia b\u00edblica El Diccionario B\u00edblico ilustrado Holman sienta el par\u00e1metro de lo que debe ser un diccionario de la Biblia: un vasto almac\u00e9n de Informaci\u00f3n \u00fatil, f\u00e1cil de encontrar y de entender. El Diccionario B\u00edblico ilustrado Holman ha sido dise\u00f1ado tanto para aquellos que necesitan Informaci\u00f3n inmediata como as\u00ed tambi\u00e9n para quienes desean una explicaci\u00f3n detallada sobre cientos de temas. M\u00e1s de 600 fotograf\u00edas, mapas, reproducciones y gr\u00e1ficos a todo color ilustran el texto de una manera que usted jam\u00e1s Imagin\u00f3. Al abrir este libro, el lector descubrir\u00e1 por qu\u00e9 el Diccionario B\u00edblico ilustrado Holman ser\u00e1 el est\u00e1ndar ideal entre los diccionarios b\u00edblicos. Rasgos sobresalientes: \u2022 Definiciones exhaustivas de personajes, lugares, cosas y eventos relacionados con todos los temas de la Biblia. \u2022M\u00e1s de 600 fotograf\u00edas, ilustraciones y gr\u00e1ficos a todo color: \u2022 Excepcionales dibujos y reproducciones a escala de lugares y objetos b\u00edblicos, basados en cuidadosas investigaciones arqueol\u00f3gicas. \u2022 M\u00e1s de 50 mapas detallados, a todo color. \u2022 Art\u00edculos destacados sobre temas teol\u00f3gicos. Art\u00edculos agrupados sobre plantas, animales, ocupaciones, etc. \u2022 Informaci\u00f3n arqueol\u00f3gica actualizada de excavaciones realizadas en Israel. \u2022 Cronolog\u00eda comparativa de la historia b\u00edblica y la historia mundial. \u2022 Definiciones resumidas para referencia r\u00e1pida al comienzo de cada entrada. \u2022 Numerosos art\u00edculos basados en los idiomas originales, pero escritos en un estilo accesible para el usuario. Se prescinde de terminolog\u00eda t\u00e9cnica y abreviaturas. \u2022 Vastas referencias cruzadas de art\u00edculos relacionados. \u2022 Rotulado alfab\u00e9tico lateral para localizaci\u00f3n r\u00e1pida y sencilla de la informaci\u00f3n","og_url":"https:\/\/iglesiatrinacristoes.org\/index.php\/producto\/diccionario-biblico-ilustrado-holman\/","og_site_name":"Iglesia Trina &quot;Cristo Es&quot;","article_modified_time":"2026-03-06T23:12:46+00:00","og_image":[{"width":666,"height":990,"url":"http:\/\/iglesiatrinacristoes.org\/wp-content\/uploads\/2026\/03\/Diccionario-Biblico-holman.jpg","type":"image\/jpeg"}],"twitter_card":"summary_large_image","twitter_misc":{"Tiempo de lectura":"1 minuto"},"schema":{"@context":"https:\/\/schema.org","@graph":[{"@type":"WebPage","@id":"https:\/\/iglesiatrinacristoes.org\/index.php\/producto\/diccionario-biblico-ilustrado-holman\/","url":"https:\/\/iglesiatrinacristoes.org\/index.php\/producto\/diccionario-biblico-ilustrado-holman\/","name":"Diccionario Biblico Ilustrado Holman - Iglesia Trina &quot;Cristo Es&quot;","isPartOf":{"@id":"https:\/\/iglesiatrinacristoes.org\/#website"},"primaryImageOfPage":{"@id":"https:\/\/iglesiatrinacristoes.org\/index.php\/producto\/diccionario-biblico-ilustrado-holman\/#primaryimage"},"image":{"@id":"https:\/\/iglesiatrinacristoes.org\/index.php\/producto\/diccionario-biblico-ilustrado-holman\/#primaryimage"},"thumbnailUrl":"https:\/\/iglesiatrinacristoes.org\/wp-content\/uploads\/2026\/03\/Diccionario-Biblico-holman.jpg","datePublished":"2026-03-06T23:01:12+00:00","dateModified":"2026-03-06T23:12:46+00:00","breadcrumb":{"@id":"https:\/\/iglesiatrinacristoes.org\/index.php\/producto\/diccionario-biblico-ilustrado-holman\/#breadcrumb"},"inLanguage":"es-CO","potentialAction":[{"@type":"ReadAction","target":["https:\/\/iglesiatrinacristoes.org\/index.php\/producto\/diccionario-biblico-ilustrado-holman\/"]}]},{"@type":"ImageObject","inLanguage":"es-CO","@id":"https:\/\/iglesiatrinacristoes.org\/index.php\/producto\/diccionario-biblico-ilustrado-holman\/#primaryimage","url":"https:\/\/iglesiatrinacristoes.org\/wp-content\/uploads\/2026\/03\/Diccionario-Biblico-holman.jpg","contentUrl":"https:\/\/iglesiatrinacristoes.org\/wp-content\/uploads\/2026\/03\/Diccionario-Biblico-holman.jpg","width":666,"height":990},{"@type":"BreadcrumbList","@id":"https:\/\/iglesiatrinacristoes.org\/index.php\/producto\/diccionario-biblico-ilustrado-holman\/#breadcrumb","itemListElement":[{"@type":"ListItem","position":1,"name":"Inicio","item":"https:\/\/iglesiatrinacristoes.org\/"},{"@type":"ListItem","position":2,"name":"Tienda","item":"https:\/\/iglesiatrinacristoes.org\/index.php\/tienda\/"},{"@type":"ListItem","position":3,"name":"Diccionario Biblico Ilustrado Holman"}]},{"@type":"WebSite","@id":"https:\/\/iglesiatrinacristoes.org\/#website","url":"https:\/\/iglesiatrinacristoes.org\/","name":"Iglesia Trina &quot;Cristo Es&quot;","description":"Iglesia Trina &quot;Cristo Es&quot;","publisher":{"@id":"https:\/\/iglesiatrinacristoes.org\/#organization"},"potentialAction":[{"@type":"SearchAction","target":{"@type":"EntryPoint","urlTemplate":"https:\/\/iglesiatrinacristoes.org\/?s={search_term_string}"},"query-input":{"@type":"PropertyValueSpecification","valueRequired":true,"valueName":"search_term_string"}}],"inLanguage":"es-CO"},{"@type":"Organization","@id":"https:\/\/iglesiatrinacristoes.org\/#organization","name":"Iglesia Trina &quot;Cristo Es&quot;","url":"https:\/\/iglesiatrinacristoes.org\/","logo":{"@type":"ImageObject","inLanguage":"es-CO","@id":"https:\/\/iglesiatrinacristoes.org\/#\/schema\/logo\/image\/","url":"","contentUrl":"","caption":"Iglesia Trina &quot;Cristo Es&quot;"},"image":{"@id":"https:\/\/iglesiatrinacristoes.org\/#\/schema\/logo\/image\/"}}]}},"_links":{"self":[{"href":"https:\/\/iglesiatrinacristoes.org\/index.php\/wp-json\/wp\/v2\/product\/10575","targetHints":{"allow":["GET"]}}],"collection":[{"href":"https:\/\/iglesiatrinacristoes.org\/index.php\/wp-json\/wp\/v2\/product"}],"about":[{"href":"https:\/\/iglesiatrinacristoes.org\/index.php\/wp-json\/wp\/v2\/types\/product"}],"replies":[{"embeddable":true,"href":"https:\/\/iglesiatrinacristoes.org\/index.php\/wp-json\/wp\/v2\/comments?post=10575"}],"wp:featuredmedia":[{"embeddable":true,"href":"https:\/\/iglesiatrinacristoes.org\/index.php\/wp-json\/wp\/v2\/media\/10576"}],"wp:attachment":[{"href":"https:\/\/iglesiatrinacristoes.org\/index.php\/wp-json\/wp\/v2\/media?parent=10575"}],"wp:term":[{"taxonomy":"product_brand","embeddable":true,"href":"https:\/\/iglesiatrinacristoes.org\/index.php\/wp-json\/wp\/v2\/product_brand?post=10575"},{"taxonomy":"product_cat","embeddable":true,"href":"https:\/\/iglesiatrinacristoes.org\/index.php\/wp-json\/wp\/v2\/product_cat?post=10575"},{"taxonomy":"product_tag","embeddable":true,"href":"https:\/\/iglesiatrinacristoes.org\/index.php\/wp-json\/wp\/v2\/product_tag?post=10575"}],"curies":[{"name":"wp","href":"https:\/\/api.w.org\/{rel}","templated":true}]}}