{"id":10729,"date":"2026-04-03T21:15:05","date_gmt":"2026-04-04T02:15:05","guid":{"rendered":"https:\/\/iglesiatrinacristoes.org\/?post_type=product&#038;p=10729"},"modified":"2026-04-03T21:19:33","modified_gmt":"2026-04-04T02:19:33","slug":"santa-biblia-holman-letra-grande-pasta-negra","status":"publish","type":"product","link":"https:\/\/iglesiatrinacristoes.org\/index.php\/producto\/santa-biblia-holman-letra-grande-pasta-negra\/","title":{"rendered":"Santa Biblia  Holman  Letra Grande Pasta Negra"},"content":{"rendered":"<style type=\"text\/css\"><\/style><p>Editorial: Holman<br \/>\nDimensiones: 20 X 14 X 4 cm<br \/>\nCubierta: Tapa dura<br \/>\nIdioma: Espa\u00f1ol<\/p>\n","protected":false},"excerpt":{"rendered":"<p>LA BIBLIA<br \/>\nEs l\u00e1mpara que alumbra,<br \/>\nmartillo que golpea.<br \/>\nEs pan que da sustento<br \/>\ny espada que penetra.<br \/>\nEs luz vivificante<br \/>\ny manual de vida:<br \/>\nY por ella al instante,<br \/>\npasas de muerte a vida.<br \/>\nAquellos que la leen<br \/>\ntienen sabidur\u00eda.<br \/>\nLos muchos que la creen<br \/>\nalcanzan salvaci\u00f3n.<br \/>\nPero los que practican<br \/>\nsus bellas ense\u00f1anzas<br \/>\nViven vidas hermosas<br \/>\nde santificaci\u00f3n<br \/>\nProclamemos con gozo<br \/>\nLa Palabra de Vida,<br \/>\npara que el mundo entero<br \/>\nobtenga redenci\u00f3n.<br \/>\nDaniel Rodr\u00edguez<\/p>\n","protected":false},"featured_media":10730,"comment_status":"open","ping_status":"closed","template":"","meta":{"om_disable_all_campaigns":false},"product_brand":[],"product_cat":[86],"product_tag":[],"class_list":{"0":"post-10729","1":"product","2":"type-product","3":"status-publish","4":"has-post-thumbnail","6":"product_cat-libreria","8":"first","9":"instock","10":"shipping-taxable","11":"purchasable","12":"product-type-simple"},"yoast_head":"<!-- This site is optimized with the Yoast SEO plugin v26.3 - https:\/\/yoast.com\/wordpress\/plugins\/seo\/ -->\n<title>Santa Biblia Holman Letra Grande Pasta Negra - Iglesia Trina &quot;Cristo Es&quot;<\/title>\n<meta name=\"robots\" content=\"index, follow, max-snippet:-1, max-image-preview:large, max-video-preview:-1\" \/>\n<link rel=\"canonical\" href=\"https:\/\/iglesiatrinacristoes.org\/index.php\/producto\/santa-biblia-holman-letra-grande-pasta-negra\/\" \/>\n<meta property=\"og:locale\" content=\"es_ES\" \/>\n<meta property=\"og:type\" content=\"article\" \/>\n<meta property=\"og:title\" content=\"Santa Biblia Holman Letra Grande Pasta Negra - Iglesia Trina &quot;Cristo Es&quot;\" \/>\n<meta property=\"og:description\" content=\"LA BIBLIA Es l\u00e1mpara que alumbra, martillo que golpea. Es pan que da sustento y espada que penetra. Es luz vivificante y manual de vida: Y por ella al instante, pasas de muerte a vida. Aquellos que la leen tienen sabidur\u00eda. Los muchos que la creen alcanzan salvaci\u00f3n. Pero los que practican sus bellas ense\u00f1anzas Viven vidas hermosas de santificaci\u00f3n Proclamemos con gozo La Palabra de Vida, para que el mundo entero obtenga redenci\u00f3n. Daniel Rodr\u00edguez\" \/>\n<meta property=\"og:url\" content=\"https:\/\/iglesiatrinacristoes.org\/index.php\/producto\/santa-biblia-holman-letra-grande-pasta-negra\/\" \/>\n<meta property=\"og:site_name\" content=\"Iglesia Trina &quot;Cristo Es&quot;\" \/>\n<meta property=\"article:modified_time\" content=\"2026-04-04T02:19:33+00:00\" \/>\n<meta property=\"og:image\" content=\"http:\/\/iglesiatrinacristoes.org\/wp-content\/uploads\/2026\/04\/Santa-Biblia-Centro-De-Literatura-Cristiana-Holman-letra-grande-Negra.png\" \/>\n\t<meta property=\"og:image:width\" content=\"381\" \/>\n\t<meta property=\"og:image:height\" content=\"580\" \/>\n\t<meta property=\"og:image:type\" content=\"image\/png\" \/>\n<meta name=\"twitter:card\" content=\"summary_large_image\" \/>\n<meta name=\"twitter:label1\" content=\"Tiempo de lectura\" \/>\n\t<meta name=\"twitter:data1\" content=\"1 minuto\" \/>\n<script type=\"application\/ld+json\" class=\"yoast-schema-graph\">{\"@context\":\"https:\/\/schema.org\",\"@graph\":[{\"@type\":\"WebPage\",\"@id\":\"https:\/\/iglesiatrinacristoes.org\/index.php\/producto\/santa-biblia-holman-letra-grande-pasta-negra\/\",\"url\":\"https:\/\/iglesiatrinacristoes.org\/index.php\/producto\/santa-biblia-holman-letra-grande-pasta-negra\/\",\"name\":\"Santa Biblia Holman Letra Grande Pasta Negra - Iglesia Trina &quot;Cristo Es&quot;\",\"isPartOf\":{\"@id\":\"https:\/\/iglesiatrinacristoes.org\/#website\"},\"primaryImageOfPage\":{\"@id\":\"https:\/\/iglesiatrinacristoes.org\/index.php\/producto\/santa-biblia-holman-letra-grande-pasta-negra\/#primaryimage\"},\"image\":{\"@id\":\"https:\/\/iglesiatrinacristoes.org\/index.php\/producto\/santa-biblia-holman-letra-grande-pasta-negra\/#primaryimage\"},\"thumbnailUrl\":\"https:\/\/iglesiatrinacristoes.org\/wp-content\/uploads\/2026\/04\/Santa-Biblia-Centro-De-Literatura-Cristiana-Holman-letra-grande-Negra.png\",\"datePublished\":\"2026-04-04T02:15:05+00:00\",\"dateModified\":\"2026-04-04T02:19:33+00:00\",\"breadcrumb\":{\"@id\":\"https:\/\/iglesiatrinacristoes.org\/index.php\/producto\/santa-biblia-holman-letra-grande-pasta-negra\/#breadcrumb\"},\"inLanguage\":\"es-CO\",\"potentialAction\":[{\"@type\":\"ReadAction\",\"target\":[\"https:\/\/iglesiatrinacristoes.org\/index.php\/producto\/santa-biblia-holman-letra-grande-pasta-negra\/\"]}]},{\"@type\":\"ImageObject\",\"inLanguage\":\"es-CO\",\"@id\":\"https:\/\/iglesiatrinacristoes.org\/index.php\/producto\/santa-biblia-holman-letra-grande-pasta-negra\/#primaryimage\",\"url\":\"https:\/\/iglesiatrinacristoes.org\/wp-content\/uploads\/2026\/04\/Santa-Biblia-Centro-De-Literatura-Cristiana-Holman-letra-grande-Negra.png\",\"contentUrl\":\"https:\/\/iglesiatrinacristoes.org\/wp-content\/uploads\/2026\/04\/Santa-Biblia-Centro-De-Literatura-Cristiana-Holman-letra-grande-Negra.png\",\"width\":381,\"height\":580},{\"@type\":\"BreadcrumbList\",\"@id\":\"https:\/\/iglesiatrinacristoes.org\/index.php\/producto\/santa-biblia-holman-letra-grande-pasta-negra\/#breadcrumb\",\"itemListElement\":[{\"@type\":\"ListItem\",\"position\":1,\"name\":\"Inicio\",\"item\":\"https:\/\/iglesiatrinacristoes.org\/\"},{\"@type\":\"ListItem\",\"position\":2,\"name\":\"Tienda\",\"item\":\"https:\/\/iglesiatrinacristoes.org\/index.php\/tienda\/\"},{\"@type\":\"ListItem\",\"position\":3,\"name\":\"Santa Biblia Holman Letra Grande Pasta Negra\"}]},{\"@type\":\"WebSite\",\"@id\":\"https:\/\/iglesiatrinacristoes.org\/#website\",\"url\":\"https:\/\/iglesiatrinacristoes.org\/\",\"name\":\"Iglesia Trina &quot;Cristo Es&quot;\",\"description\":\"Iglesia Trina &quot;Cristo Es&quot;\",\"publisher\":{\"@id\":\"https:\/\/iglesiatrinacristoes.org\/#organization\"},\"potentialAction\":[{\"@type\":\"SearchAction\",\"target\":{\"@type\":\"EntryPoint\",\"urlTemplate\":\"https:\/\/iglesiatrinacristoes.org\/?s={search_term_string}\"},\"query-input\":{\"@type\":\"PropertyValueSpecification\",\"valueRequired\":true,\"valueName\":\"search_term_string\"}}],\"inLanguage\":\"es-CO\"},{\"@type\":\"Organization\",\"@id\":\"https:\/\/iglesiatrinacristoes.org\/#organization\",\"name\":\"Iglesia Trina &quot;Cristo Es&quot;\",\"url\":\"https:\/\/iglesiatrinacristoes.org\/\",\"logo\":{\"@type\":\"ImageObject\",\"inLanguage\":\"es-CO\",\"@id\":\"https:\/\/iglesiatrinacristoes.org\/#\/schema\/logo\/image\/\",\"url\":\"\",\"contentUrl\":\"\",\"caption\":\"Iglesia Trina &quot;Cristo Es&quot;\"},\"image\":{\"@id\":\"https:\/\/iglesiatrinacristoes.org\/#\/schema\/logo\/image\/\"}}]}<\/script>\n<!-- \/ Yoast SEO plugin. -->","yoast_head_json":{"title":"Santa Biblia Holman Letra Grande Pasta Negra - Iglesia Trina &quot;Cristo Es&quot;","robots":{"index":"index","follow":"follow","max-snippet":"max-snippet:-1","max-image-preview":"max-image-preview:large","max-video-preview":"max-video-preview:-1"},"canonical":"https:\/\/iglesiatrinacristoes.org\/index.php\/producto\/santa-biblia-holman-letra-grande-pasta-negra\/","og_locale":"es_ES","og_type":"article","og_title":"Santa Biblia Holman Letra Grande Pasta Negra - Iglesia Trina &quot;Cristo Es&quot;","og_description":"LA BIBLIA Es l\u00e1mpara que alumbra, martillo que golpea. Es pan que da sustento y espada que penetra. Es luz vivificante y manual de vida: Y por ella al instante, pasas de muerte a vida. Aquellos que la leen tienen sabidur\u00eda. Los muchos que la creen alcanzan salvaci\u00f3n. Pero los que practican sus bellas ense\u00f1anzas Viven vidas hermosas de santificaci\u00f3n Proclamemos con gozo La Palabra de Vida, para que el mundo entero obtenga redenci\u00f3n. Daniel Rodr\u00edguez","og_url":"https:\/\/iglesiatrinacristoes.org\/index.php\/producto\/santa-biblia-holman-letra-grande-pasta-negra\/","og_site_name":"Iglesia Trina &quot;Cristo Es&quot;","article_modified_time":"2026-04-04T02:19:33+00:00","og_image":[{"width":381,"height":580,"url":"http:\/\/iglesiatrinacristoes.org\/wp-content\/uploads\/2026\/04\/Santa-Biblia-Centro-De-Literatura-Cristiana-Holman-letra-grande-Negra.png","type":"image\/png"}],"twitter_card":"summary_large_image","twitter_misc":{"Tiempo de lectura":"1 minuto"},"schema":{"@context":"https:\/\/schema.org","@graph":[{"@type":"WebPage","@id":"https:\/\/iglesiatrinacristoes.org\/index.php\/producto\/santa-biblia-holman-letra-grande-pasta-negra\/","url":"https:\/\/iglesiatrinacristoes.org\/index.php\/producto\/santa-biblia-holman-letra-grande-pasta-negra\/","name":"Santa Biblia Holman Letra Grande Pasta Negra - Iglesia Trina &quot;Cristo Es&quot;","isPartOf":{"@id":"https:\/\/iglesiatrinacristoes.org\/#website"},"primaryImageOfPage":{"@id":"https:\/\/iglesiatrinacristoes.org\/index.php\/producto\/santa-biblia-holman-letra-grande-pasta-negra\/#primaryimage"},"image":{"@id":"https:\/\/iglesiatrinacristoes.org\/index.php\/producto\/santa-biblia-holman-letra-grande-pasta-negra\/#primaryimage"},"thumbnailUrl":"https:\/\/iglesiatrinacristoes.org\/wp-content\/uploads\/2026\/04\/Santa-Biblia-Centro-De-Literatura-Cristiana-Holman-letra-grande-Negra.png","datePublished":"2026-04-04T02:15:05+00:00","dateModified":"2026-04-04T02:19:33+00:00","breadcrumb":{"@id":"https:\/\/iglesiatrinacristoes.org\/index.php\/producto\/santa-biblia-holman-letra-grande-pasta-negra\/#breadcrumb"},"inLanguage":"es-CO","potentialAction":[{"@type":"ReadAction","target":["https:\/\/iglesiatrinacristoes.org\/index.php\/producto\/santa-biblia-holman-letra-grande-pasta-negra\/"]}]},{"@type":"ImageObject","inLanguage":"es-CO","@id":"https:\/\/iglesiatrinacristoes.org\/index.php\/producto\/santa-biblia-holman-letra-grande-pasta-negra\/#primaryimage","url":"https:\/\/iglesiatrinacristoes.org\/wp-content\/uploads\/2026\/04\/Santa-Biblia-Centro-De-Literatura-Cristiana-Holman-letra-grande-Negra.png","contentUrl":"https:\/\/iglesiatrinacristoes.org\/wp-content\/uploads\/2026\/04\/Santa-Biblia-Centro-De-Literatura-Cristiana-Holman-letra-grande-Negra.png","width":381,"height":580},{"@type":"BreadcrumbList","@id":"https:\/\/iglesiatrinacristoes.org\/index.php\/producto\/santa-biblia-holman-letra-grande-pasta-negra\/#breadcrumb","itemListElement":[{"@type":"ListItem","position":1,"name":"Inicio","item":"https:\/\/iglesiatrinacristoes.org\/"},{"@type":"ListItem","position":2,"name":"Tienda","item":"https:\/\/iglesiatrinacristoes.org\/index.php\/tienda\/"},{"@type":"ListItem","position":3,"name":"Santa Biblia Holman Letra Grande Pasta Negra"}]},{"@type":"WebSite","@id":"https:\/\/iglesiatrinacristoes.org\/#website","url":"https:\/\/iglesiatrinacristoes.org\/","name":"Iglesia Trina &quot;Cristo Es&quot;","description":"Iglesia Trina &quot;Cristo Es&quot;","publisher":{"@id":"https:\/\/iglesiatrinacristoes.org\/#organization"},"potentialAction":[{"@type":"SearchAction","target":{"@type":"EntryPoint","urlTemplate":"https:\/\/iglesiatrinacristoes.org\/?s={search_term_string}"},"query-input":{"@type":"PropertyValueSpecification","valueRequired":true,"valueName":"search_term_string"}}],"inLanguage":"es-CO"},{"@type":"Organization","@id":"https:\/\/iglesiatrinacristoes.org\/#organization","name":"Iglesia Trina &quot;Cristo Es&quot;","url":"https:\/\/iglesiatrinacristoes.org\/","logo":{"@type":"ImageObject","inLanguage":"es-CO","@id":"https:\/\/iglesiatrinacristoes.org\/#\/schema\/logo\/image\/","url":"","contentUrl":"","caption":"Iglesia Trina &quot;Cristo Es&quot;"},"image":{"@id":"https:\/\/iglesiatrinacristoes.org\/#\/schema\/logo\/image\/"}}]}},"_links":{"self":[{"href":"https:\/\/iglesiatrinacristoes.org\/index.php\/wp-json\/wp\/v2\/product\/10729","targetHints":{"allow":["GET"]}}],"collection":[{"href":"https:\/\/iglesiatrinacristoes.org\/index.php\/wp-json\/wp\/v2\/product"}],"about":[{"href":"https:\/\/iglesiatrinacristoes.org\/index.php\/wp-json\/wp\/v2\/types\/product"}],"replies":[{"embeddable":true,"href":"https:\/\/iglesiatrinacristoes.org\/index.php\/wp-json\/wp\/v2\/comments?post=10729"}],"wp:featuredmedia":[{"embeddable":true,"href":"https:\/\/iglesiatrinacristoes.org\/index.php\/wp-json\/wp\/v2\/media\/10730"}],"wp:attachment":[{"href":"https:\/\/iglesiatrinacristoes.org\/index.php\/wp-json\/wp\/v2\/media?parent=10729"}],"wp:term":[{"taxonomy":"product_brand","embeddable":true,"href":"https:\/\/iglesiatrinacristoes.org\/index.php\/wp-json\/wp\/v2\/product_brand?post=10729"},{"taxonomy":"product_cat","embeddable":true,"href":"https:\/\/iglesiatrinacristoes.org\/index.php\/wp-json\/wp\/v2\/product_cat?post=10729"},{"taxonomy":"product_tag","embeddable":true,"href":"https:\/\/iglesiatrinacristoes.org\/index.php\/wp-json\/wp\/v2\/product_tag?post=10729"}],"curies":[{"name":"wp","href":"https:\/\/api.w.org\/{rel}","templated":true}]}}