{"id":10731,"date":"2026-04-03T21:22:38","date_gmt":"2026-04-04T02:22:38","guid":{"rendered":"https:\/\/iglesiatrinacristoes.org\/?post_type=product&#038;p=10731"},"modified":"2026-04-03T21:24:49","modified_gmt":"2026-04-04T02:24:49","slug":"biblia-rosada-con-dos-flores","status":"publish","type":"product","link":"https:\/\/iglesiatrinacristoes.org\/index.php\/producto\/biblia-rosada-con-dos-flores\/","title":{"rendered":"Biblia Rosada Con Dos Flores"},"content":{"rendered":"<style type=\"text\/css\"><\/style><p>Editorial<\/p>\n<p>Dimensiones<br \/>\ncm<br \/>\nCubierta<br \/>\nImitaci\u00f3n piel<br \/>\nbicolor lila-salmon<\/p>\n","protected":false},"excerpt":{"rendered":"<p>Biblia RVR 1960 f\u00e1cil de llevar a cualquier lugar. Dise\u00f1o moderno en material flexible, cremallera y canto pintado. En su interior encontraras la Palabra de Dios en una letra f\u00e1cil de leer con ayudas que te permitir\u00e1n acercarte m\u00e1s y profundizar m\u00e1s en el estudio de la Palabra. Un dise\u00f1o moderno y llamativo, resistente para llevarla a cualquier lugar por su tama\u00f1o y material de cubierta.<\/p>\n<p>Caracter\u00edsticas:<\/p>\n<p>Biblia con notas y referencias al lado del vers\u00edculo para mayor facilidad y claridad al lector.<br \/>\nDe forma gr\u00e1fica, el lector encontrara las dos secciones en que est\u00e1 dividida la biblia antiguo y nuevo testamento con sus respectivas subdivisiones<br \/>\nUn breve resumen de cada libro de la Biblia<br \/>\nExplicaci\u00f3n de c\u00f3mo realizar tu tiempo de lectura B\u00edblica<br \/>\nEl plan de lectura f\u00e1cil para poder leer la Biblia completa en un a\u00f1o<br \/>\nUna clasificaci\u00f3n de esas historias famosas de la Biblia que todos hemos o\u00eddo una y otra vez.<br \/>\nPasajes B\u00edblicos donde podemos aprender cuanto Dios nos ama y lo que ha hecho para reconciliarnos con el<br \/>\nLos t\u00e9rminos m\u00e1s comunes mencionados en la Biblia en cuanto a pesos y medidas, sus equivalentes aproximados a nuestra \u00e9poca actual<br \/>\nGlosario de Palabras y su explicaci\u00f3n<br \/>\nLa concordancia incluye t\u00e9rminos especiales para los creyentes, significaci\u00f3n teol\u00f3gica, nombres propios destacados, algunos datos biogr\u00e1ficos de estos personajes y textos prof\u00e9ticos relevantes.<br \/>\nMapas que te permitir\u00e1n conocer la ubicaci\u00f3n geogr\u00e1fica de los tiempos del antiguo y nuevo testamento, para mayor claridad en tu lectura<br \/>\nDise\u00f1o moderno pintado sobre un material imitaci\u00f3n piel<br \/>\nCremallera.<br \/>\nCanto pintado color morado<br \/>\nPapel Biblia 28 g<br \/>\nCinta marcadora<br \/>\nTama\u00f1o de letra: 6,35pt<br \/>\nFormato: Impreso<br \/>\nTipo: Biblia<br \/>\nCubierta: Imitaci\u00f3n Piel<br \/>\nTama\u00f1o: 10.5 \u00d7 3.2 \u00d7 14 cm<br \/>\nPeso: 0.432 kg<br \/>\nIdioma: Espa\u00f1ol<br \/>\nVersi\u00f3n: RVR 1960<br \/>\nISBN: 9789587452853<\/p>\n","protected":false},"featured_media":10732,"comment_status":"open","ping_status":"closed","template":"","meta":{"om_disable_all_campaigns":false},"product_brand":[],"product_cat":[86],"product_tag":[],"class_list":{"0":"post-10731","1":"product","2":"type-product","3":"status-publish","4":"has-post-thumbnail","6":"product_cat-libreria","8":"first","9":"instock","10":"shipping-taxable","11":"purchasable","12":"product-type-simple"},"yoast_head":"<!-- This site is optimized with the Yoast SEO plugin v26.3 - https:\/\/yoast.com\/wordpress\/plugins\/seo\/ -->\n<title>Biblia Rosada Con Dos Flores - Iglesia Trina &quot;Cristo Es&quot;<\/title>\n<meta name=\"robots\" content=\"index, follow, max-snippet:-1, max-image-preview:large, max-video-preview:-1\" \/>\n<link rel=\"canonical\" href=\"https:\/\/iglesiatrinacristoes.org\/index.php\/producto\/biblia-rosada-con-dos-flores\/\" \/>\n<meta property=\"og:locale\" content=\"es_ES\" \/>\n<meta property=\"og:type\" content=\"article\" \/>\n<meta property=\"og:title\" content=\"Biblia Rosada Con Dos Flores - Iglesia Trina &quot;Cristo Es&quot;\" \/>\n<meta property=\"og:description\" content=\"Biblia RVR 1960 f\u00e1cil de llevar a cualquier lugar. Dise\u00f1o moderno en material flexible, cremallera y canto pintado. En su interior encontraras la Palabra de Dios en una letra f\u00e1cil de leer con ayudas que te permitir\u00e1n acercarte m\u00e1s y profundizar m\u00e1s en el estudio de la Palabra. Un dise\u00f1o moderno y llamativo, resistente para llevarla a cualquier lugar por su tama\u00f1o y material de cubierta.  Caracter\u00edsticas:  Biblia con notas y referencias al lado del vers\u00edculo para mayor facilidad y claridad al lector. De forma gr\u00e1fica, el lector encontrara las dos secciones en que est\u00e1 dividida la biblia antiguo y nuevo testamento con sus respectivas subdivisiones Un breve resumen de cada libro de la Biblia Explicaci\u00f3n de c\u00f3mo realizar tu tiempo de lectura B\u00edblica El plan de lectura f\u00e1cil para poder leer la Biblia completa en un a\u00f1o Una clasificaci\u00f3n de esas historias famosas de la Biblia que todos hemos o\u00eddo una y otra vez. Pasajes B\u00edblicos donde podemos aprender cuanto Dios nos ama y lo que ha hecho para reconciliarnos con el Los t\u00e9rminos m\u00e1s comunes mencionados en la Biblia en cuanto a pesos y medidas, sus equivalentes aproximados a nuestra \u00e9poca actual Glosario de Palabras y su explicaci\u00f3n La concordancia incluye t\u00e9rminos especiales para los creyentes, significaci\u00f3n teol\u00f3gica, nombres propios destacados, algunos datos biogr\u00e1ficos de estos personajes y textos prof\u00e9ticos relevantes. Mapas que te permitir\u00e1n conocer la ubicaci\u00f3n geogr\u00e1fica de los tiempos del antiguo y nuevo testamento, para mayor claridad en tu lectura Dise\u00f1o moderno pintado sobre un material imitaci\u00f3n piel Cremallera. Canto pintado color morado Papel Biblia 28 g Cinta marcadora Tama\u00f1o de letra: 6,35pt Formato: Impreso Tipo: Biblia Cubierta: Imitaci\u00f3n Piel Tama\u00f1o: 10.5 \u00d7 3.2 \u00d7 14 cm Peso: 0.432 kg Idioma: Espa\u00f1ol Versi\u00f3n: RVR 1960 ISBN: 9789587452853\" \/>\n<meta property=\"og:url\" content=\"https:\/\/iglesiatrinacristoes.org\/index.php\/producto\/biblia-rosada-con-dos-flores\/\" \/>\n<meta property=\"og:site_name\" content=\"Iglesia Trina &quot;Cristo Es&quot;\" \/>\n<meta property=\"article:modified_time\" content=\"2026-04-04T02:24:49+00:00\" \/>\n<meta property=\"og:image\" content=\"http:\/\/iglesiatrinacristoes.org\/wp-content\/uploads\/2026\/04\/Biblia-Rosada-Con-Dos-Flores.png\" \/>\n\t<meta property=\"og:image:width\" content=\"381\" \/>\n\t<meta property=\"og:image:height\" content=\"580\" \/>\n\t<meta property=\"og:image:type\" content=\"image\/png\" \/>\n<meta name=\"twitter:card\" content=\"summary_large_image\" \/>\n<meta name=\"twitter:label1\" content=\"Tiempo de lectura\" \/>\n\t<meta name=\"twitter:data1\" content=\"1 minuto\" \/>\n<script type=\"application\/ld+json\" class=\"yoast-schema-graph\">{\"@context\":\"https:\/\/schema.org\",\"@graph\":[{\"@type\":\"WebPage\",\"@id\":\"https:\/\/iglesiatrinacristoes.org\/index.php\/producto\/biblia-rosada-con-dos-flores\/\",\"url\":\"https:\/\/iglesiatrinacristoes.org\/index.php\/producto\/biblia-rosada-con-dos-flores\/\",\"name\":\"Biblia Rosada Con Dos Flores - Iglesia Trina &quot;Cristo Es&quot;\",\"isPartOf\":{\"@id\":\"https:\/\/iglesiatrinacristoes.org\/#website\"},\"primaryImageOfPage\":{\"@id\":\"https:\/\/iglesiatrinacristoes.org\/index.php\/producto\/biblia-rosada-con-dos-flores\/#primaryimage\"},\"image\":{\"@id\":\"https:\/\/iglesiatrinacristoes.org\/index.php\/producto\/biblia-rosada-con-dos-flores\/#primaryimage\"},\"thumbnailUrl\":\"https:\/\/iglesiatrinacristoes.org\/wp-content\/uploads\/2026\/04\/Biblia-Rosada-Con-Dos-Flores.png\",\"datePublished\":\"2026-04-04T02:22:38+00:00\",\"dateModified\":\"2026-04-04T02:24:49+00:00\",\"breadcrumb\":{\"@id\":\"https:\/\/iglesiatrinacristoes.org\/index.php\/producto\/biblia-rosada-con-dos-flores\/#breadcrumb\"},\"inLanguage\":\"es-CO\",\"potentialAction\":[{\"@type\":\"ReadAction\",\"target\":[\"https:\/\/iglesiatrinacristoes.org\/index.php\/producto\/biblia-rosada-con-dos-flores\/\"]}]},{\"@type\":\"ImageObject\",\"inLanguage\":\"es-CO\",\"@id\":\"https:\/\/iglesiatrinacristoes.org\/index.php\/producto\/biblia-rosada-con-dos-flores\/#primaryimage\",\"url\":\"https:\/\/iglesiatrinacristoes.org\/wp-content\/uploads\/2026\/04\/Biblia-Rosada-Con-Dos-Flores.png\",\"contentUrl\":\"https:\/\/iglesiatrinacristoes.org\/wp-content\/uploads\/2026\/04\/Biblia-Rosada-Con-Dos-Flores.png\",\"width\":381,\"height\":580},{\"@type\":\"BreadcrumbList\",\"@id\":\"https:\/\/iglesiatrinacristoes.org\/index.php\/producto\/biblia-rosada-con-dos-flores\/#breadcrumb\",\"itemListElement\":[{\"@type\":\"ListItem\",\"position\":1,\"name\":\"Inicio\",\"item\":\"https:\/\/iglesiatrinacristoes.org\/\"},{\"@type\":\"ListItem\",\"position\":2,\"name\":\"Tienda\",\"item\":\"https:\/\/iglesiatrinacristoes.org\/index.php\/tienda\/\"},{\"@type\":\"ListItem\",\"position\":3,\"name\":\"Biblia Rosada Con Dos Flores\"}]},{\"@type\":\"WebSite\",\"@id\":\"https:\/\/iglesiatrinacristoes.org\/#website\",\"url\":\"https:\/\/iglesiatrinacristoes.org\/\",\"name\":\"Iglesia Trina &quot;Cristo Es&quot;\",\"description\":\"Iglesia Trina &quot;Cristo Es&quot;\",\"publisher\":{\"@id\":\"https:\/\/iglesiatrinacristoes.org\/#organization\"},\"potentialAction\":[{\"@type\":\"SearchAction\",\"target\":{\"@type\":\"EntryPoint\",\"urlTemplate\":\"https:\/\/iglesiatrinacristoes.org\/?s={search_term_string}\"},\"query-input\":{\"@type\":\"PropertyValueSpecification\",\"valueRequired\":true,\"valueName\":\"search_term_string\"}}],\"inLanguage\":\"es-CO\"},{\"@type\":\"Organization\",\"@id\":\"https:\/\/iglesiatrinacristoes.org\/#organization\",\"name\":\"Iglesia Trina &quot;Cristo Es&quot;\",\"url\":\"https:\/\/iglesiatrinacristoes.org\/\",\"logo\":{\"@type\":\"ImageObject\",\"inLanguage\":\"es-CO\",\"@id\":\"https:\/\/iglesiatrinacristoes.org\/#\/schema\/logo\/image\/\",\"url\":\"\",\"contentUrl\":\"\",\"caption\":\"Iglesia Trina &quot;Cristo Es&quot;\"},\"image\":{\"@id\":\"https:\/\/iglesiatrinacristoes.org\/#\/schema\/logo\/image\/\"}}]}<\/script>\n<!-- \/ Yoast SEO plugin. -->","yoast_head_json":{"title":"Biblia Rosada Con Dos Flores - Iglesia Trina &quot;Cristo Es&quot;","robots":{"index":"index","follow":"follow","max-snippet":"max-snippet:-1","max-image-preview":"max-image-preview:large","max-video-preview":"max-video-preview:-1"},"canonical":"https:\/\/iglesiatrinacristoes.org\/index.php\/producto\/biblia-rosada-con-dos-flores\/","og_locale":"es_ES","og_type":"article","og_title":"Biblia Rosada Con Dos Flores - Iglesia Trina &quot;Cristo Es&quot;","og_description":"Biblia RVR 1960 f\u00e1cil de llevar a cualquier lugar. Dise\u00f1o moderno en material flexible, cremallera y canto pintado. En su interior encontraras la Palabra de Dios en una letra f\u00e1cil de leer con ayudas que te permitir\u00e1n acercarte m\u00e1s y profundizar m\u00e1s en el estudio de la Palabra. Un dise\u00f1o moderno y llamativo, resistente para llevarla a cualquier lugar por su tama\u00f1o y material de cubierta.  Caracter\u00edsticas:  Biblia con notas y referencias al lado del vers\u00edculo para mayor facilidad y claridad al lector. De forma gr\u00e1fica, el lector encontrara las dos secciones en que est\u00e1 dividida la biblia antiguo y nuevo testamento con sus respectivas subdivisiones Un breve resumen de cada libro de la Biblia Explicaci\u00f3n de c\u00f3mo realizar tu tiempo de lectura B\u00edblica El plan de lectura f\u00e1cil para poder leer la Biblia completa en un a\u00f1o Una clasificaci\u00f3n de esas historias famosas de la Biblia que todos hemos o\u00eddo una y otra vez. Pasajes B\u00edblicos donde podemos aprender cuanto Dios nos ama y lo que ha hecho para reconciliarnos con el Los t\u00e9rminos m\u00e1s comunes mencionados en la Biblia en cuanto a pesos y medidas, sus equivalentes aproximados a nuestra \u00e9poca actual Glosario de Palabras y su explicaci\u00f3n La concordancia incluye t\u00e9rminos especiales para los creyentes, significaci\u00f3n teol\u00f3gica, nombres propios destacados, algunos datos biogr\u00e1ficos de estos personajes y textos prof\u00e9ticos relevantes. Mapas que te permitir\u00e1n conocer la ubicaci\u00f3n geogr\u00e1fica de los tiempos del antiguo y nuevo testamento, para mayor claridad en tu lectura Dise\u00f1o moderno pintado sobre un material imitaci\u00f3n piel Cremallera. Canto pintado color morado Papel Biblia 28 g Cinta marcadora Tama\u00f1o de letra: 6,35pt Formato: Impreso Tipo: Biblia Cubierta: Imitaci\u00f3n Piel Tama\u00f1o: 10.5 \u00d7 3.2 \u00d7 14 cm Peso: 0.432 kg Idioma: Espa\u00f1ol Versi\u00f3n: RVR 1960 ISBN: 9789587452853","og_url":"https:\/\/iglesiatrinacristoes.org\/index.php\/producto\/biblia-rosada-con-dos-flores\/","og_site_name":"Iglesia Trina &quot;Cristo Es&quot;","article_modified_time":"2026-04-04T02:24:49+00:00","og_image":[{"width":381,"height":580,"url":"http:\/\/iglesiatrinacristoes.org\/wp-content\/uploads\/2026\/04\/Biblia-Rosada-Con-Dos-Flores.png","type":"image\/png"}],"twitter_card":"summary_large_image","twitter_misc":{"Tiempo de lectura":"1 minuto"},"schema":{"@context":"https:\/\/schema.org","@graph":[{"@type":"WebPage","@id":"https:\/\/iglesiatrinacristoes.org\/index.php\/producto\/biblia-rosada-con-dos-flores\/","url":"https:\/\/iglesiatrinacristoes.org\/index.php\/producto\/biblia-rosada-con-dos-flores\/","name":"Biblia Rosada Con Dos Flores - Iglesia Trina &quot;Cristo Es&quot;","isPartOf":{"@id":"https:\/\/iglesiatrinacristoes.org\/#website"},"primaryImageOfPage":{"@id":"https:\/\/iglesiatrinacristoes.org\/index.php\/producto\/biblia-rosada-con-dos-flores\/#primaryimage"},"image":{"@id":"https:\/\/iglesiatrinacristoes.org\/index.php\/producto\/biblia-rosada-con-dos-flores\/#primaryimage"},"thumbnailUrl":"https:\/\/iglesiatrinacristoes.org\/wp-content\/uploads\/2026\/04\/Biblia-Rosada-Con-Dos-Flores.png","datePublished":"2026-04-04T02:22:38+00:00","dateModified":"2026-04-04T02:24:49+00:00","breadcrumb":{"@id":"https:\/\/iglesiatrinacristoes.org\/index.php\/producto\/biblia-rosada-con-dos-flores\/#breadcrumb"},"inLanguage":"es-CO","potentialAction":[{"@type":"ReadAction","target":["https:\/\/iglesiatrinacristoes.org\/index.php\/producto\/biblia-rosada-con-dos-flores\/"]}]},{"@type":"ImageObject","inLanguage":"es-CO","@id":"https:\/\/iglesiatrinacristoes.org\/index.php\/producto\/biblia-rosada-con-dos-flores\/#primaryimage","url":"https:\/\/iglesiatrinacristoes.org\/wp-content\/uploads\/2026\/04\/Biblia-Rosada-Con-Dos-Flores.png","contentUrl":"https:\/\/iglesiatrinacristoes.org\/wp-content\/uploads\/2026\/04\/Biblia-Rosada-Con-Dos-Flores.png","width":381,"height":580},{"@type":"BreadcrumbList","@id":"https:\/\/iglesiatrinacristoes.org\/index.php\/producto\/biblia-rosada-con-dos-flores\/#breadcrumb","itemListElement":[{"@type":"ListItem","position":1,"name":"Inicio","item":"https:\/\/iglesiatrinacristoes.org\/"},{"@type":"ListItem","position":2,"name":"Tienda","item":"https:\/\/iglesiatrinacristoes.org\/index.php\/tienda\/"},{"@type":"ListItem","position":3,"name":"Biblia Rosada Con Dos Flores"}]},{"@type":"WebSite","@id":"https:\/\/iglesiatrinacristoes.org\/#website","url":"https:\/\/iglesiatrinacristoes.org\/","name":"Iglesia Trina &quot;Cristo Es&quot;","description":"Iglesia Trina &quot;Cristo Es&quot;","publisher":{"@id":"https:\/\/iglesiatrinacristoes.org\/#organization"},"potentialAction":[{"@type":"SearchAction","target":{"@type":"EntryPoint","urlTemplate":"https:\/\/iglesiatrinacristoes.org\/?s={search_term_string}"},"query-input":{"@type":"PropertyValueSpecification","valueRequired":true,"valueName":"search_term_string"}}],"inLanguage":"es-CO"},{"@type":"Organization","@id":"https:\/\/iglesiatrinacristoes.org\/#organization","name":"Iglesia Trina &quot;Cristo Es&quot;","url":"https:\/\/iglesiatrinacristoes.org\/","logo":{"@type":"ImageObject","inLanguage":"es-CO","@id":"https:\/\/iglesiatrinacristoes.org\/#\/schema\/logo\/image\/","url":"","contentUrl":"","caption":"Iglesia Trina &quot;Cristo Es&quot;"},"image":{"@id":"https:\/\/iglesiatrinacristoes.org\/#\/schema\/logo\/image\/"}}]}},"_links":{"self":[{"href":"https:\/\/iglesiatrinacristoes.org\/index.php\/wp-json\/wp\/v2\/product\/10731","targetHints":{"allow":["GET"]}}],"collection":[{"href":"https:\/\/iglesiatrinacristoes.org\/index.php\/wp-json\/wp\/v2\/product"}],"about":[{"href":"https:\/\/iglesiatrinacristoes.org\/index.php\/wp-json\/wp\/v2\/types\/product"}],"replies":[{"embeddable":true,"href":"https:\/\/iglesiatrinacristoes.org\/index.php\/wp-json\/wp\/v2\/comments?post=10731"}],"wp:featuredmedia":[{"embeddable":true,"href":"https:\/\/iglesiatrinacristoes.org\/index.php\/wp-json\/wp\/v2\/media\/10732"}],"wp:attachment":[{"href":"https:\/\/iglesiatrinacristoes.org\/index.php\/wp-json\/wp\/v2\/media?parent=10731"}],"wp:term":[{"taxonomy":"product_brand","embeddable":true,"href":"https:\/\/iglesiatrinacristoes.org\/index.php\/wp-json\/wp\/v2\/product_brand?post=10731"},{"taxonomy":"product_cat","embeddable":true,"href":"https:\/\/iglesiatrinacristoes.org\/index.php\/wp-json\/wp\/v2\/product_cat?post=10731"},{"taxonomy":"product_tag","embeddable":true,"href":"https:\/\/iglesiatrinacristoes.org\/index.php\/wp-json\/wp\/v2\/product_tag?post=10731"}],"curies":[{"name":"wp","href":"https:\/\/api.w.org\/{rel}","templated":true}]}}