{"id":10739,"date":"2026-04-03T21:43:46","date_gmt":"2026-04-04T02:43:46","guid":{"rendered":"https:\/\/iglesiatrinacristoes.org\/?post_type=product&#038;p=10739"},"modified":"2026-04-03T21:47:07","modified_gmt":"2026-04-04T02:47:07","slug":"biblia-de-estudio-vidas-transformadas","status":"publish","type":"product","link":"https:\/\/iglesiatrinacristoes.org\/index.php\/producto\/biblia-de-estudio-vidas-transformadas\/","title":{"rendered":"Biblia De Estudio Vidas Transformadas"},"content":{"rendered":"<style type=\"text\/css\"><\/style><p>Editorial: Portavoz<br \/>\nDimensiones: 24.5X17X4 cm<br \/>\nCubierta: Tapa dura<br \/>\nIdioma: Espa\u00f1ol<\/p>\n<p>Descripci\u00f3n La nueva Biblia de estudio: Vidas transformadas habla directamente al deseo de renovaci\u00f3n de tu coraz\u00f3n. Esta excelente herramienta de estudio de las Escrituras incluye el texto de la Biblia Reina-Valera, revisi\u00f3n de 1960, con comentarios de la pluma del doctor Warren Wiersbe, uno de los m\u00e1s reconocidos y respetados pastores del mundo. Estos comentarios servir\u00e1n de aguij\u00f3n para transformar tu vida. Te invitamos a conocer m\u00e1s y mejor las Escrituras, y ver\u00e1s c\u00f3mo cambia tu vida.<\/p>\n","protected":false},"excerpt":{"rendered":"<p>LA BIBLIA DE ESTUDIO PARA<br \/>\nDISC\u00cdPULOS QUE CRECEN<br \/>\n\u00a1Las caracter\u00edsticas de esta Biblia le ayudar\u00e1n a sacar<br \/>\nmayor provecho de tu estudio de las Escrituras!<br \/>\nBosquejos de los libros<br \/>\nTe preparada para la lectura b\u00edblica al<br \/>\nProporcionar un esquema de los temas y<br \/>\nVers\u00edculos claves.<br \/>\nPerspectiva general de cada libro<br \/>\nPresenta una visi\u00f3n de conjunto de cada libro de la Biblia con lecciones eternas y pr\u00e1cticas.<br \/>\nArt\u00edculos tem\u00e1ticos<br \/>\nAnalizan importantes temas b\u00edblicos y cuestiones propias dela naturaleza humana. Te motivar\u00e1 a permitir que el Esp\u00edritu Santo te transforme mediante la aplicaci\u00f3n de la palabra de Dios.<br \/>\nSeamos transformados<br \/>\nEsta secci\u00f3n en la introducci\u00f3n de cada libro de la Biblia te guiar\u00e1 hacia el poder transformador que contiene ese libro.<br \/>\nReferenciadas cruzadas<br \/>\nSe\u00f1alan otros vers\u00edculos de la Biblia, mostrando c\u00f3mo est\u00e1n interconectadas las Escritura.<br \/>\nMapas<br \/>\nTe ayudar\u00e1n a encontrar lugares importantes y relaciones geogr\u00e1ficas que arrojaran luz sobre los sucesos y relatos b\u00edblicos.<br \/>\nConcordancia<br \/>\nTe permite localizar con rapidez los vers\u00edculos relacionados con el tema estudio.<br \/>\nNotas de estudio<br \/>\nExplica pasajes b\u00edblicos claves para que puedas aplicar sus ense\u00f1anzas en tu vida.<\/p>\n","protected":false},"featured_media":10740,"comment_status":"open","ping_status":"closed","template":"","meta":{"om_disable_all_campaigns":false},"product_brand":[],"product_cat":[86],"product_tag":[],"class_list":{"0":"post-10739","1":"product","2":"type-product","3":"status-publish","4":"has-post-thumbnail","6":"product_cat-libreria","8":"first","9":"instock","10":"shipping-taxable","11":"purchasable","12":"product-type-simple"},"yoast_head":"<!-- This site is optimized with the Yoast SEO plugin v26.3 - https:\/\/yoast.com\/wordpress\/plugins\/seo\/ -->\n<title>Biblia De Estudio Vidas Transformadas - Iglesia Trina &quot;Cristo Es&quot;<\/title>\n<meta name=\"robots\" content=\"index, follow, max-snippet:-1, max-image-preview:large, max-video-preview:-1\" \/>\n<link rel=\"canonical\" href=\"https:\/\/iglesiatrinacristoes.org\/index.php\/producto\/biblia-de-estudio-vidas-transformadas\/\" \/>\n<meta property=\"og:locale\" content=\"es_ES\" \/>\n<meta property=\"og:type\" content=\"article\" \/>\n<meta property=\"og:title\" content=\"Biblia De Estudio Vidas Transformadas - Iglesia Trina &quot;Cristo Es&quot;\" \/>\n<meta property=\"og:description\" content=\"LA BIBLIA DE ESTUDIO PARA DISC\u00cdPULOS QUE CRECEN \u00a1Las caracter\u00edsticas de esta Biblia le ayudar\u00e1n a sacar mayor provecho de tu estudio de las Escrituras! Bosquejos de los libros Te preparada para la lectura b\u00edblica al Proporcionar un esquema de los temas y Vers\u00edculos claves. Perspectiva general de cada libro Presenta una visi\u00f3n de conjunto de cada libro de la Biblia con lecciones eternas y pr\u00e1cticas. Art\u00edculos tem\u00e1ticos Analizan importantes temas b\u00edblicos y cuestiones propias dela naturaleza humana. Te motivar\u00e1 a permitir que el Esp\u00edritu Santo te transforme mediante la aplicaci\u00f3n de la palabra de Dios. Seamos transformados Esta secci\u00f3n en la introducci\u00f3n de cada libro de la Biblia te guiar\u00e1 hacia el poder transformador que contiene ese libro. Referenciadas cruzadas Se\u00f1alan otros vers\u00edculos de la Biblia, mostrando c\u00f3mo est\u00e1n interconectadas las Escritura. Mapas Te ayudar\u00e1n a encontrar lugares importantes y relaciones geogr\u00e1ficas que arrojaran luz sobre los sucesos y relatos b\u00edblicos. Concordancia Te permite localizar con rapidez los vers\u00edculos relacionados con el tema estudio. Notas de estudio Explica pasajes b\u00edblicos claves para que puedas aplicar sus ense\u00f1anzas en tu vida.\" \/>\n<meta property=\"og:url\" content=\"https:\/\/iglesiatrinacristoes.org\/index.php\/producto\/biblia-de-estudio-vidas-transformadas\/\" \/>\n<meta property=\"og:site_name\" content=\"Iglesia Trina &quot;Cristo Es&quot;\" \/>\n<meta property=\"article:modified_time\" content=\"2026-04-04T02:47:07+00:00\" \/>\n<meta property=\"og:image\" content=\"http:\/\/iglesiatrinacristoes.org\/wp-content\/uploads\/2026\/04\/Biblia-De-Estudio-Vidas-Transformadas.png\" \/>\n\t<meta property=\"og:image:width\" content=\"381\" \/>\n\t<meta property=\"og:image:height\" content=\"580\" \/>\n\t<meta property=\"og:image:type\" content=\"image\/png\" \/>\n<meta name=\"twitter:card\" content=\"summary_large_image\" \/>\n<meta name=\"twitter:label1\" content=\"Tiempo de lectura\" \/>\n\t<meta name=\"twitter:data1\" content=\"1 minuto\" \/>\n<script type=\"application\/ld+json\" class=\"yoast-schema-graph\">{\"@context\":\"https:\/\/schema.org\",\"@graph\":[{\"@type\":\"WebPage\",\"@id\":\"https:\/\/iglesiatrinacristoes.org\/index.php\/producto\/biblia-de-estudio-vidas-transformadas\/\",\"url\":\"https:\/\/iglesiatrinacristoes.org\/index.php\/producto\/biblia-de-estudio-vidas-transformadas\/\",\"name\":\"Biblia De Estudio Vidas Transformadas - Iglesia Trina &quot;Cristo Es&quot;\",\"isPartOf\":{\"@id\":\"https:\/\/iglesiatrinacristoes.org\/#website\"},\"primaryImageOfPage\":{\"@id\":\"https:\/\/iglesiatrinacristoes.org\/index.php\/producto\/biblia-de-estudio-vidas-transformadas\/#primaryimage\"},\"image\":{\"@id\":\"https:\/\/iglesiatrinacristoes.org\/index.php\/producto\/biblia-de-estudio-vidas-transformadas\/#primaryimage\"},\"thumbnailUrl\":\"https:\/\/iglesiatrinacristoes.org\/wp-content\/uploads\/2026\/04\/Biblia-De-Estudio-Vidas-Transformadas.png\",\"datePublished\":\"2026-04-04T02:43:46+00:00\",\"dateModified\":\"2026-04-04T02:47:07+00:00\",\"breadcrumb\":{\"@id\":\"https:\/\/iglesiatrinacristoes.org\/index.php\/producto\/biblia-de-estudio-vidas-transformadas\/#breadcrumb\"},\"inLanguage\":\"es-CO\",\"potentialAction\":[{\"@type\":\"ReadAction\",\"target\":[\"https:\/\/iglesiatrinacristoes.org\/index.php\/producto\/biblia-de-estudio-vidas-transformadas\/\"]}]},{\"@type\":\"ImageObject\",\"inLanguage\":\"es-CO\",\"@id\":\"https:\/\/iglesiatrinacristoes.org\/index.php\/producto\/biblia-de-estudio-vidas-transformadas\/#primaryimage\",\"url\":\"https:\/\/iglesiatrinacristoes.org\/wp-content\/uploads\/2026\/04\/Biblia-De-Estudio-Vidas-Transformadas.png\",\"contentUrl\":\"https:\/\/iglesiatrinacristoes.org\/wp-content\/uploads\/2026\/04\/Biblia-De-Estudio-Vidas-Transformadas.png\",\"width\":381,\"height\":580},{\"@type\":\"BreadcrumbList\",\"@id\":\"https:\/\/iglesiatrinacristoes.org\/index.php\/producto\/biblia-de-estudio-vidas-transformadas\/#breadcrumb\",\"itemListElement\":[{\"@type\":\"ListItem\",\"position\":1,\"name\":\"Inicio\",\"item\":\"https:\/\/iglesiatrinacristoes.org\/\"},{\"@type\":\"ListItem\",\"position\":2,\"name\":\"Tienda\",\"item\":\"https:\/\/iglesiatrinacristoes.org\/index.php\/tienda\/\"},{\"@type\":\"ListItem\",\"position\":3,\"name\":\"Biblia De Estudio Vidas Transformadas\"}]},{\"@type\":\"WebSite\",\"@id\":\"https:\/\/iglesiatrinacristoes.org\/#website\",\"url\":\"https:\/\/iglesiatrinacristoes.org\/\",\"name\":\"Iglesia Trina &quot;Cristo Es&quot;\",\"description\":\"Iglesia Trina &quot;Cristo Es&quot;\",\"publisher\":{\"@id\":\"https:\/\/iglesiatrinacristoes.org\/#organization\"},\"potentialAction\":[{\"@type\":\"SearchAction\",\"target\":{\"@type\":\"EntryPoint\",\"urlTemplate\":\"https:\/\/iglesiatrinacristoes.org\/?s={search_term_string}\"},\"query-input\":{\"@type\":\"PropertyValueSpecification\",\"valueRequired\":true,\"valueName\":\"search_term_string\"}}],\"inLanguage\":\"es-CO\"},{\"@type\":\"Organization\",\"@id\":\"https:\/\/iglesiatrinacristoes.org\/#organization\",\"name\":\"Iglesia Trina &quot;Cristo Es&quot;\",\"url\":\"https:\/\/iglesiatrinacristoes.org\/\",\"logo\":{\"@type\":\"ImageObject\",\"inLanguage\":\"es-CO\",\"@id\":\"https:\/\/iglesiatrinacristoes.org\/#\/schema\/logo\/image\/\",\"url\":\"\",\"contentUrl\":\"\",\"caption\":\"Iglesia Trina &quot;Cristo Es&quot;\"},\"image\":{\"@id\":\"https:\/\/iglesiatrinacristoes.org\/#\/schema\/logo\/image\/\"}}]}<\/script>\n<!-- \/ Yoast SEO plugin. -->","yoast_head_json":{"title":"Biblia De Estudio Vidas Transformadas - Iglesia Trina &quot;Cristo Es&quot;","robots":{"index":"index","follow":"follow","max-snippet":"max-snippet:-1","max-image-preview":"max-image-preview:large","max-video-preview":"max-video-preview:-1"},"canonical":"https:\/\/iglesiatrinacristoes.org\/index.php\/producto\/biblia-de-estudio-vidas-transformadas\/","og_locale":"es_ES","og_type":"article","og_title":"Biblia De Estudio Vidas Transformadas - Iglesia Trina &quot;Cristo Es&quot;","og_description":"LA BIBLIA DE ESTUDIO PARA DISC\u00cdPULOS QUE CRECEN \u00a1Las caracter\u00edsticas de esta Biblia le ayudar\u00e1n a sacar mayor provecho de tu estudio de las Escrituras! Bosquejos de los libros Te preparada para la lectura b\u00edblica al Proporcionar un esquema de los temas y Vers\u00edculos claves. Perspectiva general de cada libro Presenta una visi\u00f3n de conjunto de cada libro de la Biblia con lecciones eternas y pr\u00e1cticas. Art\u00edculos tem\u00e1ticos Analizan importantes temas b\u00edblicos y cuestiones propias dela naturaleza humana. Te motivar\u00e1 a permitir que el Esp\u00edritu Santo te transforme mediante la aplicaci\u00f3n de la palabra de Dios. Seamos transformados Esta secci\u00f3n en la introducci\u00f3n de cada libro de la Biblia te guiar\u00e1 hacia el poder transformador que contiene ese libro. Referenciadas cruzadas Se\u00f1alan otros vers\u00edculos de la Biblia, mostrando c\u00f3mo est\u00e1n interconectadas las Escritura. Mapas Te ayudar\u00e1n a encontrar lugares importantes y relaciones geogr\u00e1ficas que arrojaran luz sobre los sucesos y relatos b\u00edblicos. Concordancia Te permite localizar con rapidez los vers\u00edculos relacionados con el tema estudio. Notas de estudio Explica pasajes b\u00edblicos claves para que puedas aplicar sus ense\u00f1anzas en tu vida.","og_url":"https:\/\/iglesiatrinacristoes.org\/index.php\/producto\/biblia-de-estudio-vidas-transformadas\/","og_site_name":"Iglesia Trina &quot;Cristo Es&quot;","article_modified_time":"2026-04-04T02:47:07+00:00","og_image":[{"width":381,"height":580,"url":"http:\/\/iglesiatrinacristoes.org\/wp-content\/uploads\/2026\/04\/Biblia-De-Estudio-Vidas-Transformadas.png","type":"image\/png"}],"twitter_card":"summary_large_image","twitter_misc":{"Tiempo de lectura":"1 minuto"},"schema":{"@context":"https:\/\/schema.org","@graph":[{"@type":"WebPage","@id":"https:\/\/iglesiatrinacristoes.org\/index.php\/producto\/biblia-de-estudio-vidas-transformadas\/","url":"https:\/\/iglesiatrinacristoes.org\/index.php\/producto\/biblia-de-estudio-vidas-transformadas\/","name":"Biblia De Estudio Vidas Transformadas - Iglesia Trina &quot;Cristo Es&quot;","isPartOf":{"@id":"https:\/\/iglesiatrinacristoes.org\/#website"},"primaryImageOfPage":{"@id":"https:\/\/iglesiatrinacristoes.org\/index.php\/producto\/biblia-de-estudio-vidas-transformadas\/#primaryimage"},"image":{"@id":"https:\/\/iglesiatrinacristoes.org\/index.php\/producto\/biblia-de-estudio-vidas-transformadas\/#primaryimage"},"thumbnailUrl":"https:\/\/iglesiatrinacristoes.org\/wp-content\/uploads\/2026\/04\/Biblia-De-Estudio-Vidas-Transformadas.png","datePublished":"2026-04-04T02:43:46+00:00","dateModified":"2026-04-04T02:47:07+00:00","breadcrumb":{"@id":"https:\/\/iglesiatrinacristoes.org\/index.php\/producto\/biblia-de-estudio-vidas-transformadas\/#breadcrumb"},"inLanguage":"es-CO","potentialAction":[{"@type":"ReadAction","target":["https:\/\/iglesiatrinacristoes.org\/index.php\/producto\/biblia-de-estudio-vidas-transformadas\/"]}]},{"@type":"ImageObject","inLanguage":"es-CO","@id":"https:\/\/iglesiatrinacristoes.org\/index.php\/producto\/biblia-de-estudio-vidas-transformadas\/#primaryimage","url":"https:\/\/iglesiatrinacristoes.org\/wp-content\/uploads\/2026\/04\/Biblia-De-Estudio-Vidas-Transformadas.png","contentUrl":"https:\/\/iglesiatrinacristoes.org\/wp-content\/uploads\/2026\/04\/Biblia-De-Estudio-Vidas-Transformadas.png","width":381,"height":580},{"@type":"BreadcrumbList","@id":"https:\/\/iglesiatrinacristoes.org\/index.php\/producto\/biblia-de-estudio-vidas-transformadas\/#breadcrumb","itemListElement":[{"@type":"ListItem","position":1,"name":"Inicio","item":"https:\/\/iglesiatrinacristoes.org\/"},{"@type":"ListItem","position":2,"name":"Tienda","item":"https:\/\/iglesiatrinacristoes.org\/index.php\/tienda\/"},{"@type":"ListItem","position":3,"name":"Biblia De Estudio Vidas Transformadas"}]},{"@type":"WebSite","@id":"https:\/\/iglesiatrinacristoes.org\/#website","url":"https:\/\/iglesiatrinacristoes.org\/","name":"Iglesia Trina &quot;Cristo Es&quot;","description":"Iglesia Trina &quot;Cristo Es&quot;","publisher":{"@id":"https:\/\/iglesiatrinacristoes.org\/#organization"},"potentialAction":[{"@type":"SearchAction","target":{"@type":"EntryPoint","urlTemplate":"https:\/\/iglesiatrinacristoes.org\/?s={search_term_string}"},"query-input":{"@type":"PropertyValueSpecification","valueRequired":true,"valueName":"search_term_string"}}],"inLanguage":"es-CO"},{"@type":"Organization","@id":"https:\/\/iglesiatrinacristoes.org\/#organization","name":"Iglesia Trina &quot;Cristo Es&quot;","url":"https:\/\/iglesiatrinacristoes.org\/","logo":{"@type":"ImageObject","inLanguage":"es-CO","@id":"https:\/\/iglesiatrinacristoes.org\/#\/schema\/logo\/image\/","url":"","contentUrl":"","caption":"Iglesia Trina &quot;Cristo Es&quot;"},"image":{"@id":"https:\/\/iglesiatrinacristoes.org\/#\/schema\/logo\/image\/"}}]}},"_links":{"self":[{"href":"https:\/\/iglesiatrinacristoes.org\/index.php\/wp-json\/wp\/v2\/product\/10739","targetHints":{"allow":["GET"]}}],"collection":[{"href":"https:\/\/iglesiatrinacristoes.org\/index.php\/wp-json\/wp\/v2\/product"}],"about":[{"href":"https:\/\/iglesiatrinacristoes.org\/index.php\/wp-json\/wp\/v2\/types\/product"}],"replies":[{"embeddable":true,"href":"https:\/\/iglesiatrinacristoes.org\/index.php\/wp-json\/wp\/v2\/comments?post=10739"}],"wp:featuredmedia":[{"embeddable":true,"href":"https:\/\/iglesiatrinacristoes.org\/index.php\/wp-json\/wp\/v2\/media\/10740"}],"wp:attachment":[{"href":"https:\/\/iglesiatrinacristoes.org\/index.php\/wp-json\/wp\/v2\/media?parent=10739"}],"wp:term":[{"taxonomy":"product_brand","embeddable":true,"href":"https:\/\/iglesiatrinacristoes.org\/index.php\/wp-json\/wp\/v2\/product_brand?post=10739"},{"taxonomy":"product_cat","embeddable":true,"href":"https:\/\/iglesiatrinacristoes.org\/index.php\/wp-json\/wp\/v2\/product_cat?post=10739"},{"taxonomy":"product_tag","embeddable":true,"href":"https:\/\/iglesiatrinacristoes.org\/index.php\/wp-json\/wp\/v2\/product_tag?post=10739"}],"curies":[{"name":"wp","href":"https:\/\/api.w.org\/{rel}","templated":true}]}}