{"id":10743,"date":"2026-04-03T21:55:39","date_gmt":"2026-04-04T02:55:39","guid":{"rendered":"https:\/\/iglesiatrinacristoes.org\/?post_type=product&#038;p=10743"},"modified":"2026-04-03T21:57:36","modified_gmt":"2026-04-04T02:57:36","slug":"100-bosquejos-para-predicadores","status":"publish","type":"product","link":"https:\/\/iglesiatrinacristoes.org\/index.php\/producto\/100-bosquejos-para-predicadores\/","title":{"rendered":"1000 Bosquejos para predicadores"},"content":{"rendered":"<style type=\"text\/css\"><\/style><p>Editorial: Clie<br \/>\nDimensiones: cm<br \/>\nCubierta: Tapa dura<br \/>\nIdioma: Espa\u00f1ol<\/p>\n<p>Este libro constituye un tesoro para el predicador dispuesto a exprimir y extraer todo el alimento posible de la Palabra de Dios y transmitirlo a sus oyentes. Contiene 1000 bosquejos compilados por Samuel Vila en un solo volumen, agrupados por temas de predicaci\u00f3n y con sofisticados \u00edndices de b\u00fasqueda que facilitan al predicador encontrar el material adecuado para su serm\u00f3n. A saber, seis secciones principales: Estudio B\u00edblico, Edificaci\u00f3n Cristiana, Evangelizaci\u00f3n, Doctrinales, Ocasiones Especiales y Devocionales; las cuales, estructuradas en m\u00faltiples subdivisiones tem\u00e1ticas, facilitan al predicador la b\u00fasqueda de un bosquejo determinado, concerniente a un aspecto concreto o a una ocasi\u00f3n especial. Sus \u00edndices incluyen: de T\u00edtulos, de Autores y un \u00cdndice Escritural, que recoge por orden b\u00edblico los vers\u00edculos claves que introducen cada uno de los bosquejos.<br \/>\n2. Un arsenal casi inagotable de bosquejosordenados y presentados por temas y subtemas.<\/p>\n<p>Los bosquejos vienen estructurados en seis secciones principales: Estudio B\u00edblico, Edificaci\u00f3n Cristiana, Evangelizaci\u00f3n, Doctrinales, Ocasiones Especiales y Devocionales; que a su vez se estructuran en m\u00faltiples subdivisiones tem\u00e1ticas, facilitando al predicador la b\u00fasqueda en pocos minutos de un bosquejo sobre un tema determinado o aspecto concreto sobre el que desea predicar una ocasi\u00f3n especial.<\/p>\n<p>Incluye tambi\u00e9n \u00edndices: de T\u00edtulos, de Autores y un \u00cdndice Escritural, que recoge por orden b\u00edblico los vers\u00edculos claves que introducen cada uno de los bosquejos.<\/p>\n<p>En definitiva, este libro constituye un tesoro para el predicador dispuesto a exprimir y extraer todo el alimento posible de la Palabra de Dios y transmitirlo a sus oyentes.<\/p>\n","protected":false},"excerpt":{"rendered":"<p>Recorrer el camino de otros predicadores sobre textos o pasajes de la Escritura abre la propia mente a nuevas sugerencias (&#8230;) alimento concentrado, que necesita la debida elaboraci\u00f3n en la mente de otro predicador.<br \/>\nLos 13 tomos en los que compilara a lo largo de su vida los bosquejos de sus mejores sermones, junto con otros bosquejos de grandes predicadores, apreciados y utilizados por miles de pastores en todo el mundo hispano.<br \/>\nLos bosquejos han sido ordenados y presentados por temas y subtemas. A saber, seis secciones principales: estudio b\u00edblico, edificaci\u00f3n cristiana, evangelizaci\u00f3n, doctrinales, ocasiones especiales y devocionales; las cuales estructuradas en m\u00faltiples subdivisiones tem\u00e1ticas, facilitan al predicador la b\u00fasqueda de un bosquejo determinado, concerniente a un aspecto concreto o una ocasi\u00f3n especial. Incluye tambi\u00e9n \u00edndices: de t\u00edtulos alfab\u00e9ticos, de autores y un \u00edndice escritural, que recoge por orden b\u00edblico los vers\u00edculos claves que introducen cada uno de los bosquejos.<br \/>\nEn definitiva, este libro constituye un tesoro para el predicador dispuesto a exprimir y extraer todo el alimento posible de la palabra de Dios y transmitirlo a sus oyentes.<\/p>\n","protected":false},"featured_media":10744,"comment_status":"open","ping_status":"closed","template":"","meta":{"om_disable_all_campaigns":false},"product_brand":[],"product_cat":[86],"product_tag":[],"class_list":{"0":"post-10743","1":"product","2":"type-product","3":"status-publish","4":"has-post-thumbnail","6":"product_cat-libreria","8":"first","9":"instock","10":"shipping-taxable","11":"purchasable","12":"product-type-simple"},"yoast_head":"<!-- This site is optimized with the Yoast SEO plugin v26.3 - https:\/\/yoast.com\/wordpress\/plugins\/seo\/ -->\n<title>1000 Bosquejos para predicadores - Iglesia Trina &quot;Cristo Es&quot;<\/title>\n<meta name=\"robots\" content=\"index, follow, max-snippet:-1, max-image-preview:large, max-video-preview:-1\" \/>\n<link rel=\"canonical\" href=\"https:\/\/iglesiatrinacristoes.org\/index.php\/producto\/100-bosquejos-para-predicadores\/\" \/>\n<meta property=\"og:locale\" content=\"es_ES\" \/>\n<meta property=\"og:type\" content=\"article\" \/>\n<meta property=\"og:title\" content=\"1000 Bosquejos para predicadores - Iglesia Trina &quot;Cristo Es&quot;\" \/>\n<meta property=\"og:description\" content=\"Recorrer el camino de otros predicadores sobre textos o pasajes de la Escritura abre la propia mente a nuevas sugerencias (...) alimento concentrado, que necesita la debida elaboraci\u00f3n en la mente de otro predicador. Los 13 tomos en los que compilara a lo largo de su vida los bosquejos de sus mejores sermones, junto con otros bosquejos de grandes predicadores, apreciados y utilizados por miles de pastores en todo el mundo hispano. Los bosquejos han sido ordenados y presentados por temas y subtemas. A saber, seis secciones principales: estudio b\u00edblico, edificaci\u00f3n cristiana, evangelizaci\u00f3n, doctrinales, ocasiones especiales y devocionales; las cuales estructuradas en m\u00faltiples subdivisiones tem\u00e1ticas, facilitan al predicador la b\u00fasqueda de un bosquejo determinado, concerniente a un aspecto concreto o una ocasi\u00f3n especial. Incluye tambi\u00e9n \u00edndices: de t\u00edtulos alfab\u00e9ticos, de autores y un \u00edndice escritural, que recoge por orden b\u00edblico los vers\u00edculos claves que introducen cada uno de los bosquejos. En definitiva, este libro constituye un tesoro para el predicador dispuesto a exprimir y extraer todo el alimento posible de la palabra de Dios y transmitirlo a sus oyentes.\" \/>\n<meta property=\"og:url\" content=\"https:\/\/iglesiatrinacristoes.org\/index.php\/producto\/100-bosquejos-para-predicadores\/\" \/>\n<meta property=\"og:site_name\" content=\"Iglesia Trina &quot;Cristo Es&quot;\" \/>\n<meta property=\"article:modified_time\" content=\"2026-04-04T02:57:36+00:00\" \/>\n<meta property=\"og:image\" content=\"http:\/\/iglesiatrinacristoes.org\/wp-content\/uploads\/2026\/04\/100-Bosquejos-para-predicadores.png\" \/>\n\t<meta property=\"og:image:width\" content=\"381\" \/>\n\t<meta property=\"og:image:height\" content=\"580\" \/>\n\t<meta property=\"og:image:type\" content=\"image\/png\" \/>\n<meta name=\"twitter:card\" content=\"summary_large_image\" \/>\n<meta name=\"twitter:label1\" content=\"Tiempo de lectura\" \/>\n\t<meta name=\"twitter:data1\" content=\"2 minutos\" \/>\n<script type=\"application\/ld+json\" class=\"yoast-schema-graph\">{\"@context\":\"https:\/\/schema.org\",\"@graph\":[{\"@type\":\"WebPage\",\"@id\":\"https:\/\/iglesiatrinacristoes.org\/index.php\/producto\/100-bosquejos-para-predicadores\/\",\"url\":\"https:\/\/iglesiatrinacristoes.org\/index.php\/producto\/100-bosquejos-para-predicadores\/\",\"name\":\"1000 Bosquejos para predicadores - Iglesia Trina &quot;Cristo Es&quot;\",\"isPartOf\":{\"@id\":\"https:\/\/iglesiatrinacristoes.org\/#website\"},\"primaryImageOfPage\":{\"@id\":\"https:\/\/iglesiatrinacristoes.org\/index.php\/producto\/100-bosquejos-para-predicadores\/#primaryimage\"},\"image\":{\"@id\":\"https:\/\/iglesiatrinacristoes.org\/index.php\/producto\/100-bosquejos-para-predicadores\/#primaryimage\"},\"thumbnailUrl\":\"https:\/\/iglesiatrinacristoes.org\/wp-content\/uploads\/2026\/04\/100-Bosquejos-para-predicadores.png\",\"datePublished\":\"2026-04-04T02:55:39+00:00\",\"dateModified\":\"2026-04-04T02:57:36+00:00\",\"breadcrumb\":{\"@id\":\"https:\/\/iglesiatrinacristoes.org\/index.php\/producto\/100-bosquejos-para-predicadores\/#breadcrumb\"},\"inLanguage\":\"es-CO\",\"potentialAction\":[{\"@type\":\"ReadAction\",\"target\":[\"https:\/\/iglesiatrinacristoes.org\/index.php\/producto\/100-bosquejos-para-predicadores\/\"]}]},{\"@type\":\"ImageObject\",\"inLanguage\":\"es-CO\",\"@id\":\"https:\/\/iglesiatrinacristoes.org\/index.php\/producto\/100-bosquejos-para-predicadores\/#primaryimage\",\"url\":\"https:\/\/iglesiatrinacristoes.org\/wp-content\/uploads\/2026\/04\/100-Bosquejos-para-predicadores.png\",\"contentUrl\":\"https:\/\/iglesiatrinacristoes.org\/wp-content\/uploads\/2026\/04\/100-Bosquejos-para-predicadores.png\",\"width\":381,\"height\":580},{\"@type\":\"BreadcrumbList\",\"@id\":\"https:\/\/iglesiatrinacristoes.org\/index.php\/producto\/100-bosquejos-para-predicadores\/#breadcrumb\",\"itemListElement\":[{\"@type\":\"ListItem\",\"position\":1,\"name\":\"Inicio\",\"item\":\"https:\/\/iglesiatrinacristoes.org\/\"},{\"@type\":\"ListItem\",\"position\":2,\"name\":\"Tienda\",\"item\":\"https:\/\/iglesiatrinacristoes.org\/index.php\/tienda\/\"},{\"@type\":\"ListItem\",\"position\":3,\"name\":\"1000 Bosquejos para predicadores\"}]},{\"@type\":\"WebSite\",\"@id\":\"https:\/\/iglesiatrinacristoes.org\/#website\",\"url\":\"https:\/\/iglesiatrinacristoes.org\/\",\"name\":\"Iglesia Trina &quot;Cristo Es&quot;\",\"description\":\"Iglesia Trina &quot;Cristo Es&quot;\",\"publisher\":{\"@id\":\"https:\/\/iglesiatrinacristoes.org\/#organization\"},\"potentialAction\":[{\"@type\":\"SearchAction\",\"target\":{\"@type\":\"EntryPoint\",\"urlTemplate\":\"https:\/\/iglesiatrinacristoes.org\/?s={search_term_string}\"},\"query-input\":{\"@type\":\"PropertyValueSpecification\",\"valueRequired\":true,\"valueName\":\"search_term_string\"}}],\"inLanguage\":\"es-CO\"},{\"@type\":\"Organization\",\"@id\":\"https:\/\/iglesiatrinacristoes.org\/#organization\",\"name\":\"Iglesia Trina &quot;Cristo Es&quot;\",\"url\":\"https:\/\/iglesiatrinacristoes.org\/\",\"logo\":{\"@type\":\"ImageObject\",\"inLanguage\":\"es-CO\",\"@id\":\"https:\/\/iglesiatrinacristoes.org\/#\/schema\/logo\/image\/\",\"url\":\"\",\"contentUrl\":\"\",\"caption\":\"Iglesia Trina &quot;Cristo Es&quot;\"},\"image\":{\"@id\":\"https:\/\/iglesiatrinacristoes.org\/#\/schema\/logo\/image\/\"}}]}<\/script>\n<!-- \/ Yoast SEO plugin. -->","yoast_head_json":{"title":"1000 Bosquejos para predicadores - Iglesia Trina &quot;Cristo Es&quot;","robots":{"index":"index","follow":"follow","max-snippet":"max-snippet:-1","max-image-preview":"max-image-preview:large","max-video-preview":"max-video-preview:-1"},"canonical":"https:\/\/iglesiatrinacristoes.org\/index.php\/producto\/100-bosquejos-para-predicadores\/","og_locale":"es_ES","og_type":"article","og_title":"1000 Bosquejos para predicadores - Iglesia Trina &quot;Cristo Es&quot;","og_description":"Recorrer el camino de otros predicadores sobre textos o pasajes de la Escritura abre la propia mente a nuevas sugerencias (...) alimento concentrado, que necesita la debida elaboraci\u00f3n en la mente de otro predicador. Los 13 tomos en los que compilara a lo largo de su vida los bosquejos de sus mejores sermones, junto con otros bosquejos de grandes predicadores, apreciados y utilizados por miles de pastores en todo el mundo hispano. Los bosquejos han sido ordenados y presentados por temas y subtemas. A saber, seis secciones principales: estudio b\u00edblico, edificaci\u00f3n cristiana, evangelizaci\u00f3n, doctrinales, ocasiones especiales y devocionales; las cuales estructuradas en m\u00faltiples subdivisiones tem\u00e1ticas, facilitan al predicador la b\u00fasqueda de un bosquejo determinado, concerniente a un aspecto concreto o una ocasi\u00f3n especial. Incluye tambi\u00e9n \u00edndices: de t\u00edtulos alfab\u00e9ticos, de autores y un \u00edndice escritural, que recoge por orden b\u00edblico los vers\u00edculos claves que introducen cada uno de los bosquejos. En definitiva, este libro constituye un tesoro para el predicador dispuesto a exprimir y extraer todo el alimento posible de la palabra de Dios y transmitirlo a sus oyentes.","og_url":"https:\/\/iglesiatrinacristoes.org\/index.php\/producto\/100-bosquejos-para-predicadores\/","og_site_name":"Iglesia Trina &quot;Cristo Es&quot;","article_modified_time":"2026-04-04T02:57:36+00:00","og_image":[{"width":381,"height":580,"url":"http:\/\/iglesiatrinacristoes.org\/wp-content\/uploads\/2026\/04\/100-Bosquejos-para-predicadores.png","type":"image\/png"}],"twitter_card":"summary_large_image","twitter_misc":{"Tiempo de lectura":"2 minutos"},"schema":{"@context":"https:\/\/schema.org","@graph":[{"@type":"WebPage","@id":"https:\/\/iglesiatrinacristoes.org\/index.php\/producto\/100-bosquejos-para-predicadores\/","url":"https:\/\/iglesiatrinacristoes.org\/index.php\/producto\/100-bosquejos-para-predicadores\/","name":"1000 Bosquejos para predicadores - Iglesia Trina &quot;Cristo Es&quot;","isPartOf":{"@id":"https:\/\/iglesiatrinacristoes.org\/#website"},"primaryImageOfPage":{"@id":"https:\/\/iglesiatrinacristoes.org\/index.php\/producto\/100-bosquejos-para-predicadores\/#primaryimage"},"image":{"@id":"https:\/\/iglesiatrinacristoes.org\/index.php\/producto\/100-bosquejos-para-predicadores\/#primaryimage"},"thumbnailUrl":"https:\/\/iglesiatrinacristoes.org\/wp-content\/uploads\/2026\/04\/100-Bosquejos-para-predicadores.png","datePublished":"2026-04-04T02:55:39+00:00","dateModified":"2026-04-04T02:57:36+00:00","breadcrumb":{"@id":"https:\/\/iglesiatrinacristoes.org\/index.php\/producto\/100-bosquejos-para-predicadores\/#breadcrumb"},"inLanguage":"es-CO","potentialAction":[{"@type":"ReadAction","target":["https:\/\/iglesiatrinacristoes.org\/index.php\/producto\/100-bosquejos-para-predicadores\/"]}]},{"@type":"ImageObject","inLanguage":"es-CO","@id":"https:\/\/iglesiatrinacristoes.org\/index.php\/producto\/100-bosquejos-para-predicadores\/#primaryimage","url":"https:\/\/iglesiatrinacristoes.org\/wp-content\/uploads\/2026\/04\/100-Bosquejos-para-predicadores.png","contentUrl":"https:\/\/iglesiatrinacristoes.org\/wp-content\/uploads\/2026\/04\/100-Bosquejos-para-predicadores.png","width":381,"height":580},{"@type":"BreadcrumbList","@id":"https:\/\/iglesiatrinacristoes.org\/index.php\/producto\/100-bosquejos-para-predicadores\/#breadcrumb","itemListElement":[{"@type":"ListItem","position":1,"name":"Inicio","item":"https:\/\/iglesiatrinacristoes.org\/"},{"@type":"ListItem","position":2,"name":"Tienda","item":"https:\/\/iglesiatrinacristoes.org\/index.php\/tienda\/"},{"@type":"ListItem","position":3,"name":"1000 Bosquejos para predicadores"}]},{"@type":"WebSite","@id":"https:\/\/iglesiatrinacristoes.org\/#website","url":"https:\/\/iglesiatrinacristoes.org\/","name":"Iglesia Trina &quot;Cristo Es&quot;","description":"Iglesia Trina &quot;Cristo Es&quot;","publisher":{"@id":"https:\/\/iglesiatrinacristoes.org\/#organization"},"potentialAction":[{"@type":"SearchAction","target":{"@type":"EntryPoint","urlTemplate":"https:\/\/iglesiatrinacristoes.org\/?s={search_term_string}"},"query-input":{"@type":"PropertyValueSpecification","valueRequired":true,"valueName":"search_term_string"}}],"inLanguage":"es-CO"},{"@type":"Organization","@id":"https:\/\/iglesiatrinacristoes.org\/#organization","name":"Iglesia Trina &quot;Cristo Es&quot;","url":"https:\/\/iglesiatrinacristoes.org\/","logo":{"@type":"ImageObject","inLanguage":"es-CO","@id":"https:\/\/iglesiatrinacristoes.org\/#\/schema\/logo\/image\/","url":"","contentUrl":"","caption":"Iglesia Trina &quot;Cristo Es&quot;"},"image":{"@id":"https:\/\/iglesiatrinacristoes.org\/#\/schema\/logo\/image\/"}}]}},"_links":{"self":[{"href":"https:\/\/iglesiatrinacristoes.org\/index.php\/wp-json\/wp\/v2\/product\/10743","targetHints":{"allow":["GET"]}}],"collection":[{"href":"https:\/\/iglesiatrinacristoes.org\/index.php\/wp-json\/wp\/v2\/product"}],"about":[{"href":"https:\/\/iglesiatrinacristoes.org\/index.php\/wp-json\/wp\/v2\/types\/product"}],"replies":[{"embeddable":true,"href":"https:\/\/iglesiatrinacristoes.org\/index.php\/wp-json\/wp\/v2\/comments?post=10743"}],"wp:featuredmedia":[{"embeddable":true,"href":"https:\/\/iglesiatrinacristoes.org\/index.php\/wp-json\/wp\/v2\/media\/10744"}],"wp:attachment":[{"href":"https:\/\/iglesiatrinacristoes.org\/index.php\/wp-json\/wp\/v2\/media?parent=10743"}],"wp:term":[{"taxonomy":"product_brand","embeddable":true,"href":"https:\/\/iglesiatrinacristoes.org\/index.php\/wp-json\/wp\/v2\/product_brand?post=10743"},{"taxonomy":"product_cat","embeddable":true,"href":"https:\/\/iglesiatrinacristoes.org\/index.php\/wp-json\/wp\/v2\/product_cat?post=10743"},{"taxonomy":"product_tag","embeddable":true,"href":"https:\/\/iglesiatrinacristoes.org\/index.php\/wp-json\/wp\/v2\/product_tag?post=10743"}],"curies":[{"name":"wp","href":"https:\/\/api.w.org\/{rel}","templated":true}]}}