{"id":10748,"date":"2026-04-03T22:05:18","date_gmt":"2026-04-04T03:05:18","guid":{"rendered":"https:\/\/iglesiatrinacristoes.org\/?post_type=product&#038;p=10748"},"modified":"2026-04-03T22:07:12","modified_gmt":"2026-04-04T03:07:12","slug":"biblia-para-guerra-espiritual-rvr","status":"publish","type":"product","link":"https:\/\/iglesiatrinacristoes.org\/index.php\/producto\/biblia-para-guerra-espiritual-rvr\/","title":{"rendered":"Biblia Para Guerra Espiritual  (RVR)"},"content":{"rendered":"<style type=\"text\/css\"><\/style><p>Editorial: Casa creaci\u00f3n<br \/>\nDimensiones: cm<br \/>\nCubierta: Tapa dura<br \/>\nIdioma: Espa\u00f1ol<\/p>\n<p>&nbsp;<\/p>\n<p>La Biblia Para La Guerra Espiritual, versi\u00f3n Reina-Valera 1960, ayudar\u00e1 a los lectores a estar preparados y equipados para participar en la guerra espiritual.<\/p>\n<p>Prep\u00e1rese para la guerra espiritual<\/p>\n<p>El poder de la Biblia es una de sus mejores herramientas contra toda fuerza y actividad demon\u00edaca. Con materiales de estudio de respetados l\u00edderes cristianos y autores de \u00e9xitos de ventas, la Biblia para la guerra espiritual proporciona ense\u00f1anzas que enriquecer\u00e1n su tiempo de devoci\u00f3n a Dios. Adem\u00e1s, es ideal tanto para el estudio personal como en grupos peque\u00f1os.<\/p>\n<p>Use la Palabra de Dios en la guerra espiritual<\/p>\n<p>Declaraciones para la guerra espiritual que afirman su determinaci\u00f3n para enfrentar a Satan\u00e1s con la ayuda del Esp\u00edritu Santo<\/p>\n<p>Fundamentos para la guerra espiritual para hacerle frente al enemigo<\/p>\n<p>M\u00e1s de 60 ense\u00f1anzas sustanciales sobre la guerra espiritual en cada libro de la Biblia<\/p>\n","protected":false},"excerpt":{"rendered":"<p>Porque no tenemos lucha contra sangre y carne, sino contra principados, contra potestades, contra los gobernadores de las tinieblas de este siglo, contra huestes espirituales de maldad en las regiones celestes.<br \/>\nEfesios 6; 12<br \/>\nPrep\u00e1rese para la guerra espiritual<br \/>\nEl poder de la Biblia es una de sus mejores herramientas contra toda fuerza y actividad demoniaca. Con materiales de estudio de respetados l\u00edderes cristianos y autores de \u00e9xitos de ventas, la Biblia para la guerra espiritual proporciona ense\u00f1anzas que enriquecer\u00e1n tiempo de devocional a Dios. Adem\u00e1s, es ideal tanto para el estudio personal como en grupos peque\u00f1os.<br \/>\nCualidades especiales:<br \/>\nM\u00e1s de 250 declaraciones y oraciones de guerra espiritual 216 consejos valiosos para la batalla espiritual art\u00edculos y ense\u00f1anzas profundas 8 mapas a todo color.<br \/>\nUse la palabra de Dios en la guerra espiritual<br \/>\nDeclaraciones para la guerra espiritual que afirman su determinaci\u00f3n para enfrentar a Satan\u00e1s con la ayuda de Esp\u00edritu Santo.<br \/>\nFundamentos para la guerra espiritual para hacerle frente al enemigo.<br \/>\nM\u00e1s de 60 ense\u00f1anzas sustanciales sobre la guerra espiritual en cada libro de la biblia.<br \/>\nUna Biblia de aplicaci\u00f3n espiritual diaria.<\/p>\n","protected":false},"featured_media":10749,"comment_status":"open","ping_status":"closed","template":"","meta":{"om_disable_all_campaigns":false},"product_brand":[],"product_cat":[86],"product_tag":[],"class_list":{"0":"post-10748","1":"product","2":"type-product","3":"status-publish","4":"has-post-thumbnail","6":"product_cat-libreria","8":"first","9":"instock","10":"shipping-taxable","11":"purchasable","12":"product-type-simple"},"yoast_head":"<!-- This site is optimized with the Yoast SEO plugin v26.3 - https:\/\/yoast.com\/wordpress\/plugins\/seo\/ -->\n<title>Biblia Para Guerra Espiritual (RVR) - Iglesia Trina &quot;Cristo Es&quot;<\/title>\n<meta name=\"robots\" content=\"index, follow, max-snippet:-1, max-image-preview:large, max-video-preview:-1\" \/>\n<link rel=\"canonical\" href=\"https:\/\/iglesiatrinacristoes.org\/index.php\/producto\/biblia-para-guerra-espiritual-rvr\/\" \/>\n<meta property=\"og:locale\" content=\"es_ES\" \/>\n<meta property=\"og:type\" content=\"article\" \/>\n<meta property=\"og:title\" content=\"Biblia Para Guerra Espiritual (RVR) - Iglesia Trina &quot;Cristo Es&quot;\" \/>\n<meta property=\"og:description\" content=\"Porque no tenemos lucha contra sangre y carne, sino contra principados, contra potestades, contra los gobernadores de las tinieblas de este siglo, contra huestes espirituales de maldad en las regiones celestes. Efesios 6; 12 Prep\u00e1rese para la guerra espiritual El poder de la Biblia es una de sus mejores herramientas contra toda fuerza y actividad demoniaca. Con materiales de estudio de respetados l\u00edderes cristianos y autores de \u00e9xitos de ventas, la Biblia para la guerra espiritual proporciona ense\u00f1anzas que enriquecer\u00e1n tiempo de devocional a Dios. Adem\u00e1s, es ideal tanto para el estudio personal como en grupos peque\u00f1os. Cualidades especiales: M\u00e1s de 250 declaraciones y oraciones de guerra espiritual 216 consejos valiosos para la batalla espiritual art\u00edculos y ense\u00f1anzas profundas 8 mapas a todo color. Use la palabra de Dios en la guerra espiritual Declaraciones para la guerra espiritual que afirman su determinaci\u00f3n para enfrentar a Satan\u00e1s con la ayuda de Esp\u00edritu Santo. Fundamentos para la guerra espiritual para hacerle frente al enemigo. M\u00e1s de 60 ense\u00f1anzas sustanciales sobre la guerra espiritual en cada libro de la biblia. Una Biblia de aplicaci\u00f3n espiritual diaria.\" \/>\n<meta property=\"og:url\" content=\"https:\/\/iglesiatrinacristoes.org\/index.php\/producto\/biblia-para-guerra-espiritual-rvr\/\" \/>\n<meta property=\"og:site_name\" content=\"Iglesia Trina &quot;Cristo Es&quot;\" \/>\n<meta property=\"article:modified_time\" content=\"2026-04-04T03:07:12+00:00\" \/>\n<meta property=\"og:image\" content=\"http:\/\/iglesiatrinacristoes.org\/wp-content\/uploads\/2026\/04\/Biblia-Para-Guerra-Espiritual.png\" \/>\n\t<meta property=\"og:image:width\" content=\"381\" \/>\n\t<meta property=\"og:image:height\" content=\"580\" \/>\n\t<meta property=\"og:image:type\" content=\"image\/png\" \/>\n<meta name=\"twitter:card\" content=\"summary_large_image\" \/>\n<meta name=\"twitter:label1\" content=\"Tiempo de lectura\" \/>\n\t<meta name=\"twitter:data1\" content=\"1 minuto\" \/>\n<script type=\"application\/ld+json\" class=\"yoast-schema-graph\">{\"@context\":\"https:\/\/schema.org\",\"@graph\":[{\"@type\":\"WebPage\",\"@id\":\"https:\/\/iglesiatrinacristoes.org\/index.php\/producto\/biblia-para-guerra-espiritual-rvr\/\",\"url\":\"https:\/\/iglesiatrinacristoes.org\/index.php\/producto\/biblia-para-guerra-espiritual-rvr\/\",\"name\":\"Biblia Para Guerra Espiritual (RVR) - Iglesia Trina &quot;Cristo Es&quot;\",\"isPartOf\":{\"@id\":\"https:\/\/iglesiatrinacristoes.org\/#website\"},\"primaryImageOfPage\":{\"@id\":\"https:\/\/iglesiatrinacristoes.org\/index.php\/producto\/biblia-para-guerra-espiritual-rvr\/#primaryimage\"},\"image\":{\"@id\":\"https:\/\/iglesiatrinacristoes.org\/index.php\/producto\/biblia-para-guerra-espiritual-rvr\/#primaryimage\"},\"thumbnailUrl\":\"https:\/\/iglesiatrinacristoes.org\/wp-content\/uploads\/2026\/04\/Biblia-Para-Guerra-Espiritual.png\",\"datePublished\":\"2026-04-04T03:05:18+00:00\",\"dateModified\":\"2026-04-04T03:07:12+00:00\",\"breadcrumb\":{\"@id\":\"https:\/\/iglesiatrinacristoes.org\/index.php\/producto\/biblia-para-guerra-espiritual-rvr\/#breadcrumb\"},\"inLanguage\":\"es-CO\",\"potentialAction\":[{\"@type\":\"ReadAction\",\"target\":[\"https:\/\/iglesiatrinacristoes.org\/index.php\/producto\/biblia-para-guerra-espiritual-rvr\/\"]}]},{\"@type\":\"ImageObject\",\"inLanguage\":\"es-CO\",\"@id\":\"https:\/\/iglesiatrinacristoes.org\/index.php\/producto\/biblia-para-guerra-espiritual-rvr\/#primaryimage\",\"url\":\"https:\/\/iglesiatrinacristoes.org\/wp-content\/uploads\/2026\/04\/Biblia-Para-Guerra-Espiritual.png\",\"contentUrl\":\"https:\/\/iglesiatrinacristoes.org\/wp-content\/uploads\/2026\/04\/Biblia-Para-Guerra-Espiritual.png\",\"width\":381,\"height\":580},{\"@type\":\"BreadcrumbList\",\"@id\":\"https:\/\/iglesiatrinacristoes.org\/index.php\/producto\/biblia-para-guerra-espiritual-rvr\/#breadcrumb\",\"itemListElement\":[{\"@type\":\"ListItem\",\"position\":1,\"name\":\"Inicio\",\"item\":\"https:\/\/iglesiatrinacristoes.org\/\"},{\"@type\":\"ListItem\",\"position\":2,\"name\":\"Tienda\",\"item\":\"https:\/\/iglesiatrinacristoes.org\/index.php\/tienda\/\"},{\"@type\":\"ListItem\",\"position\":3,\"name\":\"Biblia Para Guerra Espiritual (RVR)\"}]},{\"@type\":\"WebSite\",\"@id\":\"https:\/\/iglesiatrinacristoes.org\/#website\",\"url\":\"https:\/\/iglesiatrinacristoes.org\/\",\"name\":\"Iglesia Trina &quot;Cristo Es&quot;\",\"description\":\"Iglesia Trina &quot;Cristo Es&quot;\",\"publisher\":{\"@id\":\"https:\/\/iglesiatrinacristoes.org\/#organization\"},\"potentialAction\":[{\"@type\":\"SearchAction\",\"target\":{\"@type\":\"EntryPoint\",\"urlTemplate\":\"https:\/\/iglesiatrinacristoes.org\/?s={search_term_string}\"},\"query-input\":{\"@type\":\"PropertyValueSpecification\",\"valueRequired\":true,\"valueName\":\"search_term_string\"}}],\"inLanguage\":\"es-CO\"},{\"@type\":\"Organization\",\"@id\":\"https:\/\/iglesiatrinacristoes.org\/#organization\",\"name\":\"Iglesia Trina &quot;Cristo Es&quot;\",\"url\":\"https:\/\/iglesiatrinacristoes.org\/\",\"logo\":{\"@type\":\"ImageObject\",\"inLanguage\":\"es-CO\",\"@id\":\"https:\/\/iglesiatrinacristoes.org\/#\/schema\/logo\/image\/\",\"url\":\"\",\"contentUrl\":\"\",\"caption\":\"Iglesia Trina &quot;Cristo Es&quot;\"},\"image\":{\"@id\":\"https:\/\/iglesiatrinacristoes.org\/#\/schema\/logo\/image\/\"}}]}<\/script>\n<!-- \/ Yoast SEO plugin. -->","yoast_head_json":{"title":"Biblia Para Guerra Espiritual (RVR) - Iglesia Trina &quot;Cristo Es&quot;","robots":{"index":"index","follow":"follow","max-snippet":"max-snippet:-1","max-image-preview":"max-image-preview:large","max-video-preview":"max-video-preview:-1"},"canonical":"https:\/\/iglesiatrinacristoes.org\/index.php\/producto\/biblia-para-guerra-espiritual-rvr\/","og_locale":"es_ES","og_type":"article","og_title":"Biblia Para Guerra Espiritual (RVR) - Iglesia Trina &quot;Cristo Es&quot;","og_description":"Porque no tenemos lucha contra sangre y carne, sino contra principados, contra potestades, contra los gobernadores de las tinieblas de este siglo, contra huestes espirituales de maldad en las regiones celestes. Efesios 6; 12 Prep\u00e1rese para la guerra espiritual El poder de la Biblia es una de sus mejores herramientas contra toda fuerza y actividad demoniaca. Con materiales de estudio de respetados l\u00edderes cristianos y autores de \u00e9xitos de ventas, la Biblia para la guerra espiritual proporciona ense\u00f1anzas que enriquecer\u00e1n tiempo de devocional a Dios. Adem\u00e1s, es ideal tanto para el estudio personal como en grupos peque\u00f1os. Cualidades especiales: M\u00e1s de 250 declaraciones y oraciones de guerra espiritual 216 consejos valiosos para la batalla espiritual art\u00edculos y ense\u00f1anzas profundas 8 mapas a todo color. Use la palabra de Dios en la guerra espiritual Declaraciones para la guerra espiritual que afirman su determinaci\u00f3n para enfrentar a Satan\u00e1s con la ayuda de Esp\u00edritu Santo. Fundamentos para la guerra espiritual para hacerle frente al enemigo. M\u00e1s de 60 ense\u00f1anzas sustanciales sobre la guerra espiritual en cada libro de la biblia. Una Biblia de aplicaci\u00f3n espiritual diaria.","og_url":"https:\/\/iglesiatrinacristoes.org\/index.php\/producto\/biblia-para-guerra-espiritual-rvr\/","og_site_name":"Iglesia Trina &quot;Cristo Es&quot;","article_modified_time":"2026-04-04T03:07:12+00:00","og_image":[{"width":381,"height":580,"url":"http:\/\/iglesiatrinacristoes.org\/wp-content\/uploads\/2026\/04\/Biblia-Para-Guerra-Espiritual.png","type":"image\/png"}],"twitter_card":"summary_large_image","twitter_misc":{"Tiempo de lectura":"1 minuto"},"schema":{"@context":"https:\/\/schema.org","@graph":[{"@type":"WebPage","@id":"https:\/\/iglesiatrinacristoes.org\/index.php\/producto\/biblia-para-guerra-espiritual-rvr\/","url":"https:\/\/iglesiatrinacristoes.org\/index.php\/producto\/biblia-para-guerra-espiritual-rvr\/","name":"Biblia Para Guerra Espiritual (RVR) - Iglesia Trina &quot;Cristo Es&quot;","isPartOf":{"@id":"https:\/\/iglesiatrinacristoes.org\/#website"},"primaryImageOfPage":{"@id":"https:\/\/iglesiatrinacristoes.org\/index.php\/producto\/biblia-para-guerra-espiritual-rvr\/#primaryimage"},"image":{"@id":"https:\/\/iglesiatrinacristoes.org\/index.php\/producto\/biblia-para-guerra-espiritual-rvr\/#primaryimage"},"thumbnailUrl":"https:\/\/iglesiatrinacristoes.org\/wp-content\/uploads\/2026\/04\/Biblia-Para-Guerra-Espiritual.png","datePublished":"2026-04-04T03:05:18+00:00","dateModified":"2026-04-04T03:07:12+00:00","breadcrumb":{"@id":"https:\/\/iglesiatrinacristoes.org\/index.php\/producto\/biblia-para-guerra-espiritual-rvr\/#breadcrumb"},"inLanguage":"es-CO","potentialAction":[{"@type":"ReadAction","target":["https:\/\/iglesiatrinacristoes.org\/index.php\/producto\/biblia-para-guerra-espiritual-rvr\/"]}]},{"@type":"ImageObject","inLanguage":"es-CO","@id":"https:\/\/iglesiatrinacristoes.org\/index.php\/producto\/biblia-para-guerra-espiritual-rvr\/#primaryimage","url":"https:\/\/iglesiatrinacristoes.org\/wp-content\/uploads\/2026\/04\/Biblia-Para-Guerra-Espiritual.png","contentUrl":"https:\/\/iglesiatrinacristoes.org\/wp-content\/uploads\/2026\/04\/Biblia-Para-Guerra-Espiritual.png","width":381,"height":580},{"@type":"BreadcrumbList","@id":"https:\/\/iglesiatrinacristoes.org\/index.php\/producto\/biblia-para-guerra-espiritual-rvr\/#breadcrumb","itemListElement":[{"@type":"ListItem","position":1,"name":"Inicio","item":"https:\/\/iglesiatrinacristoes.org\/"},{"@type":"ListItem","position":2,"name":"Tienda","item":"https:\/\/iglesiatrinacristoes.org\/index.php\/tienda\/"},{"@type":"ListItem","position":3,"name":"Biblia Para Guerra Espiritual (RVR)"}]},{"@type":"WebSite","@id":"https:\/\/iglesiatrinacristoes.org\/#website","url":"https:\/\/iglesiatrinacristoes.org\/","name":"Iglesia Trina &quot;Cristo Es&quot;","description":"Iglesia Trina &quot;Cristo Es&quot;","publisher":{"@id":"https:\/\/iglesiatrinacristoes.org\/#organization"},"potentialAction":[{"@type":"SearchAction","target":{"@type":"EntryPoint","urlTemplate":"https:\/\/iglesiatrinacristoes.org\/?s={search_term_string}"},"query-input":{"@type":"PropertyValueSpecification","valueRequired":true,"valueName":"search_term_string"}}],"inLanguage":"es-CO"},{"@type":"Organization","@id":"https:\/\/iglesiatrinacristoes.org\/#organization","name":"Iglesia Trina &quot;Cristo Es&quot;","url":"https:\/\/iglesiatrinacristoes.org\/","logo":{"@type":"ImageObject","inLanguage":"es-CO","@id":"https:\/\/iglesiatrinacristoes.org\/#\/schema\/logo\/image\/","url":"","contentUrl":"","caption":"Iglesia Trina &quot;Cristo Es&quot;"},"image":{"@id":"https:\/\/iglesiatrinacristoes.org\/#\/schema\/logo\/image\/"}}]}},"_links":{"self":[{"href":"https:\/\/iglesiatrinacristoes.org\/index.php\/wp-json\/wp\/v2\/product\/10748","targetHints":{"allow":["GET"]}}],"collection":[{"href":"https:\/\/iglesiatrinacristoes.org\/index.php\/wp-json\/wp\/v2\/product"}],"about":[{"href":"https:\/\/iglesiatrinacristoes.org\/index.php\/wp-json\/wp\/v2\/types\/product"}],"replies":[{"embeddable":true,"href":"https:\/\/iglesiatrinacristoes.org\/index.php\/wp-json\/wp\/v2\/comments?post=10748"}],"wp:featuredmedia":[{"embeddable":true,"href":"https:\/\/iglesiatrinacristoes.org\/index.php\/wp-json\/wp\/v2\/media\/10749"}],"wp:attachment":[{"href":"https:\/\/iglesiatrinacristoes.org\/index.php\/wp-json\/wp\/v2\/media?parent=10748"}],"wp:term":[{"taxonomy":"product_brand","embeddable":true,"href":"https:\/\/iglesiatrinacristoes.org\/index.php\/wp-json\/wp\/v2\/product_brand?post=10748"},{"taxonomy":"product_cat","embeddable":true,"href":"https:\/\/iglesiatrinacristoes.org\/index.php\/wp-json\/wp\/v2\/product_cat?post=10748"},{"taxonomy":"product_tag","embeddable":true,"href":"https:\/\/iglesiatrinacristoes.org\/index.php\/wp-json\/wp\/v2\/product_tag?post=10748"}],"curies":[{"name":"wp","href":"https:\/\/api.w.org\/{rel}","templated":true}]}}