{"id":10779,"date":"2026-04-14T19:00:36","date_gmt":"2026-04-15T00:00:36","guid":{"rendered":"https:\/\/iglesiatrinacristoes.org\/?post_type=product&#038;p=10779"},"modified":"2026-04-14T19:08:02","modified_gmt":"2026-04-15T00:08:02","slug":"comentario-biblico-de-matthew-henry","status":"publish","type":"product","link":"https:\/\/iglesiatrinacristoes.org\/index.php\/producto\/comentario-biblico-de-matthew-henry\/","title":{"rendered":"Comentario Biblico De Matthew Henry"},"content":{"rendered":"<style type=\"text\/css\"><\/style><p>Editorial<\/p>\n<p>Dimensiones: cm<br \/>\nCubierta: Tapa dura<br \/>\nIdioma: Espa\u00f1ol<\/p>\n<p>&nbsp;<\/p>\n<p>13 tomos en 1<br \/>\n\u00a1Por fin. El comentario MATHEW HENRY de trece vol\u00famenes, en un solo volumen! Con el texto completo y sin abreviar.<br \/>\nA pesar de que fie escrito a principios del siglo XVIII, el Comentario B\u00edblico de Mathew Henry no ha sido todav\u00eda sobrepasado por ning\u00fan otro,<\/p>\n","protected":false},"excerpt":{"rendered":"<p>Este comentario, m\u00e1s que ning\u00fan otro, ayuda grandemente, no s\u00f3lo a conocer la Santa Biblia sino tambi\u00e9n a vivirla. Los pastores y maestros, especialmente, encontrar\u00e1n en ella un copioso arsenal de material predicable. Tan asequible, incluso al m\u00e1s inexperto predicador, que basta a menudo con los ep\u00edgrafes bosquejados del comentario de Matthew Henry, para tener un buen esquema de serm\u00f3n o mensaje, que puede rellenarse con las ideas del mismo comentario y completarlas con las personales, expres\u00e1ndolas en el estilo propio de cada predicador, teniendo en cuenta el auditorio al que se dirige. Disponiendo de un buen buen libro de an\u00e9cdotas, el mensaje puede resultar perfectamente apto para atraer la atenci\u00f3n de los oyentes y para llevarlos, con el poder del Esp\u00edritu Santo, bien al conocimiento del Evangelio de salvaci\u00f3n, o a un s\u00f3lido crecimiento espiritual, seg\u00fan los casos.<br \/>\n2. La edici\u00f3n castellana presenta mejoras muy importantes. No es una simple traducci\u00f3n del original, sino que ha sido puesta al d\u00eda mediante consulta con los mejores comentarios tanto evang\u00e9licos como rab\u00ednicos. Un manantial inagotable de ideas, met\u00e1foras y expresiones iluminadoras que proporcionan a pastores, predicadores, maestros y estudiantes alimento espiritual de alta calidad. El mejor comentario b\u00edblico devocional escrito hasta la fecha, sobre el que Spurgeon afirm\u00f3: \u00abTodo ministro de Dios deber\u00eda leer el MATTHEW HENRY con plena atenci\u00f3n por lo menos una vez.\u00bb<\/p>\n","protected":false},"featured_media":10781,"comment_status":"open","ping_status":"closed","template":"","meta":{"om_disable_all_campaigns":false},"product_brand":[],"product_cat":[86],"product_tag":[],"class_list":{"0":"post-10779","1":"product","2":"type-product","3":"status-publish","4":"has-post-thumbnail","6":"product_cat-libreria","8":"first","9":"instock","10":"shipping-taxable","11":"purchasable","12":"product-type-simple"},"yoast_head":"<!-- This site is optimized with the Yoast SEO plugin v26.3 - https:\/\/yoast.com\/wordpress\/plugins\/seo\/ -->\n<title>Comentario Biblico De Matthew Henry - Iglesia Trina &quot;Cristo Es&quot;<\/title>\n<meta name=\"robots\" content=\"index, follow, max-snippet:-1, max-image-preview:large, max-video-preview:-1\" \/>\n<link rel=\"canonical\" href=\"https:\/\/iglesiatrinacristoes.org\/index.php\/producto\/comentario-biblico-de-matthew-henry\/\" \/>\n<meta property=\"og:locale\" content=\"es_ES\" \/>\n<meta property=\"og:type\" content=\"article\" \/>\n<meta property=\"og:title\" content=\"Comentario Biblico De Matthew Henry - Iglesia Trina &quot;Cristo Es&quot;\" \/>\n<meta property=\"og:description\" content=\"Este comentario, m\u00e1s que ning\u00fan otro, ayuda grandemente, no s\u00f3lo a conocer la Santa Biblia sino tambi\u00e9n a vivirla. Los pastores y maestros, especialmente, encontrar\u00e1n en ella un copioso arsenal de material predicable. Tan asequible, incluso al m\u00e1s inexperto predicador, que basta a menudo con los ep\u00edgrafes bosquejados del comentario de Matthew Henry, para tener un buen esquema de serm\u00f3n o mensaje, que puede rellenarse con las ideas del mismo comentario y completarlas con las personales, expres\u00e1ndolas en el estilo propio de cada predicador, teniendo en cuenta el auditorio al que se dirige. Disponiendo de un buen buen libro de an\u00e9cdotas, el mensaje puede resultar perfectamente apto para atraer la atenci\u00f3n de los oyentes y para llevarlos, con el poder del Esp\u00edritu Santo, bien al conocimiento del Evangelio de salvaci\u00f3n, o a un s\u00f3lido crecimiento espiritual, seg\u00fan los casos. 2. La edici\u00f3n castellana presenta mejoras muy importantes. No es una simple traducci\u00f3n del original, sino que ha sido puesta al d\u00eda mediante consulta con los mejores comentarios tanto evang\u00e9licos como rab\u00ednicos. Un manantial inagotable de ideas, met\u00e1foras y expresiones iluminadoras que proporcionan a pastores, predicadores, maestros y estudiantes alimento espiritual de alta calidad. El mejor comentario b\u00edblico devocional escrito hasta la fecha, sobre el que Spurgeon afirm\u00f3: \u00abTodo ministro de Dios deber\u00eda leer el MATTHEW HENRY con plena atenci\u00f3n por lo menos una vez.\u00bb\" \/>\n<meta property=\"og:url\" content=\"https:\/\/iglesiatrinacristoes.org\/index.php\/producto\/comentario-biblico-de-matthew-henry\/\" \/>\n<meta property=\"og:site_name\" content=\"Iglesia Trina &quot;Cristo Es&quot;\" \/>\n<meta property=\"article:modified_time\" content=\"2026-04-15T00:08:02+00:00\" \/>\n<meta property=\"og:image\" content=\"http:\/\/iglesiatrinacristoes.org\/wp-content\/uploads\/2026\/04\/Comentario-Biblico-De-Matthew-Henry-1.png\" \/>\n\t<meta property=\"og:image:width\" content=\"381\" \/>\n\t<meta property=\"og:image:height\" content=\"580\" \/>\n\t<meta property=\"og:image:type\" content=\"image\/png\" \/>\n<meta name=\"twitter:card\" content=\"summary_large_image\" \/>\n<meta name=\"twitter:label1\" content=\"Tiempo de lectura\" \/>\n\t<meta name=\"twitter:data1\" content=\"1 minuto\" \/>\n<script type=\"application\/ld+json\" class=\"yoast-schema-graph\">{\"@context\":\"https:\/\/schema.org\",\"@graph\":[{\"@type\":\"WebPage\",\"@id\":\"https:\/\/iglesiatrinacristoes.org\/index.php\/producto\/comentario-biblico-de-matthew-henry\/\",\"url\":\"https:\/\/iglesiatrinacristoes.org\/index.php\/producto\/comentario-biblico-de-matthew-henry\/\",\"name\":\"Comentario Biblico De Matthew Henry - Iglesia Trina &quot;Cristo Es&quot;\",\"isPartOf\":{\"@id\":\"https:\/\/iglesiatrinacristoes.org\/#website\"},\"primaryImageOfPage\":{\"@id\":\"https:\/\/iglesiatrinacristoes.org\/index.php\/producto\/comentario-biblico-de-matthew-henry\/#primaryimage\"},\"image\":{\"@id\":\"https:\/\/iglesiatrinacristoes.org\/index.php\/producto\/comentario-biblico-de-matthew-henry\/#primaryimage\"},\"thumbnailUrl\":\"https:\/\/iglesiatrinacristoes.org\/wp-content\/uploads\/2026\/04\/Comentario-Biblico-De-Matthew-Henry-1.png\",\"datePublished\":\"2026-04-15T00:00:36+00:00\",\"dateModified\":\"2026-04-15T00:08:02+00:00\",\"breadcrumb\":{\"@id\":\"https:\/\/iglesiatrinacristoes.org\/index.php\/producto\/comentario-biblico-de-matthew-henry\/#breadcrumb\"},\"inLanguage\":\"es-CO\",\"potentialAction\":[{\"@type\":\"ReadAction\",\"target\":[\"https:\/\/iglesiatrinacristoes.org\/index.php\/producto\/comentario-biblico-de-matthew-henry\/\"]}]},{\"@type\":\"ImageObject\",\"inLanguage\":\"es-CO\",\"@id\":\"https:\/\/iglesiatrinacristoes.org\/index.php\/producto\/comentario-biblico-de-matthew-henry\/#primaryimage\",\"url\":\"https:\/\/iglesiatrinacristoes.org\/wp-content\/uploads\/2026\/04\/Comentario-Biblico-De-Matthew-Henry-1.png\",\"contentUrl\":\"https:\/\/iglesiatrinacristoes.org\/wp-content\/uploads\/2026\/04\/Comentario-Biblico-De-Matthew-Henry-1.png\",\"width\":381,\"height\":580},{\"@type\":\"BreadcrumbList\",\"@id\":\"https:\/\/iglesiatrinacristoes.org\/index.php\/producto\/comentario-biblico-de-matthew-henry\/#breadcrumb\",\"itemListElement\":[{\"@type\":\"ListItem\",\"position\":1,\"name\":\"Inicio\",\"item\":\"https:\/\/iglesiatrinacristoes.org\/\"},{\"@type\":\"ListItem\",\"position\":2,\"name\":\"Tienda\",\"item\":\"https:\/\/iglesiatrinacristoes.org\/index.php\/tienda\/\"},{\"@type\":\"ListItem\",\"position\":3,\"name\":\"Comentario Biblico De Matthew Henry\"}]},{\"@type\":\"WebSite\",\"@id\":\"https:\/\/iglesiatrinacristoes.org\/#website\",\"url\":\"https:\/\/iglesiatrinacristoes.org\/\",\"name\":\"Iglesia Trina &quot;Cristo Es&quot;\",\"description\":\"Iglesia Trina &quot;Cristo Es&quot;\",\"publisher\":{\"@id\":\"https:\/\/iglesiatrinacristoes.org\/#organization\"},\"potentialAction\":[{\"@type\":\"SearchAction\",\"target\":{\"@type\":\"EntryPoint\",\"urlTemplate\":\"https:\/\/iglesiatrinacristoes.org\/?s={search_term_string}\"},\"query-input\":{\"@type\":\"PropertyValueSpecification\",\"valueRequired\":true,\"valueName\":\"search_term_string\"}}],\"inLanguage\":\"es-CO\"},{\"@type\":\"Organization\",\"@id\":\"https:\/\/iglesiatrinacristoes.org\/#organization\",\"name\":\"Iglesia Trina &quot;Cristo Es&quot;\",\"url\":\"https:\/\/iglesiatrinacristoes.org\/\",\"logo\":{\"@type\":\"ImageObject\",\"inLanguage\":\"es-CO\",\"@id\":\"https:\/\/iglesiatrinacristoes.org\/#\/schema\/logo\/image\/\",\"url\":\"\",\"contentUrl\":\"\",\"caption\":\"Iglesia Trina &quot;Cristo Es&quot;\"},\"image\":{\"@id\":\"https:\/\/iglesiatrinacristoes.org\/#\/schema\/logo\/image\/\"}}]}<\/script>\n<!-- \/ Yoast SEO plugin. -->","yoast_head_json":{"title":"Comentario Biblico De Matthew Henry - Iglesia Trina &quot;Cristo Es&quot;","robots":{"index":"index","follow":"follow","max-snippet":"max-snippet:-1","max-image-preview":"max-image-preview:large","max-video-preview":"max-video-preview:-1"},"canonical":"https:\/\/iglesiatrinacristoes.org\/index.php\/producto\/comentario-biblico-de-matthew-henry\/","og_locale":"es_ES","og_type":"article","og_title":"Comentario Biblico De Matthew Henry - Iglesia Trina &quot;Cristo Es&quot;","og_description":"Este comentario, m\u00e1s que ning\u00fan otro, ayuda grandemente, no s\u00f3lo a conocer la Santa Biblia sino tambi\u00e9n a vivirla. Los pastores y maestros, especialmente, encontrar\u00e1n en ella un copioso arsenal de material predicable. Tan asequible, incluso al m\u00e1s inexperto predicador, que basta a menudo con los ep\u00edgrafes bosquejados del comentario de Matthew Henry, para tener un buen esquema de serm\u00f3n o mensaje, que puede rellenarse con las ideas del mismo comentario y completarlas con las personales, expres\u00e1ndolas en el estilo propio de cada predicador, teniendo en cuenta el auditorio al que se dirige. Disponiendo de un buen buen libro de an\u00e9cdotas, el mensaje puede resultar perfectamente apto para atraer la atenci\u00f3n de los oyentes y para llevarlos, con el poder del Esp\u00edritu Santo, bien al conocimiento del Evangelio de salvaci\u00f3n, o a un s\u00f3lido crecimiento espiritual, seg\u00fan los casos. 2. La edici\u00f3n castellana presenta mejoras muy importantes. No es una simple traducci\u00f3n del original, sino que ha sido puesta al d\u00eda mediante consulta con los mejores comentarios tanto evang\u00e9licos como rab\u00ednicos. Un manantial inagotable de ideas, met\u00e1foras y expresiones iluminadoras que proporcionan a pastores, predicadores, maestros y estudiantes alimento espiritual de alta calidad. El mejor comentario b\u00edblico devocional escrito hasta la fecha, sobre el que Spurgeon afirm\u00f3: \u00abTodo ministro de Dios deber\u00eda leer el MATTHEW HENRY con plena atenci\u00f3n por lo menos una vez.\u00bb","og_url":"https:\/\/iglesiatrinacristoes.org\/index.php\/producto\/comentario-biblico-de-matthew-henry\/","og_site_name":"Iglesia Trina &quot;Cristo Es&quot;","article_modified_time":"2026-04-15T00:08:02+00:00","og_image":[{"width":381,"height":580,"url":"http:\/\/iglesiatrinacristoes.org\/wp-content\/uploads\/2026\/04\/Comentario-Biblico-De-Matthew-Henry-1.png","type":"image\/png"}],"twitter_card":"summary_large_image","twitter_misc":{"Tiempo de lectura":"1 minuto"},"schema":{"@context":"https:\/\/schema.org","@graph":[{"@type":"WebPage","@id":"https:\/\/iglesiatrinacristoes.org\/index.php\/producto\/comentario-biblico-de-matthew-henry\/","url":"https:\/\/iglesiatrinacristoes.org\/index.php\/producto\/comentario-biblico-de-matthew-henry\/","name":"Comentario Biblico De Matthew Henry - Iglesia Trina &quot;Cristo Es&quot;","isPartOf":{"@id":"https:\/\/iglesiatrinacristoes.org\/#website"},"primaryImageOfPage":{"@id":"https:\/\/iglesiatrinacristoes.org\/index.php\/producto\/comentario-biblico-de-matthew-henry\/#primaryimage"},"image":{"@id":"https:\/\/iglesiatrinacristoes.org\/index.php\/producto\/comentario-biblico-de-matthew-henry\/#primaryimage"},"thumbnailUrl":"https:\/\/iglesiatrinacristoes.org\/wp-content\/uploads\/2026\/04\/Comentario-Biblico-De-Matthew-Henry-1.png","datePublished":"2026-04-15T00:00:36+00:00","dateModified":"2026-04-15T00:08:02+00:00","breadcrumb":{"@id":"https:\/\/iglesiatrinacristoes.org\/index.php\/producto\/comentario-biblico-de-matthew-henry\/#breadcrumb"},"inLanguage":"es-CO","potentialAction":[{"@type":"ReadAction","target":["https:\/\/iglesiatrinacristoes.org\/index.php\/producto\/comentario-biblico-de-matthew-henry\/"]}]},{"@type":"ImageObject","inLanguage":"es-CO","@id":"https:\/\/iglesiatrinacristoes.org\/index.php\/producto\/comentario-biblico-de-matthew-henry\/#primaryimage","url":"https:\/\/iglesiatrinacristoes.org\/wp-content\/uploads\/2026\/04\/Comentario-Biblico-De-Matthew-Henry-1.png","contentUrl":"https:\/\/iglesiatrinacristoes.org\/wp-content\/uploads\/2026\/04\/Comentario-Biblico-De-Matthew-Henry-1.png","width":381,"height":580},{"@type":"BreadcrumbList","@id":"https:\/\/iglesiatrinacristoes.org\/index.php\/producto\/comentario-biblico-de-matthew-henry\/#breadcrumb","itemListElement":[{"@type":"ListItem","position":1,"name":"Inicio","item":"https:\/\/iglesiatrinacristoes.org\/"},{"@type":"ListItem","position":2,"name":"Tienda","item":"https:\/\/iglesiatrinacristoes.org\/index.php\/tienda\/"},{"@type":"ListItem","position":3,"name":"Comentario Biblico De Matthew Henry"}]},{"@type":"WebSite","@id":"https:\/\/iglesiatrinacristoes.org\/#website","url":"https:\/\/iglesiatrinacristoes.org\/","name":"Iglesia Trina &quot;Cristo Es&quot;","description":"Iglesia Trina &quot;Cristo Es&quot;","publisher":{"@id":"https:\/\/iglesiatrinacristoes.org\/#organization"},"potentialAction":[{"@type":"SearchAction","target":{"@type":"EntryPoint","urlTemplate":"https:\/\/iglesiatrinacristoes.org\/?s={search_term_string}"},"query-input":{"@type":"PropertyValueSpecification","valueRequired":true,"valueName":"search_term_string"}}],"inLanguage":"es-CO"},{"@type":"Organization","@id":"https:\/\/iglesiatrinacristoes.org\/#organization","name":"Iglesia Trina &quot;Cristo Es&quot;","url":"https:\/\/iglesiatrinacristoes.org\/","logo":{"@type":"ImageObject","inLanguage":"es-CO","@id":"https:\/\/iglesiatrinacristoes.org\/#\/schema\/logo\/image\/","url":"","contentUrl":"","caption":"Iglesia Trina &quot;Cristo Es&quot;"},"image":{"@id":"https:\/\/iglesiatrinacristoes.org\/#\/schema\/logo\/image\/"}}]}},"_links":{"self":[{"href":"https:\/\/iglesiatrinacristoes.org\/index.php\/wp-json\/wp\/v2\/product\/10779","targetHints":{"allow":["GET"]}}],"collection":[{"href":"https:\/\/iglesiatrinacristoes.org\/index.php\/wp-json\/wp\/v2\/product"}],"about":[{"href":"https:\/\/iglesiatrinacristoes.org\/index.php\/wp-json\/wp\/v2\/types\/product"}],"replies":[{"embeddable":true,"href":"https:\/\/iglesiatrinacristoes.org\/index.php\/wp-json\/wp\/v2\/comments?post=10779"}],"wp:featuredmedia":[{"embeddable":true,"href":"https:\/\/iglesiatrinacristoes.org\/index.php\/wp-json\/wp\/v2\/media\/10781"}],"wp:attachment":[{"href":"https:\/\/iglesiatrinacristoes.org\/index.php\/wp-json\/wp\/v2\/media?parent=10779"}],"wp:term":[{"taxonomy":"product_brand","embeddable":true,"href":"https:\/\/iglesiatrinacristoes.org\/index.php\/wp-json\/wp\/v2\/product_brand?post=10779"},{"taxonomy":"product_cat","embeddable":true,"href":"https:\/\/iglesiatrinacristoes.org\/index.php\/wp-json\/wp\/v2\/product_cat?post=10779"},{"taxonomy":"product_tag","embeddable":true,"href":"https:\/\/iglesiatrinacristoes.org\/index.php\/wp-json\/wp\/v2\/product_tag?post=10779"}],"curies":[{"name":"wp","href":"https:\/\/api.w.org\/{rel}","templated":true}]}}