{"id":10782,"date":"2026-04-14T19:08:52","date_gmt":"2026-04-15T00:08:52","guid":{"rendered":"https:\/\/iglesiatrinacristoes.org\/?post_type=product&#038;p=10782"},"modified":"2026-04-14T19:12:46","modified_gmt":"2026-04-15T00:12:46","slug":"strong-concordancia","status":"publish","type":"product","link":"https:\/\/iglesiatrinacristoes.org\/index.php\/producto\/strong-concordancia\/","title":{"rendered":"Strong Concordancia"},"content":{"rendered":"<style type=\"text\/css\"><\/style><p>Autor: James Strong<\/p>\n<p>Editorial: Caribe<br \/>\nDimensiones: cm<br \/>\nCubierta: Tapa dura<br \/>\nIdioma: Espa\u00f1ol<\/p>\n<p>&nbsp;<\/p>\n<p>Descripci\u00f3n<br \/>\nLa Concordancia Strong ha sido la preferida de pastores, eruditos y estudiantes b\u00edblicos de habla inglesa durante m\u00e1s de un siglo. Editorial Caribe se complace en presentarla en castellano. A trav\u00e9s de ella uno puede no solo encontrar el vers\u00edculo en que aparece la palabra que busca, sino tambi\u00e9n saber cu\u00e1l fue la palabra hebrea o griega que as\u00ed se tradujo y los diversos significados de la misma en su uso original.<br \/>\n2. \u00bfPor qu\u00e9 es tan \u00fatil? Lo resumiremos as\u00ed:<\/p>\n<p>Porque es una concordancia de la versi\u00f3n m\u00e1s popular de todos los tiempos, la Reina Valera 1960.<br \/>\nPorque por medio de ella uno puede no solo encontrar el vers\u00edculo en que aparece la palabra que busca, sino tambi\u00e9n saber cual fue la palabra hebrea o griega que as\u00ed se tradujo y los diversos significados de la misma.<br \/>\nPorque incluye otros elementos que le ayudar\u00e1n en su estudio, como por ejemplo un amplio \u00edndice tem\u00e1tico y varias otras cosas que le ser\u00e1n de gran utilidad.<br \/>\nIncluye adem\u00e1s:<\/p>\n<p>\u00cdndice tem\u00e1tico<br \/>\nArmon\u00eda de los Evangelios<br \/>\nEnse\u00f1anzas e ilustraciones de Cristo<br \/>\nLas par\u00e1bolas de Jesucristo<br \/>\nLos milagros de Jesucristo<br \/>\nLas profec\u00edas sobre el Mes\u00edas<br \/>\nLas leyes de la Biblia<br \/>\nLas oraciones de la Biblia<\/p>\n","protected":false},"excerpt":{"rendered":"<p>Nueva concordancia Strong exhaustiva<br \/>\nConcordancia exhaustiva de la biblia<br \/>\n\u00a1La m\u00e1s famosa concordancia biblia del mundo de habla inglesa!<br \/>\nEsta obra incluye:<br \/>\n\u2022 El sistema num\u00e9rico de concordancia de Strong<br \/>\n\u2022 Un ap\u00e9ndice que localiza las palabras que no suelen incluirse en las concordancias, como las conjunciones, las preposiciones y los adverbios<br \/>\n\u2022 Un diccionario de palabras hebreas<br \/>\n\u2022 Un diccionario de palabras griegas<br \/>\n\u2022 Las palabras de Cristo en negritas.<br \/>\n\u2022 Un \u00edndice tem\u00e1tico, una armon\u00eda de los Evangelios, una lista de profec\u00edas acerca del Mas\u00edas cumplidas en Jesucristo, y varias otras cosas m\u00e1s.<br \/>\n\u00bfPor qu\u00e9 es tan relevante la Concordancia Strong?<br \/>\nDurante m\u00e1s de un siglo, la Concordancia Strong ha sido instrumento esencial para un estudio profundo de la Biblia en el mundo de habla inglesa, Ahora Editorial Caribe se complace en presentarla por primera vez en castellano.<br \/>\n\u00bfPor qu\u00e9 es tan \u00fatil? Lo resumieron as\u00ed:<br \/>\n\u2022 Porque es una concordancia de la versi\u00f3n m\u00e1s popular de todos los tiempos: La Reina-Valera 1960.<br \/>\n\u2022 Porque por medio de ella uno puede no solo encontrar el vers\u00edculo en que aparece la palabra hebrea o griega que as\u00ed se tradujo y los diversos significados de la misma.<br \/>\n\u2022 Porque incluye otros elementos que le ayudar\u00e1n en su estudio, como por ejemplo un amplio \u00edndice tem\u00e1tico y varias otras cosas que le ser\u00e1n de gran utilidad.<br \/>\nLa Nueva Concordancia Strong Exhaustiva ser\u00e1 por siempre una joya en su biblioteca.<\/p>\n<p>El Dr. James Strong, profesor de teolog\u00eda exeg\u00e9tica en el Seminario Teol\u00f3gico Drew, publico en 1890 una monumental concordancia de la versi\u00f3n inglesa King James de las Sagradas Escrituras, Fruto de treinta y cinco a\u00f1os de trabajo del Dr. Strong y m\u00e1s de cien colegas, se ha convertido desde entonces en la concordancia que m\u00e1s de utiliza den ingl\u00e9s y en un patr\u00f3n permanente para referencia y estudio b\u00edblico.<\/p>\n","protected":false},"featured_media":10783,"comment_status":"open","ping_status":"closed","template":"","meta":{"om_disable_all_campaigns":false},"product_brand":[],"product_cat":[86],"product_tag":[],"class_list":{"0":"post-10782","1":"product","2":"type-product","3":"status-publish","4":"has-post-thumbnail","6":"product_cat-libreria","8":"first","9":"instock","10":"shipping-taxable","11":"purchasable","12":"product-type-simple"},"yoast_head":"<!-- This site is optimized with the Yoast SEO plugin v26.3 - https:\/\/yoast.com\/wordpress\/plugins\/seo\/ -->\n<title>Strong Concordancia - Iglesia Trina &quot;Cristo Es&quot;<\/title>\n<meta name=\"robots\" content=\"index, follow, max-snippet:-1, max-image-preview:large, max-video-preview:-1\" \/>\n<link rel=\"canonical\" href=\"https:\/\/iglesiatrinacristoes.org\/index.php\/producto\/strong-concordancia\/\" \/>\n<meta property=\"og:locale\" content=\"es_ES\" \/>\n<meta property=\"og:type\" content=\"article\" \/>\n<meta property=\"og:title\" content=\"Strong Concordancia - Iglesia Trina &quot;Cristo Es&quot;\" \/>\n<meta property=\"og:description\" content=\"Nueva concordancia Strong exhaustiva Concordancia exhaustiva de la biblia \u00a1La m\u00e1s famosa concordancia biblia del mundo de habla inglesa! Esta obra incluye: \u2022 El sistema num\u00e9rico de concordancia de Strong \u2022 Un ap\u00e9ndice que localiza las palabras que no suelen incluirse en las concordancias, como las conjunciones, las preposiciones y los adverbios \u2022 Un diccionario de palabras hebreas \u2022 Un diccionario de palabras griegas \u2022 Las palabras de Cristo en negritas. \u2022 Un \u00edndice tem\u00e1tico, una armon\u00eda de los Evangelios, una lista de profec\u00edas acerca del Mas\u00edas cumplidas en Jesucristo, y varias otras cosas m\u00e1s. \u00bfPor qu\u00e9 es tan relevante la Concordancia Strong? Durante m\u00e1s de un siglo, la Concordancia Strong ha sido instrumento esencial para un estudio profundo de la Biblia en el mundo de habla inglesa, Ahora Editorial Caribe se complace en presentarla por primera vez en castellano. \u00bfPor qu\u00e9 es tan \u00fatil? Lo resumieron as\u00ed: \u2022 Porque es una concordancia de la versi\u00f3n m\u00e1s popular de todos los tiempos: La Reina-Valera 1960. \u2022 Porque por medio de ella uno puede no solo encontrar el vers\u00edculo en que aparece la palabra hebrea o griega que as\u00ed se tradujo y los diversos significados de la misma. \u2022 Porque incluye otros elementos que le ayudar\u00e1n en su estudio, como por ejemplo un amplio \u00edndice tem\u00e1tico y varias otras cosas que le ser\u00e1n de gran utilidad. La Nueva Concordancia Strong Exhaustiva ser\u00e1 por siempre una joya en su biblioteca.  El Dr. James Strong, profesor de teolog\u00eda exeg\u00e9tica en el Seminario Teol\u00f3gico Drew, publico en 1890 una monumental concordancia de la versi\u00f3n inglesa King James de las Sagradas Escrituras, Fruto de treinta y cinco a\u00f1os de trabajo del Dr. Strong y m\u00e1s de cien colegas, se ha convertido desde entonces en la concordancia que m\u00e1s de utiliza den ingl\u00e9s y en un patr\u00f3n permanente para referencia y estudio b\u00edblico.\" \/>\n<meta property=\"og:url\" content=\"https:\/\/iglesiatrinacristoes.org\/index.php\/producto\/strong-concordancia\/\" \/>\n<meta property=\"og:site_name\" content=\"Iglesia Trina &quot;Cristo Es&quot;\" \/>\n<meta property=\"article:modified_time\" content=\"2026-04-15T00:12:46+00:00\" \/>\n<meta property=\"og:image\" content=\"http:\/\/iglesiatrinacristoes.org\/wp-content\/uploads\/2026\/04\/Strong-Concordancia.png\" \/>\n\t<meta property=\"og:image:width\" content=\"381\" \/>\n\t<meta property=\"og:image:height\" content=\"580\" \/>\n\t<meta property=\"og:image:type\" content=\"image\/png\" \/>\n<meta name=\"twitter:card\" content=\"summary_large_image\" \/>\n<meta name=\"twitter:label1\" content=\"Tiempo de lectura\" \/>\n\t<meta name=\"twitter:data1\" content=\"2 minutos\" \/>\n<script type=\"application\/ld+json\" class=\"yoast-schema-graph\">{\"@context\":\"https:\/\/schema.org\",\"@graph\":[{\"@type\":\"WebPage\",\"@id\":\"https:\/\/iglesiatrinacristoes.org\/index.php\/producto\/strong-concordancia\/\",\"url\":\"https:\/\/iglesiatrinacristoes.org\/index.php\/producto\/strong-concordancia\/\",\"name\":\"Strong Concordancia - Iglesia Trina &quot;Cristo Es&quot;\",\"isPartOf\":{\"@id\":\"https:\/\/iglesiatrinacristoes.org\/#website\"},\"primaryImageOfPage\":{\"@id\":\"https:\/\/iglesiatrinacristoes.org\/index.php\/producto\/strong-concordancia\/#primaryimage\"},\"image\":{\"@id\":\"https:\/\/iglesiatrinacristoes.org\/index.php\/producto\/strong-concordancia\/#primaryimage\"},\"thumbnailUrl\":\"https:\/\/iglesiatrinacristoes.org\/wp-content\/uploads\/2026\/04\/Strong-Concordancia.png\",\"datePublished\":\"2026-04-15T00:08:52+00:00\",\"dateModified\":\"2026-04-15T00:12:46+00:00\",\"breadcrumb\":{\"@id\":\"https:\/\/iglesiatrinacristoes.org\/index.php\/producto\/strong-concordancia\/#breadcrumb\"},\"inLanguage\":\"es-CO\",\"potentialAction\":[{\"@type\":\"ReadAction\",\"target\":[\"https:\/\/iglesiatrinacristoes.org\/index.php\/producto\/strong-concordancia\/\"]}]},{\"@type\":\"ImageObject\",\"inLanguage\":\"es-CO\",\"@id\":\"https:\/\/iglesiatrinacristoes.org\/index.php\/producto\/strong-concordancia\/#primaryimage\",\"url\":\"https:\/\/iglesiatrinacristoes.org\/wp-content\/uploads\/2026\/04\/Strong-Concordancia.png\",\"contentUrl\":\"https:\/\/iglesiatrinacristoes.org\/wp-content\/uploads\/2026\/04\/Strong-Concordancia.png\",\"width\":381,\"height\":580},{\"@type\":\"BreadcrumbList\",\"@id\":\"https:\/\/iglesiatrinacristoes.org\/index.php\/producto\/strong-concordancia\/#breadcrumb\",\"itemListElement\":[{\"@type\":\"ListItem\",\"position\":1,\"name\":\"Inicio\",\"item\":\"https:\/\/iglesiatrinacristoes.org\/\"},{\"@type\":\"ListItem\",\"position\":2,\"name\":\"Tienda\",\"item\":\"https:\/\/iglesiatrinacristoes.org\/index.php\/tienda\/\"},{\"@type\":\"ListItem\",\"position\":3,\"name\":\"Strong Concordancia\"}]},{\"@type\":\"WebSite\",\"@id\":\"https:\/\/iglesiatrinacristoes.org\/#website\",\"url\":\"https:\/\/iglesiatrinacristoes.org\/\",\"name\":\"Iglesia Trina &quot;Cristo Es&quot;\",\"description\":\"Iglesia Trina &quot;Cristo Es&quot;\",\"publisher\":{\"@id\":\"https:\/\/iglesiatrinacristoes.org\/#organization\"},\"potentialAction\":[{\"@type\":\"SearchAction\",\"target\":{\"@type\":\"EntryPoint\",\"urlTemplate\":\"https:\/\/iglesiatrinacristoes.org\/?s={search_term_string}\"},\"query-input\":{\"@type\":\"PropertyValueSpecification\",\"valueRequired\":true,\"valueName\":\"search_term_string\"}}],\"inLanguage\":\"es-CO\"},{\"@type\":\"Organization\",\"@id\":\"https:\/\/iglesiatrinacristoes.org\/#organization\",\"name\":\"Iglesia Trina &quot;Cristo Es&quot;\",\"url\":\"https:\/\/iglesiatrinacristoes.org\/\",\"logo\":{\"@type\":\"ImageObject\",\"inLanguage\":\"es-CO\",\"@id\":\"https:\/\/iglesiatrinacristoes.org\/#\/schema\/logo\/image\/\",\"url\":\"\",\"contentUrl\":\"\",\"caption\":\"Iglesia Trina &quot;Cristo Es&quot;\"},\"image\":{\"@id\":\"https:\/\/iglesiatrinacristoes.org\/#\/schema\/logo\/image\/\"}}]}<\/script>\n<!-- \/ Yoast SEO plugin. -->","yoast_head_json":{"title":"Strong Concordancia - Iglesia Trina &quot;Cristo Es&quot;","robots":{"index":"index","follow":"follow","max-snippet":"max-snippet:-1","max-image-preview":"max-image-preview:large","max-video-preview":"max-video-preview:-1"},"canonical":"https:\/\/iglesiatrinacristoes.org\/index.php\/producto\/strong-concordancia\/","og_locale":"es_ES","og_type":"article","og_title":"Strong Concordancia - Iglesia Trina &quot;Cristo Es&quot;","og_description":"Nueva concordancia Strong exhaustiva Concordancia exhaustiva de la biblia \u00a1La m\u00e1s famosa concordancia biblia del mundo de habla inglesa! Esta obra incluye: \u2022 El sistema num\u00e9rico de concordancia de Strong \u2022 Un ap\u00e9ndice que localiza las palabras que no suelen incluirse en las concordancias, como las conjunciones, las preposiciones y los adverbios \u2022 Un diccionario de palabras hebreas \u2022 Un diccionario de palabras griegas \u2022 Las palabras de Cristo en negritas. \u2022 Un \u00edndice tem\u00e1tico, una armon\u00eda de los Evangelios, una lista de profec\u00edas acerca del Mas\u00edas cumplidas en Jesucristo, y varias otras cosas m\u00e1s. \u00bfPor qu\u00e9 es tan relevante la Concordancia Strong? Durante m\u00e1s de un siglo, la Concordancia Strong ha sido instrumento esencial para un estudio profundo de la Biblia en el mundo de habla inglesa, Ahora Editorial Caribe se complace en presentarla por primera vez en castellano. \u00bfPor qu\u00e9 es tan \u00fatil? Lo resumieron as\u00ed: \u2022 Porque es una concordancia de la versi\u00f3n m\u00e1s popular de todos los tiempos: La Reina-Valera 1960. \u2022 Porque por medio de ella uno puede no solo encontrar el vers\u00edculo en que aparece la palabra hebrea o griega que as\u00ed se tradujo y los diversos significados de la misma. \u2022 Porque incluye otros elementos que le ayudar\u00e1n en su estudio, como por ejemplo un amplio \u00edndice tem\u00e1tico y varias otras cosas que le ser\u00e1n de gran utilidad. La Nueva Concordancia Strong Exhaustiva ser\u00e1 por siempre una joya en su biblioteca.  El Dr. James Strong, profesor de teolog\u00eda exeg\u00e9tica en el Seminario Teol\u00f3gico Drew, publico en 1890 una monumental concordancia de la versi\u00f3n inglesa King James de las Sagradas Escrituras, Fruto de treinta y cinco a\u00f1os de trabajo del Dr. Strong y m\u00e1s de cien colegas, se ha convertido desde entonces en la concordancia que m\u00e1s de utiliza den ingl\u00e9s y en un patr\u00f3n permanente para referencia y estudio b\u00edblico.","og_url":"https:\/\/iglesiatrinacristoes.org\/index.php\/producto\/strong-concordancia\/","og_site_name":"Iglesia Trina &quot;Cristo Es&quot;","article_modified_time":"2026-04-15T00:12:46+00:00","og_image":[{"width":381,"height":580,"url":"http:\/\/iglesiatrinacristoes.org\/wp-content\/uploads\/2026\/04\/Strong-Concordancia.png","type":"image\/png"}],"twitter_card":"summary_large_image","twitter_misc":{"Tiempo de lectura":"2 minutos"},"schema":{"@context":"https:\/\/schema.org","@graph":[{"@type":"WebPage","@id":"https:\/\/iglesiatrinacristoes.org\/index.php\/producto\/strong-concordancia\/","url":"https:\/\/iglesiatrinacristoes.org\/index.php\/producto\/strong-concordancia\/","name":"Strong Concordancia - Iglesia Trina &quot;Cristo Es&quot;","isPartOf":{"@id":"https:\/\/iglesiatrinacristoes.org\/#website"},"primaryImageOfPage":{"@id":"https:\/\/iglesiatrinacristoes.org\/index.php\/producto\/strong-concordancia\/#primaryimage"},"image":{"@id":"https:\/\/iglesiatrinacristoes.org\/index.php\/producto\/strong-concordancia\/#primaryimage"},"thumbnailUrl":"https:\/\/iglesiatrinacristoes.org\/wp-content\/uploads\/2026\/04\/Strong-Concordancia.png","datePublished":"2026-04-15T00:08:52+00:00","dateModified":"2026-04-15T00:12:46+00:00","breadcrumb":{"@id":"https:\/\/iglesiatrinacristoes.org\/index.php\/producto\/strong-concordancia\/#breadcrumb"},"inLanguage":"es-CO","potentialAction":[{"@type":"ReadAction","target":["https:\/\/iglesiatrinacristoes.org\/index.php\/producto\/strong-concordancia\/"]}]},{"@type":"ImageObject","inLanguage":"es-CO","@id":"https:\/\/iglesiatrinacristoes.org\/index.php\/producto\/strong-concordancia\/#primaryimage","url":"https:\/\/iglesiatrinacristoes.org\/wp-content\/uploads\/2026\/04\/Strong-Concordancia.png","contentUrl":"https:\/\/iglesiatrinacristoes.org\/wp-content\/uploads\/2026\/04\/Strong-Concordancia.png","width":381,"height":580},{"@type":"BreadcrumbList","@id":"https:\/\/iglesiatrinacristoes.org\/index.php\/producto\/strong-concordancia\/#breadcrumb","itemListElement":[{"@type":"ListItem","position":1,"name":"Inicio","item":"https:\/\/iglesiatrinacristoes.org\/"},{"@type":"ListItem","position":2,"name":"Tienda","item":"https:\/\/iglesiatrinacristoes.org\/index.php\/tienda\/"},{"@type":"ListItem","position":3,"name":"Strong Concordancia"}]},{"@type":"WebSite","@id":"https:\/\/iglesiatrinacristoes.org\/#website","url":"https:\/\/iglesiatrinacristoes.org\/","name":"Iglesia Trina &quot;Cristo Es&quot;","description":"Iglesia Trina &quot;Cristo Es&quot;","publisher":{"@id":"https:\/\/iglesiatrinacristoes.org\/#organization"},"potentialAction":[{"@type":"SearchAction","target":{"@type":"EntryPoint","urlTemplate":"https:\/\/iglesiatrinacristoes.org\/?s={search_term_string}"},"query-input":{"@type":"PropertyValueSpecification","valueRequired":true,"valueName":"search_term_string"}}],"inLanguage":"es-CO"},{"@type":"Organization","@id":"https:\/\/iglesiatrinacristoes.org\/#organization","name":"Iglesia Trina &quot;Cristo Es&quot;","url":"https:\/\/iglesiatrinacristoes.org\/","logo":{"@type":"ImageObject","inLanguage":"es-CO","@id":"https:\/\/iglesiatrinacristoes.org\/#\/schema\/logo\/image\/","url":"","contentUrl":"","caption":"Iglesia Trina &quot;Cristo Es&quot;"},"image":{"@id":"https:\/\/iglesiatrinacristoes.org\/#\/schema\/logo\/image\/"}}]}},"_links":{"self":[{"href":"https:\/\/iglesiatrinacristoes.org\/index.php\/wp-json\/wp\/v2\/product\/10782","targetHints":{"allow":["GET"]}}],"collection":[{"href":"https:\/\/iglesiatrinacristoes.org\/index.php\/wp-json\/wp\/v2\/product"}],"about":[{"href":"https:\/\/iglesiatrinacristoes.org\/index.php\/wp-json\/wp\/v2\/types\/product"}],"replies":[{"embeddable":true,"href":"https:\/\/iglesiatrinacristoes.org\/index.php\/wp-json\/wp\/v2\/comments?post=10782"}],"wp:featuredmedia":[{"embeddable":true,"href":"https:\/\/iglesiatrinacristoes.org\/index.php\/wp-json\/wp\/v2\/media\/10783"}],"wp:attachment":[{"href":"https:\/\/iglesiatrinacristoes.org\/index.php\/wp-json\/wp\/v2\/media?parent=10782"}],"wp:term":[{"taxonomy":"product_brand","embeddable":true,"href":"https:\/\/iglesiatrinacristoes.org\/index.php\/wp-json\/wp\/v2\/product_brand?post=10782"},{"taxonomy":"product_cat","embeddable":true,"href":"https:\/\/iglesiatrinacristoes.org\/index.php\/wp-json\/wp\/v2\/product_cat?post=10782"},{"taxonomy":"product_tag","embeddable":true,"href":"https:\/\/iglesiatrinacristoes.org\/index.php\/wp-json\/wp\/v2\/product_tag?post=10782"}],"curies":[{"name":"wp","href":"https:\/\/api.w.org\/{rel}","templated":true}]}}