{"id":10784,"date":"2026-04-14T19:15:47","date_gmt":"2026-04-15T00:15:47","guid":{"rendered":"https:\/\/iglesiatrinacristoes.org\/?post_type=product&#038;p=10784"},"modified":"2026-04-14T19:20:12","modified_gmt":"2026-04-15T00:20:12","slug":"nuevo-diccionario-biblico-certeza","status":"publish","type":"product","link":"https:\/\/iglesiatrinacristoes.org\/index.php\/producto\/nuevo-diccionario-biblico-certeza\/","title":{"rendered":"Nuevo Diccionario Biblico Certeza"},"content":{"rendered":"<style type=\"text\/css\"><\/style><p>Editorial: Certeza Unida<br \/>\nDimensiones: cm<br \/>\nCubierta: Tapa dura<br \/>\nIdioma: Espa\u00f1ol<\/p>\n<p>&nbsp;<\/p>\n<p>Descripci\u00f3n<br \/>\nEl diccionario b\u00edblico m\u00e1s completo, contiene:<\/p>\n<p>&#8211; M\u00e1s de 10.000 temas relacionados en una exhaustiva gu\u00eda tem\u00e1tica.<br \/>\n&#8211; M\u00e1s de 1.400 p\u00e1ginas de art\u00edculos.<br \/>\n&#8211; T\u00e9rminos y conceptos teol\u00f3gicos y doctrinales.<br \/>\n&#8211; Lugares y personajes b\u00edblicos.<br \/>\n&#8211; Bosquejos de los libros de la Biblia.<br \/>\n&#8211; Genealog\u00edas.<br \/>\n&#8211; Diagramas, mapas y muchos m\u00e1s-<\/p>\n<p>Todo explicado por un equipo internacional de m\u00e1s de 150 especialistas.<br \/>\nLa Biblia, usada por el Esp\u00edritu Santo, es, por supuesto, el camino principal que Dios eligi\u00f3 para que pudi\u00e9ramos conocerlo en toda su gloria. La Biblia nos permite relacionarnos a diario con un Dios vivo, provocando la experiencia m\u00e1s transformadora a la que puede acceder el cristiano. El Estudio Devocional de la Biblia Certeza es especial y \u00fanico porque presenta un maravilloso recorrido por toda la Palabra de Dios, en 104 semanas que pueden leerse a lo largo de dos a\u00f1os, y que utilizan variados enfoques que facilitan una lectura devocional, pr\u00e1ctica y eficaz de la Biblia.<\/p>\n","protected":false},"excerpt":{"rendered":"<p>El m\u00e1s completo<br \/>\n\u2022 M\u00e1s de 10.000 temas relacionados en una exhaustiva gu\u00eda tem\u00e1tica.<br \/>\n\u2022 M\u00e1s de 1400 p\u00e1ginas de art\u00edculos.<br \/>\n\u2022 T\u00e9rminos y conceptos teol\u00f3gicos y doctrinales.<br \/>\n\u2022 Lugares y personajes b\u00edblicos.<br \/>\n\u2022 Bosquejos de los libros de la biblia.<br \/>\n\u2022 Genealog\u00edas.<br \/>\n\u2022 Diagramas, mapas y mucho m\u00e1s<br \/>\n\u2022 Todo explicado por un equipo internacional de m\u00e1s de 150 especialistas F.F. Bruce, D. Carson D. Guthrie, D. Kidner, L. Morris, J.I. Packer y otros.<\/p>\n<p>Segunda edici\u00f3n ampliada<\/p>\n","protected":false},"featured_media":10785,"comment_status":"open","ping_status":"closed","template":"","meta":{"om_disable_all_campaigns":false},"product_brand":[],"product_cat":[86],"product_tag":[],"class_list":{"0":"post-10784","1":"product","2":"type-product","3":"status-publish","4":"has-post-thumbnail","6":"product_cat-libreria","8":"first","9":"instock","10":"shipping-taxable","11":"purchasable","12":"product-type-simple"},"yoast_head":"<!-- This site is optimized with the Yoast SEO plugin v26.3 - https:\/\/yoast.com\/wordpress\/plugins\/seo\/ -->\n<title>Nuevo Diccionario Biblico Certeza - Iglesia Trina &quot;Cristo Es&quot;<\/title>\n<meta name=\"robots\" content=\"index, follow, max-snippet:-1, max-image-preview:large, max-video-preview:-1\" \/>\n<link rel=\"canonical\" href=\"https:\/\/iglesiatrinacristoes.org\/index.php\/producto\/nuevo-diccionario-biblico-certeza\/\" \/>\n<meta property=\"og:locale\" content=\"es_ES\" \/>\n<meta property=\"og:type\" content=\"article\" \/>\n<meta property=\"og:title\" content=\"Nuevo Diccionario Biblico Certeza - Iglesia Trina &quot;Cristo Es&quot;\" \/>\n<meta property=\"og:description\" content=\"El m\u00e1s completo \u2022 M\u00e1s de 10.000 temas relacionados en una exhaustiva gu\u00eda tem\u00e1tica. \u2022 M\u00e1s de 1400 p\u00e1ginas de art\u00edculos. \u2022 T\u00e9rminos y conceptos teol\u00f3gicos y doctrinales. \u2022 Lugares y personajes b\u00edblicos. \u2022 Bosquejos de los libros de la biblia. \u2022 Genealog\u00edas. \u2022 Diagramas, mapas y mucho m\u00e1s \u2022 Todo explicado por un equipo internacional de m\u00e1s de 150 especialistas F.F. Bruce, D. Carson D. Guthrie, D. Kidner, L. Morris, J.I. Packer y otros.  Segunda edici\u00f3n ampliada\" \/>\n<meta property=\"og:url\" content=\"https:\/\/iglesiatrinacristoes.org\/index.php\/producto\/nuevo-diccionario-biblico-certeza\/\" \/>\n<meta property=\"og:site_name\" content=\"Iglesia Trina &quot;Cristo Es&quot;\" \/>\n<meta property=\"article:modified_time\" content=\"2026-04-15T00:20:12+00:00\" \/>\n<meta property=\"og:image\" content=\"http:\/\/iglesiatrinacristoes.org\/wp-content\/uploads\/2026\/04\/Nuevo-Diccionario-Biblico-Certeza.png\" \/>\n\t<meta property=\"og:image:width\" content=\"381\" \/>\n\t<meta property=\"og:image:height\" content=\"580\" \/>\n\t<meta property=\"og:image:type\" content=\"image\/png\" \/>\n<meta name=\"twitter:card\" content=\"summary_large_image\" \/>\n<meta name=\"twitter:label1\" content=\"Tiempo de lectura\" \/>\n\t<meta name=\"twitter:data1\" content=\"1 minuto\" \/>\n<script type=\"application\/ld+json\" class=\"yoast-schema-graph\">{\"@context\":\"https:\/\/schema.org\",\"@graph\":[{\"@type\":\"WebPage\",\"@id\":\"https:\/\/iglesiatrinacristoes.org\/index.php\/producto\/nuevo-diccionario-biblico-certeza\/\",\"url\":\"https:\/\/iglesiatrinacristoes.org\/index.php\/producto\/nuevo-diccionario-biblico-certeza\/\",\"name\":\"Nuevo Diccionario Biblico Certeza - Iglesia Trina &quot;Cristo Es&quot;\",\"isPartOf\":{\"@id\":\"https:\/\/iglesiatrinacristoes.org\/#website\"},\"primaryImageOfPage\":{\"@id\":\"https:\/\/iglesiatrinacristoes.org\/index.php\/producto\/nuevo-diccionario-biblico-certeza\/#primaryimage\"},\"image\":{\"@id\":\"https:\/\/iglesiatrinacristoes.org\/index.php\/producto\/nuevo-diccionario-biblico-certeza\/#primaryimage\"},\"thumbnailUrl\":\"https:\/\/iglesiatrinacristoes.org\/wp-content\/uploads\/2026\/04\/Nuevo-Diccionario-Biblico-Certeza.png\",\"datePublished\":\"2026-04-15T00:15:47+00:00\",\"dateModified\":\"2026-04-15T00:20:12+00:00\",\"breadcrumb\":{\"@id\":\"https:\/\/iglesiatrinacristoes.org\/index.php\/producto\/nuevo-diccionario-biblico-certeza\/#breadcrumb\"},\"inLanguage\":\"es-CO\",\"potentialAction\":[{\"@type\":\"ReadAction\",\"target\":[\"https:\/\/iglesiatrinacristoes.org\/index.php\/producto\/nuevo-diccionario-biblico-certeza\/\"]}]},{\"@type\":\"ImageObject\",\"inLanguage\":\"es-CO\",\"@id\":\"https:\/\/iglesiatrinacristoes.org\/index.php\/producto\/nuevo-diccionario-biblico-certeza\/#primaryimage\",\"url\":\"https:\/\/iglesiatrinacristoes.org\/wp-content\/uploads\/2026\/04\/Nuevo-Diccionario-Biblico-Certeza.png\",\"contentUrl\":\"https:\/\/iglesiatrinacristoes.org\/wp-content\/uploads\/2026\/04\/Nuevo-Diccionario-Biblico-Certeza.png\",\"width\":381,\"height\":580},{\"@type\":\"BreadcrumbList\",\"@id\":\"https:\/\/iglesiatrinacristoes.org\/index.php\/producto\/nuevo-diccionario-biblico-certeza\/#breadcrumb\",\"itemListElement\":[{\"@type\":\"ListItem\",\"position\":1,\"name\":\"Inicio\",\"item\":\"https:\/\/iglesiatrinacristoes.org\/\"},{\"@type\":\"ListItem\",\"position\":2,\"name\":\"Tienda\",\"item\":\"https:\/\/iglesiatrinacristoes.org\/index.php\/tienda\/\"},{\"@type\":\"ListItem\",\"position\":3,\"name\":\"Nuevo Diccionario Biblico Certeza\"}]},{\"@type\":\"WebSite\",\"@id\":\"https:\/\/iglesiatrinacristoes.org\/#website\",\"url\":\"https:\/\/iglesiatrinacristoes.org\/\",\"name\":\"Iglesia Trina &quot;Cristo Es&quot;\",\"description\":\"Iglesia Trina &quot;Cristo Es&quot;\",\"publisher\":{\"@id\":\"https:\/\/iglesiatrinacristoes.org\/#organization\"},\"potentialAction\":[{\"@type\":\"SearchAction\",\"target\":{\"@type\":\"EntryPoint\",\"urlTemplate\":\"https:\/\/iglesiatrinacristoes.org\/?s={search_term_string}\"},\"query-input\":{\"@type\":\"PropertyValueSpecification\",\"valueRequired\":true,\"valueName\":\"search_term_string\"}}],\"inLanguage\":\"es-CO\"},{\"@type\":\"Organization\",\"@id\":\"https:\/\/iglesiatrinacristoes.org\/#organization\",\"name\":\"Iglesia Trina &quot;Cristo Es&quot;\",\"url\":\"https:\/\/iglesiatrinacristoes.org\/\",\"logo\":{\"@type\":\"ImageObject\",\"inLanguage\":\"es-CO\",\"@id\":\"https:\/\/iglesiatrinacristoes.org\/#\/schema\/logo\/image\/\",\"url\":\"\",\"contentUrl\":\"\",\"caption\":\"Iglesia Trina &quot;Cristo Es&quot;\"},\"image\":{\"@id\":\"https:\/\/iglesiatrinacristoes.org\/#\/schema\/logo\/image\/\"}}]}<\/script>\n<!-- \/ Yoast SEO plugin. -->","yoast_head_json":{"title":"Nuevo Diccionario Biblico Certeza - Iglesia Trina &quot;Cristo Es&quot;","robots":{"index":"index","follow":"follow","max-snippet":"max-snippet:-1","max-image-preview":"max-image-preview:large","max-video-preview":"max-video-preview:-1"},"canonical":"https:\/\/iglesiatrinacristoes.org\/index.php\/producto\/nuevo-diccionario-biblico-certeza\/","og_locale":"es_ES","og_type":"article","og_title":"Nuevo Diccionario Biblico Certeza - Iglesia Trina &quot;Cristo Es&quot;","og_description":"El m\u00e1s completo \u2022 M\u00e1s de 10.000 temas relacionados en una exhaustiva gu\u00eda tem\u00e1tica. \u2022 M\u00e1s de 1400 p\u00e1ginas de art\u00edculos. \u2022 T\u00e9rminos y conceptos teol\u00f3gicos y doctrinales. \u2022 Lugares y personajes b\u00edblicos. \u2022 Bosquejos de los libros de la biblia. \u2022 Genealog\u00edas. \u2022 Diagramas, mapas y mucho m\u00e1s \u2022 Todo explicado por un equipo internacional de m\u00e1s de 150 especialistas F.F. Bruce, D. Carson D. Guthrie, D. Kidner, L. Morris, J.I. Packer y otros.  Segunda edici\u00f3n ampliada","og_url":"https:\/\/iglesiatrinacristoes.org\/index.php\/producto\/nuevo-diccionario-biblico-certeza\/","og_site_name":"Iglesia Trina &quot;Cristo Es&quot;","article_modified_time":"2026-04-15T00:20:12+00:00","og_image":[{"width":381,"height":580,"url":"http:\/\/iglesiatrinacristoes.org\/wp-content\/uploads\/2026\/04\/Nuevo-Diccionario-Biblico-Certeza.png","type":"image\/png"}],"twitter_card":"summary_large_image","twitter_misc":{"Tiempo de lectura":"1 minuto"},"schema":{"@context":"https:\/\/schema.org","@graph":[{"@type":"WebPage","@id":"https:\/\/iglesiatrinacristoes.org\/index.php\/producto\/nuevo-diccionario-biblico-certeza\/","url":"https:\/\/iglesiatrinacristoes.org\/index.php\/producto\/nuevo-diccionario-biblico-certeza\/","name":"Nuevo Diccionario Biblico Certeza - Iglesia Trina &quot;Cristo Es&quot;","isPartOf":{"@id":"https:\/\/iglesiatrinacristoes.org\/#website"},"primaryImageOfPage":{"@id":"https:\/\/iglesiatrinacristoes.org\/index.php\/producto\/nuevo-diccionario-biblico-certeza\/#primaryimage"},"image":{"@id":"https:\/\/iglesiatrinacristoes.org\/index.php\/producto\/nuevo-diccionario-biblico-certeza\/#primaryimage"},"thumbnailUrl":"https:\/\/iglesiatrinacristoes.org\/wp-content\/uploads\/2026\/04\/Nuevo-Diccionario-Biblico-Certeza.png","datePublished":"2026-04-15T00:15:47+00:00","dateModified":"2026-04-15T00:20:12+00:00","breadcrumb":{"@id":"https:\/\/iglesiatrinacristoes.org\/index.php\/producto\/nuevo-diccionario-biblico-certeza\/#breadcrumb"},"inLanguage":"es-CO","potentialAction":[{"@type":"ReadAction","target":["https:\/\/iglesiatrinacristoes.org\/index.php\/producto\/nuevo-diccionario-biblico-certeza\/"]}]},{"@type":"ImageObject","inLanguage":"es-CO","@id":"https:\/\/iglesiatrinacristoes.org\/index.php\/producto\/nuevo-diccionario-biblico-certeza\/#primaryimage","url":"https:\/\/iglesiatrinacristoes.org\/wp-content\/uploads\/2026\/04\/Nuevo-Diccionario-Biblico-Certeza.png","contentUrl":"https:\/\/iglesiatrinacristoes.org\/wp-content\/uploads\/2026\/04\/Nuevo-Diccionario-Biblico-Certeza.png","width":381,"height":580},{"@type":"BreadcrumbList","@id":"https:\/\/iglesiatrinacristoes.org\/index.php\/producto\/nuevo-diccionario-biblico-certeza\/#breadcrumb","itemListElement":[{"@type":"ListItem","position":1,"name":"Inicio","item":"https:\/\/iglesiatrinacristoes.org\/"},{"@type":"ListItem","position":2,"name":"Tienda","item":"https:\/\/iglesiatrinacristoes.org\/index.php\/tienda\/"},{"@type":"ListItem","position":3,"name":"Nuevo Diccionario Biblico Certeza"}]},{"@type":"WebSite","@id":"https:\/\/iglesiatrinacristoes.org\/#website","url":"https:\/\/iglesiatrinacristoes.org\/","name":"Iglesia Trina &quot;Cristo Es&quot;","description":"Iglesia Trina &quot;Cristo Es&quot;","publisher":{"@id":"https:\/\/iglesiatrinacristoes.org\/#organization"},"potentialAction":[{"@type":"SearchAction","target":{"@type":"EntryPoint","urlTemplate":"https:\/\/iglesiatrinacristoes.org\/?s={search_term_string}"},"query-input":{"@type":"PropertyValueSpecification","valueRequired":true,"valueName":"search_term_string"}}],"inLanguage":"es-CO"},{"@type":"Organization","@id":"https:\/\/iglesiatrinacristoes.org\/#organization","name":"Iglesia Trina &quot;Cristo Es&quot;","url":"https:\/\/iglesiatrinacristoes.org\/","logo":{"@type":"ImageObject","inLanguage":"es-CO","@id":"https:\/\/iglesiatrinacristoes.org\/#\/schema\/logo\/image\/","url":"","contentUrl":"","caption":"Iglesia Trina &quot;Cristo Es&quot;"},"image":{"@id":"https:\/\/iglesiatrinacristoes.org\/#\/schema\/logo\/image\/"}}]}},"_links":{"self":[{"href":"https:\/\/iglesiatrinacristoes.org\/index.php\/wp-json\/wp\/v2\/product\/10784","targetHints":{"allow":["GET"]}}],"collection":[{"href":"https:\/\/iglesiatrinacristoes.org\/index.php\/wp-json\/wp\/v2\/product"}],"about":[{"href":"https:\/\/iglesiatrinacristoes.org\/index.php\/wp-json\/wp\/v2\/types\/product"}],"replies":[{"embeddable":true,"href":"https:\/\/iglesiatrinacristoes.org\/index.php\/wp-json\/wp\/v2\/comments?post=10784"}],"wp:featuredmedia":[{"embeddable":true,"href":"https:\/\/iglesiatrinacristoes.org\/index.php\/wp-json\/wp\/v2\/media\/10785"}],"wp:attachment":[{"href":"https:\/\/iglesiatrinacristoes.org\/index.php\/wp-json\/wp\/v2\/media?parent=10784"}],"wp:term":[{"taxonomy":"product_brand","embeddable":true,"href":"https:\/\/iglesiatrinacristoes.org\/index.php\/wp-json\/wp\/v2\/product_brand?post=10784"},{"taxonomy":"product_cat","embeddable":true,"href":"https:\/\/iglesiatrinacristoes.org\/index.php\/wp-json\/wp\/v2\/product_cat?post=10784"},{"taxonomy":"product_tag","embeddable":true,"href":"https:\/\/iglesiatrinacristoes.org\/index.php\/wp-json\/wp\/v2\/product_tag?post=10784"}],"curies":[{"name":"wp","href":"https:\/\/api.w.org\/{rel}","templated":true}]}}