{"id":10788,"date":"2026-04-14T19:32:51","date_gmt":"2026-04-15T00:32:51","guid":{"rendered":"https:\/\/iglesiatrinacristoes.org\/?post_type=product&#038;p=10788"},"modified":"2026-04-14T19:38:02","modified_gmt":"2026-04-15T00:38:02","slug":"diccionario-expositivo-vine","status":"publish","type":"product","link":"https:\/\/iglesiatrinacristoes.org\/index.php\/producto\/diccionario-expositivo-vine\/","title":{"rendered":"Diccionario Expositivo Vine"},"content":{"rendered":"<style type=\"text\/css\"><\/style><p>Editorial: Grupo Nelson<br \/>\nDimensiones: cm<br \/>\nCubierta: Tapa dura<br \/>\nIdioma: Espa\u00f1ol<\/p>\n<p>&nbsp;<\/p>\n","protected":false},"excerpt":{"rendered":"<p>Esta obra la permite al estudiante con poco o mucho conocimiento del hebreo o del griego estudiar el significado de las palabras b\u00edblicas en su idioma original.<\/p>\n<p>Profundice en el significado de las palabras originales de la Biblia, r\u00e1pida y f\u00e1cilmente en esta edici\u00f3n econ\u00f3mica de una obra de referencia cl\u00e1sica.<\/p>\n<p>El Diccionario expositivo de palabras del Antiguo y Nuevo Testamento exhaustivo de Vine incluye miles de palabras b\u00edblicas en las secciones alfab\u00e9ticas, una para cada testamento. Cada entrada explica<\/p>\n<p>C\u00f3mo se usa la palabra<br \/>\nSu empleo clave en los pasajes b\u00edblicos<br \/>\nSu transliteraci\u00f3n<br \/>\nLas definiciones de sus varios usos en el Antiguo y Nuevo Testamento<br \/>\nEs una gran herramienta para estudiantes, pastores, maestros y todo aquel que disfrute el estudio de las palabras de la Biblia.<br \/>\nCaracter\u00edsticas<br \/>\n\u2022 F\u00e1cil y r\u00e1pido de usar<br \/>\n\u2022 Significado originales palabras b\u00edblicas en idiomas originales<br \/>\n\u2022 Incluye miles de palabras del hebreo y del griego.<br \/>\n\u2022 La mayor herramienta para profundizar el estudio de la Biblia.<\/p>\n","protected":false},"featured_media":10789,"comment_status":"open","ping_status":"closed","template":"","meta":{"om_disable_all_campaigns":false},"product_brand":[],"product_cat":[86],"product_tag":[],"class_list":{"0":"post-10788","1":"product","2":"type-product","3":"status-publish","4":"has-post-thumbnail","6":"product_cat-libreria","8":"first","9":"instock","10":"shipping-taxable","11":"purchasable","12":"product-type-simple"},"yoast_head":"<!-- This site is optimized with the Yoast SEO plugin v26.3 - https:\/\/yoast.com\/wordpress\/plugins\/seo\/ -->\n<title>Diccionario Expositivo Vine - Iglesia Trina &quot;Cristo Es&quot;<\/title>\n<meta name=\"robots\" content=\"index, follow, max-snippet:-1, max-image-preview:large, max-video-preview:-1\" \/>\n<link rel=\"canonical\" href=\"https:\/\/iglesiatrinacristoes.org\/index.php\/producto\/diccionario-expositivo-vine\/\" \/>\n<meta property=\"og:locale\" content=\"es_ES\" \/>\n<meta property=\"og:type\" content=\"article\" \/>\n<meta property=\"og:title\" content=\"Diccionario Expositivo Vine - Iglesia Trina &quot;Cristo Es&quot;\" \/>\n<meta property=\"og:description\" content=\"Esta obra la permite al estudiante con poco o mucho conocimiento del hebreo o del griego estudiar el significado de las palabras b\u00edblicas en su idioma original.  Profundice en el significado de las palabras originales de la Biblia, r\u00e1pida y f\u00e1cilmente en esta edici\u00f3n econ\u00f3mica de una obra de referencia cl\u00e1sica.  El Diccionario expositivo de palabras del Antiguo y Nuevo Testamento exhaustivo de Vine incluye miles de palabras b\u00edblicas en las secciones alfab\u00e9ticas, una para cada testamento. Cada entrada explica  C\u00f3mo se usa la palabra Su empleo clave en los pasajes b\u00edblicos Su transliteraci\u00f3n Las definiciones de sus varios usos en el Antiguo y Nuevo Testamento Es una gran herramienta para estudiantes, pastores, maestros y todo aquel que disfrute el estudio de las palabras de la Biblia. Caracter\u00edsticas \u2022 F\u00e1cil y r\u00e1pido de usar \u2022 Significado originales palabras b\u00edblicas en idiomas originales \u2022 Incluye miles de palabras del hebreo y del griego. \u2022 La mayor herramienta para profundizar el estudio de la Biblia.\" \/>\n<meta property=\"og:url\" content=\"https:\/\/iglesiatrinacristoes.org\/index.php\/producto\/diccionario-expositivo-vine\/\" \/>\n<meta property=\"og:site_name\" content=\"Iglesia Trina &quot;Cristo Es&quot;\" \/>\n<meta property=\"article:modified_time\" content=\"2026-04-15T00:38:02+00:00\" \/>\n<meta property=\"og:image\" content=\"http:\/\/iglesiatrinacristoes.org\/wp-content\/uploads\/2026\/04\/Diccionario-Expositivo-Vine.png\" \/>\n\t<meta property=\"og:image:width\" content=\"381\" \/>\n\t<meta property=\"og:image:height\" content=\"580\" \/>\n\t<meta property=\"og:image:type\" content=\"image\/png\" \/>\n<meta name=\"twitter:card\" content=\"summary_large_image\" \/>\n<meta name=\"twitter:label1\" content=\"Tiempo de lectura\" \/>\n\t<meta name=\"twitter:data1\" content=\"1 minuto\" \/>\n<script type=\"application\/ld+json\" class=\"yoast-schema-graph\">{\"@context\":\"https:\/\/schema.org\",\"@graph\":[{\"@type\":\"WebPage\",\"@id\":\"https:\/\/iglesiatrinacristoes.org\/index.php\/producto\/diccionario-expositivo-vine\/\",\"url\":\"https:\/\/iglesiatrinacristoes.org\/index.php\/producto\/diccionario-expositivo-vine\/\",\"name\":\"Diccionario Expositivo Vine - Iglesia Trina &quot;Cristo Es&quot;\",\"isPartOf\":{\"@id\":\"https:\/\/iglesiatrinacristoes.org\/#website\"},\"primaryImageOfPage\":{\"@id\":\"https:\/\/iglesiatrinacristoes.org\/index.php\/producto\/diccionario-expositivo-vine\/#primaryimage\"},\"image\":{\"@id\":\"https:\/\/iglesiatrinacristoes.org\/index.php\/producto\/diccionario-expositivo-vine\/#primaryimage\"},\"thumbnailUrl\":\"https:\/\/iglesiatrinacristoes.org\/wp-content\/uploads\/2026\/04\/Diccionario-Expositivo-Vine.png\",\"datePublished\":\"2026-04-15T00:32:51+00:00\",\"dateModified\":\"2026-04-15T00:38:02+00:00\",\"breadcrumb\":{\"@id\":\"https:\/\/iglesiatrinacristoes.org\/index.php\/producto\/diccionario-expositivo-vine\/#breadcrumb\"},\"inLanguage\":\"es-CO\",\"potentialAction\":[{\"@type\":\"ReadAction\",\"target\":[\"https:\/\/iglesiatrinacristoes.org\/index.php\/producto\/diccionario-expositivo-vine\/\"]}]},{\"@type\":\"ImageObject\",\"inLanguage\":\"es-CO\",\"@id\":\"https:\/\/iglesiatrinacristoes.org\/index.php\/producto\/diccionario-expositivo-vine\/#primaryimage\",\"url\":\"https:\/\/iglesiatrinacristoes.org\/wp-content\/uploads\/2026\/04\/Diccionario-Expositivo-Vine.png\",\"contentUrl\":\"https:\/\/iglesiatrinacristoes.org\/wp-content\/uploads\/2026\/04\/Diccionario-Expositivo-Vine.png\",\"width\":381,\"height\":580},{\"@type\":\"BreadcrumbList\",\"@id\":\"https:\/\/iglesiatrinacristoes.org\/index.php\/producto\/diccionario-expositivo-vine\/#breadcrumb\",\"itemListElement\":[{\"@type\":\"ListItem\",\"position\":1,\"name\":\"Inicio\",\"item\":\"https:\/\/iglesiatrinacristoes.org\/\"},{\"@type\":\"ListItem\",\"position\":2,\"name\":\"Tienda\",\"item\":\"https:\/\/iglesiatrinacristoes.org\/index.php\/tienda\/\"},{\"@type\":\"ListItem\",\"position\":3,\"name\":\"Diccionario Expositivo Vine\"}]},{\"@type\":\"WebSite\",\"@id\":\"https:\/\/iglesiatrinacristoes.org\/#website\",\"url\":\"https:\/\/iglesiatrinacristoes.org\/\",\"name\":\"Iglesia Trina &quot;Cristo Es&quot;\",\"description\":\"Iglesia Trina &quot;Cristo Es&quot;\",\"publisher\":{\"@id\":\"https:\/\/iglesiatrinacristoes.org\/#organization\"},\"potentialAction\":[{\"@type\":\"SearchAction\",\"target\":{\"@type\":\"EntryPoint\",\"urlTemplate\":\"https:\/\/iglesiatrinacristoes.org\/?s={search_term_string}\"},\"query-input\":{\"@type\":\"PropertyValueSpecification\",\"valueRequired\":true,\"valueName\":\"search_term_string\"}}],\"inLanguage\":\"es-CO\"},{\"@type\":\"Organization\",\"@id\":\"https:\/\/iglesiatrinacristoes.org\/#organization\",\"name\":\"Iglesia Trina &quot;Cristo Es&quot;\",\"url\":\"https:\/\/iglesiatrinacristoes.org\/\",\"logo\":{\"@type\":\"ImageObject\",\"inLanguage\":\"es-CO\",\"@id\":\"https:\/\/iglesiatrinacristoes.org\/#\/schema\/logo\/image\/\",\"url\":\"\",\"contentUrl\":\"\",\"caption\":\"Iglesia Trina &quot;Cristo Es&quot;\"},\"image\":{\"@id\":\"https:\/\/iglesiatrinacristoes.org\/#\/schema\/logo\/image\/\"}}]}<\/script>\n<!-- \/ Yoast SEO plugin. -->","yoast_head_json":{"title":"Diccionario Expositivo Vine - Iglesia Trina &quot;Cristo Es&quot;","robots":{"index":"index","follow":"follow","max-snippet":"max-snippet:-1","max-image-preview":"max-image-preview:large","max-video-preview":"max-video-preview:-1"},"canonical":"https:\/\/iglesiatrinacristoes.org\/index.php\/producto\/diccionario-expositivo-vine\/","og_locale":"es_ES","og_type":"article","og_title":"Diccionario Expositivo Vine - Iglesia Trina &quot;Cristo Es&quot;","og_description":"Esta obra la permite al estudiante con poco o mucho conocimiento del hebreo o del griego estudiar el significado de las palabras b\u00edblicas en su idioma original.  Profundice en el significado de las palabras originales de la Biblia, r\u00e1pida y f\u00e1cilmente en esta edici\u00f3n econ\u00f3mica de una obra de referencia cl\u00e1sica.  El Diccionario expositivo de palabras del Antiguo y Nuevo Testamento exhaustivo de Vine incluye miles de palabras b\u00edblicas en las secciones alfab\u00e9ticas, una para cada testamento. Cada entrada explica  C\u00f3mo se usa la palabra Su empleo clave en los pasajes b\u00edblicos Su transliteraci\u00f3n Las definiciones de sus varios usos en el Antiguo y Nuevo Testamento Es una gran herramienta para estudiantes, pastores, maestros y todo aquel que disfrute el estudio de las palabras de la Biblia. Caracter\u00edsticas \u2022 F\u00e1cil y r\u00e1pido de usar \u2022 Significado originales palabras b\u00edblicas en idiomas originales \u2022 Incluye miles de palabras del hebreo y del griego. \u2022 La mayor herramienta para profundizar el estudio de la Biblia.","og_url":"https:\/\/iglesiatrinacristoes.org\/index.php\/producto\/diccionario-expositivo-vine\/","og_site_name":"Iglesia Trina &quot;Cristo Es&quot;","article_modified_time":"2026-04-15T00:38:02+00:00","og_image":[{"width":381,"height":580,"url":"http:\/\/iglesiatrinacristoes.org\/wp-content\/uploads\/2026\/04\/Diccionario-Expositivo-Vine.png","type":"image\/png"}],"twitter_card":"summary_large_image","twitter_misc":{"Tiempo de lectura":"1 minuto"},"schema":{"@context":"https:\/\/schema.org","@graph":[{"@type":"WebPage","@id":"https:\/\/iglesiatrinacristoes.org\/index.php\/producto\/diccionario-expositivo-vine\/","url":"https:\/\/iglesiatrinacristoes.org\/index.php\/producto\/diccionario-expositivo-vine\/","name":"Diccionario Expositivo Vine - Iglesia Trina &quot;Cristo Es&quot;","isPartOf":{"@id":"https:\/\/iglesiatrinacristoes.org\/#website"},"primaryImageOfPage":{"@id":"https:\/\/iglesiatrinacristoes.org\/index.php\/producto\/diccionario-expositivo-vine\/#primaryimage"},"image":{"@id":"https:\/\/iglesiatrinacristoes.org\/index.php\/producto\/diccionario-expositivo-vine\/#primaryimage"},"thumbnailUrl":"https:\/\/iglesiatrinacristoes.org\/wp-content\/uploads\/2026\/04\/Diccionario-Expositivo-Vine.png","datePublished":"2026-04-15T00:32:51+00:00","dateModified":"2026-04-15T00:38:02+00:00","breadcrumb":{"@id":"https:\/\/iglesiatrinacristoes.org\/index.php\/producto\/diccionario-expositivo-vine\/#breadcrumb"},"inLanguage":"es-CO","potentialAction":[{"@type":"ReadAction","target":["https:\/\/iglesiatrinacristoes.org\/index.php\/producto\/diccionario-expositivo-vine\/"]}]},{"@type":"ImageObject","inLanguage":"es-CO","@id":"https:\/\/iglesiatrinacristoes.org\/index.php\/producto\/diccionario-expositivo-vine\/#primaryimage","url":"https:\/\/iglesiatrinacristoes.org\/wp-content\/uploads\/2026\/04\/Diccionario-Expositivo-Vine.png","contentUrl":"https:\/\/iglesiatrinacristoes.org\/wp-content\/uploads\/2026\/04\/Diccionario-Expositivo-Vine.png","width":381,"height":580},{"@type":"BreadcrumbList","@id":"https:\/\/iglesiatrinacristoes.org\/index.php\/producto\/diccionario-expositivo-vine\/#breadcrumb","itemListElement":[{"@type":"ListItem","position":1,"name":"Inicio","item":"https:\/\/iglesiatrinacristoes.org\/"},{"@type":"ListItem","position":2,"name":"Tienda","item":"https:\/\/iglesiatrinacristoes.org\/index.php\/tienda\/"},{"@type":"ListItem","position":3,"name":"Diccionario Expositivo Vine"}]},{"@type":"WebSite","@id":"https:\/\/iglesiatrinacristoes.org\/#website","url":"https:\/\/iglesiatrinacristoes.org\/","name":"Iglesia Trina &quot;Cristo Es&quot;","description":"Iglesia Trina &quot;Cristo Es&quot;","publisher":{"@id":"https:\/\/iglesiatrinacristoes.org\/#organization"},"potentialAction":[{"@type":"SearchAction","target":{"@type":"EntryPoint","urlTemplate":"https:\/\/iglesiatrinacristoes.org\/?s={search_term_string}"},"query-input":{"@type":"PropertyValueSpecification","valueRequired":true,"valueName":"search_term_string"}}],"inLanguage":"es-CO"},{"@type":"Organization","@id":"https:\/\/iglesiatrinacristoes.org\/#organization","name":"Iglesia Trina &quot;Cristo Es&quot;","url":"https:\/\/iglesiatrinacristoes.org\/","logo":{"@type":"ImageObject","inLanguage":"es-CO","@id":"https:\/\/iglesiatrinacristoes.org\/#\/schema\/logo\/image\/","url":"","contentUrl":"","caption":"Iglesia Trina &quot;Cristo Es&quot;"},"image":{"@id":"https:\/\/iglesiatrinacristoes.org\/#\/schema\/logo\/image\/"}}]}},"_links":{"self":[{"href":"https:\/\/iglesiatrinacristoes.org\/index.php\/wp-json\/wp\/v2\/product\/10788","targetHints":{"allow":["GET"]}}],"collection":[{"href":"https:\/\/iglesiatrinacristoes.org\/index.php\/wp-json\/wp\/v2\/product"}],"about":[{"href":"https:\/\/iglesiatrinacristoes.org\/index.php\/wp-json\/wp\/v2\/types\/product"}],"replies":[{"embeddable":true,"href":"https:\/\/iglesiatrinacristoes.org\/index.php\/wp-json\/wp\/v2\/comments?post=10788"}],"wp:featuredmedia":[{"embeddable":true,"href":"https:\/\/iglesiatrinacristoes.org\/index.php\/wp-json\/wp\/v2\/media\/10789"}],"wp:attachment":[{"href":"https:\/\/iglesiatrinacristoes.org\/index.php\/wp-json\/wp\/v2\/media?parent=10788"}],"wp:term":[{"taxonomy":"product_brand","embeddable":true,"href":"https:\/\/iglesiatrinacristoes.org\/index.php\/wp-json\/wp\/v2\/product_brand?post=10788"},{"taxonomy":"product_cat","embeddable":true,"href":"https:\/\/iglesiatrinacristoes.org\/index.php\/wp-json\/wp\/v2\/product_cat?post=10788"},{"taxonomy":"product_tag","embeddable":true,"href":"https:\/\/iglesiatrinacristoes.org\/index.php\/wp-json\/wp\/v2\/product_tag?post=10788"}],"curies":[{"name":"wp","href":"https:\/\/api.w.org\/{rel}","templated":true}]}}