{"id":10793,"date":"2026-04-14T19:54:53","date_gmt":"2026-04-15T00:54:53","guid":{"rendered":"https:\/\/iglesiatrinacristoes.org\/?post_type=product&#038;p=10793"},"modified":"2026-04-14T20:16:46","modified_gmt":"2026-04-15T01:16:46","slug":"nuevo-diccionario-biblico-ilustrado-vila-escuain","status":"publish","type":"product","link":"https:\/\/iglesiatrinacristoes.org\/index.php\/producto\/nuevo-diccionario-biblico-ilustrado-vila-escuain\/","title":{"rendered":"Nuevo Diccionario Biblico Ilustrado (Vila Escuain)"},"content":{"rendered":"<style type=\"text\/css\"><\/style><p>El prop\u00f3sito de este Nuevo Diccionario B\u00edblico Ilustrado es dar a los amantes de la Biblia aquellos datos relevantes que puedan serles de ayuda para una mejor comprensi\u00f3n de las referencias doctrinales, hist\u00f3ricas, culturales y ambientales que se hayan en ella.<br \/>\n2. Contiene m\u00e1s de 4.000 art\u00edculos de car\u00e1cter enciclop\u00e9dico. Contiene abundant\u00edsimos grabados y mapas colocados dentro del texto correspondiente.<\/p>\n<p>Adem\u00e1s contiene muchas fotograf\u00edas a todo color y en blanco y negro. El profundo motivo de la recopilaci\u00f3n y redacci\u00f3n de los art\u00edculos fue ser de ayuda a los cristianos y a los interesados en general a conseguir un conocimiento del trasfondo de los tiempos de la Biblia, de sus lugares, hechos, conceptos, personas, animales y cosas, a la vez que documentando la plena fiabilidad de la historia b\u00edblica de una manera tan amplia y profunda como fuese posible en una obra de esta naturaleza y tama\u00f1o.<\/p>\n<p>Es, que sepamos, el \u00fanico Diccionario B\u00edblico general que expone de cara al p\u00fablico general la cuesti\u00f3n de la pol\u00e9mica entablada entre la Cronolog\u00eda Revisada y la Cronolog\u00eda Establecida de las tierras del Mediterr\u00e1neo Oriental.<\/p>\n<p>Tambi\u00e9n trata de cuestiones largamente discutidas, desde la \u00e9poca del polemista pagano Porfirio hasta las modernas especulaciones naturalistas que tratan de negar la paternidad mosaica del Pentateuco y la fecha tradicional de redacci\u00f3n de Daniel, entre otros temas. Se da una sinopsis de cada libro de la Biblia y una valoraci\u00f3n cr\u00edtica de la evidencia por lo que ata\u00f1e a su paternidad literaria y fecha. Su tratamiento de Qumr\u00e1n, Ebla, Nuzu, Ugarit y otras localidades arqueol\u00f3gicas tiene una buena extensi\u00f3n para un trabajo de este tama\u00f1o, y dan las reflexiones de este autor basadas en extensas lecturas a lo largo de muchos a\u00f1os, incluyendo la m\u00e1s reciente literatura hasta el a\u00f1o de su publicaci\u00f3n.<\/p>\n<p>Explora las principales doctrinas, como la Unidad de la Deidad y su revelaci\u00f3n en un Ser Uno y Trino, la persona deJes\u00fas de Nazaret, el Mes\u00edas o Cristo. La persona del Esp\u00edritu. La Iglesia, su naturaleza, llamamiento, misi\u00f3n y esperanza.<\/p>\n<p>Israel, la tierra y el pueblo, su historia, su presente y su futuro prof\u00e9tico. Los Imperios de los Gentiles. Biograf\u00edas, como las de Abraham, Pablo, etc. Y mucho m\u00e1s. En todo esto, el objetivo fue dar al lector una ayuda muy compacta y a la vez extensa y amplia en temas b\u00edblicos en lengua castellana, y ayudar al lector a penetrar en los medios b\u00edblicos desde los m\u00e1s antiguos tiempos hasta el medio ambiente apost\u00f3lico, e introducirlo en las esperanzas de la Iglesia de Dios y en el futuro de Israel y de las Naciones en el venidero Reino de Dios. Santiago Escuain<\/p>\n<p>Un diccionario comprometido con la inerrancia divina de la Biblia. Seg\u00fan sus autores, este es el \u00fanico Diccionario B\u00edblico general que expone de cara al p\u00fablico general la cuesti\u00f3n de la pol\u00e9mica entablada entre la Cronolog\u00eda Revisada y la Cronolog\u00eda Establecida de las tierras del Mediterr\u00e1neo Oriental.<\/p>\n<p>P\u00e1ginas: 1264<\/p>\n","protected":false},"excerpt":{"rendered":"<p>El prop\u00f3sito de este Nuevo Diccionario B\u00edblico Ilustrado es dar a los amantes de la Biblia aquellos datos relevantes que puedan serles de ayuda para una mejor comprensi\u00f3n de las referencias doctrinales, hist\u00f3ricas, culturales y ambientales que se hayan en ella. 2. Contiene m\u00e1s de 4.000 art\u00edculos de car\u00e1cter enciclop\u00e9dico. Contiene abundant\u00edsimos grabados y mapas&#8230;<\/p>\n","protected":false},"featured_media":10794,"comment_status":"open","ping_status":"closed","template":"","meta":{"om_disable_all_campaigns":false},"product_brand":[],"product_cat":[86],"product_tag":[],"class_list":{"0":"post-10793","1":"product","2":"type-product","3":"status-publish","4":"has-post-thumbnail","6":"product_cat-libreria","8":"first","9":"instock","10":"shipping-taxable","11":"purchasable","12":"product-type-simple"},"yoast_head":"<!-- This site is optimized with the Yoast SEO plugin v26.3 - https:\/\/yoast.com\/wordpress\/plugins\/seo\/ -->\n<title>Nuevo Diccionario Biblico Ilustrado (Vila Escuain) - Iglesia Trina &quot;Cristo Es&quot;<\/title>\n<meta name=\"robots\" content=\"index, follow, max-snippet:-1, max-image-preview:large, max-video-preview:-1\" \/>\n<link rel=\"canonical\" href=\"https:\/\/iglesiatrinacristoes.org\/index.php\/producto\/nuevo-diccionario-biblico-ilustrado-vila-escuain\/\" \/>\n<meta property=\"og:locale\" content=\"es_ES\" \/>\n<meta property=\"og:type\" content=\"article\" \/>\n<meta property=\"og:title\" content=\"Nuevo Diccionario Biblico Ilustrado (Vila Escuain) - Iglesia Trina &quot;Cristo Es&quot;\" \/>\n<meta property=\"og:description\" content=\"El prop\u00f3sito de este Nuevo Diccionario B\u00edblico Ilustrado es dar a los amantes de la Biblia aquellos datos relevantes que puedan serles de ayuda para una mejor comprensi\u00f3n de las referencias doctrinales, hist\u00f3ricas, culturales y ambientales que se hayan en ella. 2. Contiene m\u00e1s de 4.000 art\u00edculos de car\u00e1cter enciclop\u00e9dico. Contiene abundant\u00edsimos grabados y mapas...\" \/>\n<meta property=\"og:url\" content=\"https:\/\/iglesiatrinacristoes.org\/index.php\/producto\/nuevo-diccionario-biblico-ilustrado-vila-escuain\/\" \/>\n<meta property=\"og:site_name\" content=\"Iglesia Trina &quot;Cristo Es&quot;\" \/>\n<meta property=\"article:modified_time\" content=\"2026-04-15T01:16:46+00:00\" \/>\n<meta property=\"og:image\" content=\"http:\/\/iglesiatrinacristoes.org\/wp-content\/uploads\/2026\/04\/Nuevo-Diccionario-Biblico-Ilustrado-Vila-Escuain.png\" \/>\n\t<meta property=\"og:image:width\" content=\"484\" \/>\n\t<meta property=\"og:image:height\" content=\"709\" \/>\n\t<meta property=\"og:image:type\" content=\"image\/png\" \/>\n<meta name=\"twitter:card\" content=\"summary_large_image\" \/>\n<meta name=\"twitter:label1\" content=\"Tiempo de lectura\" \/>\n\t<meta name=\"twitter:data1\" content=\"3 minutos\" \/>\n<script type=\"application\/ld+json\" class=\"yoast-schema-graph\">{\"@context\":\"https:\/\/schema.org\",\"@graph\":[{\"@type\":\"WebPage\",\"@id\":\"https:\/\/iglesiatrinacristoes.org\/index.php\/producto\/nuevo-diccionario-biblico-ilustrado-vila-escuain\/\",\"url\":\"https:\/\/iglesiatrinacristoes.org\/index.php\/producto\/nuevo-diccionario-biblico-ilustrado-vila-escuain\/\",\"name\":\"Nuevo Diccionario Biblico Ilustrado (Vila Escuain) - Iglesia Trina &quot;Cristo Es&quot;\",\"isPartOf\":{\"@id\":\"https:\/\/iglesiatrinacristoes.org\/#website\"},\"primaryImageOfPage\":{\"@id\":\"https:\/\/iglesiatrinacristoes.org\/index.php\/producto\/nuevo-diccionario-biblico-ilustrado-vila-escuain\/#primaryimage\"},\"image\":{\"@id\":\"https:\/\/iglesiatrinacristoes.org\/index.php\/producto\/nuevo-diccionario-biblico-ilustrado-vila-escuain\/#primaryimage\"},\"thumbnailUrl\":\"https:\/\/iglesiatrinacristoes.org\/wp-content\/uploads\/2026\/04\/Nuevo-Diccionario-Biblico-Ilustrado-Vila-Escuain.png\",\"datePublished\":\"2026-04-15T00:54:53+00:00\",\"dateModified\":\"2026-04-15T01:16:46+00:00\",\"breadcrumb\":{\"@id\":\"https:\/\/iglesiatrinacristoes.org\/index.php\/producto\/nuevo-diccionario-biblico-ilustrado-vila-escuain\/#breadcrumb\"},\"inLanguage\":\"es-CO\",\"potentialAction\":[{\"@type\":\"ReadAction\",\"target\":[\"https:\/\/iglesiatrinacristoes.org\/index.php\/producto\/nuevo-diccionario-biblico-ilustrado-vila-escuain\/\"]}]},{\"@type\":\"ImageObject\",\"inLanguage\":\"es-CO\",\"@id\":\"https:\/\/iglesiatrinacristoes.org\/index.php\/producto\/nuevo-diccionario-biblico-ilustrado-vila-escuain\/#primaryimage\",\"url\":\"https:\/\/iglesiatrinacristoes.org\/wp-content\/uploads\/2026\/04\/Nuevo-Diccionario-Biblico-Ilustrado-Vila-Escuain.png\",\"contentUrl\":\"https:\/\/iglesiatrinacristoes.org\/wp-content\/uploads\/2026\/04\/Nuevo-Diccionario-Biblico-Ilustrado-Vila-Escuain.png\",\"width\":484,\"height\":709},{\"@type\":\"BreadcrumbList\",\"@id\":\"https:\/\/iglesiatrinacristoes.org\/index.php\/producto\/nuevo-diccionario-biblico-ilustrado-vila-escuain\/#breadcrumb\",\"itemListElement\":[{\"@type\":\"ListItem\",\"position\":1,\"name\":\"Inicio\",\"item\":\"https:\/\/iglesiatrinacristoes.org\/\"},{\"@type\":\"ListItem\",\"position\":2,\"name\":\"Tienda\",\"item\":\"https:\/\/iglesiatrinacristoes.org\/index.php\/tienda\/\"},{\"@type\":\"ListItem\",\"position\":3,\"name\":\"Nuevo Diccionario Biblico Ilustrado (Vila Escuain)\"}]},{\"@type\":\"WebSite\",\"@id\":\"https:\/\/iglesiatrinacristoes.org\/#website\",\"url\":\"https:\/\/iglesiatrinacristoes.org\/\",\"name\":\"Iglesia Trina &quot;Cristo Es&quot;\",\"description\":\"Iglesia Trina &quot;Cristo Es&quot;\",\"publisher\":{\"@id\":\"https:\/\/iglesiatrinacristoes.org\/#organization\"},\"potentialAction\":[{\"@type\":\"SearchAction\",\"target\":{\"@type\":\"EntryPoint\",\"urlTemplate\":\"https:\/\/iglesiatrinacristoes.org\/?s={search_term_string}\"},\"query-input\":{\"@type\":\"PropertyValueSpecification\",\"valueRequired\":true,\"valueName\":\"search_term_string\"}}],\"inLanguage\":\"es-CO\"},{\"@type\":\"Organization\",\"@id\":\"https:\/\/iglesiatrinacristoes.org\/#organization\",\"name\":\"Iglesia Trina &quot;Cristo Es&quot;\",\"url\":\"https:\/\/iglesiatrinacristoes.org\/\",\"logo\":{\"@type\":\"ImageObject\",\"inLanguage\":\"es-CO\",\"@id\":\"https:\/\/iglesiatrinacristoes.org\/#\/schema\/logo\/image\/\",\"url\":\"\",\"contentUrl\":\"\",\"caption\":\"Iglesia Trina &quot;Cristo Es&quot;\"},\"image\":{\"@id\":\"https:\/\/iglesiatrinacristoes.org\/#\/schema\/logo\/image\/\"}}]}<\/script>\n<!-- \/ Yoast SEO plugin. -->","yoast_head_json":{"title":"Nuevo Diccionario Biblico Ilustrado (Vila Escuain) - Iglesia Trina &quot;Cristo Es&quot;","robots":{"index":"index","follow":"follow","max-snippet":"max-snippet:-1","max-image-preview":"max-image-preview:large","max-video-preview":"max-video-preview:-1"},"canonical":"https:\/\/iglesiatrinacristoes.org\/index.php\/producto\/nuevo-diccionario-biblico-ilustrado-vila-escuain\/","og_locale":"es_ES","og_type":"article","og_title":"Nuevo Diccionario Biblico Ilustrado (Vila Escuain) - Iglesia Trina &quot;Cristo Es&quot;","og_description":"El prop\u00f3sito de este Nuevo Diccionario B\u00edblico Ilustrado es dar a los amantes de la Biblia aquellos datos relevantes que puedan serles de ayuda para una mejor comprensi\u00f3n de las referencias doctrinales, hist\u00f3ricas, culturales y ambientales que se hayan en ella. 2. Contiene m\u00e1s de 4.000 art\u00edculos de car\u00e1cter enciclop\u00e9dico. Contiene abundant\u00edsimos grabados y mapas...","og_url":"https:\/\/iglesiatrinacristoes.org\/index.php\/producto\/nuevo-diccionario-biblico-ilustrado-vila-escuain\/","og_site_name":"Iglesia Trina &quot;Cristo Es&quot;","article_modified_time":"2026-04-15T01:16:46+00:00","og_image":[{"width":484,"height":709,"url":"http:\/\/iglesiatrinacristoes.org\/wp-content\/uploads\/2026\/04\/Nuevo-Diccionario-Biblico-Ilustrado-Vila-Escuain.png","type":"image\/png"}],"twitter_card":"summary_large_image","twitter_misc":{"Tiempo de lectura":"3 minutos"},"schema":{"@context":"https:\/\/schema.org","@graph":[{"@type":"WebPage","@id":"https:\/\/iglesiatrinacristoes.org\/index.php\/producto\/nuevo-diccionario-biblico-ilustrado-vila-escuain\/","url":"https:\/\/iglesiatrinacristoes.org\/index.php\/producto\/nuevo-diccionario-biblico-ilustrado-vila-escuain\/","name":"Nuevo Diccionario Biblico Ilustrado (Vila Escuain) - Iglesia Trina &quot;Cristo Es&quot;","isPartOf":{"@id":"https:\/\/iglesiatrinacristoes.org\/#website"},"primaryImageOfPage":{"@id":"https:\/\/iglesiatrinacristoes.org\/index.php\/producto\/nuevo-diccionario-biblico-ilustrado-vila-escuain\/#primaryimage"},"image":{"@id":"https:\/\/iglesiatrinacristoes.org\/index.php\/producto\/nuevo-diccionario-biblico-ilustrado-vila-escuain\/#primaryimage"},"thumbnailUrl":"https:\/\/iglesiatrinacristoes.org\/wp-content\/uploads\/2026\/04\/Nuevo-Diccionario-Biblico-Ilustrado-Vila-Escuain.png","datePublished":"2026-04-15T00:54:53+00:00","dateModified":"2026-04-15T01:16:46+00:00","breadcrumb":{"@id":"https:\/\/iglesiatrinacristoes.org\/index.php\/producto\/nuevo-diccionario-biblico-ilustrado-vila-escuain\/#breadcrumb"},"inLanguage":"es-CO","potentialAction":[{"@type":"ReadAction","target":["https:\/\/iglesiatrinacristoes.org\/index.php\/producto\/nuevo-diccionario-biblico-ilustrado-vila-escuain\/"]}]},{"@type":"ImageObject","inLanguage":"es-CO","@id":"https:\/\/iglesiatrinacristoes.org\/index.php\/producto\/nuevo-diccionario-biblico-ilustrado-vila-escuain\/#primaryimage","url":"https:\/\/iglesiatrinacristoes.org\/wp-content\/uploads\/2026\/04\/Nuevo-Diccionario-Biblico-Ilustrado-Vila-Escuain.png","contentUrl":"https:\/\/iglesiatrinacristoes.org\/wp-content\/uploads\/2026\/04\/Nuevo-Diccionario-Biblico-Ilustrado-Vila-Escuain.png","width":484,"height":709},{"@type":"BreadcrumbList","@id":"https:\/\/iglesiatrinacristoes.org\/index.php\/producto\/nuevo-diccionario-biblico-ilustrado-vila-escuain\/#breadcrumb","itemListElement":[{"@type":"ListItem","position":1,"name":"Inicio","item":"https:\/\/iglesiatrinacristoes.org\/"},{"@type":"ListItem","position":2,"name":"Tienda","item":"https:\/\/iglesiatrinacristoes.org\/index.php\/tienda\/"},{"@type":"ListItem","position":3,"name":"Nuevo Diccionario Biblico Ilustrado (Vila Escuain)"}]},{"@type":"WebSite","@id":"https:\/\/iglesiatrinacristoes.org\/#website","url":"https:\/\/iglesiatrinacristoes.org\/","name":"Iglesia Trina &quot;Cristo Es&quot;","description":"Iglesia Trina &quot;Cristo Es&quot;","publisher":{"@id":"https:\/\/iglesiatrinacristoes.org\/#organization"},"potentialAction":[{"@type":"SearchAction","target":{"@type":"EntryPoint","urlTemplate":"https:\/\/iglesiatrinacristoes.org\/?s={search_term_string}"},"query-input":{"@type":"PropertyValueSpecification","valueRequired":true,"valueName":"search_term_string"}}],"inLanguage":"es-CO"},{"@type":"Organization","@id":"https:\/\/iglesiatrinacristoes.org\/#organization","name":"Iglesia Trina &quot;Cristo Es&quot;","url":"https:\/\/iglesiatrinacristoes.org\/","logo":{"@type":"ImageObject","inLanguage":"es-CO","@id":"https:\/\/iglesiatrinacristoes.org\/#\/schema\/logo\/image\/","url":"","contentUrl":"","caption":"Iglesia Trina &quot;Cristo Es&quot;"},"image":{"@id":"https:\/\/iglesiatrinacristoes.org\/#\/schema\/logo\/image\/"}}]}},"_links":{"self":[{"href":"https:\/\/iglesiatrinacristoes.org\/index.php\/wp-json\/wp\/v2\/product\/10793","targetHints":{"allow":["GET"]}}],"collection":[{"href":"https:\/\/iglesiatrinacristoes.org\/index.php\/wp-json\/wp\/v2\/product"}],"about":[{"href":"https:\/\/iglesiatrinacristoes.org\/index.php\/wp-json\/wp\/v2\/types\/product"}],"replies":[{"embeddable":true,"href":"https:\/\/iglesiatrinacristoes.org\/index.php\/wp-json\/wp\/v2\/comments?post=10793"}],"wp:featuredmedia":[{"embeddable":true,"href":"https:\/\/iglesiatrinacristoes.org\/index.php\/wp-json\/wp\/v2\/media\/10794"}],"wp:attachment":[{"href":"https:\/\/iglesiatrinacristoes.org\/index.php\/wp-json\/wp\/v2\/media?parent=10793"}],"wp:term":[{"taxonomy":"product_brand","embeddable":true,"href":"https:\/\/iglesiatrinacristoes.org\/index.php\/wp-json\/wp\/v2\/product_brand?post=10793"},{"taxonomy":"product_cat","embeddable":true,"href":"https:\/\/iglesiatrinacristoes.org\/index.php\/wp-json\/wp\/v2\/product_cat?post=10793"},{"taxonomy":"product_tag","embeddable":true,"href":"https:\/\/iglesiatrinacristoes.org\/index.php\/wp-json\/wp\/v2\/product_tag?post=10793"}],"curies":[{"name":"wp","href":"https:\/\/api.w.org\/{rel}","templated":true}]}}