{"id":10796,"date":"2026-04-14T20:17:57","date_gmt":"2026-04-15T01:17:57","guid":{"rendered":"https:\/\/iglesiatrinacristoes.org\/?post_type=product&#038;p=10796"},"modified":"2026-04-14T20:26:15","modified_gmt":"2026-04-15T01:26:15","slug":"como-hallar-el-amor-de-tu-vida","status":"publish","type":"product","link":"https:\/\/iglesiatrinacristoes.org\/index.php\/producto\/como-hallar-el-amor-de-tu-vida\/","title":{"rendered":"C\u00f3mo Hallar El Amor De Tu Vida"},"content":{"rendered":"<style type=\"text\/css\"><\/style><p>Autor: Dr. Neil Clark Warren<\/p>\n<p>Editorial:<\/p>\n<p>Dimensiones: cm<br \/>\nCubierta: Tapa blanda<br \/>\nIdioma: Espa\u00f1ol<\/p>\n<p>&nbsp;<\/p>\n<p>C\u00f3mo encontrar a la persona con la cual pasar el resto de tu vida? Descubre los diez principios<br \/>\nGoogle Books<br \/>\n2. Descripci\u00f3n<br \/>\nEste libro ofrece principios probados para ayudarte a escoger la persona adecuada con quien casarte. Siete se\u00f1ales de peligro para el que planea casarse, cualidad m\u00e1s importante en un c\u00f3nyuge potencial, y cuales diferencias o similitudes crean o destruyen una relaci\u00f3n son algunos de los temas presentados por el Dr. Warren. Ya sea que est\u00e9s en busca de alguien, iniciando una relaci\u00f3n, o considerando seriamente casarte o volverte a casar, C\u00f3mo Hallar el Amor de Tu Vida te ayudar\u00e1 a escoger un c\u00f3nyuge a quien puedas amar y con quien puedas vivir felizmente por el resto de tu vida.<br \/>\nlibreriaclc.com<\/p>\n","protected":false},"excerpt":{"rendered":"<p>T\u00fa puedes hallar una persona a quien amar por el resto de tu vida<br \/>\n&#8220;Es un hecho sorprendente la selecci\u00f3n que hagas de tu c\u00f3nyuge puede contribuir m\u00e1s a la calidad de tu matrimonio que a todo cuanto realices despu\u00e9s de casado&#8221;.<br \/>\nNeil Clark.<br \/>\nC\u00f3mo hallar el amor de tu vida ofrece principios probados para ayudarte a escoger la persona adecuada con quien casarte. El doctor Warren presenta orientaciones acerca de los siguientes temas:<\/p>\n<p>\u00bfCu\u00e1les son las siete se\u00f1ales de peligro para una persona que planea casarse?.<br \/>\n\u00bfLos caracteres opuestos se atraen vitaliciamente?<br \/>\n\u00bfQu\u00e9 diferencias o similitudes cr\u00edticas hacen o destruyen una relaci\u00f3n?.<br \/>\n\u00bfCu\u00e1l es la cualidad m\u00e1s importante que debo buscar en un c\u00f3nyuge potencial?.<br \/>\nYa sea que est\u00e9s en b\u00fasqueda de alguien, iniciando una relaci\u00f3n. o considerando seriamente casarte o volverte a casar,<br \/>\nC\u00f3mo hallar el amor de tu vida te ayudar\u00e1 a escoger un c\u00f3nyuge a quien puedas amar y con quien puedes vivir felizmente por el resto de tu vida.<\/p>\n","protected":false},"featured_media":10797,"comment_status":"open","ping_status":"closed","template":"","meta":{"om_disable_all_campaigns":false},"product_brand":[],"product_cat":[86],"product_tag":[],"class_list":{"0":"post-10796","1":"product","2":"type-product","3":"status-publish","4":"has-post-thumbnail","6":"product_cat-libreria","8":"first","9":"instock","10":"shipping-taxable","11":"purchasable","12":"product-type-simple"},"yoast_head":"<!-- This site is optimized with the Yoast SEO plugin v26.3 - https:\/\/yoast.com\/wordpress\/plugins\/seo\/ -->\n<title>C\u00f3mo Hallar El Amor De Tu Vida - Iglesia Trina &quot;Cristo Es&quot;<\/title>\n<meta name=\"robots\" content=\"index, follow, max-snippet:-1, max-image-preview:large, max-video-preview:-1\" \/>\n<link rel=\"canonical\" href=\"https:\/\/iglesiatrinacristoes.org\/index.php\/producto\/como-hallar-el-amor-de-tu-vida\/\" \/>\n<meta property=\"og:locale\" content=\"es_ES\" \/>\n<meta property=\"og:type\" content=\"article\" \/>\n<meta property=\"og:title\" content=\"C\u00f3mo Hallar El Amor De Tu Vida - Iglesia Trina &quot;Cristo Es&quot;\" \/>\n<meta property=\"og:description\" content=\"T\u00fa puedes hallar una persona a quien amar por el resto de tu vida &quot;Es un hecho sorprendente la selecci\u00f3n que hagas de tu c\u00f3nyuge puede contribuir m\u00e1s a la calidad de tu matrimonio que a todo cuanto realices despu\u00e9s de casado&quot;. Neil Clark. C\u00f3mo hallar el amor de tu vida ofrece principios probados para ayudarte a escoger la persona adecuada con quien casarte. El doctor Warren presenta orientaciones acerca de los siguientes temas:  \u00bfCu\u00e1les son las siete se\u00f1ales de peligro para una persona que planea casarse?. \u00bfLos caracteres opuestos se atraen vitaliciamente? \u00bfQu\u00e9 diferencias o similitudes cr\u00edticas hacen o destruyen una relaci\u00f3n?. \u00bfCu\u00e1l es la cualidad m\u00e1s importante que debo buscar en un c\u00f3nyuge potencial?. Ya sea que est\u00e9s en b\u00fasqueda de alguien, iniciando una relaci\u00f3n. o considerando seriamente casarte o volverte a casar, C\u00f3mo hallar el amor de tu vida te ayudar\u00e1 a escoger un c\u00f3nyuge a quien puedas amar y con quien puedes vivir felizmente por el resto de tu vida.\" \/>\n<meta property=\"og:url\" content=\"https:\/\/iglesiatrinacristoes.org\/index.php\/producto\/como-hallar-el-amor-de-tu-vida\/\" \/>\n<meta property=\"og:site_name\" content=\"Iglesia Trina &quot;Cristo Es&quot;\" \/>\n<meta property=\"article:modified_time\" content=\"2026-04-15T01:26:15+00:00\" \/>\n<meta property=\"og:image\" content=\"http:\/\/iglesiatrinacristoes.org\/wp-content\/uploads\/2026\/04\/amar-Como-Hallar-El-Amor-De-Tu-Vida.png\" \/>\n\t<meta property=\"og:image:width\" content=\"484\" \/>\n\t<meta property=\"og:image:height\" content=\"709\" \/>\n\t<meta property=\"og:image:type\" content=\"image\/png\" \/>\n<meta name=\"twitter:card\" content=\"summary_large_image\" \/>\n<meta name=\"twitter:label1\" content=\"Tiempo de lectura\" \/>\n\t<meta name=\"twitter:data1\" content=\"1 minuto\" \/>\n<script type=\"application\/ld+json\" class=\"yoast-schema-graph\">{\"@context\":\"https:\/\/schema.org\",\"@graph\":[{\"@type\":\"WebPage\",\"@id\":\"https:\/\/iglesiatrinacristoes.org\/index.php\/producto\/como-hallar-el-amor-de-tu-vida\/\",\"url\":\"https:\/\/iglesiatrinacristoes.org\/index.php\/producto\/como-hallar-el-amor-de-tu-vida\/\",\"name\":\"C\u00f3mo Hallar El Amor De Tu Vida - Iglesia Trina &quot;Cristo Es&quot;\",\"isPartOf\":{\"@id\":\"https:\/\/iglesiatrinacristoes.org\/#website\"},\"primaryImageOfPage\":{\"@id\":\"https:\/\/iglesiatrinacristoes.org\/index.php\/producto\/como-hallar-el-amor-de-tu-vida\/#primaryimage\"},\"image\":{\"@id\":\"https:\/\/iglesiatrinacristoes.org\/index.php\/producto\/como-hallar-el-amor-de-tu-vida\/#primaryimage\"},\"thumbnailUrl\":\"https:\/\/iglesiatrinacristoes.org\/wp-content\/uploads\/2026\/04\/amar-Como-Hallar-El-Amor-De-Tu-Vida.png\",\"datePublished\":\"2026-04-15T01:17:57+00:00\",\"dateModified\":\"2026-04-15T01:26:15+00:00\",\"breadcrumb\":{\"@id\":\"https:\/\/iglesiatrinacristoes.org\/index.php\/producto\/como-hallar-el-amor-de-tu-vida\/#breadcrumb\"},\"inLanguage\":\"es-CO\",\"potentialAction\":[{\"@type\":\"ReadAction\",\"target\":[\"https:\/\/iglesiatrinacristoes.org\/index.php\/producto\/como-hallar-el-amor-de-tu-vida\/\"]}]},{\"@type\":\"ImageObject\",\"inLanguage\":\"es-CO\",\"@id\":\"https:\/\/iglesiatrinacristoes.org\/index.php\/producto\/como-hallar-el-amor-de-tu-vida\/#primaryimage\",\"url\":\"https:\/\/iglesiatrinacristoes.org\/wp-content\/uploads\/2026\/04\/amar-Como-Hallar-El-Amor-De-Tu-Vida.png\",\"contentUrl\":\"https:\/\/iglesiatrinacristoes.org\/wp-content\/uploads\/2026\/04\/amar-Como-Hallar-El-Amor-De-Tu-Vida.png\",\"width\":484,\"height\":709},{\"@type\":\"BreadcrumbList\",\"@id\":\"https:\/\/iglesiatrinacristoes.org\/index.php\/producto\/como-hallar-el-amor-de-tu-vida\/#breadcrumb\",\"itemListElement\":[{\"@type\":\"ListItem\",\"position\":1,\"name\":\"Inicio\",\"item\":\"https:\/\/iglesiatrinacristoes.org\/\"},{\"@type\":\"ListItem\",\"position\":2,\"name\":\"Tienda\",\"item\":\"https:\/\/iglesiatrinacristoes.org\/index.php\/tienda\/\"},{\"@type\":\"ListItem\",\"position\":3,\"name\":\"C\u00f3mo Hallar El Amor De Tu Vida\"}]},{\"@type\":\"WebSite\",\"@id\":\"https:\/\/iglesiatrinacristoes.org\/#website\",\"url\":\"https:\/\/iglesiatrinacristoes.org\/\",\"name\":\"Iglesia Trina &quot;Cristo Es&quot;\",\"description\":\"Iglesia Trina &quot;Cristo Es&quot;\",\"publisher\":{\"@id\":\"https:\/\/iglesiatrinacristoes.org\/#organization\"},\"potentialAction\":[{\"@type\":\"SearchAction\",\"target\":{\"@type\":\"EntryPoint\",\"urlTemplate\":\"https:\/\/iglesiatrinacristoes.org\/?s={search_term_string}\"},\"query-input\":{\"@type\":\"PropertyValueSpecification\",\"valueRequired\":true,\"valueName\":\"search_term_string\"}}],\"inLanguage\":\"es-CO\"},{\"@type\":\"Organization\",\"@id\":\"https:\/\/iglesiatrinacristoes.org\/#organization\",\"name\":\"Iglesia Trina &quot;Cristo Es&quot;\",\"url\":\"https:\/\/iglesiatrinacristoes.org\/\",\"logo\":{\"@type\":\"ImageObject\",\"inLanguage\":\"es-CO\",\"@id\":\"https:\/\/iglesiatrinacristoes.org\/#\/schema\/logo\/image\/\",\"url\":\"\",\"contentUrl\":\"\",\"caption\":\"Iglesia Trina &quot;Cristo Es&quot;\"},\"image\":{\"@id\":\"https:\/\/iglesiatrinacristoes.org\/#\/schema\/logo\/image\/\"}}]}<\/script>\n<!-- \/ Yoast SEO plugin. -->","yoast_head_json":{"title":"C\u00f3mo Hallar El Amor De Tu Vida - Iglesia Trina &quot;Cristo Es&quot;","robots":{"index":"index","follow":"follow","max-snippet":"max-snippet:-1","max-image-preview":"max-image-preview:large","max-video-preview":"max-video-preview:-1"},"canonical":"https:\/\/iglesiatrinacristoes.org\/index.php\/producto\/como-hallar-el-amor-de-tu-vida\/","og_locale":"es_ES","og_type":"article","og_title":"C\u00f3mo Hallar El Amor De Tu Vida - Iglesia Trina &quot;Cristo Es&quot;","og_description":"T\u00fa puedes hallar una persona a quien amar por el resto de tu vida \"Es un hecho sorprendente la selecci\u00f3n que hagas de tu c\u00f3nyuge puede contribuir m\u00e1s a la calidad de tu matrimonio que a todo cuanto realices despu\u00e9s de casado\". Neil Clark. C\u00f3mo hallar el amor de tu vida ofrece principios probados para ayudarte a escoger la persona adecuada con quien casarte. El doctor Warren presenta orientaciones acerca de los siguientes temas:  \u00bfCu\u00e1les son las siete se\u00f1ales de peligro para una persona que planea casarse?. \u00bfLos caracteres opuestos se atraen vitaliciamente? \u00bfQu\u00e9 diferencias o similitudes cr\u00edticas hacen o destruyen una relaci\u00f3n?. \u00bfCu\u00e1l es la cualidad m\u00e1s importante que debo buscar en un c\u00f3nyuge potencial?. Ya sea que est\u00e9s en b\u00fasqueda de alguien, iniciando una relaci\u00f3n. o considerando seriamente casarte o volverte a casar, C\u00f3mo hallar el amor de tu vida te ayudar\u00e1 a escoger un c\u00f3nyuge a quien puedas amar y con quien puedes vivir felizmente por el resto de tu vida.","og_url":"https:\/\/iglesiatrinacristoes.org\/index.php\/producto\/como-hallar-el-amor-de-tu-vida\/","og_site_name":"Iglesia Trina &quot;Cristo Es&quot;","article_modified_time":"2026-04-15T01:26:15+00:00","og_image":[{"width":484,"height":709,"url":"http:\/\/iglesiatrinacristoes.org\/wp-content\/uploads\/2026\/04\/amar-Como-Hallar-El-Amor-De-Tu-Vida.png","type":"image\/png"}],"twitter_card":"summary_large_image","twitter_misc":{"Tiempo de lectura":"1 minuto"},"schema":{"@context":"https:\/\/schema.org","@graph":[{"@type":"WebPage","@id":"https:\/\/iglesiatrinacristoes.org\/index.php\/producto\/como-hallar-el-amor-de-tu-vida\/","url":"https:\/\/iglesiatrinacristoes.org\/index.php\/producto\/como-hallar-el-amor-de-tu-vida\/","name":"C\u00f3mo Hallar El Amor De Tu Vida - Iglesia Trina &quot;Cristo Es&quot;","isPartOf":{"@id":"https:\/\/iglesiatrinacristoes.org\/#website"},"primaryImageOfPage":{"@id":"https:\/\/iglesiatrinacristoes.org\/index.php\/producto\/como-hallar-el-amor-de-tu-vida\/#primaryimage"},"image":{"@id":"https:\/\/iglesiatrinacristoes.org\/index.php\/producto\/como-hallar-el-amor-de-tu-vida\/#primaryimage"},"thumbnailUrl":"https:\/\/iglesiatrinacristoes.org\/wp-content\/uploads\/2026\/04\/amar-Como-Hallar-El-Amor-De-Tu-Vida.png","datePublished":"2026-04-15T01:17:57+00:00","dateModified":"2026-04-15T01:26:15+00:00","breadcrumb":{"@id":"https:\/\/iglesiatrinacristoes.org\/index.php\/producto\/como-hallar-el-amor-de-tu-vida\/#breadcrumb"},"inLanguage":"es-CO","potentialAction":[{"@type":"ReadAction","target":["https:\/\/iglesiatrinacristoes.org\/index.php\/producto\/como-hallar-el-amor-de-tu-vida\/"]}]},{"@type":"ImageObject","inLanguage":"es-CO","@id":"https:\/\/iglesiatrinacristoes.org\/index.php\/producto\/como-hallar-el-amor-de-tu-vida\/#primaryimage","url":"https:\/\/iglesiatrinacristoes.org\/wp-content\/uploads\/2026\/04\/amar-Como-Hallar-El-Amor-De-Tu-Vida.png","contentUrl":"https:\/\/iglesiatrinacristoes.org\/wp-content\/uploads\/2026\/04\/amar-Como-Hallar-El-Amor-De-Tu-Vida.png","width":484,"height":709},{"@type":"BreadcrumbList","@id":"https:\/\/iglesiatrinacristoes.org\/index.php\/producto\/como-hallar-el-amor-de-tu-vida\/#breadcrumb","itemListElement":[{"@type":"ListItem","position":1,"name":"Inicio","item":"https:\/\/iglesiatrinacristoes.org\/"},{"@type":"ListItem","position":2,"name":"Tienda","item":"https:\/\/iglesiatrinacristoes.org\/index.php\/tienda\/"},{"@type":"ListItem","position":3,"name":"C\u00f3mo Hallar El Amor De Tu Vida"}]},{"@type":"WebSite","@id":"https:\/\/iglesiatrinacristoes.org\/#website","url":"https:\/\/iglesiatrinacristoes.org\/","name":"Iglesia Trina &quot;Cristo Es&quot;","description":"Iglesia Trina &quot;Cristo Es&quot;","publisher":{"@id":"https:\/\/iglesiatrinacristoes.org\/#organization"},"potentialAction":[{"@type":"SearchAction","target":{"@type":"EntryPoint","urlTemplate":"https:\/\/iglesiatrinacristoes.org\/?s={search_term_string}"},"query-input":{"@type":"PropertyValueSpecification","valueRequired":true,"valueName":"search_term_string"}}],"inLanguage":"es-CO"},{"@type":"Organization","@id":"https:\/\/iglesiatrinacristoes.org\/#organization","name":"Iglesia Trina &quot;Cristo Es&quot;","url":"https:\/\/iglesiatrinacristoes.org\/","logo":{"@type":"ImageObject","inLanguage":"es-CO","@id":"https:\/\/iglesiatrinacristoes.org\/#\/schema\/logo\/image\/","url":"","contentUrl":"","caption":"Iglesia Trina &quot;Cristo Es&quot;"},"image":{"@id":"https:\/\/iglesiatrinacristoes.org\/#\/schema\/logo\/image\/"}}]}},"_links":{"self":[{"href":"https:\/\/iglesiatrinacristoes.org\/index.php\/wp-json\/wp\/v2\/product\/10796","targetHints":{"allow":["GET"]}}],"collection":[{"href":"https:\/\/iglesiatrinacristoes.org\/index.php\/wp-json\/wp\/v2\/product"}],"about":[{"href":"https:\/\/iglesiatrinacristoes.org\/index.php\/wp-json\/wp\/v2\/types\/product"}],"replies":[{"embeddable":true,"href":"https:\/\/iglesiatrinacristoes.org\/index.php\/wp-json\/wp\/v2\/comments?post=10796"}],"wp:featuredmedia":[{"embeddable":true,"href":"https:\/\/iglesiatrinacristoes.org\/index.php\/wp-json\/wp\/v2\/media\/10797"}],"wp:attachment":[{"href":"https:\/\/iglesiatrinacristoes.org\/index.php\/wp-json\/wp\/v2\/media?parent=10796"}],"wp:term":[{"taxonomy":"product_brand","embeddable":true,"href":"https:\/\/iglesiatrinacristoes.org\/index.php\/wp-json\/wp\/v2\/product_brand?post=10796"},{"taxonomy":"product_cat","embeddable":true,"href":"https:\/\/iglesiatrinacristoes.org\/index.php\/wp-json\/wp\/v2\/product_cat?post=10796"},{"taxonomy":"product_tag","embeddable":true,"href":"https:\/\/iglesiatrinacristoes.org\/index.php\/wp-json\/wp\/v2\/product_tag?post=10796"}],"curies":[{"name":"wp","href":"https:\/\/api.w.org\/{rel}","templated":true}]}}