{"id":9253,"date":"2025-05-10T19:02:58","date_gmt":"2025-05-11T00:02:58","guid":{"rendered":"https:\/\/iglesiatrinacristoes.org\/?post_type=product&#038;p=9253"},"modified":"2025-07-03T23:38:11","modified_gmt":"2025-07-04T04:38:11","slug":"biblia","status":"publish","type":"product","link":"https:\/\/iglesiatrinacristoes.org\/index.php\/producto\/biblia\/","title":{"rendered":"Introducci\u00f3n A La Biblia"},"content":{"rendered":"<style type=\"text\/css\"><\/style><div class=\"row\">\n<div class=\"col-xs-12 padding-xs-0\">\n<div class=\"ficha font-weight-light font-size-normal color-text\">\n<div class=\"row\">\n<div class=\"col-xs-5\">\n<div class=\"box\">Formato: Libro F\u00edsico<\/div>\n<\/div>\n<\/div>\n<div class=\"row\">\n<div class=\"col-xs-5\">\n<div class=\"box\">Editorial: Unilit<\/div>\n<\/div>\n<\/div>\n<div class=\"row\">\n<div class=\"col-xs-5\">\n<div class=\"box\">Autor: Donald E. Demaray<\/div>\n<\/div>\n<\/div>\n<div class=\"row\">\n<div class=\"col-xs-5\">\n<div class=\"box\">Idioma: Espa\u00f1ol<\/div>\n<\/div>\n<\/div>\n<div class=\"row\">\n<div class=\"col-xs-5\">\n<div class=\"box\">N\u00b0 p\u00e1ginas: 480<\/div>\n<\/div>\n<\/div>\n<div class=\"row\">\n<div class=\"col-xs-5\">\n<div class=\"box\">Encuadernaci\u00f3n: Tapa Blanda<\/div>\n<\/div>\n<\/div>\n<div class=\"row\">\n<div class=\"col-xs-5\">\n<div class=\"box\">Dimensiones: 20.8 x 13.7 x 3.3 cm<\/div>\n<\/div>\n<\/div>\n<div class=\"row\">\n<div class=\"col-xs-5\">\n<div class=\"box\">ISBN: 0789902508<\/div>\n<\/div>\n<\/div>\n<div class=\"row\">\n<div class=\"col-xs-5\">\n<div class=\"box\">ISBN13: 9780789902504<\/div>\n<\/div>\n<\/div>\n<div class=\"row\">\n<div class=\"col-xs-5\">\n<div class=\"box\">N\u00b0 edici\u00f3n: 3<\/div>\n<\/div>\n<\/div>\n<div class=\"row\">\n<div class=\"col-xs-5\">\n<div class=\"box\">Categor\u00edas: Pr\u00e1cticas cristianas,\u00a0Instrucci\u00f3n religiosa<\/div>\n<\/div>\n<\/div>\n<\/div>\n<\/div>\n<\/div>\n<div class=\"row bottom-marcador\">\n<div class=\"col-xs-6\">\n<div class=\"box\">\n<div class=\"marcador-bottom-left\"><\/div>\n<\/div>\n<\/div>\n<div class=\"col-xs-6\">\n<div class=\"box\"><\/div>\n<\/div>\n<\/div>\n","protected":false},"excerpt":{"rendered":"<h2 class=\"titulo title font-weight-medium\">Rese\u00f1a del libro &#8220;Introduccion a la Biblia&#8221;<\/h2>\n<div class=\"font-weight-light font-size-small color-text\"><span id=\"texto-descripcion\">Esta obra del Dr. Demaray no solo es un libro de texto, sino un caudal de informaci\u00f3n que ayudar\u00e1 al estudiante a entender la Biblia. Esta misma, nunca se destin\u00f3 a que fuera un libro para eruditos y especialistas, sino un Libro para Todos. Aunque se termin\u00f3 de escribir hace muchos a\u00f1os, la Biblia jam\u00e1s envejece. Sin embargo, debido al correr del tiempo, hoy en d\u00eda necesitamos de cierta ayuda y consejos para comprenderla profundamente. A fin de acercarnos a ella, el Dr. Demaray escribi\u00f3 este libro. Como se\u00f1alamos, no es un simple libro de texto, sino una gu\u00eda de preparaci\u00f3n para sumerjirnos en los escritos b\u00edblicos.\u00a0<\/span><\/div>\n","protected":false},"featured_media":9350,"comment_status":"open","ping_status":"closed","template":"","meta":{"om_disable_all_campaigns":false},"product_brand":[],"product_cat":[86],"product_tag":[],"class_list":{"0":"post-9253","1":"product","2":"type-product","3":"status-publish","4":"has-post-thumbnail","6":"product_cat-libreria","8":"first","9":"instock","10":"shipping-taxable","11":"purchasable","12":"product-type-simple"},"yoast_head":"<!-- This site is optimized with the Yoast SEO plugin v26.3 - https:\/\/yoast.com\/wordpress\/plugins\/seo\/ -->\n<title>Introducci\u00f3n A La Biblia - Iglesia Trina &quot;Cristo Es&quot;<\/title>\n<meta name=\"robots\" content=\"index, follow, max-snippet:-1, max-image-preview:large, max-video-preview:-1\" \/>\n<link rel=\"canonical\" href=\"https:\/\/iglesiatrinacristoes.org\/index.php\/producto\/biblia\/\" \/>\n<meta property=\"og:locale\" content=\"es_ES\" \/>\n<meta property=\"og:type\" content=\"article\" \/>\n<meta property=\"og:title\" content=\"Introducci\u00f3n A La Biblia - Iglesia Trina &quot;Cristo Es&quot;\" \/>\n<meta property=\"og:description\" content=\"Rese\u00f1a del libro &quot;Introduccion a la Biblia&quot; Esta obra del Dr. Demaray no solo es un libro de texto, sino un caudal de informaci\u00f3n que ayudar\u00e1 al estudiante a entender la Biblia. Esta misma, nunca se destin\u00f3 a que fuera un libro para eruditos y especialistas, sino un Libro para Todos. Aunque se termin\u00f3 de escribir hace muchos a\u00f1os, la Biblia jam\u00e1s envejece. Sin embargo, debido al correr del tiempo, hoy en d\u00eda necesitamos de cierta ayuda y consejos para comprenderla profundamente. A fin de acercarnos a ella, el Dr. Demaray escribi\u00f3 este libro. Como se\u00f1alamos, no es un simple libro de texto, sino una gu\u00eda de preparaci\u00f3n para sumerjirnos en los escritos b\u00edblicos.\u00a0\" \/>\n<meta property=\"og:url\" content=\"https:\/\/iglesiatrinacristoes.org\/index.php\/producto\/biblia\/\" \/>\n<meta property=\"og:site_name\" content=\"Iglesia Trina &quot;Cristo Es&quot;\" \/>\n<meta property=\"article:modified_time\" content=\"2025-07-04T04:38:11+00:00\" \/>\n<meta property=\"og:image\" content=\"http:\/\/iglesiatrinacristoes.org\/wp-content\/uploads\/2025\/05\/Introduccion-A-La-Biblia.jpg\" \/>\n\t<meta property=\"og:image:width\" content=\"349\" \/>\n\t<meta property=\"og:image:height\" content=\"526\" \/>\n\t<meta property=\"og:image:type\" content=\"image\/jpeg\" \/>\n<meta name=\"twitter:card\" content=\"summary_large_image\" \/>\n<meta name=\"twitter:label1\" content=\"Tiempo de lectura\" \/>\n\t<meta name=\"twitter:data1\" content=\"1 minuto\" \/>\n<script type=\"application\/ld+json\" class=\"yoast-schema-graph\">{\"@context\":\"https:\/\/schema.org\",\"@graph\":[{\"@type\":\"WebPage\",\"@id\":\"https:\/\/iglesiatrinacristoes.org\/index.php\/producto\/biblia\/\",\"url\":\"https:\/\/iglesiatrinacristoes.org\/index.php\/producto\/biblia\/\",\"name\":\"Introducci\u00f3n A La Biblia - Iglesia Trina &quot;Cristo Es&quot;\",\"isPartOf\":{\"@id\":\"https:\/\/iglesiatrinacristoes.org\/#website\"},\"primaryImageOfPage\":{\"@id\":\"https:\/\/iglesiatrinacristoes.org\/index.php\/producto\/biblia\/#primaryimage\"},\"image\":{\"@id\":\"https:\/\/iglesiatrinacristoes.org\/index.php\/producto\/biblia\/#primaryimage\"},\"thumbnailUrl\":\"https:\/\/iglesiatrinacristoes.org\/wp-content\/uploads\/2025\/05\/Introduccion-A-La-Biblia.jpg\",\"datePublished\":\"2025-05-11T00:02:58+00:00\",\"dateModified\":\"2025-07-04T04:38:11+00:00\",\"breadcrumb\":{\"@id\":\"https:\/\/iglesiatrinacristoes.org\/index.php\/producto\/biblia\/#breadcrumb\"},\"inLanguage\":\"es-CO\",\"potentialAction\":[{\"@type\":\"ReadAction\",\"target\":[\"https:\/\/iglesiatrinacristoes.org\/index.php\/producto\/biblia\/\"]}]},{\"@type\":\"ImageObject\",\"inLanguage\":\"es-CO\",\"@id\":\"https:\/\/iglesiatrinacristoes.org\/index.php\/producto\/biblia\/#primaryimage\",\"url\":\"https:\/\/iglesiatrinacristoes.org\/wp-content\/uploads\/2025\/05\/Introduccion-A-La-Biblia.jpg\",\"contentUrl\":\"https:\/\/iglesiatrinacristoes.org\/wp-content\/uploads\/2025\/05\/Introduccion-A-La-Biblia.jpg\",\"width\":349,\"height\":526},{\"@type\":\"BreadcrumbList\",\"@id\":\"https:\/\/iglesiatrinacristoes.org\/index.php\/producto\/biblia\/#breadcrumb\",\"itemListElement\":[{\"@type\":\"ListItem\",\"position\":1,\"name\":\"Inicio\",\"item\":\"https:\/\/iglesiatrinacristoes.org\/\"},{\"@type\":\"ListItem\",\"position\":2,\"name\":\"Tienda\",\"item\":\"https:\/\/iglesiatrinacristoes.org\/index.php\/tienda\/\"},{\"@type\":\"ListItem\",\"position\":3,\"name\":\"Introducci\u00f3n A La Biblia\"}]},{\"@type\":\"WebSite\",\"@id\":\"https:\/\/iglesiatrinacristoes.org\/#website\",\"url\":\"https:\/\/iglesiatrinacristoes.org\/\",\"name\":\"Iglesia Trina &quot;Cristo Es&quot;\",\"description\":\"Iglesia Trina &quot;Cristo Es&quot;\",\"publisher\":{\"@id\":\"https:\/\/iglesiatrinacristoes.org\/#organization\"},\"potentialAction\":[{\"@type\":\"SearchAction\",\"target\":{\"@type\":\"EntryPoint\",\"urlTemplate\":\"https:\/\/iglesiatrinacristoes.org\/?s={search_term_string}\"},\"query-input\":{\"@type\":\"PropertyValueSpecification\",\"valueRequired\":true,\"valueName\":\"search_term_string\"}}],\"inLanguage\":\"es-CO\"},{\"@type\":\"Organization\",\"@id\":\"https:\/\/iglesiatrinacristoes.org\/#organization\",\"name\":\"Iglesia Trina &quot;Cristo Es&quot;\",\"url\":\"https:\/\/iglesiatrinacristoes.org\/\",\"logo\":{\"@type\":\"ImageObject\",\"inLanguage\":\"es-CO\",\"@id\":\"https:\/\/iglesiatrinacristoes.org\/#\/schema\/logo\/image\/\",\"url\":\"\",\"contentUrl\":\"\",\"caption\":\"Iglesia Trina &quot;Cristo Es&quot;\"},\"image\":{\"@id\":\"https:\/\/iglesiatrinacristoes.org\/#\/schema\/logo\/image\/\"}}]}<\/script>\n<!-- \/ Yoast SEO plugin. -->","yoast_head_json":{"title":"Introducci\u00f3n A La Biblia - Iglesia Trina &quot;Cristo Es&quot;","robots":{"index":"index","follow":"follow","max-snippet":"max-snippet:-1","max-image-preview":"max-image-preview:large","max-video-preview":"max-video-preview:-1"},"canonical":"https:\/\/iglesiatrinacristoes.org\/index.php\/producto\/biblia\/","og_locale":"es_ES","og_type":"article","og_title":"Introducci\u00f3n A La Biblia - Iglesia Trina &quot;Cristo Es&quot;","og_description":"Rese\u00f1a del libro \"Introduccion a la Biblia\" Esta obra del Dr. Demaray no solo es un libro de texto, sino un caudal de informaci\u00f3n que ayudar\u00e1 al estudiante a entender la Biblia. Esta misma, nunca se destin\u00f3 a que fuera un libro para eruditos y especialistas, sino un Libro para Todos. Aunque se termin\u00f3 de escribir hace muchos a\u00f1os, la Biblia jam\u00e1s envejece. Sin embargo, debido al correr del tiempo, hoy en d\u00eda necesitamos de cierta ayuda y consejos para comprenderla profundamente. A fin de acercarnos a ella, el Dr. Demaray escribi\u00f3 este libro. Como se\u00f1alamos, no es un simple libro de texto, sino una gu\u00eda de preparaci\u00f3n para sumerjirnos en los escritos b\u00edblicos.\u00a0","og_url":"https:\/\/iglesiatrinacristoes.org\/index.php\/producto\/biblia\/","og_site_name":"Iglesia Trina &quot;Cristo Es&quot;","article_modified_time":"2025-07-04T04:38:11+00:00","og_image":[{"width":349,"height":526,"url":"http:\/\/iglesiatrinacristoes.org\/wp-content\/uploads\/2025\/05\/Introduccion-A-La-Biblia.jpg","type":"image\/jpeg"}],"twitter_card":"summary_large_image","twitter_misc":{"Tiempo de lectura":"1 minuto"},"schema":{"@context":"https:\/\/schema.org","@graph":[{"@type":"WebPage","@id":"https:\/\/iglesiatrinacristoes.org\/index.php\/producto\/biblia\/","url":"https:\/\/iglesiatrinacristoes.org\/index.php\/producto\/biblia\/","name":"Introducci\u00f3n A La Biblia - Iglesia Trina &quot;Cristo Es&quot;","isPartOf":{"@id":"https:\/\/iglesiatrinacristoes.org\/#website"},"primaryImageOfPage":{"@id":"https:\/\/iglesiatrinacristoes.org\/index.php\/producto\/biblia\/#primaryimage"},"image":{"@id":"https:\/\/iglesiatrinacristoes.org\/index.php\/producto\/biblia\/#primaryimage"},"thumbnailUrl":"https:\/\/iglesiatrinacristoes.org\/wp-content\/uploads\/2025\/05\/Introduccion-A-La-Biblia.jpg","datePublished":"2025-05-11T00:02:58+00:00","dateModified":"2025-07-04T04:38:11+00:00","breadcrumb":{"@id":"https:\/\/iglesiatrinacristoes.org\/index.php\/producto\/biblia\/#breadcrumb"},"inLanguage":"es-CO","potentialAction":[{"@type":"ReadAction","target":["https:\/\/iglesiatrinacristoes.org\/index.php\/producto\/biblia\/"]}]},{"@type":"ImageObject","inLanguage":"es-CO","@id":"https:\/\/iglesiatrinacristoes.org\/index.php\/producto\/biblia\/#primaryimage","url":"https:\/\/iglesiatrinacristoes.org\/wp-content\/uploads\/2025\/05\/Introduccion-A-La-Biblia.jpg","contentUrl":"https:\/\/iglesiatrinacristoes.org\/wp-content\/uploads\/2025\/05\/Introduccion-A-La-Biblia.jpg","width":349,"height":526},{"@type":"BreadcrumbList","@id":"https:\/\/iglesiatrinacristoes.org\/index.php\/producto\/biblia\/#breadcrumb","itemListElement":[{"@type":"ListItem","position":1,"name":"Inicio","item":"https:\/\/iglesiatrinacristoes.org\/"},{"@type":"ListItem","position":2,"name":"Tienda","item":"https:\/\/iglesiatrinacristoes.org\/index.php\/tienda\/"},{"@type":"ListItem","position":3,"name":"Introducci\u00f3n A La Biblia"}]},{"@type":"WebSite","@id":"https:\/\/iglesiatrinacristoes.org\/#website","url":"https:\/\/iglesiatrinacristoes.org\/","name":"Iglesia Trina &quot;Cristo Es&quot;","description":"Iglesia Trina &quot;Cristo Es&quot;","publisher":{"@id":"https:\/\/iglesiatrinacristoes.org\/#organization"},"potentialAction":[{"@type":"SearchAction","target":{"@type":"EntryPoint","urlTemplate":"https:\/\/iglesiatrinacristoes.org\/?s={search_term_string}"},"query-input":{"@type":"PropertyValueSpecification","valueRequired":true,"valueName":"search_term_string"}}],"inLanguage":"es-CO"},{"@type":"Organization","@id":"https:\/\/iglesiatrinacristoes.org\/#organization","name":"Iglesia Trina &quot;Cristo Es&quot;","url":"https:\/\/iglesiatrinacristoes.org\/","logo":{"@type":"ImageObject","inLanguage":"es-CO","@id":"https:\/\/iglesiatrinacristoes.org\/#\/schema\/logo\/image\/","url":"","contentUrl":"","caption":"Iglesia Trina &quot;Cristo Es&quot;"},"image":{"@id":"https:\/\/iglesiatrinacristoes.org\/#\/schema\/logo\/image\/"}}]}},"_links":{"self":[{"href":"https:\/\/iglesiatrinacristoes.org\/index.php\/wp-json\/wp\/v2\/product\/9253","targetHints":{"allow":["GET"]}}],"collection":[{"href":"https:\/\/iglesiatrinacristoes.org\/index.php\/wp-json\/wp\/v2\/product"}],"about":[{"href":"https:\/\/iglesiatrinacristoes.org\/index.php\/wp-json\/wp\/v2\/types\/product"}],"replies":[{"embeddable":true,"href":"https:\/\/iglesiatrinacristoes.org\/index.php\/wp-json\/wp\/v2\/comments?post=9253"}],"wp:featuredmedia":[{"embeddable":true,"href":"https:\/\/iglesiatrinacristoes.org\/index.php\/wp-json\/wp\/v2\/media\/9350"}],"wp:attachment":[{"href":"https:\/\/iglesiatrinacristoes.org\/index.php\/wp-json\/wp\/v2\/media?parent=9253"}],"wp:term":[{"taxonomy":"product_brand","embeddable":true,"href":"https:\/\/iglesiatrinacristoes.org\/index.php\/wp-json\/wp\/v2\/product_brand?post=9253"},{"taxonomy":"product_cat","embeddable":true,"href":"https:\/\/iglesiatrinacristoes.org\/index.php\/wp-json\/wp\/v2\/product_cat?post=9253"},{"taxonomy":"product_tag","embeddable":true,"href":"https:\/\/iglesiatrinacristoes.org\/index.php\/wp-json\/wp\/v2\/product_tag?post=9253"}],"curies":[{"name":"wp","href":"https:\/\/api.w.org\/{rel}","templated":true}]}}