{"id":9284,"date":"2025-05-30T17:49:31","date_gmt":"2025-05-30T22:49:31","guid":{"rendered":"https:\/\/iglesiatrinacristoes.org\/?post_type=product&#038;p=9284"},"modified":"2025-05-30T20:50:50","modified_gmt":"2025-05-31T01:50:50","slug":"santa-biblia-ultrafina-rosada-version-nvi","status":"publish","type":"product","link":"https:\/\/iglesiatrinacristoes.org\/index.php\/producto\/santa-biblia-ultrafina-rosada-version-nvi\/","title":{"rendered":"Santa Biblia  Ultrafina Rosada Versi\u00f3n (NVI)"},"content":{"rendered":"<style type=\"text\/css\"><\/style><div class=\"row\">\n<div class=\"col-xs-12 padding-xs-0\">\n<div class=\"ficha font-weight-light font-size-normal color-text\">\n<div class=\"row\">\n<div class=\"col-xs-5\">\n<div class=\"box\">Una Biblia Ultrafina bellamente dise\u00f1ada para ofrecerla como premio o regalo, y que incluye el texto \u00edntegro de la NVI, la traducci\u00f3n moderna de la Biblia m\u00e1s le\u00edda en espa\u00f1ol. Impresa en papel de alta calidad. Ultrafina y compacta.<br \/>\nCaracter\u00edsticas:<br \/>\nPlan de Salvaci\u00f3n<br \/>\nNovedosa Tipograf\u00eda Comfort Print\u00ae<br \/>\nTama\u00f1o de letra de 6.5 puntos, altamente legible;<br \/>\nPalabras del Se\u00f1or Jes\u00fas en rojo.<\/div>\n<\/div>\n<\/div>\n<\/div>\n<\/div>\n<\/div>\n","protected":false},"excerpt":{"rendered":"<p>F\u00e1cil de leer. F\u00e1cil de comprender.<br \/>\nLa Santa Biblia NVI Ultrafina compacta est\u00e1 bellamente dise\u00f1ada para su m\u00e1xima portabilidad y uso diario. Incluye el texto completo de la NVI. La traducci\u00f3n moderna de la Biblia m\u00e1s le\u00edda en espa\u00f1ol. A la vez de ser ligera y port\u00e1til, cuenta con una inmejorable experiencia de lectura gracias a la nueva letra comfort print, su pr\u00e1ctico tama\u00f1o le permite caber f\u00e1cil mente en carteras y todo tipo de maletines, haci\u00e9ndola la compa\u00f1era ideal para el transporte diario. Incluye un fino nuevo dise\u00f1o tipogr\u00e1fico, palabras del Se\u00f1or Jes\u00fas en rojo y plan de salvaci\u00f3n.<br \/>\nCaracter\u00edsticas<br \/>\n* Texto \u00edntegro de la NVI, la traducci\u00f3n moderna de la Biblia m\u00e1s le\u00edda en espa\u00f1ol<br \/>\n* Plan de Salvaci\u00f3n<br \/>\n*Novedosa Tipogr\u00e1fia Comfort Print 6.5<br \/>\nPalabras del Se\u00f1or Jes\u00fas en rojo.<\/p>\n","protected":false},"featured_media":9282,"comment_status":"open","ping_status":"closed","template":"","meta":{"om_disable_all_campaigns":false},"product_brand":[],"product_cat":[86],"product_tag":[],"class_list":{"0":"post-9284","1":"product","2":"type-product","3":"status-publish","4":"has-post-thumbnail","6":"product_cat-libreria","8":"first","9":"instock","10":"shipping-taxable","11":"purchasable","12":"product-type-simple"},"yoast_head":"<!-- This site is optimized with the Yoast SEO plugin v26.3 - https:\/\/yoast.com\/wordpress\/plugins\/seo\/ -->\n<title>Santa Biblia Ultrafina Rosada Versi\u00f3n (NVI) - Iglesia Trina &quot;Cristo Es&quot;<\/title>\n<meta name=\"robots\" content=\"index, follow, max-snippet:-1, max-image-preview:large, max-video-preview:-1\" \/>\n<link rel=\"canonical\" href=\"https:\/\/iglesiatrinacristoes.org\/index.php\/producto\/santa-biblia-ultrafina-rosada-version-nvi\/\" \/>\n<meta property=\"og:locale\" content=\"es_ES\" \/>\n<meta property=\"og:type\" content=\"article\" \/>\n<meta property=\"og:title\" content=\"Santa Biblia Ultrafina Rosada Versi\u00f3n (NVI) - Iglesia Trina &quot;Cristo Es&quot;\" \/>\n<meta property=\"og:description\" content=\"F\u00e1cil de leer. F\u00e1cil de comprender. La Santa Biblia NVI Ultrafina compacta est\u00e1 bellamente dise\u00f1ada para su m\u00e1xima portabilidad y uso diario. Incluye el texto completo de la NVI. La traducci\u00f3n moderna de la Biblia m\u00e1s le\u00edda en espa\u00f1ol. A la vez de ser ligera y port\u00e1til, cuenta con una inmejorable experiencia de lectura gracias a la nueva letra comfort print, su pr\u00e1ctico tama\u00f1o le permite caber f\u00e1cil mente en carteras y todo tipo de maletines, haci\u00e9ndola la compa\u00f1era ideal para el transporte diario. Incluye un fino nuevo dise\u00f1o tipogr\u00e1fico, palabras del Se\u00f1or Jes\u00fas en rojo y plan de salvaci\u00f3n. Caracter\u00edsticas * Texto \u00edntegro de la NVI, la traducci\u00f3n moderna de la Biblia m\u00e1s le\u00edda en espa\u00f1ol * Plan de Salvaci\u00f3n *Novedosa Tipogr\u00e1fia Comfort Print 6.5 Palabras del Se\u00f1or Jes\u00fas en rojo.\" \/>\n<meta property=\"og:url\" content=\"https:\/\/iglesiatrinacristoes.org\/index.php\/producto\/santa-biblia-ultrafina-rosada-version-nvi\/\" \/>\n<meta property=\"og:site_name\" content=\"Iglesia Trina &quot;Cristo Es&quot;\" \/>\n<meta property=\"article:modified_time\" content=\"2025-05-31T01:50:50+00:00\" \/>\n<meta property=\"og:image\" content=\"http:\/\/iglesiatrinacristoes.org\/wp-content\/uploads\/2016\/06\/image005.png\" \/>\n\t<meta property=\"og:image:width\" content=\"196\" \/>\n\t<meta property=\"og:image:height\" content=\"211\" \/>\n\t<meta property=\"og:image:type\" content=\"image\/png\" \/>\n<meta name=\"twitter:card\" content=\"summary_large_image\" \/>\n<meta name=\"twitter:label1\" content=\"Tiempo de lectura\" \/>\n\t<meta name=\"twitter:data1\" content=\"1 minuto\" \/>\n<script type=\"application\/ld+json\" class=\"yoast-schema-graph\">{\"@context\":\"https:\/\/schema.org\",\"@graph\":[{\"@type\":\"WebPage\",\"@id\":\"https:\/\/iglesiatrinacristoes.org\/index.php\/producto\/santa-biblia-ultrafina-rosada-version-nvi\/\",\"url\":\"https:\/\/iglesiatrinacristoes.org\/index.php\/producto\/santa-biblia-ultrafina-rosada-version-nvi\/\",\"name\":\"Santa Biblia Ultrafina Rosada Versi\u00f3n (NVI) - Iglesia Trina &quot;Cristo Es&quot;\",\"isPartOf\":{\"@id\":\"https:\/\/iglesiatrinacristoes.org\/#website\"},\"primaryImageOfPage\":{\"@id\":\"https:\/\/iglesiatrinacristoes.org\/index.php\/producto\/santa-biblia-ultrafina-rosada-version-nvi\/#primaryimage\"},\"image\":{\"@id\":\"https:\/\/iglesiatrinacristoes.org\/index.php\/producto\/santa-biblia-ultrafina-rosada-version-nvi\/#primaryimage\"},\"thumbnailUrl\":\"https:\/\/iglesiatrinacristoes.org\/wp-content\/uploads\/2016\/06\/image005.png\",\"datePublished\":\"2025-05-30T22:49:31+00:00\",\"dateModified\":\"2025-05-31T01:50:50+00:00\",\"breadcrumb\":{\"@id\":\"https:\/\/iglesiatrinacristoes.org\/index.php\/producto\/santa-biblia-ultrafina-rosada-version-nvi\/#breadcrumb\"},\"inLanguage\":\"es-CO\",\"potentialAction\":[{\"@type\":\"ReadAction\",\"target\":[\"https:\/\/iglesiatrinacristoes.org\/index.php\/producto\/santa-biblia-ultrafina-rosada-version-nvi\/\"]}]},{\"@type\":\"ImageObject\",\"inLanguage\":\"es-CO\",\"@id\":\"https:\/\/iglesiatrinacristoes.org\/index.php\/producto\/santa-biblia-ultrafina-rosada-version-nvi\/#primaryimage\",\"url\":\"https:\/\/iglesiatrinacristoes.org\/wp-content\/uploads\/2016\/06\/image005.png\",\"contentUrl\":\"https:\/\/iglesiatrinacristoes.org\/wp-content\/uploads\/2016\/06\/image005.png\",\"width\":196,\"height\":211},{\"@type\":\"BreadcrumbList\",\"@id\":\"https:\/\/iglesiatrinacristoes.org\/index.php\/producto\/santa-biblia-ultrafina-rosada-version-nvi\/#breadcrumb\",\"itemListElement\":[{\"@type\":\"ListItem\",\"position\":1,\"name\":\"Inicio\",\"item\":\"https:\/\/iglesiatrinacristoes.org\/\"},{\"@type\":\"ListItem\",\"position\":2,\"name\":\"Tienda\",\"item\":\"https:\/\/iglesiatrinacristoes.org\/index.php\/tienda\/\"},{\"@type\":\"ListItem\",\"position\":3,\"name\":\"Santa Biblia Ultrafina Rosada Versi\u00f3n (NVI)\"}]},{\"@type\":\"WebSite\",\"@id\":\"https:\/\/iglesiatrinacristoes.org\/#website\",\"url\":\"https:\/\/iglesiatrinacristoes.org\/\",\"name\":\"Iglesia Trina &quot;Cristo Es&quot;\",\"description\":\"Iglesia Trina &quot;Cristo Es&quot;\",\"publisher\":{\"@id\":\"https:\/\/iglesiatrinacristoes.org\/#organization\"},\"potentialAction\":[{\"@type\":\"SearchAction\",\"target\":{\"@type\":\"EntryPoint\",\"urlTemplate\":\"https:\/\/iglesiatrinacristoes.org\/?s={search_term_string}\"},\"query-input\":{\"@type\":\"PropertyValueSpecification\",\"valueRequired\":true,\"valueName\":\"search_term_string\"}}],\"inLanguage\":\"es-CO\"},{\"@type\":\"Organization\",\"@id\":\"https:\/\/iglesiatrinacristoes.org\/#organization\",\"name\":\"Iglesia Trina &quot;Cristo Es&quot;\",\"url\":\"https:\/\/iglesiatrinacristoes.org\/\",\"logo\":{\"@type\":\"ImageObject\",\"inLanguage\":\"es-CO\",\"@id\":\"https:\/\/iglesiatrinacristoes.org\/#\/schema\/logo\/image\/\",\"url\":\"\",\"contentUrl\":\"\",\"caption\":\"Iglesia Trina &quot;Cristo Es&quot;\"},\"image\":{\"@id\":\"https:\/\/iglesiatrinacristoes.org\/#\/schema\/logo\/image\/\"}}]}<\/script>\n<!-- \/ Yoast SEO plugin. -->","yoast_head_json":{"title":"Santa Biblia Ultrafina Rosada Versi\u00f3n (NVI) - Iglesia Trina &quot;Cristo Es&quot;","robots":{"index":"index","follow":"follow","max-snippet":"max-snippet:-1","max-image-preview":"max-image-preview:large","max-video-preview":"max-video-preview:-1"},"canonical":"https:\/\/iglesiatrinacristoes.org\/index.php\/producto\/santa-biblia-ultrafina-rosada-version-nvi\/","og_locale":"es_ES","og_type":"article","og_title":"Santa Biblia Ultrafina Rosada Versi\u00f3n (NVI) - Iglesia Trina &quot;Cristo Es&quot;","og_description":"F\u00e1cil de leer. F\u00e1cil de comprender. La Santa Biblia NVI Ultrafina compacta est\u00e1 bellamente dise\u00f1ada para su m\u00e1xima portabilidad y uso diario. Incluye el texto completo de la NVI. La traducci\u00f3n moderna de la Biblia m\u00e1s le\u00edda en espa\u00f1ol. A la vez de ser ligera y port\u00e1til, cuenta con una inmejorable experiencia de lectura gracias a la nueva letra comfort print, su pr\u00e1ctico tama\u00f1o le permite caber f\u00e1cil mente en carteras y todo tipo de maletines, haci\u00e9ndola la compa\u00f1era ideal para el transporte diario. Incluye un fino nuevo dise\u00f1o tipogr\u00e1fico, palabras del Se\u00f1or Jes\u00fas en rojo y plan de salvaci\u00f3n. Caracter\u00edsticas * Texto \u00edntegro de la NVI, la traducci\u00f3n moderna de la Biblia m\u00e1s le\u00edda en espa\u00f1ol * Plan de Salvaci\u00f3n *Novedosa Tipogr\u00e1fia Comfort Print 6.5 Palabras del Se\u00f1or Jes\u00fas en rojo.","og_url":"https:\/\/iglesiatrinacristoes.org\/index.php\/producto\/santa-biblia-ultrafina-rosada-version-nvi\/","og_site_name":"Iglesia Trina &quot;Cristo Es&quot;","article_modified_time":"2025-05-31T01:50:50+00:00","og_image":[{"width":196,"height":211,"url":"http:\/\/iglesiatrinacristoes.org\/wp-content\/uploads\/2016\/06\/image005.png","type":"image\/png"}],"twitter_card":"summary_large_image","twitter_misc":{"Tiempo de lectura":"1 minuto"},"schema":{"@context":"https:\/\/schema.org","@graph":[{"@type":"WebPage","@id":"https:\/\/iglesiatrinacristoes.org\/index.php\/producto\/santa-biblia-ultrafina-rosada-version-nvi\/","url":"https:\/\/iglesiatrinacristoes.org\/index.php\/producto\/santa-biblia-ultrafina-rosada-version-nvi\/","name":"Santa Biblia Ultrafina Rosada Versi\u00f3n (NVI) - Iglesia Trina &quot;Cristo Es&quot;","isPartOf":{"@id":"https:\/\/iglesiatrinacristoes.org\/#website"},"primaryImageOfPage":{"@id":"https:\/\/iglesiatrinacristoes.org\/index.php\/producto\/santa-biblia-ultrafina-rosada-version-nvi\/#primaryimage"},"image":{"@id":"https:\/\/iglesiatrinacristoes.org\/index.php\/producto\/santa-biblia-ultrafina-rosada-version-nvi\/#primaryimage"},"thumbnailUrl":"https:\/\/iglesiatrinacristoes.org\/wp-content\/uploads\/2016\/06\/image005.png","datePublished":"2025-05-30T22:49:31+00:00","dateModified":"2025-05-31T01:50:50+00:00","breadcrumb":{"@id":"https:\/\/iglesiatrinacristoes.org\/index.php\/producto\/santa-biblia-ultrafina-rosada-version-nvi\/#breadcrumb"},"inLanguage":"es-CO","potentialAction":[{"@type":"ReadAction","target":["https:\/\/iglesiatrinacristoes.org\/index.php\/producto\/santa-biblia-ultrafina-rosada-version-nvi\/"]}]},{"@type":"ImageObject","inLanguage":"es-CO","@id":"https:\/\/iglesiatrinacristoes.org\/index.php\/producto\/santa-biblia-ultrafina-rosada-version-nvi\/#primaryimage","url":"https:\/\/iglesiatrinacristoes.org\/wp-content\/uploads\/2016\/06\/image005.png","contentUrl":"https:\/\/iglesiatrinacristoes.org\/wp-content\/uploads\/2016\/06\/image005.png","width":196,"height":211},{"@type":"BreadcrumbList","@id":"https:\/\/iglesiatrinacristoes.org\/index.php\/producto\/santa-biblia-ultrafina-rosada-version-nvi\/#breadcrumb","itemListElement":[{"@type":"ListItem","position":1,"name":"Inicio","item":"https:\/\/iglesiatrinacristoes.org\/"},{"@type":"ListItem","position":2,"name":"Tienda","item":"https:\/\/iglesiatrinacristoes.org\/index.php\/tienda\/"},{"@type":"ListItem","position":3,"name":"Santa Biblia Ultrafina Rosada Versi\u00f3n (NVI)"}]},{"@type":"WebSite","@id":"https:\/\/iglesiatrinacristoes.org\/#website","url":"https:\/\/iglesiatrinacristoes.org\/","name":"Iglesia Trina &quot;Cristo Es&quot;","description":"Iglesia Trina &quot;Cristo Es&quot;","publisher":{"@id":"https:\/\/iglesiatrinacristoes.org\/#organization"},"potentialAction":[{"@type":"SearchAction","target":{"@type":"EntryPoint","urlTemplate":"https:\/\/iglesiatrinacristoes.org\/?s={search_term_string}"},"query-input":{"@type":"PropertyValueSpecification","valueRequired":true,"valueName":"search_term_string"}}],"inLanguage":"es-CO"},{"@type":"Organization","@id":"https:\/\/iglesiatrinacristoes.org\/#organization","name":"Iglesia Trina &quot;Cristo Es&quot;","url":"https:\/\/iglesiatrinacristoes.org\/","logo":{"@type":"ImageObject","inLanguage":"es-CO","@id":"https:\/\/iglesiatrinacristoes.org\/#\/schema\/logo\/image\/","url":"","contentUrl":"","caption":"Iglesia Trina &quot;Cristo Es&quot;"},"image":{"@id":"https:\/\/iglesiatrinacristoes.org\/#\/schema\/logo\/image\/"}}]}},"_links":{"self":[{"href":"https:\/\/iglesiatrinacristoes.org\/index.php\/wp-json\/wp\/v2\/product\/9284","targetHints":{"allow":["GET"]}}],"collection":[{"href":"https:\/\/iglesiatrinacristoes.org\/index.php\/wp-json\/wp\/v2\/product"}],"about":[{"href":"https:\/\/iglesiatrinacristoes.org\/index.php\/wp-json\/wp\/v2\/types\/product"}],"replies":[{"embeddable":true,"href":"https:\/\/iglesiatrinacristoes.org\/index.php\/wp-json\/wp\/v2\/comments?post=9284"}],"wp:featuredmedia":[{"embeddable":true,"href":"https:\/\/iglesiatrinacristoes.org\/index.php\/wp-json\/wp\/v2\/media\/9282"}],"wp:attachment":[{"href":"https:\/\/iglesiatrinacristoes.org\/index.php\/wp-json\/wp\/v2\/media?parent=9284"}],"wp:term":[{"taxonomy":"product_brand","embeddable":true,"href":"https:\/\/iglesiatrinacristoes.org\/index.php\/wp-json\/wp\/v2\/product_brand?post=9284"},{"taxonomy":"product_cat","embeddable":true,"href":"https:\/\/iglesiatrinacristoes.org\/index.php\/wp-json\/wp\/v2\/product_cat?post=9284"},{"taxonomy":"product_tag","embeddable":true,"href":"https:\/\/iglesiatrinacristoes.org\/index.php\/wp-json\/wp\/v2\/product_tag?post=9284"}],"curies":[{"name":"wp","href":"https:\/\/api.w.org\/{rel}","templated":true}]}}