{"id":9335,"date":"2025-07-03T23:06:00","date_gmt":"2025-07-04T04:06:00","guid":{"rendered":"https:\/\/iglesiatrinacristoes.org\/?post_type=product&#038;p=9335"},"modified":"2025-07-03T23:29:15","modified_gmt":"2025-07-04T04:29:15","slug":"santa-biblia-de-estudio-serie-50-version-rvr-1960","status":"publish","type":"product","link":"https:\/\/iglesiatrinacristoes.org\/index.php\/producto\/santa-biblia-de-estudio-serie-50-version-rvr-1960\/","title":{"rendered":"Santa Biblia de Estudio Serie 50 Versi\u00f3n (RVR 1960)"},"content":{"rendered":"<style type=\"text\/css\"><\/style><div class=\"row\">\n<div class=\"col-xs-12 padding-xs-0\">\n<div class=\"ficha font-weight-light font-size-normal color-text\">\n<div class=\"row\">\n<div class=\"col-xs-5\">\n<div class=\"box\">Editorial<br \/>\nVida<br \/>\nDimensiones<br \/>\n20 X 14 X 3 cm<br \/>\nCubierta<br \/>\nTapa dura<br \/>\nIdioma: Espa\u00f1ol<\/div>\n<\/div>\n<\/div>\n<\/div>\n<\/div>\n<\/div>\n","protected":false},"excerpt":{"rendered":"<p>Esta edici\u00f3n incluye las caracter\u00edsticas siguientes:<br \/>\n* Tama\u00f1o Manual.<br \/>\n* Introducci\u00f3n y bosquejo de cada libro.<br \/>\n* Concordancia concisa.<br \/>\n* Palabras de Jes\u00fas en rojo.<br \/>\n* Mapas a todo color.<br \/>\n* Armon\u00eda de los Evangelios.<br \/>\n* Oraciones contestadas.<br \/>\n* Plan de Dios para el g\u00e9nero humano.<br \/>\n* Milagros de la Biblia.<\/p>\n<p>* Tabla de pesas y medidas.<\/p>\n","protected":false},"featured_media":9347,"comment_status":"open","ping_status":"closed","template":"","meta":{"om_disable_all_campaigns":false},"product_brand":[],"product_cat":[86],"product_tag":[],"class_list":{"0":"post-9335","1":"product","2":"type-product","3":"status-publish","4":"has-post-thumbnail","6":"product_cat-libreria","8":"first","9":"instock","10":"shipping-taxable","11":"purchasable","12":"product-type-simple"},"yoast_head":"<!-- This site is optimized with the Yoast SEO plugin v26.3 - https:\/\/yoast.com\/wordpress\/plugins\/seo\/ -->\n<title>Santa Biblia de Estudio Serie 50 Versi\u00f3n (RVR 1960) - Iglesia Trina &quot;Cristo Es&quot;<\/title>\n<meta name=\"robots\" content=\"index, follow, max-snippet:-1, max-image-preview:large, max-video-preview:-1\" \/>\n<link rel=\"canonical\" href=\"https:\/\/iglesiatrinacristoes.org\/index.php\/producto\/santa-biblia-de-estudio-serie-50-version-rvr-1960\/\" \/>\n<meta property=\"og:locale\" content=\"es_ES\" \/>\n<meta property=\"og:type\" content=\"article\" \/>\n<meta property=\"og:title\" content=\"Santa Biblia de Estudio Serie 50 Versi\u00f3n (RVR 1960) - Iglesia Trina &quot;Cristo Es&quot;\" \/>\n<meta property=\"og:description\" content=\"Esta edici\u00f3n incluye las caracter\u00edsticas siguientes: * Tama\u00f1o Manual. * Introducci\u00f3n y bosquejo de cada libro. * Concordancia concisa. * Palabras de Jes\u00fas en rojo. * Mapas a todo color. * Armon\u00eda de los Evangelios. * Oraciones contestadas. * Plan de Dios para el g\u00e9nero humano. * Milagros de la Biblia.  * Tabla de pesas y medidas.\" \/>\n<meta property=\"og:url\" content=\"https:\/\/iglesiatrinacristoes.org\/index.php\/producto\/santa-biblia-de-estudio-serie-50-version-rvr-1960\/\" \/>\n<meta property=\"og:site_name\" content=\"Iglesia Trina &quot;Cristo Es&quot;\" \/>\n<meta property=\"article:modified_time\" content=\"2025-07-04T04:29:15+00:00\" \/>\n<meta property=\"og:image\" content=\"http:\/\/iglesiatrinacristoes.org\/wp-content\/uploads\/2025\/07\/Santa-Biblia-de-Estudio-Serie-50-Version-RVR-1960-1.jpg\" \/>\n\t<meta property=\"og:image:width\" content=\"372\" \/>\n\t<meta property=\"og:image:height\" content=\"522\" \/>\n\t<meta property=\"og:image:type\" content=\"image\/jpeg\" \/>\n<meta name=\"twitter:card\" content=\"summary_large_image\" \/>\n<meta name=\"twitter:label1\" content=\"Tiempo de lectura\" \/>\n\t<meta name=\"twitter:data1\" content=\"1 minuto\" \/>\n<script type=\"application\/ld+json\" class=\"yoast-schema-graph\">{\"@context\":\"https:\/\/schema.org\",\"@graph\":[{\"@type\":\"WebPage\",\"@id\":\"https:\/\/iglesiatrinacristoes.org\/index.php\/producto\/santa-biblia-de-estudio-serie-50-version-rvr-1960\/\",\"url\":\"https:\/\/iglesiatrinacristoes.org\/index.php\/producto\/santa-biblia-de-estudio-serie-50-version-rvr-1960\/\",\"name\":\"Santa Biblia de Estudio Serie 50 Versi\u00f3n (RVR 1960) - Iglesia Trina &quot;Cristo Es&quot;\",\"isPartOf\":{\"@id\":\"https:\/\/iglesiatrinacristoes.org\/#website\"},\"primaryImageOfPage\":{\"@id\":\"https:\/\/iglesiatrinacristoes.org\/index.php\/producto\/santa-biblia-de-estudio-serie-50-version-rvr-1960\/#primaryimage\"},\"image\":{\"@id\":\"https:\/\/iglesiatrinacristoes.org\/index.php\/producto\/santa-biblia-de-estudio-serie-50-version-rvr-1960\/#primaryimage\"},\"thumbnailUrl\":\"https:\/\/iglesiatrinacristoes.org\/wp-content\/uploads\/2025\/07\/Santa-Biblia-de-Estudio-Serie-50-Version-RVR-1960-1.jpg\",\"datePublished\":\"2025-07-04T04:06:00+00:00\",\"dateModified\":\"2025-07-04T04:29:15+00:00\",\"breadcrumb\":{\"@id\":\"https:\/\/iglesiatrinacristoes.org\/index.php\/producto\/santa-biblia-de-estudio-serie-50-version-rvr-1960\/#breadcrumb\"},\"inLanguage\":\"es-CO\",\"potentialAction\":[{\"@type\":\"ReadAction\",\"target\":[\"https:\/\/iglesiatrinacristoes.org\/index.php\/producto\/santa-biblia-de-estudio-serie-50-version-rvr-1960\/\"]}]},{\"@type\":\"ImageObject\",\"inLanguage\":\"es-CO\",\"@id\":\"https:\/\/iglesiatrinacristoes.org\/index.php\/producto\/santa-biblia-de-estudio-serie-50-version-rvr-1960\/#primaryimage\",\"url\":\"https:\/\/iglesiatrinacristoes.org\/wp-content\/uploads\/2025\/07\/Santa-Biblia-de-Estudio-Serie-50-Version-RVR-1960-1.jpg\",\"contentUrl\":\"https:\/\/iglesiatrinacristoes.org\/wp-content\/uploads\/2025\/07\/Santa-Biblia-de-Estudio-Serie-50-Version-RVR-1960-1.jpg\",\"width\":372,\"height\":522},{\"@type\":\"BreadcrumbList\",\"@id\":\"https:\/\/iglesiatrinacristoes.org\/index.php\/producto\/santa-biblia-de-estudio-serie-50-version-rvr-1960\/#breadcrumb\",\"itemListElement\":[{\"@type\":\"ListItem\",\"position\":1,\"name\":\"Inicio\",\"item\":\"https:\/\/iglesiatrinacristoes.org\/\"},{\"@type\":\"ListItem\",\"position\":2,\"name\":\"Tienda\",\"item\":\"https:\/\/iglesiatrinacristoes.org\/index.php\/tienda\/\"},{\"@type\":\"ListItem\",\"position\":3,\"name\":\"Santa Biblia de Estudio Serie 50 Versi\u00f3n (RVR 1960)\"}]},{\"@type\":\"WebSite\",\"@id\":\"https:\/\/iglesiatrinacristoes.org\/#website\",\"url\":\"https:\/\/iglesiatrinacristoes.org\/\",\"name\":\"Iglesia Trina &quot;Cristo Es&quot;\",\"description\":\"Iglesia Trina &quot;Cristo Es&quot;\",\"publisher\":{\"@id\":\"https:\/\/iglesiatrinacristoes.org\/#organization\"},\"potentialAction\":[{\"@type\":\"SearchAction\",\"target\":{\"@type\":\"EntryPoint\",\"urlTemplate\":\"https:\/\/iglesiatrinacristoes.org\/?s={search_term_string}\"},\"query-input\":{\"@type\":\"PropertyValueSpecification\",\"valueRequired\":true,\"valueName\":\"search_term_string\"}}],\"inLanguage\":\"es-CO\"},{\"@type\":\"Organization\",\"@id\":\"https:\/\/iglesiatrinacristoes.org\/#organization\",\"name\":\"Iglesia Trina &quot;Cristo Es&quot;\",\"url\":\"https:\/\/iglesiatrinacristoes.org\/\",\"logo\":{\"@type\":\"ImageObject\",\"inLanguage\":\"es-CO\",\"@id\":\"https:\/\/iglesiatrinacristoes.org\/#\/schema\/logo\/image\/\",\"url\":\"\",\"contentUrl\":\"\",\"caption\":\"Iglesia Trina &quot;Cristo Es&quot;\"},\"image\":{\"@id\":\"https:\/\/iglesiatrinacristoes.org\/#\/schema\/logo\/image\/\"}}]}<\/script>\n<!-- \/ Yoast SEO plugin. -->","yoast_head_json":{"title":"Santa Biblia de Estudio Serie 50 Versi\u00f3n (RVR 1960) - Iglesia Trina &quot;Cristo Es&quot;","robots":{"index":"index","follow":"follow","max-snippet":"max-snippet:-1","max-image-preview":"max-image-preview:large","max-video-preview":"max-video-preview:-1"},"canonical":"https:\/\/iglesiatrinacristoes.org\/index.php\/producto\/santa-biblia-de-estudio-serie-50-version-rvr-1960\/","og_locale":"es_ES","og_type":"article","og_title":"Santa Biblia de Estudio Serie 50 Versi\u00f3n (RVR 1960) - Iglesia Trina &quot;Cristo Es&quot;","og_description":"Esta edici\u00f3n incluye las caracter\u00edsticas siguientes: * Tama\u00f1o Manual. * Introducci\u00f3n y bosquejo de cada libro. * Concordancia concisa. * Palabras de Jes\u00fas en rojo. * Mapas a todo color. * Armon\u00eda de los Evangelios. * Oraciones contestadas. * Plan de Dios para el g\u00e9nero humano. * Milagros de la Biblia.  * Tabla de pesas y medidas.","og_url":"https:\/\/iglesiatrinacristoes.org\/index.php\/producto\/santa-biblia-de-estudio-serie-50-version-rvr-1960\/","og_site_name":"Iglesia Trina &quot;Cristo Es&quot;","article_modified_time":"2025-07-04T04:29:15+00:00","og_image":[{"width":372,"height":522,"url":"http:\/\/iglesiatrinacristoes.org\/wp-content\/uploads\/2025\/07\/Santa-Biblia-de-Estudio-Serie-50-Version-RVR-1960-1.jpg","type":"image\/jpeg"}],"twitter_card":"summary_large_image","twitter_misc":{"Tiempo de lectura":"1 minuto"},"schema":{"@context":"https:\/\/schema.org","@graph":[{"@type":"WebPage","@id":"https:\/\/iglesiatrinacristoes.org\/index.php\/producto\/santa-biblia-de-estudio-serie-50-version-rvr-1960\/","url":"https:\/\/iglesiatrinacristoes.org\/index.php\/producto\/santa-biblia-de-estudio-serie-50-version-rvr-1960\/","name":"Santa Biblia de Estudio Serie 50 Versi\u00f3n (RVR 1960) - Iglesia Trina &quot;Cristo Es&quot;","isPartOf":{"@id":"https:\/\/iglesiatrinacristoes.org\/#website"},"primaryImageOfPage":{"@id":"https:\/\/iglesiatrinacristoes.org\/index.php\/producto\/santa-biblia-de-estudio-serie-50-version-rvr-1960\/#primaryimage"},"image":{"@id":"https:\/\/iglesiatrinacristoes.org\/index.php\/producto\/santa-biblia-de-estudio-serie-50-version-rvr-1960\/#primaryimage"},"thumbnailUrl":"https:\/\/iglesiatrinacristoes.org\/wp-content\/uploads\/2025\/07\/Santa-Biblia-de-Estudio-Serie-50-Version-RVR-1960-1.jpg","datePublished":"2025-07-04T04:06:00+00:00","dateModified":"2025-07-04T04:29:15+00:00","breadcrumb":{"@id":"https:\/\/iglesiatrinacristoes.org\/index.php\/producto\/santa-biblia-de-estudio-serie-50-version-rvr-1960\/#breadcrumb"},"inLanguage":"es-CO","potentialAction":[{"@type":"ReadAction","target":["https:\/\/iglesiatrinacristoes.org\/index.php\/producto\/santa-biblia-de-estudio-serie-50-version-rvr-1960\/"]}]},{"@type":"ImageObject","inLanguage":"es-CO","@id":"https:\/\/iglesiatrinacristoes.org\/index.php\/producto\/santa-biblia-de-estudio-serie-50-version-rvr-1960\/#primaryimage","url":"https:\/\/iglesiatrinacristoes.org\/wp-content\/uploads\/2025\/07\/Santa-Biblia-de-Estudio-Serie-50-Version-RVR-1960-1.jpg","contentUrl":"https:\/\/iglesiatrinacristoes.org\/wp-content\/uploads\/2025\/07\/Santa-Biblia-de-Estudio-Serie-50-Version-RVR-1960-1.jpg","width":372,"height":522},{"@type":"BreadcrumbList","@id":"https:\/\/iglesiatrinacristoes.org\/index.php\/producto\/santa-biblia-de-estudio-serie-50-version-rvr-1960\/#breadcrumb","itemListElement":[{"@type":"ListItem","position":1,"name":"Inicio","item":"https:\/\/iglesiatrinacristoes.org\/"},{"@type":"ListItem","position":2,"name":"Tienda","item":"https:\/\/iglesiatrinacristoes.org\/index.php\/tienda\/"},{"@type":"ListItem","position":3,"name":"Santa Biblia de Estudio Serie 50 Versi\u00f3n (RVR 1960)"}]},{"@type":"WebSite","@id":"https:\/\/iglesiatrinacristoes.org\/#website","url":"https:\/\/iglesiatrinacristoes.org\/","name":"Iglesia Trina &quot;Cristo Es&quot;","description":"Iglesia Trina &quot;Cristo Es&quot;","publisher":{"@id":"https:\/\/iglesiatrinacristoes.org\/#organization"},"potentialAction":[{"@type":"SearchAction","target":{"@type":"EntryPoint","urlTemplate":"https:\/\/iglesiatrinacristoes.org\/?s={search_term_string}"},"query-input":{"@type":"PropertyValueSpecification","valueRequired":true,"valueName":"search_term_string"}}],"inLanguage":"es-CO"},{"@type":"Organization","@id":"https:\/\/iglesiatrinacristoes.org\/#organization","name":"Iglesia Trina &quot;Cristo Es&quot;","url":"https:\/\/iglesiatrinacristoes.org\/","logo":{"@type":"ImageObject","inLanguage":"es-CO","@id":"https:\/\/iglesiatrinacristoes.org\/#\/schema\/logo\/image\/","url":"","contentUrl":"","caption":"Iglesia Trina &quot;Cristo Es&quot;"},"image":{"@id":"https:\/\/iglesiatrinacristoes.org\/#\/schema\/logo\/image\/"}}]}},"_links":{"self":[{"href":"https:\/\/iglesiatrinacristoes.org\/index.php\/wp-json\/wp\/v2\/product\/9335","targetHints":{"allow":["GET"]}}],"collection":[{"href":"https:\/\/iglesiatrinacristoes.org\/index.php\/wp-json\/wp\/v2\/product"}],"about":[{"href":"https:\/\/iglesiatrinacristoes.org\/index.php\/wp-json\/wp\/v2\/types\/product"}],"replies":[{"embeddable":true,"href":"https:\/\/iglesiatrinacristoes.org\/index.php\/wp-json\/wp\/v2\/comments?post=9335"}],"wp:featuredmedia":[{"embeddable":true,"href":"https:\/\/iglesiatrinacristoes.org\/index.php\/wp-json\/wp\/v2\/media\/9347"}],"wp:attachment":[{"href":"https:\/\/iglesiatrinacristoes.org\/index.php\/wp-json\/wp\/v2\/media?parent=9335"}],"wp:term":[{"taxonomy":"product_brand","embeddable":true,"href":"https:\/\/iglesiatrinacristoes.org\/index.php\/wp-json\/wp\/v2\/product_brand?post=9335"},{"taxonomy":"product_cat","embeddable":true,"href":"https:\/\/iglesiatrinacristoes.org\/index.php\/wp-json\/wp\/v2\/product_cat?post=9335"},{"taxonomy":"product_tag","embeddable":true,"href":"https:\/\/iglesiatrinacristoes.org\/index.php\/wp-json\/wp\/v2\/product_tag?post=9335"}],"curies":[{"name":"wp","href":"https:\/\/api.w.org\/{rel}","templated":true}]}}