{"id":9337,"date":"2025-07-03T23:11:20","date_gmt":"2025-07-04T04:11:20","guid":{"rendered":"https:\/\/iglesiatrinacristoes.org\/?post_type=product&#038;p=9337"},"modified":"2025-07-03T23:26:40","modified_gmt":"2025-07-04T04:26:40","slug":"biblia-para-todos-lenguaje-actual","status":"publish","type":"product","link":"https:\/\/iglesiatrinacristoes.org\/index.php\/producto\/biblia-para-todos-lenguaje-actual\/","title":{"rendered":"Biblia Para Todos  Lenguaje Actual"},"content":{"rendered":"<style type=\"text\/css\"><\/style><div class=\"row\">\n<div class=\"col-xs-12 padding-xs-0\">\n<div class=\"ficha font-weight-light font-size-normal color-text\">\n<div class=\"row\">\n<div class=\"col-xs-5\">\n<div class=\"box\">\n<p>La nueva \u201cTraducci\u00f3n en lenguaje actual\u201d ha sido realizada directamente de los idiomas b\u00edblicos (hebreo, arameo y griego), no es una adaptaci\u00f3n o par\u00e1frasis de ninguna versi\u00f3n castellana existente.<\/p>\n<p>Se ha traducido de tal manera que su mensaje sea equivalente al del texto original, pero de modo que pueda leerse en voz alta con fluidez, y que pueda escucharse sin problemas de comprensi\u00f3n.<\/p>\n<p>Una nueva traducci\u00f3n para una lectura sencilla y amena del mensaje divino. Sociedades B\u00edblicas Unidas ha tomado en cuenta el cambio que sufre el idioma con el paso del tiempo, y ha realizado una traducci\u00f3n que conserva la belleza literaria adaptada al mundo actual. Se ha puesto especial \u00e9nfasis en la comprensi\u00f3n oral del mensaje b\u00edblico.<\/p>\n<\/div>\n<\/div>\n<\/div>\n<\/div>\n<\/div>\n<\/div>\n","protected":false},"excerpt":{"rendered":"<p>Editorial<br \/>\nSociedades Biblicas Unidas<br \/>\nDimensiones<br \/>\n21 X 14 X 2 cm<br \/>\nCubierta<br \/>\nTapa dura<br \/>\nIdioma: Espa\u00f1ol<\/p>\n","protected":false},"featured_media":9343,"comment_status":"open","ping_status":"closed","template":"","meta":{"om_disable_all_campaigns":false},"product_brand":[],"product_cat":[86],"product_tag":[],"class_list":{"0":"post-9337","1":"product","2":"type-product","3":"status-publish","4":"has-post-thumbnail","6":"product_cat-libreria","8":"first","9":"instock","10":"shipping-taxable","11":"purchasable","12":"product-type-simple"},"yoast_head":"<!-- This site is optimized with the Yoast SEO plugin v26.3 - https:\/\/yoast.com\/wordpress\/plugins\/seo\/ -->\n<title>Biblia Para Todos Lenguaje Actual - Iglesia Trina &quot;Cristo Es&quot;<\/title>\n<meta name=\"robots\" content=\"index, follow, max-snippet:-1, max-image-preview:large, max-video-preview:-1\" \/>\n<link rel=\"canonical\" href=\"https:\/\/iglesiatrinacristoes.org\/index.php\/producto\/biblia-para-todos-lenguaje-actual\/\" \/>\n<meta property=\"og:locale\" content=\"es_ES\" \/>\n<meta property=\"og:type\" content=\"article\" \/>\n<meta property=\"og:title\" content=\"Biblia Para Todos Lenguaje Actual - Iglesia Trina &quot;Cristo Es&quot;\" \/>\n<meta property=\"og:description\" content=\"Editorial Sociedades Biblicas Unidas Dimensiones 21 X 14 X 2 cm Cubierta Tapa dura Idioma: Espa\u00f1ol\" \/>\n<meta property=\"og:url\" content=\"https:\/\/iglesiatrinacristoes.org\/index.php\/producto\/biblia-para-todos-lenguaje-actual\/\" \/>\n<meta property=\"og:site_name\" content=\"Iglesia Trina &quot;Cristo Es&quot;\" \/>\n<meta property=\"article:modified_time\" content=\"2025-07-04T04:26:40+00:00\" \/>\n<meta property=\"og:image\" content=\"http:\/\/iglesiatrinacristoes.org\/wp-content\/uploads\/2025\/07\/Biblia-Para-Todos.jpg\" \/>\n\t<meta property=\"og:image:width\" content=\"333\" \/>\n\t<meta property=\"og:image:height\" content=\"555\" \/>\n\t<meta property=\"og:image:type\" content=\"image\/jpeg\" \/>\n<meta name=\"twitter:card\" content=\"summary_large_image\" \/>\n<meta name=\"twitter:label1\" content=\"Tiempo de lectura\" \/>\n\t<meta name=\"twitter:data1\" content=\"1 minuto\" \/>\n<script type=\"application\/ld+json\" class=\"yoast-schema-graph\">{\"@context\":\"https:\/\/schema.org\",\"@graph\":[{\"@type\":\"WebPage\",\"@id\":\"https:\/\/iglesiatrinacristoes.org\/index.php\/producto\/biblia-para-todos-lenguaje-actual\/\",\"url\":\"https:\/\/iglesiatrinacristoes.org\/index.php\/producto\/biblia-para-todos-lenguaje-actual\/\",\"name\":\"Biblia Para Todos Lenguaje Actual - Iglesia Trina &quot;Cristo Es&quot;\",\"isPartOf\":{\"@id\":\"https:\/\/iglesiatrinacristoes.org\/#website\"},\"primaryImageOfPage\":{\"@id\":\"https:\/\/iglesiatrinacristoes.org\/index.php\/producto\/biblia-para-todos-lenguaje-actual\/#primaryimage\"},\"image\":{\"@id\":\"https:\/\/iglesiatrinacristoes.org\/index.php\/producto\/biblia-para-todos-lenguaje-actual\/#primaryimage\"},\"thumbnailUrl\":\"https:\/\/iglesiatrinacristoes.org\/wp-content\/uploads\/2025\/07\/Biblia-Para-Todos.jpg\",\"datePublished\":\"2025-07-04T04:11:20+00:00\",\"dateModified\":\"2025-07-04T04:26:40+00:00\",\"breadcrumb\":{\"@id\":\"https:\/\/iglesiatrinacristoes.org\/index.php\/producto\/biblia-para-todos-lenguaje-actual\/#breadcrumb\"},\"inLanguage\":\"es-CO\",\"potentialAction\":[{\"@type\":\"ReadAction\",\"target\":[\"https:\/\/iglesiatrinacristoes.org\/index.php\/producto\/biblia-para-todos-lenguaje-actual\/\"]}]},{\"@type\":\"ImageObject\",\"inLanguage\":\"es-CO\",\"@id\":\"https:\/\/iglesiatrinacristoes.org\/index.php\/producto\/biblia-para-todos-lenguaje-actual\/#primaryimage\",\"url\":\"https:\/\/iglesiatrinacristoes.org\/wp-content\/uploads\/2025\/07\/Biblia-Para-Todos.jpg\",\"contentUrl\":\"https:\/\/iglesiatrinacristoes.org\/wp-content\/uploads\/2025\/07\/Biblia-Para-Todos.jpg\",\"width\":333,\"height\":555},{\"@type\":\"BreadcrumbList\",\"@id\":\"https:\/\/iglesiatrinacristoes.org\/index.php\/producto\/biblia-para-todos-lenguaje-actual\/#breadcrumb\",\"itemListElement\":[{\"@type\":\"ListItem\",\"position\":1,\"name\":\"Inicio\",\"item\":\"https:\/\/iglesiatrinacristoes.org\/\"},{\"@type\":\"ListItem\",\"position\":2,\"name\":\"Tienda\",\"item\":\"https:\/\/iglesiatrinacristoes.org\/index.php\/tienda\/\"},{\"@type\":\"ListItem\",\"position\":3,\"name\":\"Biblia Para Todos Lenguaje Actual\"}]},{\"@type\":\"WebSite\",\"@id\":\"https:\/\/iglesiatrinacristoes.org\/#website\",\"url\":\"https:\/\/iglesiatrinacristoes.org\/\",\"name\":\"Iglesia Trina &quot;Cristo Es&quot;\",\"description\":\"Iglesia Trina &quot;Cristo Es&quot;\",\"publisher\":{\"@id\":\"https:\/\/iglesiatrinacristoes.org\/#organization\"},\"potentialAction\":[{\"@type\":\"SearchAction\",\"target\":{\"@type\":\"EntryPoint\",\"urlTemplate\":\"https:\/\/iglesiatrinacristoes.org\/?s={search_term_string}\"},\"query-input\":{\"@type\":\"PropertyValueSpecification\",\"valueRequired\":true,\"valueName\":\"search_term_string\"}}],\"inLanguage\":\"es-CO\"},{\"@type\":\"Organization\",\"@id\":\"https:\/\/iglesiatrinacristoes.org\/#organization\",\"name\":\"Iglesia Trina &quot;Cristo Es&quot;\",\"url\":\"https:\/\/iglesiatrinacristoes.org\/\",\"logo\":{\"@type\":\"ImageObject\",\"inLanguage\":\"es-CO\",\"@id\":\"https:\/\/iglesiatrinacristoes.org\/#\/schema\/logo\/image\/\",\"url\":\"\",\"contentUrl\":\"\",\"caption\":\"Iglesia Trina &quot;Cristo Es&quot;\"},\"image\":{\"@id\":\"https:\/\/iglesiatrinacristoes.org\/#\/schema\/logo\/image\/\"}}]}<\/script>\n<!-- \/ Yoast SEO plugin. -->","yoast_head_json":{"title":"Biblia Para Todos Lenguaje Actual - Iglesia Trina &quot;Cristo Es&quot;","robots":{"index":"index","follow":"follow","max-snippet":"max-snippet:-1","max-image-preview":"max-image-preview:large","max-video-preview":"max-video-preview:-1"},"canonical":"https:\/\/iglesiatrinacristoes.org\/index.php\/producto\/biblia-para-todos-lenguaje-actual\/","og_locale":"es_ES","og_type":"article","og_title":"Biblia Para Todos Lenguaje Actual - Iglesia Trina &quot;Cristo Es&quot;","og_description":"Editorial Sociedades Biblicas Unidas Dimensiones 21 X 14 X 2 cm Cubierta Tapa dura Idioma: Espa\u00f1ol","og_url":"https:\/\/iglesiatrinacristoes.org\/index.php\/producto\/biblia-para-todos-lenguaje-actual\/","og_site_name":"Iglesia Trina &quot;Cristo Es&quot;","article_modified_time":"2025-07-04T04:26:40+00:00","og_image":[{"width":333,"height":555,"url":"http:\/\/iglesiatrinacristoes.org\/wp-content\/uploads\/2025\/07\/Biblia-Para-Todos.jpg","type":"image\/jpeg"}],"twitter_card":"summary_large_image","twitter_misc":{"Tiempo de lectura":"1 minuto"},"schema":{"@context":"https:\/\/schema.org","@graph":[{"@type":"WebPage","@id":"https:\/\/iglesiatrinacristoes.org\/index.php\/producto\/biblia-para-todos-lenguaje-actual\/","url":"https:\/\/iglesiatrinacristoes.org\/index.php\/producto\/biblia-para-todos-lenguaje-actual\/","name":"Biblia Para Todos Lenguaje Actual - Iglesia Trina &quot;Cristo Es&quot;","isPartOf":{"@id":"https:\/\/iglesiatrinacristoes.org\/#website"},"primaryImageOfPage":{"@id":"https:\/\/iglesiatrinacristoes.org\/index.php\/producto\/biblia-para-todos-lenguaje-actual\/#primaryimage"},"image":{"@id":"https:\/\/iglesiatrinacristoes.org\/index.php\/producto\/biblia-para-todos-lenguaje-actual\/#primaryimage"},"thumbnailUrl":"https:\/\/iglesiatrinacristoes.org\/wp-content\/uploads\/2025\/07\/Biblia-Para-Todos.jpg","datePublished":"2025-07-04T04:11:20+00:00","dateModified":"2025-07-04T04:26:40+00:00","breadcrumb":{"@id":"https:\/\/iglesiatrinacristoes.org\/index.php\/producto\/biblia-para-todos-lenguaje-actual\/#breadcrumb"},"inLanguage":"es-CO","potentialAction":[{"@type":"ReadAction","target":["https:\/\/iglesiatrinacristoes.org\/index.php\/producto\/biblia-para-todos-lenguaje-actual\/"]}]},{"@type":"ImageObject","inLanguage":"es-CO","@id":"https:\/\/iglesiatrinacristoes.org\/index.php\/producto\/biblia-para-todos-lenguaje-actual\/#primaryimage","url":"https:\/\/iglesiatrinacristoes.org\/wp-content\/uploads\/2025\/07\/Biblia-Para-Todos.jpg","contentUrl":"https:\/\/iglesiatrinacristoes.org\/wp-content\/uploads\/2025\/07\/Biblia-Para-Todos.jpg","width":333,"height":555},{"@type":"BreadcrumbList","@id":"https:\/\/iglesiatrinacristoes.org\/index.php\/producto\/biblia-para-todos-lenguaje-actual\/#breadcrumb","itemListElement":[{"@type":"ListItem","position":1,"name":"Inicio","item":"https:\/\/iglesiatrinacristoes.org\/"},{"@type":"ListItem","position":2,"name":"Tienda","item":"https:\/\/iglesiatrinacristoes.org\/index.php\/tienda\/"},{"@type":"ListItem","position":3,"name":"Biblia Para Todos Lenguaje Actual"}]},{"@type":"WebSite","@id":"https:\/\/iglesiatrinacristoes.org\/#website","url":"https:\/\/iglesiatrinacristoes.org\/","name":"Iglesia Trina &quot;Cristo Es&quot;","description":"Iglesia Trina &quot;Cristo Es&quot;","publisher":{"@id":"https:\/\/iglesiatrinacristoes.org\/#organization"},"potentialAction":[{"@type":"SearchAction","target":{"@type":"EntryPoint","urlTemplate":"https:\/\/iglesiatrinacristoes.org\/?s={search_term_string}"},"query-input":{"@type":"PropertyValueSpecification","valueRequired":true,"valueName":"search_term_string"}}],"inLanguage":"es-CO"},{"@type":"Organization","@id":"https:\/\/iglesiatrinacristoes.org\/#organization","name":"Iglesia Trina &quot;Cristo Es&quot;","url":"https:\/\/iglesiatrinacristoes.org\/","logo":{"@type":"ImageObject","inLanguage":"es-CO","@id":"https:\/\/iglesiatrinacristoes.org\/#\/schema\/logo\/image\/","url":"","contentUrl":"","caption":"Iglesia Trina &quot;Cristo Es&quot;"},"image":{"@id":"https:\/\/iglesiatrinacristoes.org\/#\/schema\/logo\/image\/"}}]}},"_links":{"self":[{"href":"https:\/\/iglesiatrinacristoes.org\/index.php\/wp-json\/wp\/v2\/product\/9337","targetHints":{"allow":["GET"]}}],"collection":[{"href":"https:\/\/iglesiatrinacristoes.org\/index.php\/wp-json\/wp\/v2\/product"}],"about":[{"href":"https:\/\/iglesiatrinacristoes.org\/index.php\/wp-json\/wp\/v2\/types\/product"}],"replies":[{"embeddable":true,"href":"https:\/\/iglesiatrinacristoes.org\/index.php\/wp-json\/wp\/v2\/comments?post=9337"}],"wp:featuredmedia":[{"embeddable":true,"href":"https:\/\/iglesiatrinacristoes.org\/index.php\/wp-json\/wp\/v2\/media\/9343"}],"wp:attachment":[{"href":"https:\/\/iglesiatrinacristoes.org\/index.php\/wp-json\/wp\/v2\/media?parent=9337"}],"wp:term":[{"taxonomy":"product_brand","embeddable":true,"href":"https:\/\/iglesiatrinacristoes.org\/index.php\/wp-json\/wp\/v2\/product_brand?post=9337"},{"taxonomy":"product_cat","embeddable":true,"href":"https:\/\/iglesiatrinacristoes.org\/index.php\/wp-json\/wp\/v2\/product_cat?post=9337"},{"taxonomy":"product_tag","embeddable":true,"href":"https:\/\/iglesiatrinacristoes.org\/index.php\/wp-json\/wp\/v2\/product_tag?post=9337"}],"curies":[{"name":"wp","href":"https:\/\/api.w.org\/{rel}","templated":true}]}}