{"id":9339,"date":"2025-07-03T23:17:02","date_gmt":"2025-07-04T04:17:02","guid":{"rendered":"https:\/\/iglesiatrinacristoes.org\/?post_type=product&#038;p=9339"},"modified":"2025-07-03T23:34:10","modified_gmt":"2025-07-04T04:34:10","slug":"biblia-de-estudio-tapa-dura","status":"publish","type":"product","link":"https:\/\/iglesiatrinacristoes.org\/index.php\/producto\/biblia-de-estudio-tapa-dura\/","title":{"rendered":"Biblia de Estudio Tapa Dura"},"content":{"rendered":"<style type=\"text\/css\"><\/style><div class=\"row\">\n<div class=\"col-xs-12 padding-xs-0\">\n<div class=\"ficha font-weight-light font-size-normal color-text\">\n<div class=\"row\">\n<div class=\"col-xs-5\">\n<div class=\"box\">\n<p>Desde el momento en que decida hacer suya esta Biblia, sabr\u00e1 que es un cl\u00e1sico. La Biblia de estudio MacArthur es ideal para un an\u00e1lisis profundo y objetivo. El doctor John MacArthur compila en esta obra m\u00e1s de 35 a\u00f1os de labor pastoral y acad\u00e9mica con el fin de crear la Biblia de estudio m\u00e1s completa a disposici\u00f3n del lector. Ninguna otra Biblia de estudio explica con tanta eficacia el contexto hist\u00f3rico, desarrollando el significado del texto y d\u00e1ndole un valor pr\u00e1ctico para su vida.<br \/>\nCon much\u00edsimas ayudas de inestimable valor, la Biblia de estudio MacArthur figura entre los mejores recursos para el estudio de la Palabra de Dios. Algunas de estas numerosas caracteristicas son:<\/p>\n<p>ucho m\u00e1s.<\/p>\n<\/div>\n<\/div>\n<\/div>\n<\/div>\n<\/div>\n<\/div>\n","protected":false},"excerpt":{"rendered":"<p>Texto de la versi\u00f3n Reina Valera 1960<br \/>\n20000 notas de estudio<br \/>\nIntroducci\u00f3n a la Biblia<br \/>\nBosquejo de teolog\u00eda sistem\u00e1tica<br \/>\nConcordancia<br \/>\nM\u00e1s de 50 mapas b\u00edblicos<br \/>\ny m<\/p>\n","protected":false},"featured_media":9341,"comment_status":"open","ping_status":"closed","template":"","meta":{"om_disable_all_campaigns":false},"product_brand":[],"product_cat":[86],"product_tag":[],"class_list":{"0":"post-9339","1":"product","2":"type-product","3":"status-publish","4":"has-post-thumbnail","6":"product_cat-libreria","8":"first","9":"instock","10":"shipping-taxable","11":"purchasable","12":"product-type-simple"},"yoast_head":"<!-- This site is optimized with the Yoast SEO plugin v26.3 - https:\/\/yoast.com\/wordpress\/plugins\/seo\/ -->\n<title>Biblia de Estudio Tapa Dura - Iglesia Trina &quot;Cristo Es&quot;<\/title>\n<meta name=\"robots\" content=\"index, follow, max-snippet:-1, max-image-preview:large, max-video-preview:-1\" \/>\n<link rel=\"canonical\" href=\"https:\/\/iglesiatrinacristoes.org\/index.php\/producto\/biblia-de-estudio-tapa-dura\/\" \/>\n<meta property=\"og:locale\" content=\"es_ES\" \/>\n<meta property=\"og:type\" content=\"article\" \/>\n<meta property=\"og:title\" content=\"Biblia de Estudio Tapa Dura - Iglesia Trina &quot;Cristo Es&quot;\" \/>\n<meta property=\"og:description\" content=\"Texto de la versi\u00f3n Reina Valera 1960 20000 notas de estudio Introducci\u00f3n a la Biblia Bosquejo de teolog\u00eda sistem\u00e1tica Concordancia M\u00e1s de 50 mapas b\u00edblicos y m\" \/>\n<meta property=\"og:url\" content=\"https:\/\/iglesiatrinacristoes.org\/index.php\/producto\/biblia-de-estudio-tapa-dura\/\" \/>\n<meta property=\"og:site_name\" content=\"Iglesia Trina &quot;Cristo Es&quot;\" \/>\n<meta property=\"article:modified_time\" content=\"2025-07-04T04:34:10+00:00\" \/>\n<meta property=\"og:image\" content=\"http:\/\/iglesiatrinacristoes.org\/wp-content\/uploads\/2025\/07\/Biblia-de-Estudio.jpg\" \/>\n\t<meta property=\"og:image:width\" content=\"396\" \/>\n\t<meta property=\"og:image:height\" content=\"555\" \/>\n\t<meta property=\"og:image:type\" content=\"image\/jpeg\" \/>\n<meta name=\"twitter:card\" content=\"summary_large_image\" \/>\n<meta name=\"twitter:label1\" content=\"Tiempo de lectura\" \/>\n\t<meta name=\"twitter:data1\" content=\"1 minuto\" \/>\n<script type=\"application\/ld+json\" class=\"yoast-schema-graph\">{\"@context\":\"https:\/\/schema.org\",\"@graph\":[{\"@type\":\"WebPage\",\"@id\":\"https:\/\/iglesiatrinacristoes.org\/index.php\/producto\/biblia-de-estudio-tapa-dura\/\",\"url\":\"https:\/\/iglesiatrinacristoes.org\/index.php\/producto\/biblia-de-estudio-tapa-dura\/\",\"name\":\"Biblia de Estudio Tapa Dura - Iglesia Trina &quot;Cristo Es&quot;\",\"isPartOf\":{\"@id\":\"https:\/\/iglesiatrinacristoes.org\/#website\"},\"primaryImageOfPage\":{\"@id\":\"https:\/\/iglesiatrinacristoes.org\/index.php\/producto\/biblia-de-estudio-tapa-dura\/#primaryimage\"},\"image\":{\"@id\":\"https:\/\/iglesiatrinacristoes.org\/index.php\/producto\/biblia-de-estudio-tapa-dura\/#primaryimage\"},\"thumbnailUrl\":\"https:\/\/iglesiatrinacristoes.org\/wp-content\/uploads\/2025\/07\/Biblia-de-Estudio.jpg\",\"datePublished\":\"2025-07-04T04:17:02+00:00\",\"dateModified\":\"2025-07-04T04:34:10+00:00\",\"breadcrumb\":{\"@id\":\"https:\/\/iglesiatrinacristoes.org\/index.php\/producto\/biblia-de-estudio-tapa-dura\/#breadcrumb\"},\"inLanguage\":\"es-CO\",\"potentialAction\":[{\"@type\":\"ReadAction\",\"target\":[\"https:\/\/iglesiatrinacristoes.org\/index.php\/producto\/biblia-de-estudio-tapa-dura\/\"]}]},{\"@type\":\"ImageObject\",\"inLanguage\":\"es-CO\",\"@id\":\"https:\/\/iglesiatrinacristoes.org\/index.php\/producto\/biblia-de-estudio-tapa-dura\/#primaryimage\",\"url\":\"https:\/\/iglesiatrinacristoes.org\/wp-content\/uploads\/2025\/07\/Biblia-de-Estudio.jpg\",\"contentUrl\":\"https:\/\/iglesiatrinacristoes.org\/wp-content\/uploads\/2025\/07\/Biblia-de-Estudio.jpg\",\"width\":396,\"height\":555},{\"@type\":\"BreadcrumbList\",\"@id\":\"https:\/\/iglesiatrinacristoes.org\/index.php\/producto\/biblia-de-estudio-tapa-dura\/#breadcrumb\",\"itemListElement\":[{\"@type\":\"ListItem\",\"position\":1,\"name\":\"Inicio\",\"item\":\"https:\/\/iglesiatrinacristoes.org\/\"},{\"@type\":\"ListItem\",\"position\":2,\"name\":\"Tienda\",\"item\":\"https:\/\/iglesiatrinacristoes.org\/index.php\/tienda\/\"},{\"@type\":\"ListItem\",\"position\":3,\"name\":\"Biblia de Estudio Tapa Dura\"}]},{\"@type\":\"WebSite\",\"@id\":\"https:\/\/iglesiatrinacristoes.org\/#website\",\"url\":\"https:\/\/iglesiatrinacristoes.org\/\",\"name\":\"Iglesia Trina &quot;Cristo Es&quot;\",\"description\":\"Iglesia Trina &quot;Cristo Es&quot;\",\"publisher\":{\"@id\":\"https:\/\/iglesiatrinacristoes.org\/#organization\"},\"potentialAction\":[{\"@type\":\"SearchAction\",\"target\":{\"@type\":\"EntryPoint\",\"urlTemplate\":\"https:\/\/iglesiatrinacristoes.org\/?s={search_term_string}\"},\"query-input\":{\"@type\":\"PropertyValueSpecification\",\"valueRequired\":true,\"valueName\":\"search_term_string\"}}],\"inLanguage\":\"es-CO\"},{\"@type\":\"Organization\",\"@id\":\"https:\/\/iglesiatrinacristoes.org\/#organization\",\"name\":\"Iglesia Trina &quot;Cristo Es&quot;\",\"url\":\"https:\/\/iglesiatrinacristoes.org\/\",\"logo\":{\"@type\":\"ImageObject\",\"inLanguage\":\"es-CO\",\"@id\":\"https:\/\/iglesiatrinacristoes.org\/#\/schema\/logo\/image\/\",\"url\":\"\",\"contentUrl\":\"\",\"caption\":\"Iglesia Trina &quot;Cristo Es&quot;\"},\"image\":{\"@id\":\"https:\/\/iglesiatrinacristoes.org\/#\/schema\/logo\/image\/\"}}]}<\/script>\n<!-- \/ Yoast SEO plugin. -->","yoast_head_json":{"title":"Biblia de Estudio Tapa Dura - Iglesia Trina &quot;Cristo Es&quot;","robots":{"index":"index","follow":"follow","max-snippet":"max-snippet:-1","max-image-preview":"max-image-preview:large","max-video-preview":"max-video-preview:-1"},"canonical":"https:\/\/iglesiatrinacristoes.org\/index.php\/producto\/biblia-de-estudio-tapa-dura\/","og_locale":"es_ES","og_type":"article","og_title":"Biblia de Estudio Tapa Dura - Iglesia Trina &quot;Cristo Es&quot;","og_description":"Texto de la versi\u00f3n Reina Valera 1960 20000 notas de estudio Introducci\u00f3n a la Biblia Bosquejo de teolog\u00eda sistem\u00e1tica Concordancia M\u00e1s de 50 mapas b\u00edblicos y m","og_url":"https:\/\/iglesiatrinacristoes.org\/index.php\/producto\/biblia-de-estudio-tapa-dura\/","og_site_name":"Iglesia Trina &quot;Cristo Es&quot;","article_modified_time":"2025-07-04T04:34:10+00:00","og_image":[{"width":396,"height":555,"url":"http:\/\/iglesiatrinacristoes.org\/wp-content\/uploads\/2025\/07\/Biblia-de-Estudio.jpg","type":"image\/jpeg"}],"twitter_card":"summary_large_image","twitter_misc":{"Tiempo de lectura":"1 minuto"},"schema":{"@context":"https:\/\/schema.org","@graph":[{"@type":"WebPage","@id":"https:\/\/iglesiatrinacristoes.org\/index.php\/producto\/biblia-de-estudio-tapa-dura\/","url":"https:\/\/iglesiatrinacristoes.org\/index.php\/producto\/biblia-de-estudio-tapa-dura\/","name":"Biblia de Estudio Tapa Dura - Iglesia Trina &quot;Cristo Es&quot;","isPartOf":{"@id":"https:\/\/iglesiatrinacristoes.org\/#website"},"primaryImageOfPage":{"@id":"https:\/\/iglesiatrinacristoes.org\/index.php\/producto\/biblia-de-estudio-tapa-dura\/#primaryimage"},"image":{"@id":"https:\/\/iglesiatrinacristoes.org\/index.php\/producto\/biblia-de-estudio-tapa-dura\/#primaryimage"},"thumbnailUrl":"https:\/\/iglesiatrinacristoes.org\/wp-content\/uploads\/2025\/07\/Biblia-de-Estudio.jpg","datePublished":"2025-07-04T04:17:02+00:00","dateModified":"2025-07-04T04:34:10+00:00","breadcrumb":{"@id":"https:\/\/iglesiatrinacristoes.org\/index.php\/producto\/biblia-de-estudio-tapa-dura\/#breadcrumb"},"inLanguage":"es-CO","potentialAction":[{"@type":"ReadAction","target":["https:\/\/iglesiatrinacristoes.org\/index.php\/producto\/biblia-de-estudio-tapa-dura\/"]}]},{"@type":"ImageObject","inLanguage":"es-CO","@id":"https:\/\/iglesiatrinacristoes.org\/index.php\/producto\/biblia-de-estudio-tapa-dura\/#primaryimage","url":"https:\/\/iglesiatrinacristoes.org\/wp-content\/uploads\/2025\/07\/Biblia-de-Estudio.jpg","contentUrl":"https:\/\/iglesiatrinacristoes.org\/wp-content\/uploads\/2025\/07\/Biblia-de-Estudio.jpg","width":396,"height":555},{"@type":"BreadcrumbList","@id":"https:\/\/iglesiatrinacristoes.org\/index.php\/producto\/biblia-de-estudio-tapa-dura\/#breadcrumb","itemListElement":[{"@type":"ListItem","position":1,"name":"Inicio","item":"https:\/\/iglesiatrinacristoes.org\/"},{"@type":"ListItem","position":2,"name":"Tienda","item":"https:\/\/iglesiatrinacristoes.org\/index.php\/tienda\/"},{"@type":"ListItem","position":3,"name":"Biblia de Estudio Tapa Dura"}]},{"@type":"WebSite","@id":"https:\/\/iglesiatrinacristoes.org\/#website","url":"https:\/\/iglesiatrinacristoes.org\/","name":"Iglesia Trina &quot;Cristo Es&quot;","description":"Iglesia Trina &quot;Cristo Es&quot;","publisher":{"@id":"https:\/\/iglesiatrinacristoes.org\/#organization"},"potentialAction":[{"@type":"SearchAction","target":{"@type":"EntryPoint","urlTemplate":"https:\/\/iglesiatrinacristoes.org\/?s={search_term_string}"},"query-input":{"@type":"PropertyValueSpecification","valueRequired":true,"valueName":"search_term_string"}}],"inLanguage":"es-CO"},{"@type":"Organization","@id":"https:\/\/iglesiatrinacristoes.org\/#organization","name":"Iglesia Trina &quot;Cristo Es&quot;","url":"https:\/\/iglesiatrinacristoes.org\/","logo":{"@type":"ImageObject","inLanguage":"es-CO","@id":"https:\/\/iglesiatrinacristoes.org\/#\/schema\/logo\/image\/","url":"","contentUrl":"","caption":"Iglesia Trina &quot;Cristo Es&quot;"},"image":{"@id":"https:\/\/iglesiatrinacristoes.org\/#\/schema\/logo\/image\/"}}]}},"_links":{"self":[{"href":"https:\/\/iglesiatrinacristoes.org\/index.php\/wp-json\/wp\/v2\/product\/9339","targetHints":{"allow":["GET"]}}],"collection":[{"href":"https:\/\/iglesiatrinacristoes.org\/index.php\/wp-json\/wp\/v2\/product"}],"about":[{"href":"https:\/\/iglesiatrinacristoes.org\/index.php\/wp-json\/wp\/v2\/types\/product"}],"replies":[{"embeddable":true,"href":"https:\/\/iglesiatrinacristoes.org\/index.php\/wp-json\/wp\/v2\/comments?post=9339"}],"wp:featuredmedia":[{"embeddable":true,"href":"https:\/\/iglesiatrinacristoes.org\/index.php\/wp-json\/wp\/v2\/media\/9341"}],"wp:attachment":[{"href":"https:\/\/iglesiatrinacristoes.org\/index.php\/wp-json\/wp\/v2\/media?parent=9339"}],"wp:term":[{"taxonomy":"product_brand","embeddable":true,"href":"https:\/\/iglesiatrinacristoes.org\/index.php\/wp-json\/wp\/v2\/product_brand?post=9339"},{"taxonomy":"product_cat","embeddable":true,"href":"https:\/\/iglesiatrinacristoes.org\/index.php\/wp-json\/wp\/v2\/product_cat?post=9339"},{"taxonomy":"product_tag","embeddable":true,"href":"https:\/\/iglesiatrinacristoes.org\/index.php\/wp-json\/wp\/v2\/product_tag?post=9339"}],"curies":[{"name":"wp","href":"https:\/\/api.w.org\/{rel}","templated":true}]}}