{"id":9356,"date":"2025-07-03T23:51:10","date_gmt":"2025-07-04T04:51:10","guid":{"rendered":"https:\/\/iglesiatrinacristoes.org\/?post_type=product&#038;p=9356"},"modified":"2025-08-02T00:10:07","modified_gmt":"2025-08-02T05:10:07","slug":"biblia-de-estudio-de-la-vida-plena-tapa-dura","status":"publish","type":"product","link":"https:\/\/iglesiatrinacristoes.org\/index.php\/producto\/biblia-de-estudio-de-la-vida-plena-tapa-dura\/","title":{"rendered":"Biblia de Estudio de la Vida Plena  Tapa Dura"},"content":{"rendered":"<style type=\"text\/css\"><\/style><p>Las caracter\u00edsticas de esta Biblia son:<br \/>\n* Versi\u00f3n Reina-Valera 1960<br \/>\n* Introducciones a cada libro<br \/>\n* Notas de estudio, expositivas, devocionales, pr\u00e1cticas<br \/>\n* 12 s\u00edmbolos tem\u00e1ticos<br \/>\n* 16 mapas en colores<br \/>\n* Diagrama<br \/>\n* Calendario para la lectura b\u00edblica<br \/>\n* 77 art\u00edculos sobre temas importantes en la Biblia.<\/p>\n<p>Esta Biblia incluye extensas notas en la parte inferior de cada p\u00e1gina, escritas y revisadas por pastores y te\u00f3logos con el prop\u00f3sito de ayudarle a entender mejor la Palabra de Dios y ofrecer sugerencias \u00fatiles para poner en pr\u00e1ctica lo aprendido.<br \/>\nTambi\u00e9n tiene setenta y siete art\u00edculos, intercalados en el texto b\u00edblico, sobre temas de importancia para todo creyente y doce s\u00edmbolos tem\u00e1ticos, ubicados en los m\u00e1rgenes que indican pasajes que tratan temas espec\u00edficos.<br \/>\nEstos temas incluyen salvaci\u00f3n, bautismo\/el ser lleno del Esp\u00edritu Santo, sanidad divina, segunda venida de Cristo, dones del Esp\u00edritu, fruto del Esp\u00edritu, fe que mueve monta\u00f1as, evangelismo personal, la victoria sobre Satan\u00e1s y los demonios, poder de vencer al mundo, alabanza, andar en obediencia y justicia.<br \/>\nContiene cuarenta y cuatro mapas y tablas intercaladas en el texto b\u00edblico para ayudar al lector a encontrar lugares clave y entender conceptos importantes a primera vista.<br \/>\nContiene veintiocho diagramas entre los que se encuentran los siguientes: origen de las naciones, calendario hebreo, tabern\u00e1culo, milagros del Antiguo Testamento, profec\u00edas del Antiguo Testamento cumplidas en Cristo, ministro de Jes\u00fas.<\/p>\n<p>Tambi\u00e9n incluye introducciones a cada libro, indica tem\u00e1tico, concordancia, diecis\u00e9is p\u00e1ginas de mapas a todo color, plan de lectura, y sistema de referencia al pie de la p\u00e1gina.<\/p>\n","protected":false},"excerpt":{"rendered":"<p>Las caracter\u00edsticas de esta Biblia son: * Versi\u00f3n Reina-Valera 1960 * Introducciones a cada libro * Notas de estudio, expositivas, devocionales, pr\u00e1cticas * 12 s\u00edmbolos tem\u00e1ticos * 16 mapas en colores * Diagrama * Calendario para la lectura b\u00edblica * 77 art\u00edculos sobre temas importantes en la Biblia. Esta Biblia incluye extensas notas en la&#8230;<\/p>\n","protected":false},"featured_media":9357,"comment_status":"open","ping_status":"closed","template":"","meta":{"om_disable_all_campaigns":false},"product_brand":[],"product_cat":[86],"product_tag":[],"class_list":{"0":"post-9356","1":"product","2":"type-product","3":"status-publish","4":"has-post-thumbnail","6":"product_cat-libreria","8":"first","9":"instock","10":"shipping-taxable","11":"purchasable","12":"product-type-simple"},"yoast_head":"<!-- This site is optimized with the Yoast SEO plugin v26.3 - https:\/\/yoast.com\/wordpress\/plugins\/seo\/ -->\n<title>Biblia de Estudio de la Vida Plena Tapa Dura - Iglesia Trina &quot;Cristo Es&quot;<\/title>\n<meta name=\"robots\" content=\"index, follow, max-snippet:-1, max-image-preview:large, max-video-preview:-1\" \/>\n<link rel=\"canonical\" href=\"https:\/\/iglesiatrinacristoes.org\/index.php\/producto\/biblia-de-estudio-de-la-vida-plena-tapa-dura\/\" \/>\n<meta property=\"og:locale\" content=\"es_ES\" \/>\n<meta property=\"og:type\" content=\"article\" \/>\n<meta property=\"og:title\" content=\"Biblia de Estudio de la Vida Plena Tapa Dura - Iglesia Trina &quot;Cristo Es&quot;\" \/>\n<meta property=\"og:description\" content=\"Las caracter\u00edsticas de esta Biblia son: * Versi\u00f3n Reina-Valera 1960 * Introducciones a cada libro * Notas de estudio, expositivas, devocionales, pr\u00e1cticas * 12 s\u00edmbolos tem\u00e1ticos * 16 mapas en colores * Diagrama * Calendario para la lectura b\u00edblica * 77 art\u00edculos sobre temas importantes en la Biblia. Esta Biblia incluye extensas notas en la...\" \/>\n<meta property=\"og:url\" content=\"https:\/\/iglesiatrinacristoes.org\/index.php\/producto\/biblia-de-estudio-de-la-vida-plena-tapa-dura\/\" \/>\n<meta property=\"og:site_name\" content=\"Iglesia Trina &quot;Cristo Es&quot;\" \/>\n<meta property=\"article:modified_time\" content=\"2025-08-02T05:10:07+00:00\" \/>\n<meta property=\"og:image\" content=\"http:\/\/iglesiatrinacristoes.org\/wp-content\/uploads\/2025\/07\/Biblia-de-Estudio-de-la-Vida-Plena.jpg\" \/>\n\t<meta property=\"og:image:width\" content=\"367\" \/>\n\t<meta property=\"og:image:height\" content=\"522\" \/>\n\t<meta property=\"og:image:type\" content=\"image\/jpeg\" \/>\n<meta name=\"twitter:card\" content=\"summary_large_image\" \/>\n<meta name=\"twitter:label1\" content=\"Tiempo de lectura\" \/>\n\t<meta name=\"twitter:data1\" content=\"2 minutos\" \/>\n<script type=\"application\/ld+json\" class=\"yoast-schema-graph\">{\"@context\":\"https:\/\/schema.org\",\"@graph\":[{\"@type\":\"WebPage\",\"@id\":\"https:\/\/iglesiatrinacristoes.org\/index.php\/producto\/biblia-de-estudio-de-la-vida-plena-tapa-dura\/\",\"url\":\"https:\/\/iglesiatrinacristoes.org\/index.php\/producto\/biblia-de-estudio-de-la-vida-plena-tapa-dura\/\",\"name\":\"Biblia de Estudio de la Vida Plena Tapa Dura - Iglesia Trina &quot;Cristo Es&quot;\",\"isPartOf\":{\"@id\":\"https:\/\/iglesiatrinacristoes.org\/#website\"},\"primaryImageOfPage\":{\"@id\":\"https:\/\/iglesiatrinacristoes.org\/index.php\/producto\/biblia-de-estudio-de-la-vida-plena-tapa-dura\/#primaryimage\"},\"image\":{\"@id\":\"https:\/\/iglesiatrinacristoes.org\/index.php\/producto\/biblia-de-estudio-de-la-vida-plena-tapa-dura\/#primaryimage\"},\"thumbnailUrl\":\"https:\/\/iglesiatrinacristoes.org\/wp-content\/uploads\/2025\/07\/Biblia-de-Estudio-de-la-Vida-Plena.jpg\",\"datePublished\":\"2025-07-04T04:51:10+00:00\",\"dateModified\":\"2025-08-02T05:10:07+00:00\",\"breadcrumb\":{\"@id\":\"https:\/\/iglesiatrinacristoes.org\/index.php\/producto\/biblia-de-estudio-de-la-vida-plena-tapa-dura\/#breadcrumb\"},\"inLanguage\":\"es-CO\",\"potentialAction\":[{\"@type\":\"ReadAction\",\"target\":[\"https:\/\/iglesiatrinacristoes.org\/index.php\/producto\/biblia-de-estudio-de-la-vida-plena-tapa-dura\/\"]}]},{\"@type\":\"ImageObject\",\"inLanguage\":\"es-CO\",\"@id\":\"https:\/\/iglesiatrinacristoes.org\/index.php\/producto\/biblia-de-estudio-de-la-vida-plena-tapa-dura\/#primaryimage\",\"url\":\"https:\/\/iglesiatrinacristoes.org\/wp-content\/uploads\/2025\/07\/Biblia-de-Estudio-de-la-Vida-Plena.jpg\",\"contentUrl\":\"https:\/\/iglesiatrinacristoes.org\/wp-content\/uploads\/2025\/07\/Biblia-de-Estudio-de-la-Vida-Plena.jpg\",\"width\":367,\"height\":522},{\"@type\":\"BreadcrumbList\",\"@id\":\"https:\/\/iglesiatrinacristoes.org\/index.php\/producto\/biblia-de-estudio-de-la-vida-plena-tapa-dura\/#breadcrumb\",\"itemListElement\":[{\"@type\":\"ListItem\",\"position\":1,\"name\":\"Inicio\",\"item\":\"https:\/\/iglesiatrinacristoes.org\/\"},{\"@type\":\"ListItem\",\"position\":2,\"name\":\"Tienda\",\"item\":\"https:\/\/iglesiatrinacristoes.org\/index.php\/tienda\/\"},{\"@type\":\"ListItem\",\"position\":3,\"name\":\"Biblia de Estudio de la Vida Plena Tapa Dura\"}]},{\"@type\":\"WebSite\",\"@id\":\"https:\/\/iglesiatrinacristoes.org\/#website\",\"url\":\"https:\/\/iglesiatrinacristoes.org\/\",\"name\":\"Iglesia Trina &quot;Cristo Es&quot;\",\"description\":\"Iglesia Trina &quot;Cristo Es&quot;\",\"publisher\":{\"@id\":\"https:\/\/iglesiatrinacristoes.org\/#organization\"},\"potentialAction\":[{\"@type\":\"SearchAction\",\"target\":{\"@type\":\"EntryPoint\",\"urlTemplate\":\"https:\/\/iglesiatrinacristoes.org\/?s={search_term_string}\"},\"query-input\":{\"@type\":\"PropertyValueSpecification\",\"valueRequired\":true,\"valueName\":\"search_term_string\"}}],\"inLanguage\":\"es-CO\"},{\"@type\":\"Organization\",\"@id\":\"https:\/\/iglesiatrinacristoes.org\/#organization\",\"name\":\"Iglesia Trina &quot;Cristo Es&quot;\",\"url\":\"https:\/\/iglesiatrinacristoes.org\/\",\"logo\":{\"@type\":\"ImageObject\",\"inLanguage\":\"es-CO\",\"@id\":\"https:\/\/iglesiatrinacristoes.org\/#\/schema\/logo\/image\/\",\"url\":\"\",\"contentUrl\":\"\",\"caption\":\"Iglesia Trina &quot;Cristo Es&quot;\"},\"image\":{\"@id\":\"https:\/\/iglesiatrinacristoes.org\/#\/schema\/logo\/image\/\"}}]}<\/script>\n<!-- \/ Yoast SEO plugin. -->","yoast_head_json":{"title":"Biblia de Estudio de la Vida Plena Tapa Dura - Iglesia Trina &quot;Cristo Es&quot;","robots":{"index":"index","follow":"follow","max-snippet":"max-snippet:-1","max-image-preview":"max-image-preview:large","max-video-preview":"max-video-preview:-1"},"canonical":"https:\/\/iglesiatrinacristoes.org\/index.php\/producto\/biblia-de-estudio-de-la-vida-plena-tapa-dura\/","og_locale":"es_ES","og_type":"article","og_title":"Biblia de Estudio de la Vida Plena Tapa Dura - Iglesia Trina &quot;Cristo Es&quot;","og_description":"Las caracter\u00edsticas de esta Biblia son: * Versi\u00f3n Reina-Valera 1960 * Introducciones a cada libro * Notas de estudio, expositivas, devocionales, pr\u00e1cticas * 12 s\u00edmbolos tem\u00e1ticos * 16 mapas en colores * Diagrama * Calendario para la lectura b\u00edblica * 77 art\u00edculos sobre temas importantes en la Biblia. Esta Biblia incluye extensas notas en la...","og_url":"https:\/\/iglesiatrinacristoes.org\/index.php\/producto\/biblia-de-estudio-de-la-vida-plena-tapa-dura\/","og_site_name":"Iglesia Trina &quot;Cristo Es&quot;","article_modified_time":"2025-08-02T05:10:07+00:00","og_image":[{"width":367,"height":522,"url":"http:\/\/iglesiatrinacristoes.org\/wp-content\/uploads\/2025\/07\/Biblia-de-Estudio-de-la-Vida-Plena.jpg","type":"image\/jpeg"}],"twitter_card":"summary_large_image","twitter_misc":{"Tiempo de lectura":"2 minutos"},"schema":{"@context":"https:\/\/schema.org","@graph":[{"@type":"WebPage","@id":"https:\/\/iglesiatrinacristoes.org\/index.php\/producto\/biblia-de-estudio-de-la-vida-plena-tapa-dura\/","url":"https:\/\/iglesiatrinacristoes.org\/index.php\/producto\/biblia-de-estudio-de-la-vida-plena-tapa-dura\/","name":"Biblia de Estudio de la Vida Plena Tapa Dura - Iglesia Trina &quot;Cristo Es&quot;","isPartOf":{"@id":"https:\/\/iglesiatrinacristoes.org\/#website"},"primaryImageOfPage":{"@id":"https:\/\/iglesiatrinacristoes.org\/index.php\/producto\/biblia-de-estudio-de-la-vida-plena-tapa-dura\/#primaryimage"},"image":{"@id":"https:\/\/iglesiatrinacristoes.org\/index.php\/producto\/biblia-de-estudio-de-la-vida-plena-tapa-dura\/#primaryimage"},"thumbnailUrl":"https:\/\/iglesiatrinacristoes.org\/wp-content\/uploads\/2025\/07\/Biblia-de-Estudio-de-la-Vida-Plena.jpg","datePublished":"2025-07-04T04:51:10+00:00","dateModified":"2025-08-02T05:10:07+00:00","breadcrumb":{"@id":"https:\/\/iglesiatrinacristoes.org\/index.php\/producto\/biblia-de-estudio-de-la-vida-plena-tapa-dura\/#breadcrumb"},"inLanguage":"es-CO","potentialAction":[{"@type":"ReadAction","target":["https:\/\/iglesiatrinacristoes.org\/index.php\/producto\/biblia-de-estudio-de-la-vida-plena-tapa-dura\/"]}]},{"@type":"ImageObject","inLanguage":"es-CO","@id":"https:\/\/iglesiatrinacristoes.org\/index.php\/producto\/biblia-de-estudio-de-la-vida-plena-tapa-dura\/#primaryimage","url":"https:\/\/iglesiatrinacristoes.org\/wp-content\/uploads\/2025\/07\/Biblia-de-Estudio-de-la-Vida-Plena.jpg","contentUrl":"https:\/\/iglesiatrinacristoes.org\/wp-content\/uploads\/2025\/07\/Biblia-de-Estudio-de-la-Vida-Plena.jpg","width":367,"height":522},{"@type":"BreadcrumbList","@id":"https:\/\/iglesiatrinacristoes.org\/index.php\/producto\/biblia-de-estudio-de-la-vida-plena-tapa-dura\/#breadcrumb","itemListElement":[{"@type":"ListItem","position":1,"name":"Inicio","item":"https:\/\/iglesiatrinacristoes.org\/"},{"@type":"ListItem","position":2,"name":"Tienda","item":"https:\/\/iglesiatrinacristoes.org\/index.php\/tienda\/"},{"@type":"ListItem","position":3,"name":"Biblia de Estudio de la Vida Plena Tapa Dura"}]},{"@type":"WebSite","@id":"https:\/\/iglesiatrinacristoes.org\/#website","url":"https:\/\/iglesiatrinacristoes.org\/","name":"Iglesia Trina &quot;Cristo Es&quot;","description":"Iglesia Trina &quot;Cristo Es&quot;","publisher":{"@id":"https:\/\/iglesiatrinacristoes.org\/#organization"},"potentialAction":[{"@type":"SearchAction","target":{"@type":"EntryPoint","urlTemplate":"https:\/\/iglesiatrinacristoes.org\/?s={search_term_string}"},"query-input":{"@type":"PropertyValueSpecification","valueRequired":true,"valueName":"search_term_string"}}],"inLanguage":"es-CO"},{"@type":"Organization","@id":"https:\/\/iglesiatrinacristoes.org\/#organization","name":"Iglesia Trina &quot;Cristo Es&quot;","url":"https:\/\/iglesiatrinacristoes.org\/","logo":{"@type":"ImageObject","inLanguage":"es-CO","@id":"https:\/\/iglesiatrinacristoes.org\/#\/schema\/logo\/image\/","url":"","contentUrl":"","caption":"Iglesia Trina &quot;Cristo Es&quot;"},"image":{"@id":"https:\/\/iglesiatrinacristoes.org\/#\/schema\/logo\/image\/"}}]}},"_links":{"self":[{"href":"https:\/\/iglesiatrinacristoes.org\/index.php\/wp-json\/wp\/v2\/product\/9356","targetHints":{"allow":["GET"]}}],"collection":[{"href":"https:\/\/iglesiatrinacristoes.org\/index.php\/wp-json\/wp\/v2\/product"}],"about":[{"href":"https:\/\/iglesiatrinacristoes.org\/index.php\/wp-json\/wp\/v2\/types\/product"}],"replies":[{"embeddable":true,"href":"https:\/\/iglesiatrinacristoes.org\/index.php\/wp-json\/wp\/v2\/comments?post=9356"}],"wp:featuredmedia":[{"embeddable":true,"href":"https:\/\/iglesiatrinacristoes.org\/index.php\/wp-json\/wp\/v2\/media\/9357"}],"wp:attachment":[{"href":"https:\/\/iglesiatrinacristoes.org\/index.php\/wp-json\/wp\/v2\/media?parent=9356"}],"wp:term":[{"taxonomy":"product_brand","embeddable":true,"href":"https:\/\/iglesiatrinacristoes.org\/index.php\/wp-json\/wp\/v2\/product_brand?post=9356"},{"taxonomy":"product_cat","embeddable":true,"href":"https:\/\/iglesiatrinacristoes.org\/index.php\/wp-json\/wp\/v2\/product_cat?post=9356"},{"taxonomy":"product_tag","embeddable":true,"href":"https:\/\/iglesiatrinacristoes.org\/index.php\/wp-json\/wp\/v2\/product_tag?post=9356"}],"curies":[{"name":"wp","href":"https:\/\/api.w.org\/{rel}","templated":true}]}}