{"id":9358,"date":"2025-07-03T23:59:23","date_gmt":"2025-07-04T04:59:23","guid":{"rendered":"https:\/\/iglesiatrinacristoes.org\/?post_type=product&#038;p=9358"},"modified":"2025-08-02T00:12:25","modified_gmt":"2025-08-02T05:12:25","slug":"santa-biblia-nvi-pasta-azul-oscura-tapa-blanda-o-rustica","status":"publish","type":"product","link":"https:\/\/iglesiatrinacristoes.org\/index.php\/producto\/santa-biblia-nvi-pasta-azul-oscura-tapa-blanda-o-rustica\/","title":{"rendered":"Santa Biblia (NVI) Pasta Azul Oscura  Tapa Blanda o rustica"},"content":{"rendered":"<style type=\"text\/css\"><\/style><p>Eficaz para uso personal, familia y para alcance evangel\u00edstico de la iglesia. Esta Biblia est\u00e1 impresa en un papel de baja porosidad, y tiene un precio que permite usarla como regalo a gran escala. R\u00fastica. Cubierta: azul fiesta.<\/p>\n","protected":false},"excerpt":{"rendered":"<p>La biblia es la verdadera historia de Dios y de su plan para restaurar al mundo. Comenz\u00f3 hace muchos a\u00f1os en un jard\u00edn donde todo era vida y paz. No hab\u00eda amarguras, ni dolor, ni p\u00e9rdidas. Solo una hermosa relaci\u00f3n entre el Dios creador y su creaci\u00f3n.<br \/>\nLa historia se encamina hacia otro jard\u00edn, esta vez en una ciudad. El nuevo jard\u00edn, ser\u00e1 incluso mejor que el original. Jardines, ciudades, gente, relaciones -todo lo que existe en la creaci\u00f3n &#8211; son restaurados.<br \/>\nEsta colecci\u00f3n de libros nos cuenta la historia que se desenvuelve entre estos dos jardines. Los seres humanos rechazaron al Creador no se dio por vencido. Estaba comprometido con la historia, y comprometido tambi\u00e9n con la redenci\u00f3n.<\/p>\n","protected":false},"featured_media":9359,"comment_status":"open","ping_status":"closed","template":"","meta":{"om_disable_all_campaigns":false},"product_brand":[],"product_cat":[86],"product_tag":[],"class_list":{"0":"post-9358","1":"product","2":"type-product","3":"status-publish","4":"has-post-thumbnail","6":"product_cat-libreria","8":"first","9":"instock","10":"shipping-taxable","11":"purchasable","12":"product-type-simple"},"yoast_head":"<!-- This site is optimized with the Yoast SEO plugin v26.3 - https:\/\/yoast.com\/wordpress\/plugins\/seo\/ -->\n<title>Santa Biblia (NVI) Pasta Azul Oscura Tapa Blanda o rustica - Iglesia Trina &quot;Cristo Es&quot;<\/title>\n<meta name=\"robots\" content=\"index, follow, max-snippet:-1, max-image-preview:large, max-video-preview:-1\" \/>\n<link rel=\"canonical\" href=\"https:\/\/iglesiatrinacristoes.org\/index.php\/producto\/santa-biblia-nvi-pasta-azul-oscura-tapa-blanda-o-rustica\/\" \/>\n<meta property=\"og:locale\" content=\"es_ES\" \/>\n<meta property=\"og:type\" content=\"article\" \/>\n<meta property=\"og:title\" content=\"Santa Biblia (NVI) Pasta Azul Oscura Tapa Blanda o rustica - Iglesia Trina &quot;Cristo Es&quot;\" \/>\n<meta property=\"og:description\" content=\"La biblia es la verdadera historia de Dios y de su plan para restaurar al mundo. Comenz\u00f3 hace muchos a\u00f1os en un jard\u00edn donde todo era vida y paz. No hab\u00eda amarguras, ni dolor, ni p\u00e9rdidas. Solo una hermosa relaci\u00f3n entre el Dios creador y su creaci\u00f3n. La historia se encamina hacia otro jard\u00edn, esta vez en una ciudad. El nuevo jard\u00edn, ser\u00e1 incluso mejor que el original. Jardines, ciudades, gente, relaciones -todo lo que existe en la creaci\u00f3n - son restaurados. Esta colecci\u00f3n de libros nos cuenta la historia que se desenvuelve entre estos dos jardines. Los seres humanos rechazaron al Creador no se dio por vencido. Estaba comprometido con la historia, y comprometido tambi\u00e9n con la redenci\u00f3n.\" \/>\n<meta property=\"og:url\" content=\"https:\/\/iglesiatrinacristoes.org\/index.php\/producto\/santa-biblia-nvi-pasta-azul-oscura-tapa-blanda-o-rustica\/\" \/>\n<meta property=\"og:site_name\" content=\"Iglesia Trina &quot;Cristo Es&quot;\" \/>\n<meta property=\"article:modified_time\" content=\"2025-08-02T05:12:25+00:00\" \/>\n<meta property=\"og:image\" content=\"http:\/\/iglesiatrinacristoes.org\/wp-content\/uploads\/2025\/07\/Santa-Biblia-NVI-Pasta-Azul-Oscura-Tapa-Blanda.jpg\" \/>\n\t<meta property=\"og:image:width\" content=\"312\" \/>\n\t<meta property=\"og:image:height\" content=\"522\" \/>\n\t<meta property=\"og:image:type\" content=\"image\/jpeg\" \/>\n<meta name=\"twitter:card\" content=\"summary_large_image\" \/>\n<meta name=\"twitter:label1\" content=\"Tiempo de lectura\" \/>\n\t<meta name=\"twitter:data1\" content=\"1 minuto\" \/>\n<script type=\"application\/ld+json\" class=\"yoast-schema-graph\">{\"@context\":\"https:\/\/schema.org\",\"@graph\":[{\"@type\":\"WebPage\",\"@id\":\"https:\/\/iglesiatrinacristoes.org\/index.php\/producto\/santa-biblia-nvi-pasta-azul-oscura-tapa-blanda-o-rustica\/\",\"url\":\"https:\/\/iglesiatrinacristoes.org\/index.php\/producto\/santa-biblia-nvi-pasta-azul-oscura-tapa-blanda-o-rustica\/\",\"name\":\"Santa Biblia (NVI) Pasta Azul Oscura Tapa Blanda o rustica - Iglesia Trina &quot;Cristo Es&quot;\",\"isPartOf\":{\"@id\":\"https:\/\/iglesiatrinacristoes.org\/#website\"},\"primaryImageOfPage\":{\"@id\":\"https:\/\/iglesiatrinacristoes.org\/index.php\/producto\/santa-biblia-nvi-pasta-azul-oscura-tapa-blanda-o-rustica\/#primaryimage\"},\"image\":{\"@id\":\"https:\/\/iglesiatrinacristoes.org\/index.php\/producto\/santa-biblia-nvi-pasta-azul-oscura-tapa-blanda-o-rustica\/#primaryimage\"},\"thumbnailUrl\":\"https:\/\/iglesiatrinacristoes.org\/wp-content\/uploads\/2025\/07\/Santa-Biblia-NVI-Pasta-Azul-Oscura-Tapa-Blanda.jpg\",\"datePublished\":\"2025-07-04T04:59:23+00:00\",\"dateModified\":\"2025-08-02T05:12:25+00:00\",\"breadcrumb\":{\"@id\":\"https:\/\/iglesiatrinacristoes.org\/index.php\/producto\/santa-biblia-nvi-pasta-azul-oscura-tapa-blanda-o-rustica\/#breadcrumb\"},\"inLanguage\":\"es-CO\",\"potentialAction\":[{\"@type\":\"ReadAction\",\"target\":[\"https:\/\/iglesiatrinacristoes.org\/index.php\/producto\/santa-biblia-nvi-pasta-azul-oscura-tapa-blanda-o-rustica\/\"]}]},{\"@type\":\"ImageObject\",\"inLanguage\":\"es-CO\",\"@id\":\"https:\/\/iglesiatrinacristoes.org\/index.php\/producto\/santa-biblia-nvi-pasta-azul-oscura-tapa-blanda-o-rustica\/#primaryimage\",\"url\":\"https:\/\/iglesiatrinacristoes.org\/wp-content\/uploads\/2025\/07\/Santa-Biblia-NVI-Pasta-Azul-Oscura-Tapa-Blanda.jpg\",\"contentUrl\":\"https:\/\/iglesiatrinacristoes.org\/wp-content\/uploads\/2025\/07\/Santa-Biblia-NVI-Pasta-Azul-Oscura-Tapa-Blanda.jpg\",\"width\":312,\"height\":522},{\"@type\":\"BreadcrumbList\",\"@id\":\"https:\/\/iglesiatrinacristoes.org\/index.php\/producto\/santa-biblia-nvi-pasta-azul-oscura-tapa-blanda-o-rustica\/#breadcrumb\",\"itemListElement\":[{\"@type\":\"ListItem\",\"position\":1,\"name\":\"Inicio\",\"item\":\"https:\/\/iglesiatrinacristoes.org\/\"},{\"@type\":\"ListItem\",\"position\":2,\"name\":\"Tienda\",\"item\":\"https:\/\/iglesiatrinacristoes.org\/index.php\/tienda\/\"},{\"@type\":\"ListItem\",\"position\":3,\"name\":\"Santa Biblia (NVI) Pasta Azul Oscura Tapa Blanda o rustica\"}]},{\"@type\":\"WebSite\",\"@id\":\"https:\/\/iglesiatrinacristoes.org\/#website\",\"url\":\"https:\/\/iglesiatrinacristoes.org\/\",\"name\":\"Iglesia Trina &quot;Cristo Es&quot;\",\"description\":\"Iglesia Trina &quot;Cristo Es&quot;\",\"publisher\":{\"@id\":\"https:\/\/iglesiatrinacristoes.org\/#organization\"},\"potentialAction\":[{\"@type\":\"SearchAction\",\"target\":{\"@type\":\"EntryPoint\",\"urlTemplate\":\"https:\/\/iglesiatrinacristoes.org\/?s={search_term_string}\"},\"query-input\":{\"@type\":\"PropertyValueSpecification\",\"valueRequired\":true,\"valueName\":\"search_term_string\"}}],\"inLanguage\":\"es-CO\"},{\"@type\":\"Organization\",\"@id\":\"https:\/\/iglesiatrinacristoes.org\/#organization\",\"name\":\"Iglesia Trina &quot;Cristo Es&quot;\",\"url\":\"https:\/\/iglesiatrinacristoes.org\/\",\"logo\":{\"@type\":\"ImageObject\",\"inLanguage\":\"es-CO\",\"@id\":\"https:\/\/iglesiatrinacristoes.org\/#\/schema\/logo\/image\/\",\"url\":\"\",\"contentUrl\":\"\",\"caption\":\"Iglesia Trina &quot;Cristo Es&quot;\"},\"image\":{\"@id\":\"https:\/\/iglesiatrinacristoes.org\/#\/schema\/logo\/image\/\"}}]}<\/script>\n<!-- \/ Yoast SEO plugin. -->","yoast_head_json":{"title":"Santa Biblia (NVI) Pasta Azul Oscura Tapa Blanda o rustica - Iglesia Trina &quot;Cristo Es&quot;","robots":{"index":"index","follow":"follow","max-snippet":"max-snippet:-1","max-image-preview":"max-image-preview:large","max-video-preview":"max-video-preview:-1"},"canonical":"https:\/\/iglesiatrinacristoes.org\/index.php\/producto\/santa-biblia-nvi-pasta-azul-oscura-tapa-blanda-o-rustica\/","og_locale":"es_ES","og_type":"article","og_title":"Santa Biblia (NVI) Pasta Azul Oscura Tapa Blanda o rustica - Iglesia Trina &quot;Cristo Es&quot;","og_description":"La biblia es la verdadera historia de Dios y de su plan para restaurar al mundo. Comenz\u00f3 hace muchos a\u00f1os en un jard\u00edn donde todo era vida y paz. No hab\u00eda amarguras, ni dolor, ni p\u00e9rdidas. Solo una hermosa relaci\u00f3n entre el Dios creador y su creaci\u00f3n. La historia se encamina hacia otro jard\u00edn, esta vez en una ciudad. El nuevo jard\u00edn, ser\u00e1 incluso mejor que el original. Jardines, ciudades, gente, relaciones -todo lo que existe en la creaci\u00f3n - son restaurados. Esta colecci\u00f3n de libros nos cuenta la historia que se desenvuelve entre estos dos jardines. Los seres humanos rechazaron al Creador no se dio por vencido. Estaba comprometido con la historia, y comprometido tambi\u00e9n con la redenci\u00f3n.","og_url":"https:\/\/iglesiatrinacristoes.org\/index.php\/producto\/santa-biblia-nvi-pasta-azul-oscura-tapa-blanda-o-rustica\/","og_site_name":"Iglesia Trina &quot;Cristo Es&quot;","article_modified_time":"2025-08-02T05:12:25+00:00","og_image":[{"width":312,"height":522,"url":"http:\/\/iglesiatrinacristoes.org\/wp-content\/uploads\/2025\/07\/Santa-Biblia-NVI-Pasta-Azul-Oscura-Tapa-Blanda.jpg","type":"image\/jpeg"}],"twitter_card":"summary_large_image","twitter_misc":{"Tiempo de lectura":"1 minuto"},"schema":{"@context":"https:\/\/schema.org","@graph":[{"@type":"WebPage","@id":"https:\/\/iglesiatrinacristoes.org\/index.php\/producto\/santa-biblia-nvi-pasta-azul-oscura-tapa-blanda-o-rustica\/","url":"https:\/\/iglesiatrinacristoes.org\/index.php\/producto\/santa-biblia-nvi-pasta-azul-oscura-tapa-blanda-o-rustica\/","name":"Santa Biblia (NVI) Pasta Azul Oscura Tapa Blanda o rustica - Iglesia Trina &quot;Cristo Es&quot;","isPartOf":{"@id":"https:\/\/iglesiatrinacristoes.org\/#website"},"primaryImageOfPage":{"@id":"https:\/\/iglesiatrinacristoes.org\/index.php\/producto\/santa-biblia-nvi-pasta-azul-oscura-tapa-blanda-o-rustica\/#primaryimage"},"image":{"@id":"https:\/\/iglesiatrinacristoes.org\/index.php\/producto\/santa-biblia-nvi-pasta-azul-oscura-tapa-blanda-o-rustica\/#primaryimage"},"thumbnailUrl":"https:\/\/iglesiatrinacristoes.org\/wp-content\/uploads\/2025\/07\/Santa-Biblia-NVI-Pasta-Azul-Oscura-Tapa-Blanda.jpg","datePublished":"2025-07-04T04:59:23+00:00","dateModified":"2025-08-02T05:12:25+00:00","breadcrumb":{"@id":"https:\/\/iglesiatrinacristoes.org\/index.php\/producto\/santa-biblia-nvi-pasta-azul-oscura-tapa-blanda-o-rustica\/#breadcrumb"},"inLanguage":"es-CO","potentialAction":[{"@type":"ReadAction","target":["https:\/\/iglesiatrinacristoes.org\/index.php\/producto\/santa-biblia-nvi-pasta-azul-oscura-tapa-blanda-o-rustica\/"]}]},{"@type":"ImageObject","inLanguage":"es-CO","@id":"https:\/\/iglesiatrinacristoes.org\/index.php\/producto\/santa-biblia-nvi-pasta-azul-oscura-tapa-blanda-o-rustica\/#primaryimage","url":"https:\/\/iglesiatrinacristoes.org\/wp-content\/uploads\/2025\/07\/Santa-Biblia-NVI-Pasta-Azul-Oscura-Tapa-Blanda.jpg","contentUrl":"https:\/\/iglesiatrinacristoes.org\/wp-content\/uploads\/2025\/07\/Santa-Biblia-NVI-Pasta-Azul-Oscura-Tapa-Blanda.jpg","width":312,"height":522},{"@type":"BreadcrumbList","@id":"https:\/\/iglesiatrinacristoes.org\/index.php\/producto\/santa-biblia-nvi-pasta-azul-oscura-tapa-blanda-o-rustica\/#breadcrumb","itemListElement":[{"@type":"ListItem","position":1,"name":"Inicio","item":"https:\/\/iglesiatrinacristoes.org\/"},{"@type":"ListItem","position":2,"name":"Tienda","item":"https:\/\/iglesiatrinacristoes.org\/index.php\/tienda\/"},{"@type":"ListItem","position":3,"name":"Santa Biblia (NVI) Pasta Azul Oscura Tapa Blanda o rustica"}]},{"@type":"WebSite","@id":"https:\/\/iglesiatrinacristoes.org\/#website","url":"https:\/\/iglesiatrinacristoes.org\/","name":"Iglesia Trina &quot;Cristo Es&quot;","description":"Iglesia Trina &quot;Cristo Es&quot;","publisher":{"@id":"https:\/\/iglesiatrinacristoes.org\/#organization"},"potentialAction":[{"@type":"SearchAction","target":{"@type":"EntryPoint","urlTemplate":"https:\/\/iglesiatrinacristoes.org\/?s={search_term_string}"},"query-input":{"@type":"PropertyValueSpecification","valueRequired":true,"valueName":"search_term_string"}}],"inLanguage":"es-CO"},{"@type":"Organization","@id":"https:\/\/iglesiatrinacristoes.org\/#organization","name":"Iglesia Trina &quot;Cristo Es&quot;","url":"https:\/\/iglesiatrinacristoes.org\/","logo":{"@type":"ImageObject","inLanguage":"es-CO","@id":"https:\/\/iglesiatrinacristoes.org\/#\/schema\/logo\/image\/","url":"","contentUrl":"","caption":"Iglesia Trina &quot;Cristo Es&quot;"},"image":{"@id":"https:\/\/iglesiatrinacristoes.org\/#\/schema\/logo\/image\/"}}]}},"_links":{"self":[{"href":"https:\/\/iglesiatrinacristoes.org\/index.php\/wp-json\/wp\/v2\/product\/9358","targetHints":{"allow":["GET"]}}],"collection":[{"href":"https:\/\/iglesiatrinacristoes.org\/index.php\/wp-json\/wp\/v2\/product"}],"about":[{"href":"https:\/\/iglesiatrinacristoes.org\/index.php\/wp-json\/wp\/v2\/types\/product"}],"replies":[{"embeddable":true,"href":"https:\/\/iglesiatrinacristoes.org\/index.php\/wp-json\/wp\/v2\/comments?post=9358"}],"wp:featuredmedia":[{"embeddable":true,"href":"https:\/\/iglesiatrinacristoes.org\/index.php\/wp-json\/wp\/v2\/media\/9359"}],"wp:attachment":[{"href":"https:\/\/iglesiatrinacristoes.org\/index.php\/wp-json\/wp\/v2\/media?parent=9358"}],"wp:term":[{"taxonomy":"product_brand","embeddable":true,"href":"https:\/\/iglesiatrinacristoes.org\/index.php\/wp-json\/wp\/v2\/product_brand?post=9358"},{"taxonomy":"product_cat","embeddable":true,"href":"https:\/\/iglesiatrinacristoes.org\/index.php\/wp-json\/wp\/v2\/product_cat?post=9358"},{"taxonomy":"product_tag","embeddable":true,"href":"https:\/\/iglesiatrinacristoes.org\/index.php\/wp-json\/wp\/v2\/product_tag?post=9358"}],"curies":[{"name":"wp","href":"https:\/\/api.w.org\/{rel}","templated":true}]}}