{"id":9460,"date":"2025-08-02T00:20:24","date_gmt":"2025-08-02T05:20:24","guid":{"rendered":"https:\/\/iglesiatrinacristoes.org\/?post_type=product&#038;p=9460"},"modified":"2025-08-02T00:34:39","modified_gmt":"2025-08-02T05:34:39","slug":"santa-biblia-con-forro-azul-version-rvr","status":"publish","type":"product","link":"https:\/\/iglesiatrinacristoes.org\/index.php\/producto\/santa-biblia-con-forro-azul-version-rvr\/","title":{"rendered":"Santa Biblia Con Forro Azul Versi\u00f3n  (RVR)"},"content":{"rendered":"<style type=\"text\/css\"><\/style><div class=\"row\">\n<div class=\"col-xs-12 padding-xs-0\">\n<div class=\"ficha font-weight-light font-size-normal color-text\">\n<div class=\"row\">\n<div class=\"col-xs-5\">\n<p>Caracter\u00edsticas:<\/p>\n<p>*Palabras de Jes\u00fas en Rojo.<br \/>\n* Con referencias.<\/p>\n<p>Ayudas especiales:<br \/>\n* C\u00f3mo est\u00e1 formada la Biblia.<br \/>\n* Lo que se encuentra en la Biblia.<br \/>\n* C\u00f3mo leer la Biblia.<br \/>\n*La Biblia en un a\u00f1o.<br \/>\n*Pasajes famosos en la Biblia.<br \/>\nLo que dice la Biblia acerca del perd\u00f3n de Dios.<br \/>\n*otras ayudas.<br \/>\n* Glosario.<br \/>\nConcordancia con 2.671 palabras de consulta y referencia. * 16 mapas.<\/p>\n<p>*Tama\u00f1o 13,5 X 19,5 cm<br \/>\n* No. de p\u00e1ginas: 1.692<br \/>\n* Papel: Biblia 28 g<br \/>\n* Impresi\u00f3n: 2 colores: Negro y rojo.<\/p>\n<p>* Adquiriendo esta Biblia apoyas los proyectos de traducci\u00f3n de la palabra a lenguas nativas.<\/p>\n<p>* Este es un recurso b\u00edblico para crear un producto \u00fanico.<br \/>\n* El 70% de nuestros &#8220;Artesanos de la Palabra&#8221; son mujeres madres cabeza de hogar.<\/p>\n<p>* El papel utilizado en esta Biblia proviene de bosques renovables, cultivados espec\u00edficamente para tal fin.<\/p>\n<\/div>\n<\/div>\n<\/div>\n<\/div>\n<\/div>\n","protected":false},"excerpt":{"rendered":"<p>Caracter\u00edsticas: *Palabras de Jes\u00fas en Rojo. * Con referencias. Ayudas especiales: * C\u00f3mo est\u00e1 formada la Biblia. * Lo que se encuentra en la Biblia. * C\u00f3mo leer la Biblia. *La Biblia en un a\u00f1o. *Pasajes famosos en la Biblia. Lo que dice la Biblia acerca del perd\u00f3n de Dios. *otras ayudas. * Glosario. Concordancia&#8230;<\/p>\n","protected":false},"featured_media":9464,"comment_status":"open","ping_status":"closed","template":"","meta":{"om_disable_all_campaigns":false},"product_brand":[],"product_cat":[86],"product_tag":[],"class_list":{"0":"post-9460","1":"product","2":"type-product","3":"status-publish","4":"has-post-thumbnail","6":"product_cat-libreria","8":"first","9":"instock","10":"shipping-taxable","11":"purchasable","12":"product-type-simple"},"yoast_head":"<!-- This site is optimized with the Yoast SEO plugin v26.3 - https:\/\/yoast.com\/wordpress\/plugins\/seo\/ -->\n<title>Santa Biblia Con Forro Azul Versi\u00f3n (RVR) - Iglesia Trina &quot;Cristo Es&quot;<\/title>\n<meta name=\"robots\" content=\"index, follow, max-snippet:-1, max-image-preview:large, max-video-preview:-1\" \/>\n<link rel=\"canonical\" href=\"https:\/\/iglesiatrinacristoes.org\/index.php\/producto\/santa-biblia-con-forro-azul-version-rvr\/\" \/>\n<meta property=\"og:locale\" content=\"es_ES\" \/>\n<meta property=\"og:type\" content=\"article\" \/>\n<meta property=\"og:title\" content=\"Santa Biblia Con Forro Azul Versi\u00f3n (RVR) - Iglesia Trina &quot;Cristo Es&quot;\" \/>\n<meta property=\"og:description\" content=\"Caracter\u00edsticas: *Palabras de Jes\u00fas en Rojo. * Con referencias. Ayudas especiales: * C\u00f3mo est\u00e1 formada la Biblia. * Lo que se encuentra en la Biblia. * C\u00f3mo leer la Biblia. *La Biblia en un a\u00f1o. *Pasajes famosos en la Biblia. Lo que dice la Biblia acerca del perd\u00f3n de Dios. *otras ayudas. * Glosario. Concordancia...\" \/>\n<meta property=\"og:url\" content=\"https:\/\/iglesiatrinacristoes.org\/index.php\/producto\/santa-biblia-con-forro-azul-version-rvr\/\" \/>\n<meta property=\"og:site_name\" content=\"Iglesia Trina &quot;Cristo Es&quot;\" \/>\n<meta property=\"article:modified_time\" content=\"2025-08-02T05:34:39+00:00\" \/>\n<meta property=\"og:image\" content=\"http:\/\/iglesiatrinacristoes.org\/wp-content\/uploads\/2025\/08\/Santa-Biblia-azul-1.jpg\" \/>\n\t<meta property=\"og:image:width\" content=\"347\" \/>\n\t<meta property=\"og:image:height\" content=\"500\" \/>\n\t<meta property=\"og:image:type\" content=\"image\/jpeg\" \/>\n<meta name=\"twitter:card\" content=\"summary_large_image\" \/>\n<meta name=\"twitter:label1\" content=\"Tiempo de lectura\" \/>\n\t<meta name=\"twitter:data1\" content=\"1 minuto\" \/>\n<script type=\"application\/ld+json\" class=\"yoast-schema-graph\">{\"@context\":\"https:\/\/schema.org\",\"@graph\":[{\"@type\":\"WebPage\",\"@id\":\"https:\/\/iglesiatrinacristoes.org\/index.php\/producto\/santa-biblia-con-forro-azul-version-rvr\/\",\"url\":\"https:\/\/iglesiatrinacristoes.org\/index.php\/producto\/santa-biblia-con-forro-azul-version-rvr\/\",\"name\":\"Santa Biblia Con Forro Azul Versi\u00f3n (RVR) - Iglesia Trina &quot;Cristo Es&quot;\",\"isPartOf\":{\"@id\":\"https:\/\/iglesiatrinacristoes.org\/#website\"},\"primaryImageOfPage\":{\"@id\":\"https:\/\/iglesiatrinacristoes.org\/index.php\/producto\/santa-biblia-con-forro-azul-version-rvr\/#primaryimage\"},\"image\":{\"@id\":\"https:\/\/iglesiatrinacristoes.org\/index.php\/producto\/santa-biblia-con-forro-azul-version-rvr\/#primaryimage\"},\"thumbnailUrl\":\"https:\/\/iglesiatrinacristoes.org\/wp-content\/uploads\/2025\/08\/Santa-Biblia-azul-1.jpg\",\"datePublished\":\"2025-08-02T05:20:24+00:00\",\"dateModified\":\"2025-08-02T05:34:39+00:00\",\"breadcrumb\":{\"@id\":\"https:\/\/iglesiatrinacristoes.org\/index.php\/producto\/santa-biblia-con-forro-azul-version-rvr\/#breadcrumb\"},\"inLanguage\":\"es-CO\",\"potentialAction\":[{\"@type\":\"ReadAction\",\"target\":[\"https:\/\/iglesiatrinacristoes.org\/index.php\/producto\/santa-biblia-con-forro-azul-version-rvr\/\"]}]},{\"@type\":\"ImageObject\",\"inLanguage\":\"es-CO\",\"@id\":\"https:\/\/iglesiatrinacristoes.org\/index.php\/producto\/santa-biblia-con-forro-azul-version-rvr\/#primaryimage\",\"url\":\"https:\/\/iglesiatrinacristoes.org\/wp-content\/uploads\/2025\/08\/Santa-Biblia-azul-1.jpg\",\"contentUrl\":\"https:\/\/iglesiatrinacristoes.org\/wp-content\/uploads\/2025\/08\/Santa-Biblia-azul-1.jpg\",\"width\":347,\"height\":500},{\"@type\":\"BreadcrumbList\",\"@id\":\"https:\/\/iglesiatrinacristoes.org\/index.php\/producto\/santa-biblia-con-forro-azul-version-rvr\/#breadcrumb\",\"itemListElement\":[{\"@type\":\"ListItem\",\"position\":1,\"name\":\"Inicio\",\"item\":\"https:\/\/iglesiatrinacristoes.org\/\"},{\"@type\":\"ListItem\",\"position\":2,\"name\":\"Tienda\",\"item\":\"https:\/\/iglesiatrinacristoes.org\/index.php\/tienda\/\"},{\"@type\":\"ListItem\",\"position\":3,\"name\":\"Santa Biblia Con Forro Azul Versi\u00f3n (RVR)\"}]},{\"@type\":\"WebSite\",\"@id\":\"https:\/\/iglesiatrinacristoes.org\/#website\",\"url\":\"https:\/\/iglesiatrinacristoes.org\/\",\"name\":\"Iglesia Trina &quot;Cristo Es&quot;\",\"description\":\"Iglesia Trina &quot;Cristo Es&quot;\",\"publisher\":{\"@id\":\"https:\/\/iglesiatrinacristoes.org\/#organization\"},\"potentialAction\":[{\"@type\":\"SearchAction\",\"target\":{\"@type\":\"EntryPoint\",\"urlTemplate\":\"https:\/\/iglesiatrinacristoes.org\/?s={search_term_string}\"},\"query-input\":{\"@type\":\"PropertyValueSpecification\",\"valueRequired\":true,\"valueName\":\"search_term_string\"}}],\"inLanguage\":\"es-CO\"},{\"@type\":\"Organization\",\"@id\":\"https:\/\/iglesiatrinacristoes.org\/#organization\",\"name\":\"Iglesia Trina &quot;Cristo Es&quot;\",\"url\":\"https:\/\/iglesiatrinacristoes.org\/\",\"logo\":{\"@type\":\"ImageObject\",\"inLanguage\":\"es-CO\",\"@id\":\"https:\/\/iglesiatrinacristoes.org\/#\/schema\/logo\/image\/\",\"url\":\"\",\"contentUrl\":\"\",\"caption\":\"Iglesia Trina &quot;Cristo Es&quot;\"},\"image\":{\"@id\":\"https:\/\/iglesiatrinacristoes.org\/#\/schema\/logo\/image\/\"}}]}<\/script>\n<!-- \/ Yoast SEO plugin. -->","yoast_head_json":{"title":"Santa Biblia Con Forro Azul Versi\u00f3n (RVR) - Iglesia Trina &quot;Cristo Es&quot;","robots":{"index":"index","follow":"follow","max-snippet":"max-snippet:-1","max-image-preview":"max-image-preview:large","max-video-preview":"max-video-preview:-1"},"canonical":"https:\/\/iglesiatrinacristoes.org\/index.php\/producto\/santa-biblia-con-forro-azul-version-rvr\/","og_locale":"es_ES","og_type":"article","og_title":"Santa Biblia Con Forro Azul Versi\u00f3n (RVR) - Iglesia Trina &quot;Cristo Es&quot;","og_description":"Caracter\u00edsticas: *Palabras de Jes\u00fas en Rojo. * Con referencias. Ayudas especiales: * C\u00f3mo est\u00e1 formada la Biblia. * Lo que se encuentra en la Biblia. * C\u00f3mo leer la Biblia. *La Biblia en un a\u00f1o. *Pasajes famosos en la Biblia. Lo que dice la Biblia acerca del perd\u00f3n de Dios. *otras ayudas. * Glosario. Concordancia...","og_url":"https:\/\/iglesiatrinacristoes.org\/index.php\/producto\/santa-biblia-con-forro-azul-version-rvr\/","og_site_name":"Iglesia Trina &quot;Cristo Es&quot;","article_modified_time":"2025-08-02T05:34:39+00:00","og_image":[{"width":347,"height":500,"url":"http:\/\/iglesiatrinacristoes.org\/wp-content\/uploads\/2025\/08\/Santa-Biblia-azul-1.jpg","type":"image\/jpeg"}],"twitter_card":"summary_large_image","twitter_misc":{"Tiempo de lectura":"1 minuto"},"schema":{"@context":"https:\/\/schema.org","@graph":[{"@type":"WebPage","@id":"https:\/\/iglesiatrinacristoes.org\/index.php\/producto\/santa-biblia-con-forro-azul-version-rvr\/","url":"https:\/\/iglesiatrinacristoes.org\/index.php\/producto\/santa-biblia-con-forro-azul-version-rvr\/","name":"Santa Biblia Con Forro Azul Versi\u00f3n (RVR) - Iglesia Trina &quot;Cristo Es&quot;","isPartOf":{"@id":"https:\/\/iglesiatrinacristoes.org\/#website"},"primaryImageOfPage":{"@id":"https:\/\/iglesiatrinacristoes.org\/index.php\/producto\/santa-biblia-con-forro-azul-version-rvr\/#primaryimage"},"image":{"@id":"https:\/\/iglesiatrinacristoes.org\/index.php\/producto\/santa-biblia-con-forro-azul-version-rvr\/#primaryimage"},"thumbnailUrl":"https:\/\/iglesiatrinacristoes.org\/wp-content\/uploads\/2025\/08\/Santa-Biblia-azul-1.jpg","datePublished":"2025-08-02T05:20:24+00:00","dateModified":"2025-08-02T05:34:39+00:00","breadcrumb":{"@id":"https:\/\/iglesiatrinacristoes.org\/index.php\/producto\/santa-biblia-con-forro-azul-version-rvr\/#breadcrumb"},"inLanguage":"es-CO","potentialAction":[{"@type":"ReadAction","target":["https:\/\/iglesiatrinacristoes.org\/index.php\/producto\/santa-biblia-con-forro-azul-version-rvr\/"]}]},{"@type":"ImageObject","inLanguage":"es-CO","@id":"https:\/\/iglesiatrinacristoes.org\/index.php\/producto\/santa-biblia-con-forro-azul-version-rvr\/#primaryimage","url":"https:\/\/iglesiatrinacristoes.org\/wp-content\/uploads\/2025\/08\/Santa-Biblia-azul-1.jpg","contentUrl":"https:\/\/iglesiatrinacristoes.org\/wp-content\/uploads\/2025\/08\/Santa-Biblia-azul-1.jpg","width":347,"height":500},{"@type":"BreadcrumbList","@id":"https:\/\/iglesiatrinacristoes.org\/index.php\/producto\/santa-biblia-con-forro-azul-version-rvr\/#breadcrumb","itemListElement":[{"@type":"ListItem","position":1,"name":"Inicio","item":"https:\/\/iglesiatrinacristoes.org\/"},{"@type":"ListItem","position":2,"name":"Tienda","item":"https:\/\/iglesiatrinacristoes.org\/index.php\/tienda\/"},{"@type":"ListItem","position":3,"name":"Santa Biblia Con Forro Azul Versi\u00f3n (RVR)"}]},{"@type":"WebSite","@id":"https:\/\/iglesiatrinacristoes.org\/#website","url":"https:\/\/iglesiatrinacristoes.org\/","name":"Iglesia Trina &quot;Cristo Es&quot;","description":"Iglesia Trina &quot;Cristo Es&quot;","publisher":{"@id":"https:\/\/iglesiatrinacristoes.org\/#organization"},"potentialAction":[{"@type":"SearchAction","target":{"@type":"EntryPoint","urlTemplate":"https:\/\/iglesiatrinacristoes.org\/?s={search_term_string}"},"query-input":{"@type":"PropertyValueSpecification","valueRequired":true,"valueName":"search_term_string"}}],"inLanguage":"es-CO"},{"@type":"Organization","@id":"https:\/\/iglesiatrinacristoes.org\/#organization","name":"Iglesia Trina &quot;Cristo Es&quot;","url":"https:\/\/iglesiatrinacristoes.org\/","logo":{"@type":"ImageObject","inLanguage":"es-CO","@id":"https:\/\/iglesiatrinacristoes.org\/#\/schema\/logo\/image\/","url":"","contentUrl":"","caption":"Iglesia Trina &quot;Cristo Es&quot;"},"image":{"@id":"https:\/\/iglesiatrinacristoes.org\/#\/schema\/logo\/image\/"}}]}},"_links":{"self":[{"href":"https:\/\/iglesiatrinacristoes.org\/index.php\/wp-json\/wp\/v2\/product\/9460","targetHints":{"allow":["GET"]}}],"collection":[{"href":"https:\/\/iglesiatrinacristoes.org\/index.php\/wp-json\/wp\/v2\/product"}],"about":[{"href":"https:\/\/iglesiatrinacristoes.org\/index.php\/wp-json\/wp\/v2\/types\/product"}],"replies":[{"embeddable":true,"href":"https:\/\/iglesiatrinacristoes.org\/index.php\/wp-json\/wp\/v2\/comments?post=9460"}],"wp:featuredmedia":[{"embeddable":true,"href":"https:\/\/iglesiatrinacristoes.org\/index.php\/wp-json\/wp\/v2\/media\/9464"}],"wp:attachment":[{"href":"https:\/\/iglesiatrinacristoes.org\/index.php\/wp-json\/wp\/v2\/media?parent=9460"}],"wp:term":[{"taxonomy":"product_brand","embeddable":true,"href":"https:\/\/iglesiatrinacristoes.org\/index.php\/wp-json\/wp\/v2\/product_brand?post=9460"},{"taxonomy":"product_cat","embeddable":true,"href":"https:\/\/iglesiatrinacristoes.org\/index.php\/wp-json\/wp\/v2\/product_cat?post=9460"},{"taxonomy":"product_tag","embeddable":true,"href":"https:\/\/iglesiatrinacristoes.org\/index.php\/wp-json\/wp\/v2\/product_tag?post=9460"}],"curies":[{"name":"wp","href":"https:\/\/api.w.org\/{rel}","templated":true}]}}