{"id":9462,"date":"2025-08-02T00:25:04","date_gmt":"2025-08-02T05:25:04","guid":{"rendered":"https:\/\/iglesiatrinacristoes.org\/?post_type=product&#038;p=9462"},"modified":"2026-03-06T16:47:22","modified_gmt":"2026-03-06T21:47:22","slug":"santa-biblia-con-forro-azul-version-rvr-copia","status":"publish","type":"product","link":"https:\/\/iglesiatrinacristoes.org\/index.php\/producto\/santa-biblia-con-forro-azul-version-rvr-copia\/","title":{"rendered":"Santa Biblia Ultrafina Compacta  Versi\u00f3n  (NVI) Lila Amable"},"content":{"rendered":"<style type=\"text\/css\"><\/style><p>El tama\u00f1o ideal.<br \/>\nLa cubierta m\u00e1s modera.<br \/>\nEl contenido perfecto.<\/p>\n<p>La Biblia NVI compacta ofrece el m\u00e1ximo de portabilidad con una cubierta de piel italiana en dise\u00f1os modernos y una textura suave, flexible y durable.<br \/>\nSu papel fuerte y ultrafino hace que su grosor no sea mayor de tres cuartos de pulgada.<br \/>\nElegante. Duradera<br \/>\nclara y f\u00e1cil de leer<br \/>\nincluye glosario<br \/>\npalabras de Jes\u00fas en rojo<\/p>\n","protected":false},"excerpt":{"rendered":"<p>El tama\u00f1o ideal. La cubierta m\u00e1s modera. El contenido perfecto. La Biblia NVI compacta ofrece el m\u00e1ximo de portabilidad con una cubierta de piel italiana en dise\u00f1os modernos y una textura suave, flexible y durable. Su papel fuerte y ultrafino hace que su grosor no sea mayor de tres cuartos de pulgada. Elegante. Duradera clara&#8230;<\/p>\n","protected":false},"featured_media":10554,"comment_status":"open","ping_status":"closed","template":"","meta":{"om_disable_all_campaigns":false},"product_brand":[],"product_cat":[86],"product_tag":[],"class_list":{"0":"post-9462","1":"product","2":"type-product","3":"status-publish","4":"has-post-thumbnail","6":"product_cat-libreria","8":"first","9":"instock","10":"shipping-taxable","11":"purchasable","12":"product-type-simple"},"yoast_head":"<!-- This site is optimized with the Yoast SEO plugin v26.3 - https:\/\/yoast.com\/wordpress\/plugins\/seo\/ -->\n<title>Santa Biblia Ultrafina Compacta Versi\u00f3n (NVI) Lila Amable - Iglesia Trina &quot;Cristo Es&quot;<\/title>\n<meta name=\"robots\" content=\"index, follow, max-snippet:-1, max-image-preview:large, max-video-preview:-1\" \/>\n<link rel=\"canonical\" href=\"https:\/\/iglesiatrinacristoes.org\/index.php\/producto\/santa-biblia-con-forro-azul-version-rvr-copia\/\" \/>\n<meta property=\"og:locale\" content=\"es_ES\" \/>\n<meta property=\"og:type\" content=\"article\" \/>\n<meta property=\"og:title\" content=\"Santa Biblia Ultrafina Compacta Versi\u00f3n (NVI) Lila Amable - Iglesia Trina &quot;Cristo Es&quot;\" \/>\n<meta property=\"og:description\" content=\"El tama\u00f1o ideal. La cubierta m\u00e1s modera. El contenido perfecto. La Biblia NVI compacta ofrece el m\u00e1ximo de portabilidad con una cubierta de piel italiana en dise\u00f1os modernos y una textura suave, flexible y durable. Su papel fuerte y ultrafino hace que su grosor no sea mayor de tres cuartos de pulgada. Elegante. Duradera clara...\" \/>\n<meta property=\"og:url\" content=\"https:\/\/iglesiatrinacristoes.org\/index.php\/producto\/santa-biblia-con-forro-azul-version-rvr-copia\/\" \/>\n<meta property=\"og:site_name\" content=\"Iglesia Trina &quot;Cristo Es&quot;\" \/>\n<meta property=\"article:modified_time\" content=\"2026-03-06T21:47:22+00:00\" \/>\n<meta property=\"og:image\" content=\"http:\/\/iglesiatrinacristoes.org\/wp-content\/uploads\/2025\/08\/Santa-Biblia-Ultrafina-Compacta-Version-NVI-Lila-Amable.png\" \/>\n\t<meta property=\"og:image:width\" content=\"265\" \/>\n\t<meta property=\"og:image:height\" content=\"400\" \/>\n\t<meta property=\"og:image:type\" content=\"image\/png\" \/>\n<meta name=\"twitter:card\" content=\"summary_large_image\" \/>\n<meta name=\"twitter:label1\" content=\"Tiempo de lectura\" \/>\n\t<meta name=\"twitter:data1\" content=\"1 minuto\" \/>\n<script type=\"application\/ld+json\" class=\"yoast-schema-graph\">{\"@context\":\"https:\/\/schema.org\",\"@graph\":[{\"@type\":\"WebPage\",\"@id\":\"https:\/\/iglesiatrinacristoes.org\/index.php\/producto\/santa-biblia-con-forro-azul-version-rvr-copia\/\",\"url\":\"https:\/\/iglesiatrinacristoes.org\/index.php\/producto\/santa-biblia-con-forro-azul-version-rvr-copia\/\",\"name\":\"Santa Biblia Ultrafina Compacta Versi\u00f3n (NVI) Lila Amable - Iglesia Trina &quot;Cristo Es&quot;\",\"isPartOf\":{\"@id\":\"https:\/\/iglesiatrinacristoes.org\/#website\"},\"primaryImageOfPage\":{\"@id\":\"https:\/\/iglesiatrinacristoes.org\/index.php\/producto\/santa-biblia-con-forro-azul-version-rvr-copia\/#primaryimage\"},\"image\":{\"@id\":\"https:\/\/iglesiatrinacristoes.org\/index.php\/producto\/santa-biblia-con-forro-azul-version-rvr-copia\/#primaryimage\"},\"thumbnailUrl\":\"https:\/\/iglesiatrinacristoes.org\/wp-content\/uploads\/2025\/08\/Santa-Biblia-Ultrafina-Compacta-Version-NVI-Lila-Amable.png\",\"datePublished\":\"2025-08-02T05:25:04+00:00\",\"dateModified\":\"2026-03-06T21:47:22+00:00\",\"breadcrumb\":{\"@id\":\"https:\/\/iglesiatrinacristoes.org\/index.php\/producto\/santa-biblia-con-forro-azul-version-rvr-copia\/#breadcrumb\"},\"inLanguage\":\"es-CO\",\"potentialAction\":[{\"@type\":\"ReadAction\",\"target\":[\"https:\/\/iglesiatrinacristoes.org\/index.php\/producto\/santa-biblia-con-forro-azul-version-rvr-copia\/\"]}]},{\"@type\":\"ImageObject\",\"inLanguage\":\"es-CO\",\"@id\":\"https:\/\/iglesiatrinacristoes.org\/index.php\/producto\/santa-biblia-con-forro-azul-version-rvr-copia\/#primaryimage\",\"url\":\"https:\/\/iglesiatrinacristoes.org\/wp-content\/uploads\/2025\/08\/Santa-Biblia-Ultrafina-Compacta-Version-NVI-Lila-Amable.png\",\"contentUrl\":\"https:\/\/iglesiatrinacristoes.org\/wp-content\/uploads\/2025\/08\/Santa-Biblia-Ultrafina-Compacta-Version-NVI-Lila-Amable.png\",\"width\":265,\"height\":400},{\"@type\":\"BreadcrumbList\",\"@id\":\"https:\/\/iglesiatrinacristoes.org\/index.php\/producto\/santa-biblia-con-forro-azul-version-rvr-copia\/#breadcrumb\",\"itemListElement\":[{\"@type\":\"ListItem\",\"position\":1,\"name\":\"Inicio\",\"item\":\"https:\/\/iglesiatrinacristoes.org\/\"},{\"@type\":\"ListItem\",\"position\":2,\"name\":\"Tienda\",\"item\":\"https:\/\/iglesiatrinacristoes.org\/index.php\/tienda\/\"},{\"@type\":\"ListItem\",\"position\":3,\"name\":\"Santa Biblia Ultrafina Compacta Versi\u00f3n (NVI) Lila Amable\"}]},{\"@type\":\"WebSite\",\"@id\":\"https:\/\/iglesiatrinacristoes.org\/#website\",\"url\":\"https:\/\/iglesiatrinacristoes.org\/\",\"name\":\"Iglesia Trina &quot;Cristo Es&quot;\",\"description\":\"Iglesia Trina &quot;Cristo Es&quot;\",\"publisher\":{\"@id\":\"https:\/\/iglesiatrinacristoes.org\/#organization\"},\"potentialAction\":[{\"@type\":\"SearchAction\",\"target\":{\"@type\":\"EntryPoint\",\"urlTemplate\":\"https:\/\/iglesiatrinacristoes.org\/?s={search_term_string}\"},\"query-input\":{\"@type\":\"PropertyValueSpecification\",\"valueRequired\":true,\"valueName\":\"search_term_string\"}}],\"inLanguage\":\"es-CO\"},{\"@type\":\"Organization\",\"@id\":\"https:\/\/iglesiatrinacristoes.org\/#organization\",\"name\":\"Iglesia Trina &quot;Cristo Es&quot;\",\"url\":\"https:\/\/iglesiatrinacristoes.org\/\",\"logo\":{\"@type\":\"ImageObject\",\"inLanguage\":\"es-CO\",\"@id\":\"https:\/\/iglesiatrinacristoes.org\/#\/schema\/logo\/image\/\",\"url\":\"\",\"contentUrl\":\"\",\"caption\":\"Iglesia Trina &quot;Cristo Es&quot;\"},\"image\":{\"@id\":\"https:\/\/iglesiatrinacristoes.org\/#\/schema\/logo\/image\/\"}}]}<\/script>\n<!-- \/ Yoast SEO plugin. -->","yoast_head_json":{"title":"Santa Biblia Ultrafina Compacta Versi\u00f3n (NVI) Lila Amable - Iglesia Trina &quot;Cristo Es&quot;","robots":{"index":"index","follow":"follow","max-snippet":"max-snippet:-1","max-image-preview":"max-image-preview:large","max-video-preview":"max-video-preview:-1"},"canonical":"https:\/\/iglesiatrinacristoes.org\/index.php\/producto\/santa-biblia-con-forro-azul-version-rvr-copia\/","og_locale":"es_ES","og_type":"article","og_title":"Santa Biblia Ultrafina Compacta Versi\u00f3n (NVI) Lila Amable - Iglesia Trina &quot;Cristo Es&quot;","og_description":"El tama\u00f1o ideal. La cubierta m\u00e1s modera. El contenido perfecto. La Biblia NVI compacta ofrece el m\u00e1ximo de portabilidad con una cubierta de piel italiana en dise\u00f1os modernos y una textura suave, flexible y durable. Su papel fuerte y ultrafino hace que su grosor no sea mayor de tres cuartos de pulgada. Elegante. Duradera clara...","og_url":"https:\/\/iglesiatrinacristoes.org\/index.php\/producto\/santa-biblia-con-forro-azul-version-rvr-copia\/","og_site_name":"Iglesia Trina &quot;Cristo Es&quot;","article_modified_time":"2026-03-06T21:47:22+00:00","og_image":[{"width":265,"height":400,"url":"http:\/\/iglesiatrinacristoes.org\/wp-content\/uploads\/2025\/08\/Santa-Biblia-Ultrafina-Compacta-Version-NVI-Lila-Amable.png","type":"image\/png"}],"twitter_card":"summary_large_image","twitter_misc":{"Tiempo de lectura":"1 minuto"},"schema":{"@context":"https:\/\/schema.org","@graph":[{"@type":"WebPage","@id":"https:\/\/iglesiatrinacristoes.org\/index.php\/producto\/santa-biblia-con-forro-azul-version-rvr-copia\/","url":"https:\/\/iglesiatrinacristoes.org\/index.php\/producto\/santa-biblia-con-forro-azul-version-rvr-copia\/","name":"Santa Biblia Ultrafina Compacta Versi\u00f3n (NVI) Lila Amable - Iglesia Trina &quot;Cristo Es&quot;","isPartOf":{"@id":"https:\/\/iglesiatrinacristoes.org\/#website"},"primaryImageOfPage":{"@id":"https:\/\/iglesiatrinacristoes.org\/index.php\/producto\/santa-biblia-con-forro-azul-version-rvr-copia\/#primaryimage"},"image":{"@id":"https:\/\/iglesiatrinacristoes.org\/index.php\/producto\/santa-biblia-con-forro-azul-version-rvr-copia\/#primaryimage"},"thumbnailUrl":"https:\/\/iglesiatrinacristoes.org\/wp-content\/uploads\/2025\/08\/Santa-Biblia-Ultrafina-Compacta-Version-NVI-Lila-Amable.png","datePublished":"2025-08-02T05:25:04+00:00","dateModified":"2026-03-06T21:47:22+00:00","breadcrumb":{"@id":"https:\/\/iglesiatrinacristoes.org\/index.php\/producto\/santa-biblia-con-forro-azul-version-rvr-copia\/#breadcrumb"},"inLanguage":"es-CO","potentialAction":[{"@type":"ReadAction","target":["https:\/\/iglesiatrinacristoes.org\/index.php\/producto\/santa-biblia-con-forro-azul-version-rvr-copia\/"]}]},{"@type":"ImageObject","inLanguage":"es-CO","@id":"https:\/\/iglesiatrinacristoes.org\/index.php\/producto\/santa-biblia-con-forro-azul-version-rvr-copia\/#primaryimage","url":"https:\/\/iglesiatrinacristoes.org\/wp-content\/uploads\/2025\/08\/Santa-Biblia-Ultrafina-Compacta-Version-NVI-Lila-Amable.png","contentUrl":"https:\/\/iglesiatrinacristoes.org\/wp-content\/uploads\/2025\/08\/Santa-Biblia-Ultrafina-Compacta-Version-NVI-Lila-Amable.png","width":265,"height":400},{"@type":"BreadcrumbList","@id":"https:\/\/iglesiatrinacristoes.org\/index.php\/producto\/santa-biblia-con-forro-azul-version-rvr-copia\/#breadcrumb","itemListElement":[{"@type":"ListItem","position":1,"name":"Inicio","item":"https:\/\/iglesiatrinacristoes.org\/"},{"@type":"ListItem","position":2,"name":"Tienda","item":"https:\/\/iglesiatrinacristoes.org\/index.php\/tienda\/"},{"@type":"ListItem","position":3,"name":"Santa Biblia Ultrafina Compacta Versi\u00f3n (NVI) Lila Amable"}]},{"@type":"WebSite","@id":"https:\/\/iglesiatrinacristoes.org\/#website","url":"https:\/\/iglesiatrinacristoes.org\/","name":"Iglesia Trina &quot;Cristo Es&quot;","description":"Iglesia Trina &quot;Cristo Es&quot;","publisher":{"@id":"https:\/\/iglesiatrinacristoes.org\/#organization"},"potentialAction":[{"@type":"SearchAction","target":{"@type":"EntryPoint","urlTemplate":"https:\/\/iglesiatrinacristoes.org\/?s={search_term_string}"},"query-input":{"@type":"PropertyValueSpecification","valueRequired":true,"valueName":"search_term_string"}}],"inLanguage":"es-CO"},{"@type":"Organization","@id":"https:\/\/iglesiatrinacristoes.org\/#organization","name":"Iglesia Trina &quot;Cristo Es&quot;","url":"https:\/\/iglesiatrinacristoes.org\/","logo":{"@type":"ImageObject","inLanguage":"es-CO","@id":"https:\/\/iglesiatrinacristoes.org\/#\/schema\/logo\/image\/","url":"","contentUrl":"","caption":"Iglesia Trina &quot;Cristo Es&quot;"},"image":{"@id":"https:\/\/iglesiatrinacristoes.org\/#\/schema\/logo\/image\/"}}]}},"_links":{"self":[{"href":"https:\/\/iglesiatrinacristoes.org\/index.php\/wp-json\/wp\/v2\/product\/9462","targetHints":{"allow":["GET"]}}],"collection":[{"href":"https:\/\/iglesiatrinacristoes.org\/index.php\/wp-json\/wp\/v2\/product"}],"about":[{"href":"https:\/\/iglesiatrinacristoes.org\/index.php\/wp-json\/wp\/v2\/types\/product"}],"replies":[{"embeddable":true,"href":"https:\/\/iglesiatrinacristoes.org\/index.php\/wp-json\/wp\/v2\/comments?post=9462"}],"wp:featuredmedia":[{"embeddable":true,"href":"https:\/\/iglesiatrinacristoes.org\/index.php\/wp-json\/wp\/v2\/media\/10554"}],"wp:attachment":[{"href":"https:\/\/iglesiatrinacristoes.org\/index.php\/wp-json\/wp\/v2\/media?parent=9462"}],"wp:term":[{"taxonomy":"product_brand","embeddable":true,"href":"https:\/\/iglesiatrinacristoes.org\/index.php\/wp-json\/wp\/v2\/product_brand?post=9462"},{"taxonomy":"product_cat","embeddable":true,"href":"https:\/\/iglesiatrinacristoes.org\/index.php\/wp-json\/wp\/v2\/product_cat?post=9462"},{"taxonomy":"product_tag","embeddable":true,"href":"https:\/\/iglesiatrinacristoes.org\/index.php\/wp-json\/wp\/v2\/product_tag?post=9462"}],"curies":[{"name":"wp","href":"https:\/\/api.w.org\/{rel}","templated":true}]}}